{"id":8529,"date":"2022-11-17T14:49:41","date_gmt":"2022-11-17T14:49:41","guid":{"rendered":"https:\/\/smfc.flywheelsites.com\/?page_id=8529"},"modified":"2025-01-29T18:48:19","modified_gmt":"2025-01-29T18:48:19","slug":"services-pour-les-enfants-autochtones","status":"publish","type":"page","link":"https:\/\/familyconnexions.ca\/fr\/services-pour-les-enfants-autochtones\/","title":{"rendered":"Services pour les Enfants, Jeunes &#038; Familles Autochtones"},"content":{"rendered":"\n<section id=\"centered-content-block_46e3132430b9e55bd5833079ba3140e2\"\n         class=\"orange-block centered-content-block\"\n    >\n\n\n    \n    <div class=\"container\">\n        <div class=\"row\">\n            <div class=\"col-12 content-column\" tabindex=\"0\">\n                <div class=\"content-container\">\n                                            <h3><strong>Nous croyons que les Peuples autochtones doivent \u00eatre reconnus et approch\u00e9s comme des nations souveraines avec leurs propres liens culturels, politiques et historiques distincts pour la province d&rsquo;Ontario et dans le tout le Canada. Ils ont un droit l\u00e9gislatif d&rsquo;auto-gouvernance, d&rsquo;autod\u00e9termination et d&rsquo;ind\u00e9pendance. Pour cela, nous nous effor\u00e7ons d&rsquo;engager et travailler avec les Peuples des Premi\u00e8res Nations, Inuits et M\u00e9tis comme des communaut\u00e9s distinctes et ind\u00e9pendantes.<\/strong><\/h3>\n                <\/div>\n            <\/div>\n        <\/div>\n\n\t    \n    <\/div>\n    \n<\/section>\n\n<section id=\"centered-content-block_467f4abfc802d414d0c94581393283cb\"\n         class=\"orange-block centered-content-block has-bg-color-image bg-color-light\"\n    >\n\n\n    \n    <div class=\"container\">\n        <div class=\"row\">\n            <div class=\"col-12 content-column\" tabindex=\"0\">\n                <div class=\"content-container\">\n                                            <p><img loading=\"lazy\" decoding=\"async\" class=\"\" src=\"https:\/\/volunteerbarrie.ca\/wp-content\/uploads\/formidable\/9\/Binnoojiiyag-Logo-black.png\" alt=\"Dnaagdawenmag Binnoojiiyag Child &amp; Family Services - Nonprofit Organization\" width=\"624\" height=\"208\" \/><\/p>\n<h2><a style=\"font-size: 2.49375rem;\" href=\"https:\/\/www.binnoojiiyag.ca\/\" target=\"_blank\" rel=\"noopener\">Dnaagdawenmag Binnoojiiyag Child and Family Services<\/a> est le principal prestataire de services pour le bien-\u00eatre des enfants autochtones pour Simcoe et Muskoka.<\/h2>\n<h3>Le 28 f\u00e9vrier 2019, on a rendu le mandat de protection de l\u2019enfance aux Dnaagdawenmag Binnoojiiyag Child and Family Services pour leur permettre de desservir toutes les familles autochtones du centre-sud de l\u2019Ontario.<\/h3>\n<p>Fond\u00e9e en 1998, Dnaagdawenmag Binnoojiiyag Child and Family Services est un organisme autochtone de bien-\u00eatre \u00e0 services multiples qui procure des bases stables aux enfants, aux jeunes et aux familles, gr\u00e2ce \u00e0 des services enrichissants fond\u00e9s sur la culture et les familles. Dnaagdawenmag Binnoojiiyag Child and Family Services fournit des services \u00e0 huit collectivit\u00e9s des Premi\u00e8res Nations, cherchant \u00e0 appuyer les familles de la fa\u00e7on qu\u2019elles m\u00e9ritent, avec compassion et authenticit\u00e9, et en reconnaissant et respectant l\u2019esprit.<\/p>\n<p>Le travail d\u2019avant-garde de Dnaagdawenmag Binnoojiiyag Child and Family Services ouvre la voie \u00e0 une \u0153uvre inspirante et r\u00e9volutionnaire qui aide, gu\u00e9rit et transforme les vies.<\/p>\n<h6>Connexions Familiales de Simcoe Muskoka est heureux de collaborer avec Dnaagdawenmag Binnoojiiyag Child and Family Services.<\/h6>\n<p>Pour les contacter directement, appelez le <a href=\"tel:1+(705) 295-7135\" target=\"_blank\" rel=\"noopener\">(705) 295-7135<\/a><\/p>\n                <\/div>\n            <\/div>\n        <\/div>\n\n\t    \n\t    <!-- Block link -->\n\t    <div class=\"row\">\n\t        <div class=\"col-12\">\n\t            <div class=\"block-button-container\">\n\t                <a href=\"mailto:info@binnoojiiyag.ca\"\n\t                   class=\"btn btn-primary\"\t                   target=\"_blank\" aria-label=\"Cliquez ici pour leur envoyer un courriel\">\n\t                    Cliquez ici pour leur envoyer un courriel\t                <\/a>\n\t            <\/div>\n\t        <\/div>\n\t    <\/div>\n\n\n    <\/div>\n    \n<\/section>\n\n<section id=\"centered-content-block_a4b232d6926d216711d38834f095dec5\"\n         class=\"orange-block centered-content-block\"\n    >\n\n\n    \n        <!-- Block title -->\n        <div class=\"container\">\n            <div class=\"row\">\n                <div class=\"col-12 block-title-wrap\">\n                    <h2 class=\"h2 block-title\">Services Autochtones \u00e0 Connexions Familiales de Simcoe Muskoka<\/h2>\n\n                                    <\/div>\n            <\/div>\n        <\/div>\n\n    \n    <div class=\"container\">\n        <div class=\"row\">\n            <div class=\"col-12 content-column\" tabindex=\"0\">\n                <div class=\"content-container\">\n                                            <h3>Certaines familles M\u00e9tis continuent de recevoir des services par CFSM et cette d\u00e9cision est faite selon leur pr\u00e9f\u00e9rence. Notre agence continue \u00e9galement de fournir des services aux familles des Premi\u00e8res Nations et Inuits dont les dossiers pourraient \u00eatre en cours de transition avec Dnaagdawenmag Binnoojiiyag Child and Family Services ou dans d&rsquo;autres circonstances sp\u00e9cifiques.<\/h3>\n                <\/div>\n            <\/div>\n        <\/div>\n\n\t    \n\t    <!-- Block link -->\n\t    <div class=\"row\">\n\t        <div class=\"col-12\">\n\t            <div class=\"block-button-container\">\n\t                <a href=\"mailto:indigenous.services@familyconnexions.ca\"\n\t                   class=\"btn btn-primary\"\t                   target=\"_blank\" aria-label=\"Cliquez ici pour des questions ou informations \u00e0 propos de nos services aupr\u00e8s des Familles Autochtones\">\n\t                    Cliquez ici pour des questions ou informations \u00e0 propos de nos services aupr\u00e8s des Familles Autochtones\t                <\/a>\n\t            <\/div>\n\t        <\/div>\n\t    <\/div>\n\n\n    <\/div>\n    \n<\/section>\n","protected":false},"excerpt":{"rendered":"","protected":false},"author":32,"featured_media":2602,"parent":0,"menu_order":75,"comment_status":"closed","ping_status":"closed","template":"","meta":{"_acf_changed":false,"footnotes":"","_links_to":"","_links_to_target":""},"class_list":["post-8529","page","type-page","status-publish","has-post-thumbnail","hentry"],"acf":[],"yoast_head":"<!-- This site is optimized with the Yoast SEO plugin v27.3 - https:\/\/yoast.com\/product\/yoast-seo-wordpress\/ -->\n<title>Services pour les Enfants, Jeunes &amp; Familles Autochtones - CFSM<\/title>\n<meta name=\"description\" content=\"Nous reconnaissons le territoire traditionnel des Haudenosaunee ((hoe-dee-no-SHOW-nee)), des Cris, des Ojibway (Oh-jib-way)\/Chippewa (Chip-poh-wah) et des Anishnabek (Ah-Nish-Nah- Beck) peuples.\u00a0 Ce territoire est couvert par les trait\u00e9s Robinson, le Trait\u00e9 9, les Trait\u00e9s du Haut-Canada et les Trait\u00e9s Williams de 1923.\" \/>\n<meta name=\"robots\" content=\"index, follow, max-snippet:-1, max-image-preview:large, max-video-preview:-1\" \/>\n<link rel=\"canonical\" href=\"https:\/\/familyconnexions.ca\/fr\/services-pour-les-enfants-autochtones\/\" \/>\n<meta property=\"og:locale\" content=\"fr_CA\" \/>\n<meta property=\"og:type\" content=\"article\" \/>\n<meta property=\"og:title\" content=\"Services pour les Enfants, Jeunes &amp; Familles Autochtones - CFSM\" \/>\n<meta property=\"og:description\" content=\"Nous reconnaissons le territoire traditionnel des Haudenosaunee ((hoe-dee-no-SHOW-nee)), des Cris, des Ojibway (Oh-jib-way)\/Chippewa (Chip-poh-wah) et des Anishnabek (Ah-Nish-Nah- Beck) peuples.\u00a0 Ce territoire est couvert par les trait\u00e9s Robinson, le Trait\u00e9 9, les Trait\u00e9s du Haut-Canada et les Trait\u00e9s Williams de 1923.\" \/>\n<meta property=\"og:url\" content=\"https:\/\/familyconnexions.ca\/fr\/services-pour-les-enfants-autochtones\/\" \/>\n<meta property=\"og:site_name\" content=\"CFSM\" \/>\n<meta property=\"article:modified_time\" content=\"2025-01-29T18:48:19+00:00\" \/>\n<meta property=\"og:image\" content=\"https:\/\/familyconnexions.ca\/wp-content\/uploads\/2022\/01\/OurCommitmenttoTruthandReconciliation_Banner_Web.jpg\" \/>\n\t<meta property=\"og:image:width\" content=\"1600\" \/>\n\t<meta property=\"og:image:height\" content=\"900\" \/>\n\t<meta property=\"og:image:type\" content=\"image\/jpeg\" \/>\n<meta name=\"twitter:card\" content=\"summary_large_image\" \/>\n<script type=\"application\/ld+json\" class=\"yoast-schema-graph\">{\"@context\":\"https:\\\/\\\/schema.org\",\"@graph\":[{\"@type\":\"WebPage\",\"@id\":\"https:\\\/\\\/familyconnexions.ca\\\/fr\\\/services-pour-les-enfants-autochtones\\\/\",\"url\":\"https:\\\/\\\/familyconnexions.ca\\\/fr\\\/services-pour-les-enfants-autochtones\\\/\",\"name\":\"Services pour les Enfants, Jeunes & Familles Autochtones - CFSM\",\"isPartOf\":{\"@id\":\"https:\\\/\\\/familyconnexions.ca\\\/#website\"},\"primaryImageOfPage\":{\"@id\":\"https:\\\/\\\/familyconnexions.ca\\\/fr\\\/services-pour-les-enfants-autochtones\\\/#primaryimage\"},\"image\":{\"@id\":\"https:\\\/\\\/familyconnexions.ca\\\/fr\\\/services-pour-les-enfants-autochtones\\\/#primaryimage\"},\"thumbnailUrl\":\"https:\\\/\\\/familyconnexions.ca\\\/wp-content\\\/uploads\\\/2022\\\/01\\\/OurCommitmenttoTruthandReconciliation_Banner_Web.jpg\",\"datePublished\":\"2022-11-17T14:49:41+00:00\",\"dateModified\":\"2025-01-29T18:48:19+00:00\",\"description\":\"Nous reconnaissons le territoire traditionnel des Haudenosaunee ((hoe-dee-no-SHOW-nee)), des Cris, des Ojibway (Oh-jib-way)\\\/Chippewa (Chip-poh-wah) et des Anishnabek (Ah-Nish-Nah- Beck) peuples.\u00a0 Ce territoire est couvert par les trait\u00e9s Robinson, le Trait\u00e9 9, les Trait\u00e9s du Haut-Canada et les Trait\u00e9s Williams de 1923.\",\"breadcrumb\":{\"@id\":\"https:\\\/\\\/familyconnexions.ca\\\/fr\\\/services-pour-les-enfants-autochtones\\\/#breadcrumb\"},\"inLanguage\":\"fr-CA\",\"potentialAction\":[{\"@type\":\"ReadAction\",\"target\":[\"https:\\\/\\\/familyconnexions.ca\\\/fr\\\/services-pour-les-enfants-autochtones\\\/\"]}]},{\"@type\":\"ImageObject\",\"inLanguage\":\"fr-CA\",\"@id\":\"https:\\\/\\\/familyconnexions.ca\\\/fr\\\/services-pour-les-enfants-autochtones\\\/#primaryimage\",\"url\":\"https:\\\/\\\/familyconnexions.ca\\\/wp-content\\\/uploads\\\/2022\\\/01\\\/OurCommitmenttoTruthandReconciliation_Banner_Web.jpg\",\"contentUrl\":\"https:\\\/\\\/familyconnexions.ca\\\/wp-content\\\/uploads\\\/2022\\\/01\\\/OurCommitmenttoTruthandReconciliation_Banner_Web.jpg\",\"width\":1600,\"height\":900},{\"@type\":\"BreadcrumbList\",\"@id\":\"https:\\\/\\\/familyconnexions.ca\\\/fr\\\/services-pour-les-enfants-autochtones\\\/#breadcrumb\",\"itemListElement\":[{\"@type\":\"ListItem\",\"position\":1,\"name\":\"Home\",\"item\":\"https:\\\/\\\/familyconnexions.ca\\\/fr\\\/\"},{\"@type\":\"ListItem\",\"position\":2,\"name\":\"Services pour les Enfants, Jeunes &#038; Familles Autochtones\"}]},{\"@type\":\"WebSite\",\"@id\":\"https:\\\/\\\/familyconnexions.ca\\\/#website\",\"url\":\"https:\\\/\\\/familyconnexions.ca\\\/\",\"name\":\"CFSM\",\"description\":\"Connexions Familiales de Simcoe Muskoka\",\"potentialAction\":[{\"@type\":\"SearchAction\",\"target\":{\"@type\":\"EntryPoint\",\"urlTemplate\":\"https:\\\/\\\/familyconnexions.ca\\\/?s={search_term_string}\"},\"query-input\":{\"@type\":\"PropertyValueSpecification\",\"valueRequired\":true,\"valueName\":\"search_term_string\"}}],\"inLanguage\":\"fr-CA\"}]}<\/script>\n<!-- \/ Yoast SEO plugin. -->","yoast_head_json":{"title":"Services pour les Enfants, Jeunes & Familles Autochtones - CFSM","description":"Nous reconnaissons le territoire traditionnel des Haudenosaunee ((hoe-dee-no-SHOW-nee)), des Cris, des Ojibway (Oh-jib-way)\/Chippewa (Chip-poh-wah) et des Anishnabek (Ah-Nish-Nah- Beck) peuples.\u00a0 Ce territoire est couvert par les trait\u00e9s Robinson, le Trait\u00e9 9, les Trait\u00e9s du Haut-Canada et les Trait\u00e9s Williams de 1923.","robots":{"index":"index","follow":"follow","max-snippet":"max-snippet:-1","max-image-preview":"max-image-preview:large","max-video-preview":"max-video-preview:-1"},"canonical":"https:\/\/familyconnexions.ca\/fr\/services-pour-les-enfants-autochtones\/","og_locale":"fr_CA","og_type":"article","og_title":"Services pour les Enfants, Jeunes & Familles Autochtones - CFSM","og_description":"Nous reconnaissons le territoire traditionnel des Haudenosaunee ((hoe-dee-no-SHOW-nee)), des Cris, des Ojibway (Oh-jib-way)\/Chippewa (Chip-poh-wah) et des Anishnabek (Ah-Nish-Nah- Beck) peuples.\u00a0 Ce territoire est couvert par les trait\u00e9s Robinson, le Trait\u00e9 9, les Trait\u00e9s du Haut-Canada et les Trait\u00e9s Williams de 1923.","og_url":"https:\/\/familyconnexions.ca\/fr\/services-pour-les-enfants-autochtones\/","og_site_name":"CFSM","article_modified_time":"2025-01-29T18:48:19+00:00","og_image":[{"width":1600,"height":900,"url":"https:\/\/familyconnexions.ca\/wp-content\/uploads\/2022\/01\/OurCommitmenttoTruthandReconciliation_Banner_Web.jpg","type":"image\/jpeg"}],"twitter_card":"summary_large_image","schema":{"@context":"https:\/\/schema.org","@graph":[{"@type":"WebPage","@id":"https:\/\/familyconnexions.ca\/fr\/services-pour-les-enfants-autochtones\/","url":"https:\/\/familyconnexions.ca\/fr\/services-pour-les-enfants-autochtones\/","name":"Services pour les Enfants, Jeunes & Familles Autochtones - CFSM","isPartOf":{"@id":"https:\/\/familyconnexions.ca\/#website"},"primaryImageOfPage":{"@id":"https:\/\/familyconnexions.ca\/fr\/services-pour-les-enfants-autochtones\/#primaryimage"},"image":{"@id":"https:\/\/familyconnexions.ca\/fr\/services-pour-les-enfants-autochtones\/#primaryimage"},"thumbnailUrl":"https:\/\/familyconnexions.ca\/wp-content\/uploads\/2022\/01\/OurCommitmenttoTruthandReconciliation_Banner_Web.jpg","datePublished":"2022-11-17T14:49:41+00:00","dateModified":"2025-01-29T18:48:19+00:00","description":"Nous reconnaissons le territoire traditionnel des Haudenosaunee ((hoe-dee-no-SHOW-nee)), des Cris, des Ojibway (Oh-jib-way)\/Chippewa (Chip-poh-wah) et des Anishnabek (Ah-Nish-Nah- Beck) peuples.\u00a0 Ce territoire est couvert par les trait\u00e9s Robinson, le Trait\u00e9 9, les Trait\u00e9s du Haut-Canada et les Trait\u00e9s Williams de 1923.","breadcrumb":{"@id":"https:\/\/familyconnexions.ca\/fr\/services-pour-les-enfants-autochtones\/#breadcrumb"},"inLanguage":"fr-CA","potentialAction":[{"@type":"ReadAction","target":["https:\/\/familyconnexions.ca\/fr\/services-pour-les-enfants-autochtones\/"]}]},{"@type":"ImageObject","inLanguage":"fr-CA","@id":"https:\/\/familyconnexions.ca\/fr\/services-pour-les-enfants-autochtones\/#primaryimage","url":"https:\/\/familyconnexions.ca\/wp-content\/uploads\/2022\/01\/OurCommitmenttoTruthandReconciliation_Banner_Web.jpg","contentUrl":"https:\/\/familyconnexions.ca\/wp-content\/uploads\/2022\/01\/OurCommitmenttoTruthandReconciliation_Banner_Web.jpg","width":1600,"height":900},{"@type":"BreadcrumbList","@id":"https:\/\/familyconnexions.ca\/fr\/services-pour-les-enfants-autochtones\/#breadcrumb","itemListElement":[{"@type":"ListItem","position":1,"name":"Home","item":"https:\/\/familyconnexions.ca\/fr\/"},{"@type":"ListItem","position":2,"name":"Services pour les Enfants, Jeunes &#038; Familles Autochtones"}]},{"@type":"WebSite","@id":"https:\/\/familyconnexions.ca\/#website","url":"https:\/\/familyconnexions.ca\/","name":"CFSM","description":"Connexions Familiales de Simcoe Muskoka","potentialAction":[{"@type":"SearchAction","target":{"@type":"EntryPoint","urlTemplate":"https:\/\/familyconnexions.ca\/?s={search_term_string}"},"query-input":{"@type":"PropertyValueSpecification","valueRequired":true,"valueName":"search_term_string"}}],"inLanguage":"fr-CA"}]}},"_links":{"self":[{"href":"https:\/\/familyconnexions.ca\/fr\/wp-json\/wp\/v2\/pages\/8529","targetHints":{"allow":["GET"]}}],"collection":[{"href":"https:\/\/familyconnexions.ca\/fr\/wp-json\/wp\/v2\/pages"}],"about":[{"href":"https:\/\/familyconnexions.ca\/fr\/wp-json\/wp\/v2\/types\/page"}],"author":[{"embeddable":true,"href":"https:\/\/familyconnexions.ca\/fr\/wp-json\/wp\/v2\/users\/32"}],"replies":[{"embeddable":true,"href":"https:\/\/familyconnexions.ca\/fr\/wp-json\/wp\/v2\/comments?post=8529"}],"version-history":[{"count":0,"href":"https:\/\/familyconnexions.ca\/fr\/wp-json\/wp\/v2\/pages\/8529\/revisions"}],"wp:featuredmedia":[{"embeddable":true,"href":"https:\/\/familyconnexions.ca\/fr\/wp-json\/wp\/v2\/media\/2602"}],"wp:attachment":[{"href":"https:\/\/familyconnexions.ca\/fr\/wp-json\/wp\/v2\/media?parent=8529"}],"curies":[{"name":"wp","href":"https:\/\/api.w.org\/{rel}","templated":true}]}}