{"id":8415,"date":"2022-11-15T19:50:26","date_gmt":"2022-11-15T19:50:26","guid":{"rendered":"https:\/\/smfc.flywheelsites.com\/?page_id=8415"},"modified":"2023-02-22T20:19:58","modified_gmt":"2023-02-22T20:19:58","slug":"la-hutte-sacree-pnmi","status":"publish","type":"page","link":"https:\/\/familyconnexions.ca\/fr\/la-hutte-sacree-pnmi\/","title":{"rendered":"La Hutte Sacr\u00e9e PNIM"},"content":{"rendered":"\n<section id=\"centered-content-block_60e09b99e0cd9ef37098d9a4a74d0a0f\"\n         class=\"orange-block centered-content-block has-bg-color-image bg-color-primary\"\n    >\n\n\n    \n        <!-- Block title -->\n        <div class=\"container\">\n            <div class=\"row\">\n                <div class=\"col-12 block-title-wrap\">\n                    <h2 class=\"h2 block-title\">\u00c0 propos de la Hutte Sacr\u00e9e<\/h2>\n\n                                    <\/div>\n            <\/div>\n        <\/div>\n\n    \n    <div class=\"container\">\n        <div class=\"row\">\n            <div class=\"col-12 content-column\" tabindex=\"0\">\n                <div class=\"content-container\">\n                                            <h3>La Hutte Sacr\u00e9e Bopisowin PNIM est faite pour soutenir nos services autochtones en tant que lieu de c\u00e9r\u00e9monie, d&rsquo;apprentissages et\/ou de r\u00e9flexion silencieuse. La Hutte reconnait l&rsquo;importance de pratiques se basant sur la culture et la s\u00e9curit\u00e9 culturelle pour les employ\u00e9(e)s autochtones et les enfants, jeunes et familles que l&rsquo;agence sert.<\/h3>\n<h3>En octobre 2015, la Hutte Sacr\u00e9e Bopisowin PNIM a \u00e9t\u00e9 construite. Une c\u00e9r\u00e9monie formelle s&rsquo;est d\u00e9roul\u00e9e pour ouvrir ses portes. Celle-ci a inclut une pri\u00e8re en ouverture, une purification et un feu communautaire. L&rsquo;\u00e9quipe PNIM, l&rsquo;\u00e9quipe de direction et les membres de la communaut\u00e9 ont form\u00e9 un cercle d&rsquo;\u00e9coute o\u00f9 ils ont partag\u00e9 leurs sentiments sur l&rsquo;ouverture de la Hutte et ses objectifs\/usages vis\u00e9s.<\/h3>\n                <\/div>\n            <\/div>\n        <\/div>\n\n\t    \n    <\/div>\n    \n<\/section>\n<section class=\"orange-block wordpress-columns-block\"><div class=\"container\"><div class=\"row wp-block-columns\">\n<div class=\"wp-block-column is-layout-flow wp-block-column-is-layout-flow\"><div class=\"wp-block-image\">\n<figure class=\"aligncenter size-large\"><img loading=\"lazy\" decoding=\"async\" width=\"768\" height=\"1024\" src=\"https:\/\/familyconnexions.ca\/wp-content\/uploads\/2022\/11\/20221026_143321-768x1024.jpg\" alt=\"\" class=\"wp-image-8429\" srcset=\"https:\/\/familyconnexions.ca\/wp-content\/uploads\/2022\/11\/20221026_143321-768x1024.jpg 768w, https:\/\/familyconnexions.ca\/wp-content\/uploads\/2022\/11\/20221026_143321-225x300.jpg 225w, https:\/\/familyconnexions.ca\/wp-content\/uploads\/2022\/11\/20221026_143321-1152x1536.jpg 1152w, https:\/\/familyconnexions.ca\/wp-content\/uploads\/2022\/11\/20221026_143321-1536x2048.jpg 1536w, https:\/\/familyconnexions.ca\/wp-content\/uploads\/2022\/11\/20221026_143321-scaled.jpg 1920w\" sizes=\"auto, (max-width: 768px) 100vw, 768px\" \/><\/figure>\n<\/div><\/div>\n\n<div class=\"wp-block-column is-layout-flow wp-block-column-is-layout-flow\"><div class=\"wp-block-image\">\n<figure class=\"aligncenter size-large\"><img loading=\"lazy\" decoding=\"async\" width=\"768\" height=\"1024\" src=\"https:\/\/familyconnexions.ca\/wp-content\/uploads\/2022\/11\/20221026_143155-768x1024.jpg\" alt=\"\" class=\"wp-image-8423\" srcset=\"https:\/\/familyconnexions.ca\/wp-content\/uploads\/2022\/11\/20221026_143155-768x1024.jpg 768w, https:\/\/familyconnexions.ca\/wp-content\/uploads\/2022\/11\/20221026_143155-225x300.jpg 225w, https:\/\/familyconnexions.ca\/wp-content\/uploads\/2022\/11\/20221026_143155-1152x1536.jpg 1152w, https:\/\/familyconnexions.ca\/wp-content\/uploads\/2022\/11\/20221026_143155-1536x2048.jpg 1536w, https:\/\/familyconnexions.ca\/wp-content\/uploads\/2022\/11\/20221026_143155-scaled.jpg 1920w\" sizes=\"auto, (max-width: 768px) 100vw, 768px\" \/><\/figure>\n<\/div><\/div>\n\n<div class=\"wp-block-column is-layout-flow wp-block-column-is-layout-flow\"><div class=\"wp-block-image\">\n<figure class=\"aligncenter size-large\"><img loading=\"lazy\" decoding=\"async\" width=\"768\" height=\"1024\" src=\"https:\/\/familyconnexions.ca\/wp-content\/uploads\/2022\/11\/20221026_143224-768x1024.jpg\" alt=\"\" class=\"wp-image-8421\" srcset=\"https:\/\/familyconnexions.ca\/wp-content\/uploads\/2022\/11\/20221026_143224-768x1024.jpg 768w, https:\/\/familyconnexions.ca\/wp-content\/uploads\/2022\/11\/20221026_143224-225x300.jpg 225w, https:\/\/familyconnexions.ca\/wp-content\/uploads\/2022\/11\/20221026_143224-1152x1536.jpg 1152w, https:\/\/familyconnexions.ca\/wp-content\/uploads\/2022\/11\/20221026_143224-1536x2048.jpg 1536w, https:\/\/familyconnexions.ca\/wp-content\/uploads\/2022\/11\/20221026_143224-scaled.jpg 1920w\" sizes=\"auto, (max-width: 768px) 100vw, 768px\" \/><\/figure>\n<\/div><\/div>\n<\/div><\/div><\/section><section class=\"orange-block wordpress-columns-block\"><div class=\"container\"><div class=\"row wp-block-columns\">\n<div class=\"wp-block-column is-layout-flow wp-block-column-is-layout-flow\">\n<figure class=\"wp-block-image size-large\"><img loading=\"lazy\" decoding=\"async\" width=\"1024\" height=\"768\" src=\"https:\/\/familyconnexions.ca\/wp-content\/uploads\/2022\/11\/20221026_143259-1024x768.jpg\" alt=\"\" class=\"wp-image-8425\" srcset=\"https:\/\/familyconnexions.ca\/wp-content\/uploads\/2022\/11\/20221026_143259-1024x768.jpg 1024w, https:\/\/familyconnexions.ca\/wp-content\/uploads\/2022\/11\/20221026_143259-300x225.jpg 300w, https:\/\/familyconnexions.ca\/wp-content\/uploads\/2022\/11\/20221026_143259-768x576.jpg 768w, https:\/\/familyconnexions.ca\/wp-content\/uploads\/2022\/11\/20221026_143259-1536x1152.jpg 1536w, https:\/\/familyconnexions.ca\/wp-content\/uploads\/2022\/11\/20221026_143259-2048x1536.jpg 2048w\" sizes=\"auto, (max-width: 1024px) 100vw, 1024px\" \/><\/figure>\n<\/div>\n\n<div class=\"wp-block-column is-layout-flow wp-block-column-is-layout-flow\">\n<figure class=\"wp-block-image size-large\"><img loading=\"lazy\" decoding=\"async\" width=\"1024\" height=\"768\" src=\"https:\/\/familyconnexions.ca\/wp-content\/uploads\/2022\/11\/20221026_143031-1024x768.jpg\" alt=\"\" class=\"wp-image-8419\" srcset=\"https:\/\/familyconnexions.ca\/wp-content\/uploads\/2022\/11\/20221026_143031-1024x768.jpg 1024w, https:\/\/familyconnexions.ca\/wp-content\/uploads\/2022\/11\/20221026_143031-300x225.jpg 300w, https:\/\/familyconnexions.ca\/wp-content\/uploads\/2022\/11\/20221026_143031-768x576.jpg 768w, https:\/\/familyconnexions.ca\/wp-content\/uploads\/2022\/11\/20221026_143031-1536x1152.jpg 1536w, https:\/\/familyconnexions.ca\/wp-content\/uploads\/2022\/11\/20221026_143031-2048x1536.jpg 2048w\" sizes=\"auto, (max-width: 1024px) 100vw, 1024px\" \/><\/figure>\n<\/div>\n<\/div><\/div><\/section>","protected":false},"excerpt":{"rendered":"","protected":false},"author":32,"featured_media":8432,"parent":0,"menu_order":33,"comment_status":"closed","ping_status":"closed","template":"","meta":{"_acf_changed":false,"footnotes":"","_links_to":"","_links_to_target":""},"class_list":["post-8415","page","type-page","status-publish","has-post-thumbnail","hentry"],"acf":[],"yoast_head":"<!-- This site is optimized with the Yoast SEO plugin v27.3 - https:\/\/yoast.com\/product\/yoast-seo-wordpress\/ -->\n<title>La Hutte Sacr\u00e9e PNIM - CFSM<\/title>\n<meta name=\"robots\" content=\"index, follow, max-snippet:-1, max-image-preview:large, max-video-preview:-1\" \/>\n<link rel=\"canonical\" href=\"https:\/\/familyconnexions.ca\/fr\/la-hutte-sacree-pnmi\/\" \/>\n<meta property=\"og:locale\" content=\"fr_CA\" \/>\n<meta property=\"og:type\" content=\"article\" \/>\n<meta property=\"og:title\" content=\"La Hutte Sacr\u00e9e PNIM - CFSM\" \/>\n<meta property=\"og:url\" content=\"https:\/\/familyconnexions.ca\/fr\/la-hutte-sacree-pnmi\/\" \/>\n<meta property=\"og:site_name\" content=\"CFSM\" \/>\n<meta property=\"article:modified_time\" content=\"2023-02-22T20:19:58+00:00\" \/>\n<meta property=\"og:image\" content=\"https:\/\/familyconnexions.ca\/wp-content\/uploads\/2022\/11\/20221026_142515-scaled.jpg\" \/>\n\t<meta property=\"og:image:width\" content=\"2560\" \/>\n\t<meta property=\"og:image:height\" content=\"1920\" \/>\n\t<meta property=\"og:image:type\" content=\"image\/jpeg\" \/>\n<meta name=\"twitter:card\" content=\"summary_large_image\" \/>\n<meta name=\"twitter:label1\" content=\"Estimation du temps de lecture\" \/>\n\t<meta name=\"twitter:data1\" content=\"1 minute\" \/>\n<script type=\"application\/ld+json\" class=\"yoast-schema-graph\">{\"@context\":\"https:\\\/\\\/schema.org\",\"@graph\":[{\"@type\":\"WebPage\",\"@id\":\"https:\\\/\\\/familyconnexions.ca\\\/fr\\\/la-hutte-sacree-pnmi\\\/\",\"url\":\"https:\\\/\\\/familyconnexions.ca\\\/fr\\\/la-hutte-sacree-pnmi\\\/\",\"name\":\"La Hutte Sacr\u00e9e PNIM - CFSM\",\"isPartOf\":{\"@id\":\"https:\\\/\\\/familyconnexions.ca\\\/#website\"},\"primaryImageOfPage\":{\"@id\":\"https:\\\/\\\/familyconnexions.ca\\\/fr\\\/la-hutte-sacree-pnmi\\\/#primaryimage\"},\"image\":{\"@id\":\"https:\\\/\\\/familyconnexions.ca\\\/fr\\\/la-hutte-sacree-pnmi\\\/#primaryimage\"},\"thumbnailUrl\":\"https:\\\/\\\/familyconnexions.ca\\\/wp-content\\\/uploads\\\/2022\\\/11\\\/20221026_142515-scaled.jpg\",\"datePublished\":\"2022-11-15T19:50:26+00:00\",\"dateModified\":\"2023-02-22T20:19:58+00:00\",\"breadcrumb\":{\"@id\":\"https:\\\/\\\/familyconnexions.ca\\\/fr\\\/la-hutte-sacree-pnmi\\\/#breadcrumb\"},\"inLanguage\":\"fr-CA\",\"potentialAction\":[{\"@type\":\"ReadAction\",\"target\":[\"https:\\\/\\\/familyconnexions.ca\\\/fr\\\/la-hutte-sacree-pnmi\\\/\"]}]},{\"@type\":\"ImageObject\",\"inLanguage\":\"fr-CA\",\"@id\":\"https:\\\/\\\/familyconnexions.ca\\\/fr\\\/la-hutte-sacree-pnmi\\\/#primaryimage\",\"url\":\"https:\\\/\\\/familyconnexions.ca\\\/wp-content\\\/uploads\\\/2022\\\/11\\\/20221026_142515-scaled.jpg\",\"contentUrl\":\"https:\\\/\\\/familyconnexions.ca\\\/wp-content\\\/uploads\\\/2022\\\/11\\\/20221026_142515-scaled.jpg\",\"width\":2560,\"height\":1920},{\"@type\":\"BreadcrumbList\",\"@id\":\"https:\\\/\\\/familyconnexions.ca\\\/fr\\\/la-hutte-sacree-pnmi\\\/#breadcrumb\",\"itemListElement\":[{\"@type\":\"ListItem\",\"position\":1,\"name\":\"Home\",\"item\":\"https:\\\/\\\/familyconnexions.ca\\\/fr\\\/\"},{\"@type\":\"ListItem\",\"position\":2,\"name\":\"La Hutte Sacr\u00e9e PNIM\"}]},{\"@type\":\"WebSite\",\"@id\":\"https:\\\/\\\/familyconnexions.ca\\\/#website\",\"url\":\"https:\\\/\\\/familyconnexions.ca\\\/\",\"name\":\"CFSM\",\"description\":\"Connexions Familiales de Simcoe Muskoka\",\"potentialAction\":[{\"@type\":\"SearchAction\",\"target\":{\"@type\":\"EntryPoint\",\"urlTemplate\":\"https:\\\/\\\/familyconnexions.ca\\\/?s={search_term_string}\"},\"query-input\":{\"@type\":\"PropertyValueSpecification\",\"valueRequired\":true,\"valueName\":\"search_term_string\"}}],\"inLanguage\":\"fr-CA\"}]}<\/script>\n<!-- \/ Yoast SEO plugin. -->","yoast_head_json":{"title":"La Hutte Sacr\u00e9e PNIM - CFSM","robots":{"index":"index","follow":"follow","max-snippet":"max-snippet:-1","max-image-preview":"max-image-preview:large","max-video-preview":"max-video-preview:-1"},"canonical":"https:\/\/familyconnexions.ca\/fr\/la-hutte-sacree-pnmi\/","og_locale":"fr_CA","og_type":"article","og_title":"La Hutte Sacr\u00e9e PNIM - CFSM","og_url":"https:\/\/familyconnexions.ca\/fr\/la-hutte-sacree-pnmi\/","og_site_name":"CFSM","article_modified_time":"2023-02-22T20:19:58+00:00","og_image":[{"width":2560,"height":1920,"url":"https:\/\/familyconnexions.ca\/wp-content\/uploads\/2022\/11\/20221026_142515-scaled.jpg","type":"image\/jpeg"}],"twitter_card":"summary_large_image","twitter_misc":{"Estimation du temps de lecture":"1 minute"},"schema":{"@context":"https:\/\/schema.org","@graph":[{"@type":"WebPage","@id":"https:\/\/familyconnexions.ca\/fr\/la-hutte-sacree-pnmi\/","url":"https:\/\/familyconnexions.ca\/fr\/la-hutte-sacree-pnmi\/","name":"La Hutte Sacr\u00e9e PNIM - CFSM","isPartOf":{"@id":"https:\/\/familyconnexions.ca\/#website"},"primaryImageOfPage":{"@id":"https:\/\/familyconnexions.ca\/fr\/la-hutte-sacree-pnmi\/#primaryimage"},"image":{"@id":"https:\/\/familyconnexions.ca\/fr\/la-hutte-sacree-pnmi\/#primaryimage"},"thumbnailUrl":"https:\/\/familyconnexions.ca\/wp-content\/uploads\/2022\/11\/20221026_142515-scaled.jpg","datePublished":"2022-11-15T19:50:26+00:00","dateModified":"2023-02-22T20:19:58+00:00","breadcrumb":{"@id":"https:\/\/familyconnexions.ca\/fr\/la-hutte-sacree-pnmi\/#breadcrumb"},"inLanguage":"fr-CA","potentialAction":[{"@type":"ReadAction","target":["https:\/\/familyconnexions.ca\/fr\/la-hutte-sacree-pnmi\/"]}]},{"@type":"ImageObject","inLanguage":"fr-CA","@id":"https:\/\/familyconnexions.ca\/fr\/la-hutte-sacree-pnmi\/#primaryimage","url":"https:\/\/familyconnexions.ca\/wp-content\/uploads\/2022\/11\/20221026_142515-scaled.jpg","contentUrl":"https:\/\/familyconnexions.ca\/wp-content\/uploads\/2022\/11\/20221026_142515-scaled.jpg","width":2560,"height":1920},{"@type":"BreadcrumbList","@id":"https:\/\/familyconnexions.ca\/fr\/la-hutte-sacree-pnmi\/#breadcrumb","itemListElement":[{"@type":"ListItem","position":1,"name":"Home","item":"https:\/\/familyconnexions.ca\/fr\/"},{"@type":"ListItem","position":2,"name":"La Hutte Sacr\u00e9e PNIM"}]},{"@type":"WebSite","@id":"https:\/\/familyconnexions.ca\/#website","url":"https:\/\/familyconnexions.ca\/","name":"CFSM","description":"Connexions Familiales de Simcoe Muskoka","potentialAction":[{"@type":"SearchAction","target":{"@type":"EntryPoint","urlTemplate":"https:\/\/familyconnexions.ca\/?s={search_term_string}"},"query-input":{"@type":"PropertyValueSpecification","valueRequired":true,"valueName":"search_term_string"}}],"inLanguage":"fr-CA"}]}},"_links":{"self":[{"href":"https:\/\/familyconnexions.ca\/fr\/wp-json\/wp\/v2\/pages\/8415","targetHints":{"allow":["GET"]}}],"collection":[{"href":"https:\/\/familyconnexions.ca\/fr\/wp-json\/wp\/v2\/pages"}],"about":[{"href":"https:\/\/familyconnexions.ca\/fr\/wp-json\/wp\/v2\/types\/page"}],"author":[{"embeddable":true,"href":"https:\/\/familyconnexions.ca\/fr\/wp-json\/wp\/v2\/users\/32"}],"replies":[{"embeddable":true,"href":"https:\/\/familyconnexions.ca\/fr\/wp-json\/wp\/v2\/comments?post=8415"}],"version-history":[{"count":0,"href":"https:\/\/familyconnexions.ca\/fr\/wp-json\/wp\/v2\/pages\/8415\/revisions"}],"wp:featuredmedia":[{"embeddable":true,"href":"https:\/\/familyconnexions.ca\/fr\/wp-json\/wp\/v2\/media\/8432"}],"wp:attachment":[{"href":"https:\/\/familyconnexions.ca\/fr\/wp-json\/wp\/v2\/media?parent=8415"}],"curies":[{"name":"wp","href":"https:\/\/api.w.org\/{rel}","templated":true}]}}