{"id":6678,"date":"2022-10-18T20:17:33","date_gmt":"2022-10-18T20:17:33","guid":{"rendered":"https:\/\/smfc.flywheelsites.com\/resources\/demander-une-presentation\/"},"modified":"2023-02-09T16:09:09","modified_gmt":"2023-02-09T16:09:09","slug":"demander-presentateur-presentation","status":"publish","type":"page","link":"https:\/\/familyconnexions.ca\/fr\/demander-presentateur-presentation\/","title":{"rendered":"Demander un(e) Pr\u00e9sentateur(trice) our Pr\u00e9sentation"},"content":{"rendered":"\n<section id=\"centered-content-block_79ae4fe11f95c9044bf86bddf40064b2\"\n         class=\"orange-block centered-content-block has-bg-color-image bg-color-primary\"\n    >\n\n\n    \n    <div class=\"container\">\n        <div class=\"row\">\n            <div class=\"col-12 content-column\" tabindex=\"0\">\n                <div class=\"content-container\">\n                                            <h3>Nous croyons qu\u2019il est imp\u00e9ratif de travailler en collaboration avec notre communaut\u00e9. Nous savons \u00e9galement que le savoir et la compr\u00e9hension sont des facteurs cl\u00e9s pour garder les enfants en s\u00e9curit\u00e9.<\/h3>\n<p>Si vous \u00eates un professionnel ou un organisme communautaire qui travaille avec des enfants, des jeunes ou des familles et que vous avez des questions au sujet de vos responsabilit\u00e9s ou si vous souhaitez de plus amples renseignements, nous sommes heureux de demander \u00e0 un de nos intervenants de faire une pr\u00e9sentation pour vous et vos coll\u00e8gues.<\/p>\n                <\/div>\n            <\/div>\n        <\/div>\n\n\t    \n    <\/div>\n    \n<\/section>\n\n            <section id=\"cta-block_17584899e06b163b27098a45bd7354b6\" class=\"orange-block cta-block image-text-block-cta select-posts text-dark align-centre show-image container-container no-bg-image\">\n\n                \n                \n                <div class=\"section-contents\">\n                    <div class=\"container\">\n\n                        \n                        <!-- Block content -->\n                        \n                        <div class=\"row column-count-1\">\n                                                        <!-- Single CTA -->\n                                <div class=\"col cta-col\">\n\t                                                                <a href=\"https:\/\/hipaa.jotform.com\/222906722100242\" class=\"card-link\" target=\"_blank\" aria-label=\"En savoir plus sur Cliquez ici pour demander une pr\u00e9sentation\">\n                                \n                                        <div class=\"card align-centre\">\n                                            <div class=\"card-body has-image\">\n\n                                                        <!-- Icon -->\n            <div class=\"card-icon\" style=\"background-image: url('https:\/\/familyconnexions.ca\/wp-content\/uploads\/2022\/10\/Upload-logo-2-1024x1024.png')\"><\/div>\n                <div class=\"card-content \">\n            <!-- Title -->\n                            <h3 class=\"h3 card-title\">Cliquez ici pour demander une pr\u00e9sentation<\/h3>\n            \n            <div class=\"card-text-and-links\">\n            \n                            <div class=\"card-link-container\">\n                                                <span class=\"card-link learn-more-link \">\n\t                            \t                        <\/span>\n                            \n                    \n\n                <\/div>\n\t                    <\/div>\n\n\n\n        <\/div>\n\n        \n                                            <\/div>\n                                        <\/div>\n\n                                                                    <\/a>\n                                \n                                <\/div>\n\n                            \n                        \n                        <\/div>\n\n                                                \n                    <\/div>\n                <\/div>\n            <\/section>\n        \n<section id=\"centered-content-block_640f953e7748d864d7c2c1528c392228\"\n         class=\"orange-block centered-content-block has-bg-color-image bg-color-primary\"\n    >\n\n\n    \n    <div class=\"container\">\n        <div class=\"row\">\n            <div class=\"col-12 content-column\" tabindex=\"0\">\n                <div class=\"content-container\">\n                                            <h3>Nous aimons parler aux gens de notre collectivit\u00e9! Nous voulons avoir l\u2019occasion de parler aux gens qui pourraient envisager une carri\u00e8re en bien-\u00eatre de l\u2019enfance ou du b\u00e9n\u00e9volat dans un de nos programmes. Nous sommes heureux de r\u00e9pondre \u00e0 toutes sortes de questions au sujet de ce travail enrichissant.<\/h3>\n<p>\u00cates-vous conf\u00e9rencier ou professeur coll\u00e9gial ou universitaire? Voulez-vous que quelqu\u2019un qui travaille dans le domaine vienne parler \u00e0 votre classe? Organisez-vous une journ\u00e9e carri\u00e8re ou un salon de l\u2019emploi en ligne? Faites-le-nous savoir!<\/p>\n                <\/div>\n            <\/div>\n        <\/div>\n\n\t    \n    <\/div>\n    \n<\/section>\n\n            <section id=\"cta-block_28e75bf494a2b6b2fe2ede5cc4e9710b\" class=\"orange-block cta-block image-text-block-cta select-posts text-dark align-centre show-image container-container no-bg-image\">\n\n                \n                \n                <div class=\"section-contents\">\n                    <div class=\"container\">\n\n                        \n                        <!-- Block content -->\n                        \n                        <div class=\"row column-count-1\">\n                                                        <!-- Single CTA -->\n                                <div class=\"col cta-col\">\n\t                                                                <a href=\"https:\/\/hipaa.jotform.com\/222906653797267\" class=\"card-link\" target=\"_blank\" aria-label=\"En savoir plus sur Cliquez ici pour demander un(e) pr\u00e9sentateur(trice)\">\n                                \n                                        <div class=\"card align-centre\">\n                                            <div class=\"card-body has-image\">\n\n                                                        <!-- Icon -->\n            <div class=\"card-icon\" style=\"background-image: url('https:\/\/familyconnexions.ca\/wp-content\/uploads\/2022\/10\/Upload-logo-2-1024x1024.png')\"><\/div>\n                <div class=\"card-content \">\n            <!-- Title -->\n                            <h3 class=\"h3 card-title\">Cliquez ici pour demander un(e) pr\u00e9sentateur(trice)<\/h3>\n            \n            <div class=\"card-text-and-links\">\n            \n                            <div class=\"card-link-container\">\n                                                <span class=\"card-link learn-more-link \">\n\t                            \t                        <\/span>\n                            \n                    \n\n                <\/div>\n\t                    <\/div>\n\n\n\n        <\/div>\n\n        \n                                            <\/div>\n                                        <\/div>\n\n                                                                    <\/a>\n                                \n                                <\/div>\n\n                            \n                        \n                        <\/div>\n\n                                                \n                    <\/div>\n                <\/div>\n            <\/section>\n        ","protected":false},"excerpt":{"rendered":"","protected":false},"author":1,"featured_media":8244,"parent":0,"menu_order":41,"comment_status":"closed","ping_status":"closed","template":"","meta":{"_acf_changed":false,"footnotes":"","_links_to":"","_links_to_target":""},"class_list":["post-6678","page","type-page","status-publish","has-post-thumbnail","hentry"],"acf":[],"yoast_head":"<!-- This site is optimized with the Yoast SEO plugin v27.3 - https:\/\/yoast.com\/product\/yoast-seo-wordpress\/ -->\n<title>Demander un(e) Pr\u00e9sentateur(trice) our Pr\u00e9sentation - CFSM<\/title>\n<meta name=\"robots\" content=\"index, follow, max-snippet:-1, max-image-preview:large, max-video-preview:-1\" \/>\n<link rel=\"canonical\" href=\"https:\/\/familyconnexions.ca\/fr\/demander-presentateur-presentation\/\" \/>\n<meta property=\"og:locale\" content=\"fr_CA\" \/>\n<meta property=\"og:type\" content=\"article\" \/>\n<meta property=\"og:title\" content=\"Demander un(e) Pr\u00e9sentateur(trice) our Pr\u00e9sentation - CFSM\" \/>\n<meta property=\"og:url\" content=\"https:\/\/familyconnexions.ca\/fr\/demander-presentateur-presentation\/\" \/>\n<meta property=\"og:site_name\" content=\"CFSM\" \/>\n<meta property=\"article:modified_time\" content=\"2023-02-09T16:09:09+00:00\" \/>\n<meta property=\"og:image\" content=\"https:\/\/familyconnexions.ca\/wp-content\/uploads\/2022\/11\/training.jpg\" \/>\n\t<meta property=\"og:image:width\" content=\"1921\" \/>\n\t<meta property=\"og:image:height\" content=\"1100\" \/>\n\t<meta property=\"og:image:type\" content=\"image\/jpeg\" \/>\n<meta name=\"twitter:card\" content=\"summary_large_image\" \/>\n<script type=\"application\/ld+json\" class=\"yoast-schema-graph\">{\"@context\":\"https:\\\/\\\/schema.org\",\"@graph\":[{\"@type\":\"WebPage\",\"@id\":\"https:\\\/\\\/familyconnexions.ca\\\/fr\\\/demander-presentateur-presentation\\\/\",\"url\":\"https:\\\/\\\/familyconnexions.ca\\\/fr\\\/demander-presentateur-presentation\\\/\",\"name\":\"Demander un(e) Pr\u00e9sentateur(trice) our Pr\u00e9sentation - CFSM\",\"isPartOf\":{\"@id\":\"https:\\\/\\\/familyconnexions.ca\\\/#website\"},\"primaryImageOfPage\":{\"@id\":\"https:\\\/\\\/familyconnexions.ca\\\/fr\\\/demander-presentateur-presentation\\\/#primaryimage\"},\"image\":{\"@id\":\"https:\\\/\\\/familyconnexions.ca\\\/fr\\\/demander-presentateur-presentation\\\/#primaryimage\"},\"thumbnailUrl\":\"https:\\\/\\\/familyconnexions.ca\\\/wp-content\\\/uploads\\\/2022\\\/11\\\/training.jpg\",\"datePublished\":\"2022-10-18T20:17:33+00:00\",\"dateModified\":\"2023-02-09T16:09:09+00:00\",\"breadcrumb\":{\"@id\":\"https:\\\/\\\/familyconnexions.ca\\\/fr\\\/demander-presentateur-presentation\\\/#breadcrumb\"},\"inLanguage\":\"fr-CA\",\"potentialAction\":[{\"@type\":\"ReadAction\",\"target\":[\"https:\\\/\\\/familyconnexions.ca\\\/fr\\\/demander-presentateur-presentation\\\/\"]}]},{\"@type\":\"ImageObject\",\"inLanguage\":\"fr-CA\",\"@id\":\"https:\\\/\\\/familyconnexions.ca\\\/fr\\\/demander-presentateur-presentation\\\/#primaryimage\",\"url\":\"https:\\\/\\\/familyconnexions.ca\\\/wp-content\\\/uploads\\\/2022\\\/11\\\/training.jpg\",\"contentUrl\":\"https:\\\/\\\/familyconnexions.ca\\\/wp-content\\\/uploads\\\/2022\\\/11\\\/training.jpg\",\"width\":1921,\"height\":1100},{\"@type\":\"BreadcrumbList\",\"@id\":\"https:\\\/\\\/familyconnexions.ca\\\/fr\\\/demander-presentateur-presentation\\\/#breadcrumb\",\"itemListElement\":[{\"@type\":\"ListItem\",\"position\":1,\"name\":\"Home\",\"item\":\"https:\\\/\\\/familyconnexions.ca\\\/fr\\\/\"},{\"@type\":\"ListItem\",\"position\":2,\"name\":\"Demander un(e) Pr\u00e9sentateur(trice) our Pr\u00e9sentation\"}]},{\"@type\":\"WebSite\",\"@id\":\"https:\\\/\\\/familyconnexions.ca\\\/#website\",\"url\":\"https:\\\/\\\/familyconnexions.ca\\\/\",\"name\":\"CFSM\",\"description\":\"Connexions Familiales de Simcoe Muskoka\",\"potentialAction\":[{\"@type\":\"SearchAction\",\"target\":{\"@type\":\"EntryPoint\",\"urlTemplate\":\"https:\\\/\\\/familyconnexions.ca\\\/?s={search_term_string}\"},\"query-input\":{\"@type\":\"PropertyValueSpecification\",\"valueRequired\":true,\"valueName\":\"search_term_string\"}}],\"inLanguage\":\"fr-CA\"}]}<\/script>\n<!-- \/ Yoast SEO plugin. -->","yoast_head_json":{"title":"Demander un(e) Pr\u00e9sentateur(trice) our Pr\u00e9sentation - CFSM","robots":{"index":"index","follow":"follow","max-snippet":"max-snippet:-1","max-image-preview":"max-image-preview:large","max-video-preview":"max-video-preview:-1"},"canonical":"https:\/\/familyconnexions.ca\/fr\/demander-presentateur-presentation\/","og_locale":"fr_CA","og_type":"article","og_title":"Demander un(e) Pr\u00e9sentateur(trice) our Pr\u00e9sentation - CFSM","og_url":"https:\/\/familyconnexions.ca\/fr\/demander-presentateur-presentation\/","og_site_name":"CFSM","article_modified_time":"2023-02-09T16:09:09+00:00","og_image":[{"width":1921,"height":1100,"url":"https:\/\/familyconnexions.ca\/wp-content\/uploads\/2022\/11\/training.jpg","type":"image\/jpeg"}],"twitter_card":"summary_large_image","schema":{"@context":"https:\/\/schema.org","@graph":[{"@type":"WebPage","@id":"https:\/\/familyconnexions.ca\/fr\/demander-presentateur-presentation\/","url":"https:\/\/familyconnexions.ca\/fr\/demander-presentateur-presentation\/","name":"Demander un(e) Pr\u00e9sentateur(trice) our Pr\u00e9sentation - CFSM","isPartOf":{"@id":"https:\/\/familyconnexions.ca\/#website"},"primaryImageOfPage":{"@id":"https:\/\/familyconnexions.ca\/fr\/demander-presentateur-presentation\/#primaryimage"},"image":{"@id":"https:\/\/familyconnexions.ca\/fr\/demander-presentateur-presentation\/#primaryimage"},"thumbnailUrl":"https:\/\/familyconnexions.ca\/wp-content\/uploads\/2022\/11\/training.jpg","datePublished":"2022-10-18T20:17:33+00:00","dateModified":"2023-02-09T16:09:09+00:00","breadcrumb":{"@id":"https:\/\/familyconnexions.ca\/fr\/demander-presentateur-presentation\/#breadcrumb"},"inLanguage":"fr-CA","potentialAction":[{"@type":"ReadAction","target":["https:\/\/familyconnexions.ca\/fr\/demander-presentateur-presentation\/"]}]},{"@type":"ImageObject","inLanguage":"fr-CA","@id":"https:\/\/familyconnexions.ca\/fr\/demander-presentateur-presentation\/#primaryimage","url":"https:\/\/familyconnexions.ca\/wp-content\/uploads\/2022\/11\/training.jpg","contentUrl":"https:\/\/familyconnexions.ca\/wp-content\/uploads\/2022\/11\/training.jpg","width":1921,"height":1100},{"@type":"BreadcrumbList","@id":"https:\/\/familyconnexions.ca\/fr\/demander-presentateur-presentation\/#breadcrumb","itemListElement":[{"@type":"ListItem","position":1,"name":"Home","item":"https:\/\/familyconnexions.ca\/fr\/"},{"@type":"ListItem","position":2,"name":"Demander un(e) Pr\u00e9sentateur(trice) our Pr\u00e9sentation"}]},{"@type":"WebSite","@id":"https:\/\/familyconnexions.ca\/#website","url":"https:\/\/familyconnexions.ca\/","name":"CFSM","description":"Connexions Familiales de Simcoe Muskoka","potentialAction":[{"@type":"SearchAction","target":{"@type":"EntryPoint","urlTemplate":"https:\/\/familyconnexions.ca\/?s={search_term_string}"},"query-input":{"@type":"PropertyValueSpecification","valueRequired":true,"valueName":"search_term_string"}}],"inLanguage":"fr-CA"}]}},"_links":{"self":[{"href":"https:\/\/familyconnexions.ca\/fr\/wp-json\/wp\/v2\/pages\/6678","targetHints":{"allow":["GET"]}}],"collection":[{"href":"https:\/\/familyconnexions.ca\/fr\/wp-json\/wp\/v2\/pages"}],"about":[{"href":"https:\/\/familyconnexions.ca\/fr\/wp-json\/wp\/v2\/types\/page"}],"author":[{"embeddable":true,"href":"https:\/\/familyconnexions.ca\/fr\/wp-json\/wp\/v2\/users\/1"}],"replies":[{"embeddable":true,"href":"https:\/\/familyconnexions.ca\/fr\/wp-json\/wp\/v2\/comments?post=6678"}],"version-history":[{"count":0,"href":"https:\/\/familyconnexions.ca\/fr\/wp-json\/wp\/v2\/pages\/6678\/revisions"}],"wp:featuredmedia":[{"embeddable":true,"href":"https:\/\/familyconnexions.ca\/fr\/wp-json\/wp\/v2\/media\/8244"}],"wp:attachment":[{"href":"https:\/\/familyconnexions.ca\/fr\/wp-json\/wp\/v2\/media?parent=6678"}],"curies":[{"name":"wp","href":"https:\/\/api.w.org\/{rel}","templated":true}]}}