{"id":6643,"date":"2022-11-03T04:00:04","date_gmt":"2022-11-03T04:00:04","guid":{"rendered":"https:\/\/smfc.flywheelsites.com\/?page_id=6643"},"modified":"2025-01-29T18:51:11","modified_gmt":"2025-01-29T18:51:11","slug":"nos-comites-externes","status":"publish","type":"page","link":"https:\/\/familyconnexions.ca\/fr\/nos-comites-externes\/","title":{"rendered":"Nos comit\u00e9s externes"},"content":{"rendered":"\n<section id=\"centered-content-block_20fd2fbefb5c14e9915ec2fc2f620b87\"\n         class=\"orange-block centered-content-block has-bg-color-image bg-color-primary\"\n    >\n\n\n    \n    <div class=\"container\">\n        <div class=\"row\">\n            <div class=\"col-12 content-column\" tabindex=\"0\">\n                <div class=\"content-container\">\n                                            <h3>En tant qu&rsquo;organisation \u00e9quitable et inclusive, nous travaillons avec de nombreux comit\u00e9s externes qui suivent l&rsquo;utilisation d&rsquo;une approche anti-raciste, anti-oppressive et intersectionnelle qui tient compte des traumatismes, est ax\u00e9e sur la gu\u00e9rison, s\u00e9curitaire, souple et affirmative.<\/h3>\n<p>Vous trouverez ci-dessous une liste de nos comit\u00e9s externes qui suivent notre engagement envers des r\u00e9sultats \u00e9quitables.<\/p>\n                <\/div>\n            <\/div>\n        <\/div>\n\n\t    \n    <\/div>\n    \n<\/section>\n\n    <section id=\"accordion-block_10289b4c08ac1e8bf42e857ec680e01a\" class=\"orange-block accordion-block has-bg-color-image bg-color-light\" >\n\n        \n        \n        <div class=\"container\">\n            <div class=\"row\">\n                <div class=\"col-12\">\n\n                    <div class=\"accordion-wrap\">\n                        <div class=\"accordion faq-accordion\" id=\"accordion-block_10289b4c08ac1e8bf42e857ec680e01a-accordion\">\n\n                            \n                                                                <div class=\"card\">\n\n                                    <div class=\"card-header collapsed\" id=\"accordion-block_10289b4c08ac1e8bf42e857ec680e01a-accordion-1-heading\">\n\n                                        <div class=\"accordion-title\">\n                                            Comit\u00e9 Une Vision Une Voix (UVUV) &#8211; Comit\u00e9 de consultation de la communaut\u00e9 Noire                                        <\/div>\n\n                                        <button class=\"btn btn-icon btn-accordion-trigger collapsed\" data-toggle=\"collapse\" data-target=\"#accordion-block_10289b4c08ac1e8bf42e857ec680e01a-accordion-1-collapse\" aria-expanded=\"false\" aria-controls=\"accordion-block_10289b4c08ac1e8bf42e857ec680e01a-accordion-1-collapse\" tabindex=\"0\" aria-label=\"Cliquer pour d\u00e9rouler\">\n                                            <svg xmlns=\"http:\/\/www.w3.org\/2000\/svg\" viewBox=\"0 0 8 8\">\n                                                <g fill=\"none\" stroke=\"currentColor\" stroke-miterlimit=\"10\" stroke-width=\"1.5px\" transform=\"translate(-30 -47.438)\">\n                                                    <line x2=\"8\" transform=\"translate(30 51.438)\" \/>\n                                                    <line x2=\"8\" transform=\"translate(34 47.438) rotate(90)\" \/>\n                                                <\/g>\n                                            <\/svg>\n                                        <\/button>\n\n                                    <\/div>\n\n                                    <div id=\"accordion-block_10289b4c08ac1e8bf42e857ec680e01a-accordion-1-collapse\" class=\"collapse\" aria-labelledby=\"accordion-block_10289b4c08ac1e8bf42e857ec680e01a-accordion-1-heading\" data-parent=\"#accordion-block_10289b4c08ac1e8bf42e857ec680e01a-accordion\">\n\n                                        <div class=\"card-body\">\n                                            <p><strong>BUT :\u00a0 <\/strong><\/p>\n<p>Le <strong>Comit\u00e9 Une Vision Une Voix (UVUV) &#8211; Comit\u00e9 de consultation de la communaut\u00e9 Noire <\/strong>CFSM fournira des <strong>conseils<\/strong> et <strong>soutiens<\/strong> pour assister CFSM dans son travail pour am\u00e9liorer les services aux enfants et jeunes Noirs et leurs familles pour des r\u00e9sultats \u00e9quitables et inclusifs gr\u00e2ce au d\u00e9veloppement de politiques, prestation de service et pratiques associ\u00e9es. Les r\u00e9sultats attendus incluent :<\/p>\n<ul>\n<li><strong>Pour r\u00e9duire et \u00e9liminer la disproportionalit\u00e9, disparit\u00e9 et discrimination envers les enfants, jeunes et leurs familles pour assurer la s\u00e9curit\u00e9 des enfants.<\/strong><\/li>\n<li><strong>Pour soutenir la s\u00e9curit\u00e9, permanence et de fa\u00e7on g\u00e9n\u00e9rale le bien-\u00eatre des enfants et jeunes Noirs qui re\u00e7oivent des services dans et en dehors de la protection.<\/strong><\/li>\n<li><strong>Pour construire des capacit\u00e9 d&rsquo;apprentissage organisationnelles qui permettront \u00e0 CFSM d&rsquo;addresser les facteurs syst\u00e9miques et structurels qui pourraient mener \u00e0 du racisme anti-Noir.<\/strong><\/li>\n<\/ul>\n<p><strong>OBJECTIFS :<\/strong><\/p>\n<p>Le <strong>Comit\u00e9 Une Vision Une Voix (UVUV) &#8211; Comit\u00e9 de consultation de la communaut\u00e9 Noire <\/strong>CFSM fournira des conseils et du soutien pour influencer le changement qui permettra d&rsquo;am\u00e9liorer :<\/p>\n<ul>\n<li>le savoir r\u00e9ciproque et la compr\u00e9hension partag\u00e9e entre les partenaires communautaires, les receveurs de service, les employ\u00e9(e)s de protection de l&rsquo;enfance (CFSM), les personnes \u00e0 charge et les b\u00e9n\u00e9voles ;<\/li>\n<li>la compr\u00e9hension et sensibilisation des probl\u00e8mes que vivent les enfants jeunes, familles, personne \u00e0 charge Noires et leurs communaut\u00e9s;<\/li>\n<li>les activit\u00e9s\/programmes actuels et les ressources appropri\u00e9es pour r\u00e9pondre aux besoins des familles Noires, enfants, jeunes et leurs communaut\u00e9s. Am\u00e9liorer le savoir, les comp\u00e9tences et les atouts dans l&rsquo;agence et la communaut\u00e9 pour am\u00e9liorer les r\u00e9sultats pour les enfants, familles et jeunes Noirs;<\/li>\n<li>les strat\u00e9gies pour am\u00e9liorer le savoir de tous\/toutes les employ\u00e9(e)s, personnes \u00e0 charge et b\u00e9n\u00e9voles des atouts communautaires, probl\u00e8mes et sensibilisation sur comment engager avec les enfants et jeunes Noirs et leurs familles de fa\u00e7on \u00e9quitable;<\/li>\n<li>identifier les obstacles pour une prestation de services r\u00e9ussie;<\/li>\n<li>les pratiques pour soutenir l&rsquo;\u00e9ducation communautaire pour am\u00e9lioer la sensibilisation et la compr\u00e9hension du syst\u00e8me de protection de l&rsquo;enfance et la prestation de service.<\/li>\n<li>Aider \u00e0 fournir de l&rsquo;information et faire des rapports \u00e0 la communaut\u00e9.<\/li>\n<\/ul>\n                                        <\/div>\n\n                                    <\/div>\n                                <\/div>\n\n                            \n                                                                <div class=\"card\">\n\n                                    <div class=\"card-header collapsed\" id=\"accordion-block_10289b4c08ac1e8bf42e857ec680e01a-accordion-2-heading\">\n\n                                        <div class=\"accordion-title\">\n                                            Conseil de D\u00e9veloppement Communautaire Noir de Simcoe Muskoka                                        <\/div>\n\n                                        <button class=\"btn btn-icon btn-accordion-trigger collapsed\" data-toggle=\"collapse\" data-target=\"#accordion-block_10289b4c08ac1e8bf42e857ec680e01a-accordion-2-collapse\" aria-expanded=\"false\" aria-controls=\"accordion-block_10289b4c08ac1e8bf42e857ec680e01a-accordion-2-collapse\" tabindex=\"0\" aria-label=\"Cliquer pour d\u00e9rouler\">\n                                            <svg xmlns=\"http:\/\/www.w3.org\/2000\/svg\" viewBox=\"0 0 8 8\">\n                                                <g fill=\"none\" stroke=\"currentColor\" stroke-miterlimit=\"10\" stroke-width=\"1.5px\" transform=\"translate(-30 -47.438)\">\n                                                    <line x2=\"8\" transform=\"translate(30 51.438)\" \/>\n                                                    <line x2=\"8\" transform=\"translate(34 47.438) rotate(90)\" \/>\n                                                <\/g>\n                                            <\/svg>\n                                        <\/button>\n\n                                    <\/div>\n\n                                    <div id=\"accordion-block_10289b4c08ac1e8bf42e857ec680e01a-accordion-2-collapse\" class=\"collapse\" aria-labelledby=\"accordion-block_10289b4c08ac1e8bf42e857ec680e01a-accordion-2-heading\" data-parent=\"#accordion-block_10289b4c08ac1e8bf42e857ec680e01a-accordion\">\n\n                                        <div class=\"card-body\">\n                                            <p><strong>PR\u00c9AMBULE<\/strong><\/p>\n<p>Le Conseil de D\u00e9veloppement Communautaire Noir de Simcoe Muskoka (R\u00e9f\u00e9r\u00e9 ici par\u00a0 \u201cle Conseil) a \u00e9t\u00e9 form\u00e9 par l&rsquo;agence en 2020. Le Conseil est une table de plannification sur plusieurs secteurs compos\u00e9e d&rsquo;institutions populaires de taille moyennes et larges\/grand public qui se d\u00e9dient \u00e0 d\u00e9fendre et\/ou fournir des soutiens pour le d\u00e9veloppement de services communautaires culturellement affirmatives, des soutiens et lieux avec et pour la communaut\u00e9 Noir dans Simcoe et Muskoka (ex : interventions cliniques\/correctives et\/ou soutiens proactifs envers les d\u00e9terminants sociaux de sant\u00e9, etc.). La Table a \u00e9galement pour t\u00e2che de partager et d\u00e9fendre des fa\u00e7ons d&rsquo;addresser e racisme anti-Noir dans les organisations membres et \u00e0 travers les deux r\u00e9gions d&rsquo;une fa\u00e7on qui est favorable et proactive.<\/p>\n<p><strong>PRIORIT\u00c9S\/FONCTIONS ESSENTIELLES<\/strong><\/p>\n<p><strong>D\u00e9veloppement Communautaire et Alliance\u00a0 \u00a0<\/strong><\/p>\n<ul>\n<li>D\u00e9veloppement de services communautaires, soutiens et lieux avec et pour la communaut\u00e9 Noire dans Simcoe et Muskoka<\/li>\n<li>Soutenir des organisations et initiatives nouvelles et existantes<\/li>\n<\/ul>\n<p><strong>Plannification et Coordination :<\/strong><\/p>\n<ul>\n<li>Plannifier des projects op\u00e9rationnels sp\u00e9cifiques \u00e0 la Table : applications jointes pour des fonds; soutiens pour les applications par d&rsquo;autres organisations membres; ressources jointes, partage r\u00e9ciproque de ressources de formation, espaces pour les programmes, pratiques bas\u00e9es sur l&rsquo;\u00e9quit\u00e9 entre les organisations.<\/li>\n<li>Plannification pour le futur, plaidoyer, trouver des nouvelles opportunit\u00e9s de financement, d\u00e9velopper de la sensibilisation, rapports sur les resultats dans notre secteur.<\/li>\n<\/ul>\n<p><strong>D\u00e9fense et Croissance :<\/strong><\/p>\n<ul>\n<li>S&rsquo;engager \u00e0 du progr\u00e8s pour addresser le racisme anti-Noir dans nos organisations dans notre secteur et \u00e0 travers Simcoe et Muskoka<\/li>\n<li>Partager les promesses des pratiques de notre Conseil avec les autres tables de plannification<\/li>\n<li>Partager avec les autres organisations o\u00f9 nous sommes dans nos parcours d&rsquo;\u00e9quit\u00e9.<\/li>\n<\/ul>\n<p><strong>Information et Apprentissage :<\/strong><\/p>\n<ul>\n<li>Chambre de Compensation<\/li>\n<li>Pratiques prometteuses<\/li>\n<li>Chercher et int\u00e9grer la r\u00e9troaction de membres de la communaut\u00e9 dans notre travail.<\/li>\n<\/ul>\n                                        <\/div>\n\n                                    <\/div>\n                                <\/div>\n\n                            \n                        <\/div>\n                    <\/div>\n\n                <\/div>\n            <\/div>\n\n            \n        <\/div>\n    <\/section>\n","protected":false},"excerpt":{"rendered":"","protected":false},"author":32,"featured_media":7469,"parent":0,"menu_order":109,"comment_status":"closed","ping_status":"closed","template":"","meta":{"_acf_changed":false,"footnotes":"","_links_to":"","_links_to_target":""},"class_list":["post-6643","page","type-page","status-publish","has-post-thumbnail","hentry"],"acf":[],"yoast_head":"<!-- This site is optimized with the Yoast SEO plugin v27.3 - https:\/\/yoast.com\/product\/yoast-seo-wordpress\/ -->\n<title>Nos comit\u00e9s externes - CFSM<\/title>\n<meta name=\"description\" content=\"\/\" \/>\n<meta name=\"robots\" content=\"index, follow, max-snippet:-1, max-image-preview:large, max-video-preview:-1\" \/>\n<link rel=\"canonical\" href=\"https:\/\/familyconnexions.ca\/fr\/nos-comites-externes\/\" \/>\n<meta property=\"og:locale\" content=\"fr_CA\" \/>\n<meta property=\"og:type\" content=\"article\" \/>\n<meta property=\"og:title\" content=\"Nos comit\u00e9s externes - CFSM\" \/>\n<meta property=\"og:description\" content=\"\/\" \/>\n<meta property=\"og:url\" content=\"https:\/\/familyconnexions.ca\/fr\/nos-comites-externes\/\" \/>\n<meta property=\"og:site_name\" content=\"CFSM\" \/>\n<meta property=\"article:modified_time\" content=\"2025-01-29T18:51:11+00:00\" \/>\n<meta property=\"og:image\" content=\"https:\/\/familyconnexions.ca\/wp-content\/uploads\/2022\/10\/Copy-of-community-program-banner-website-2022-3.png\" \/>\n\t<meta property=\"og:image:width\" content=\"1600\" \/>\n\t<meta property=\"og:image:height\" content=\"900\" \/>\n\t<meta property=\"og:image:type\" content=\"image\/png\" \/>\n<meta name=\"twitter:card\" content=\"summary_large_image\" \/>\n<script type=\"application\/ld+json\" class=\"yoast-schema-graph\">{\"@context\":\"https:\\\/\\\/schema.org\",\"@graph\":[{\"@type\":\"WebPage\",\"@id\":\"https:\\\/\\\/familyconnexions.ca\\\/fr\\\/nos-comites-externes\\\/\",\"url\":\"https:\\\/\\\/familyconnexions.ca\\\/fr\\\/nos-comites-externes\\\/\",\"name\":\"Nos comit\u00e9s externes - CFSM\",\"isPartOf\":{\"@id\":\"https:\\\/\\\/familyconnexions.ca\\\/#website\"},\"primaryImageOfPage\":{\"@id\":\"https:\\\/\\\/familyconnexions.ca\\\/fr\\\/nos-comites-externes\\\/#primaryimage\"},\"image\":{\"@id\":\"https:\\\/\\\/familyconnexions.ca\\\/fr\\\/nos-comites-externes\\\/#primaryimage\"},\"thumbnailUrl\":\"https:\\\/\\\/familyconnexions.ca\\\/wp-content\\\/uploads\\\/2022\\\/10\\\/Copy-of-community-program-banner-website-2022-3.png\",\"datePublished\":\"2022-11-03T04:00:04+00:00\",\"dateModified\":\"2025-01-29T18:51:11+00:00\",\"description\":\"\\\/\",\"breadcrumb\":{\"@id\":\"https:\\\/\\\/familyconnexions.ca\\\/fr\\\/nos-comites-externes\\\/#breadcrumb\"},\"inLanguage\":\"fr-CA\",\"potentialAction\":[{\"@type\":\"ReadAction\",\"target\":[\"https:\\\/\\\/familyconnexions.ca\\\/fr\\\/nos-comites-externes\\\/\"]}]},{\"@type\":\"ImageObject\",\"inLanguage\":\"fr-CA\",\"@id\":\"https:\\\/\\\/familyconnexions.ca\\\/fr\\\/nos-comites-externes\\\/#primaryimage\",\"url\":\"https:\\\/\\\/familyconnexions.ca\\\/wp-content\\\/uploads\\\/2022\\\/10\\\/Copy-of-community-program-banner-website-2022-3.png\",\"contentUrl\":\"https:\\\/\\\/familyconnexions.ca\\\/wp-content\\\/uploads\\\/2022\\\/10\\\/Copy-of-community-program-banner-website-2022-3.png\",\"width\":1600,\"height\":900},{\"@type\":\"BreadcrumbList\",\"@id\":\"https:\\\/\\\/familyconnexions.ca\\\/fr\\\/nos-comites-externes\\\/#breadcrumb\",\"itemListElement\":[{\"@type\":\"ListItem\",\"position\":1,\"name\":\"Home\",\"item\":\"https:\\\/\\\/familyconnexions.ca\\\/fr\\\/\"},{\"@type\":\"ListItem\",\"position\":2,\"name\":\"Nos comit\u00e9s externes\"}]},{\"@type\":\"WebSite\",\"@id\":\"https:\\\/\\\/familyconnexions.ca\\\/#website\",\"url\":\"https:\\\/\\\/familyconnexions.ca\\\/\",\"name\":\"CFSM\",\"description\":\"Connexions Familiales de Simcoe Muskoka\",\"potentialAction\":[{\"@type\":\"SearchAction\",\"target\":{\"@type\":\"EntryPoint\",\"urlTemplate\":\"https:\\\/\\\/familyconnexions.ca\\\/?s={search_term_string}\"},\"query-input\":{\"@type\":\"PropertyValueSpecification\",\"valueRequired\":true,\"valueName\":\"search_term_string\"}}],\"inLanguage\":\"fr-CA\"}]}<\/script>\n<!-- \/ Yoast SEO plugin. -->","yoast_head_json":{"title":"Nos comit\u00e9s externes - CFSM","description":"\/","robots":{"index":"index","follow":"follow","max-snippet":"max-snippet:-1","max-image-preview":"max-image-preview:large","max-video-preview":"max-video-preview:-1"},"canonical":"https:\/\/familyconnexions.ca\/fr\/nos-comites-externes\/","og_locale":"fr_CA","og_type":"article","og_title":"Nos comit\u00e9s externes - CFSM","og_description":"\/","og_url":"https:\/\/familyconnexions.ca\/fr\/nos-comites-externes\/","og_site_name":"CFSM","article_modified_time":"2025-01-29T18:51:11+00:00","og_image":[{"width":1600,"height":900,"url":"https:\/\/familyconnexions.ca\/wp-content\/uploads\/2022\/10\/Copy-of-community-program-banner-website-2022-3.png","type":"image\/png"}],"twitter_card":"summary_large_image","schema":{"@context":"https:\/\/schema.org","@graph":[{"@type":"WebPage","@id":"https:\/\/familyconnexions.ca\/fr\/nos-comites-externes\/","url":"https:\/\/familyconnexions.ca\/fr\/nos-comites-externes\/","name":"Nos comit\u00e9s externes - CFSM","isPartOf":{"@id":"https:\/\/familyconnexions.ca\/#website"},"primaryImageOfPage":{"@id":"https:\/\/familyconnexions.ca\/fr\/nos-comites-externes\/#primaryimage"},"image":{"@id":"https:\/\/familyconnexions.ca\/fr\/nos-comites-externes\/#primaryimage"},"thumbnailUrl":"https:\/\/familyconnexions.ca\/wp-content\/uploads\/2022\/10\/Copy-of-community-program-banner-website-2022-3.png","datePublished":"2022-11-03T04:00:04+00:00","dateModified":"2025-01-29T18:51:11+00:00","description":"\/","breadcrumb":{"@id":"https:\/\/familyconnexions.ca\/fr\/nos-comites-externes\/#breadcrumb"},"inLanguage":"fr-CA","potentialAction":[{"@type":"ReadAction","target":["https:\/\/familyconnexions.ca\/fr\/nos-comites-externes\/"]}]},{"@type":"ImageObject","inLanguage":"fr-CA","@id":"https:\/\/familyconnexions.ca\/fr\/nos-comites-externes\/#primaryimage","url":"https:\/\/familyconnexions.ca\/wp-content\/uploads\/2022\/10\/Copy-of-community-program-banner-website-2022-3.png","contentUrl":"https:\/\/familyconnexions.ca\/wp-content\/uploads\/2022\/10\/Copy-of-community-program-banner-website-2022-3.png","width":1600,"height":900},{"@type":"BreadcrumbList","@id":"https:\/\/familyconnexions.ca\/fr\/nos-comites-externes\/#breadcrumb","itemListElement":[{"@type":"ListItem","position":1,"name":"Home","item":"https:\/\/familyconnexions.ca\/fr\/"},{"@type":"ListItem","position":2,"name":"Nos comit\u00e9s externes"}]},{"@type":"WebSite","@id":"https:\/\/familyconnexions.ca\/#website","url":"https:\/\/familyconnexions.ca\/","name":"CFSM","description":"Connexions Familiales de Simcoe Muskoka","potentialAction":[{"@type":"SearchAction","target":{"@type":"EntryPoint","urlTemplate":"https:\/\/familyconnexions.ca\/?s={search_term_string}"},"query-input":{"@type":"PropertyValueSpecification","valueRequired":true,"valueName":"search_term_string"}}],"inLanguage":"fr-CA"}]}},"_links":{"self":[{"href":"https:\/\/familyconnexions.ca\/fr\/wp-json\/wp\/v2\/pages\/6643","targetHints":{"allow":["GET"]}}],"collection":[{"href":"https:\/\/familyconnexions.ca\/fr\/wp-json\/wp\/v2\/pages"}],"about":[{"href":"https:\/\/familyconnexions.ca\/fr\/wp-json\/wp\/v2\/types\/page"}],"author":[{"embeddable":true,"href":"https:\/\/familyconnexions.ca\/fr\/wp-json\/wp\/v2\/users\/32"}],"replies":[{"embeddable":true,"href":"https:\/\/familyconnexions.ca\/fr\/wp-json\/wp\/v2\/comments?post=6643"}],"version-history":[{"count":0,"href":"https:\/\/familyconnexions.ca\/fr\/wp-json\/wp\/v2\/pages\/6643\/revisions"}],"wp:featuredmedia":[{"embeddable":true,"href":"https:\/\/familyconnexions.ca\/fr\/wp-json\/wp\/v2\/media\/7469"}],"wp:attachment":[{"href":"https:\/\/familyconnexions.ca\/fr\/wp-json\/wp\/v2\/media?parent=6643"}],"curies":[{"name":"wp","href":"https:\/\/api.w.org\/{rel}","templated":true}]}}