{"id":6502,"date":"2022-11-03T04:10:43","date_gmt":"2022-11-03T04:10:43","guid":{"rendered":"https:\/\/smfc.flywheelsites.com\/?page_id=6502"},"modified":"2025-01-29T18:51:03","modified_gmt":"2025-01-29T18:51:03","slug":"apprentissage-developpement","status":"publish","type":"page","link":"https:\/\/familyconnexions.ca\/fr\/apprentissage-developpement\/","title":{"rendered":"Apprentissage &#038; D\u00e9veloppement"},"content":{"rendered":"\n<section id=\"centered-content-block_95d055e5d403beea94517c1cd7c0543d\"\n         class=\"orange-block centered-content-block has-bg-color-image bg-color-primary\"\n    >\n\n\n    \n    <div class=\"container\">\n        <div class=\"row\">\n            <div class=\"col-12 content-column\" tabindex=\"0\">\n                <div class=\"content-container\">\n                                            <h3><strong>Justice autochtone et apprentissage de d\u00e9veloppement professionnel bas\u00e9 sur l&rsquo;\u00e9quit\u00e9<\/strong><\/h3>\n<h6>La justice et \u00e9quit\u00e9 autochtone sont au centre de la strat\u00e9gie d&rsquo;apprentissage de d\u00e9veloppement personnel actuelle et future de l&rsquo;agence! Ce sont les pierres angulaires et la base de l&rsquo;approche justiciaire, d&rsquo;\u00e9quit\u00e9 et anti-coloniale autochtone de l&rsquo;agence vers des r\u00e9sultats \u00e9quitables et des droits autochtones, la r\u00e9conciliation et la v\u00e9rit\u00e9. ce sont des direction vitales vers o\u00f9 nous nous dirigeons et o\u00f9 nous devons \u00eates!<\/h6>\n<p>Dans le pass\u00e9, le futur de notre agence d\u00e9pendait de l&rsquo;\u00e9nonc\u00e9 ci-dessus! Les deux approches sont vitales pour apprendre de notre h\u00e9ritage en tant qu&rsquo;agence et dans les domaines de pratique (protection de l&rsquo;enfant et sant\u00e9 mentale des jeunes et enfants) vers des pratiques r\u00e9paratrices, correctrices et lib\u00e9ratrices tout en prenant compte des actions pass\u00e9es. Cela n\u00e9cessite \u00e9galement que nos pratiques actuelles et futures soient non-oppressives, s\u00e9curitaires, r\u00e9actives et affirmatives.<\/p>\n<p>Tel qu&rsquo;indiqu\u00e9, l&rsquo;organisation est dans une phase d&rsquo;apprentissage. Actuellement, notre travail d&rsquo;apprentissage a d\u00e9but\u00e9 avec une compr\u00e9hension critique des\u00a0 biais implicites, la socialisation et des pratiques de protection de l&rsquo;enfance et de sant\u00e9 mentale avec une approche intersectionnelle anti-raciste et anti-oppressive. Par la suite, nous avons commenc\u00e9 \u00e0 d\u00e9velopp\u00e9 une compr\u00e9hension approfondie de r\u00e9flexion critique et pratique r\u00e9flexive. Les deux pratiques permettent aux employ\u00e9(e)s de se demander\/questionner constamment sur leurs comportements, fa\u00e7ons de penser, veleurs, suppositions, sentiments, pr\u00e9judices et habitudes envers les personnes qui re\u00e7oivent les services\/autres de fa\u00e7on \u00e0 ajuster leur approche, expressions, mots,\u00a0 comportements, documentation et attitudes (en temps r\u00e9el) pour \u00eatre mieux inform\u00e9, inclusif et non-oppressif dans la fa\u00e7on de s&rsquo;engager et fournir les services. Bien que toutes les identit\u00e9s et leur intersection soient explor\u00e9es (ex : race, ethnicit\u00e9, culture, expression de genre, orientation sexuelle, croyance, invalidit\u00e9, age, etc.), une attention particuli\u00e8re se fera sur la race. Pourquoi? Notre identit\u00e9 raciale d\u00e9termine comment nous vivons toutes les autres identit\u00e9s.<\/p>\n<p>L&rsquo;attention actuelle de notre agence est sur le genre, l&rsquo;expression de genre et l&rsquo;orientation sexuelle et toutes les autres formes d&rsquo;oppression qui y sont li\u00e9es (ex : h\u00e9t\u00e9rosexisme, h\u00e9t\u00e9ronormativit\u00e9, transmisogynie, probl\u00e8es cisgenres, etc.) pour des pratiques s\u00e9curitaires, r\u00e9actives et affirmatives. Durant l&rsquo;automne 2022, le calendrier de formation de l&rsquo;agence sera mis en place. Les employ\u00e9(e)s pourront suivre les s\u00e9ances d&rsquo;apprentissage suivantes durant les prochains mois.<\/p>\n<p>Il est important de noter que chaque zone d&rsquo;apprentissage est interconnect\u00e9e et se fait avec les autres. Autrement dit, elles sont toutes li\u00e9es plut\u00f4t que s\u00e9par\u00e9es.<\/p>\n                <\/div>\n            <\/div>\n        <\/div>\n\n\t    \n    <\/div>\n    \n<\/section>\n\n    <section id=\"accordion-block_ff8e34f71633b9cc056f7745b8a5fde8\" class=\"orange-block accordion-block has-bg-color-image bg-color-light\" >\n\n        \n        \n                        <!-- Block title -->\n            <div class=\"container\">\n                <div class=\"row\">\n                    <div class=\"col block-title-wrap\">\n                        <h2 class=\"h2 block-title\">S\u00e9ances de Formation de l&#039;Agence<\/h2>\n                                            <\/div>\n                <\/div>\n            <\/div>\n\n        \n        <div class=\"container\">\n            <div class=\"row\">\n                <div class=\"col-12\">\n\n                    <div class=\"accordion-wrap\">\n                        <div class=\"accordion faq-accordion\" id=\"accordion-block_ff8e34f71633b9cc056f7745b8a5fde8-accordion\">\n\n                            \n                                                                <div class=\"card\">\n\n                                    <div class=\"card-header collapsed\" id=\"accordion-block_ff8e34f71633b9cc056f7745b8a5fde8-accordion-1-heading\">\n\n                                        <div class=\"accordion-title\">\n                                            S\u00e9ances d&rsquo;Apprentissage ax\u00e9es sur la Communaut\u00e9                                        <\/div>\n\n                                        <button class=\"btn btn-icon btn-accordion-trigger collapsed\" data-toggle=\"collapse\" data-target=\"#accordion-block_ff8e34f71633b9cc056f7745b8a5fde8-accordion-1-collapse\" aria-expanded=\"false\" aria-controls=\"accordion-block_ff8e34f71633b9cc056f7745b8a5fde8-accordion-1-collapse\" tabindex=\"0\" aria-label=\"Cliquer pour d\u00e9rouler\">\n                                            <svg xmlns=\"http:\/\/www.w3.org\/2000\/svg\" viewBox=\"0 0 8 8\">\n                                                <g fill=\"none\" stroke=\"currentColor\" stroke-miterlimit=\"10\" stroke-width=\"1.5px\" transform=\"translate(-30 -47.438)\">\n                                                    <line x2=\"8\" transform=\"translate(30 51.438)\" \/>\n                                                    <line x2=\"8\" transform=\"translate(34 47.438) rotate(90)\" \/>\n                                                <\/g>\n                                            <\/svg>\n                                        <\/button>\n\n                                    <\/div>\n\n                                    <div id=\"accordion-block_ff8e34f71633b9cc056f7745b8a5fde8-accordion-1-collapse\" class=\"collapse\" aria-labelledby=\"accordion-block_ff8e34f71633b9cc056f7745b8a5fde8-accordion-1-heading\" data-parent=\"#accordion-block_ff8e34f71633b9cc056f7745b8a5fde8-accordion\">\n\n                                        <div class=\"card-body\">\n                                            <ul>\n<li>SAFER SPACES avec le Gilbert Centre<\/li>\n<li>Gdaankoobijiganaanig Connecting to our Ancestors <strong>(D\u00e9velopp\u00e9 par Rama en partenariat avec CFSM et ANESCO)<\/strong><\/li>\n<\/ul>\n                                        <\/div>\n\n                                    <\/div>\n                                <\/div>\n\n                            \n                                                                <div class=\"card\">\n\n                                    <div class=\"card-header collapsed\" id=\"accordion-block_ff8e34f71633b9cc056f7745b8a5fde8-accordion-2-heading\">\n\n                                        <div class=\"accordion-title\">\n                                            S\u00e9ances d&rsquo;Apprentissage et D\u00e9veloppement avec OACAS                                        <\/div>\n\n                                        <button class=\"btn btn-icon btn-accordion-trigger collapsed\" data-toggle=\"collapse\" data-target=\"#accordion-block_ff8e34f71633b9cc056f7745b8a5fde8-accordion-2-collapse\" aria-expanded=\"false\" aria-controls=\"accordion-block_ff8e34f71633b9cc056f7745b8a5fde8-accordion-2-collapse\" tabindex=\"0\" aria-label=\"Cliquer pour d\u00e9rouler\">\n                                            <svg xmlns=\"http:\/\/www.w3.org\/2000\/svg\" viewBox=\"0 0 8 8\">\n                                                <g fill=\"none\" stroke=\"currentColor\" stroke-miterlimit=\"10\" stroke-width=\"1.5px\" transform=\"translate(-30 -47.438)\">\n                                                    <line x2=\"8\" transform=\"translate(30 51.438)\" \/>\n                                                    <line x2=\"8\" transform=\"translate(34 47.438) rotate(90)\" \/>\n                                                <\/g>\n                                            <\/svg>\n                                        <\/button>\n\n                                    <\/div>\n\n                                    <div id=\"accordion-block_ff8e34f71633b9cc056f7745b8a5fde8-accordion-2-collapse\" class=\"collapse\" aria-labelledby=\"accordion-block_ff8e34f71633b9cc056f7745b8a5fde8-accordion-2-heading\" data-parent=\"#accordion-block_ff8e34f71633b9cc056f7745b8a5fde8-accordion\">\n\n                                        <div class=\"card-body\">\n                                            <ul>\n<li>Cours sur l&rsquo;\u00c9quit\u00e9 de 3 jours avec OACAS<\/li>\n<li>D\u00e9manteler le Racisme anti-noir pour les Leaders de la Protection de l&rsquo;Enfance avec OACAS<\/li>\n<li>Cours de 2 jours avec OACAS sur \u201cL&rsquo;orientation sexuelle et l&rsquo;identit\u00e9 et expression de genre\u201d (OSIGEG)<\/li>\n<\/ul>\n                                        <\/div>\n\n                                    <\/div>\n                                <\/div>\n\n                            \n                                                                <div class=\"card\">\n\n                                    <div class=\"card-header collapsed\" id=\"accordion-block_ff8e34f71633b9cc056f7745b8a5fde8-accordion-3-heading\">\n\n                                        <div class=\"accordion-title\">\n                                            S\u00e9ances d&rsquo;Apprentissage internes d\u00e9velopp\u00e9es\/exclusives pour CFSM                                        <\/div>\n\n                                        <button class=\"btn btn-icon btn-accordion-trigger collapsed\" data-toggle=\"collapse\" data-target=\"#accordion-block_ff8e34f71633b9cc056f7745b8a5fde8-accordion-3-collapse\" aria-expanded=\"false\" aria-controls=\"accordion-block_ff8e34f71633b9cc056f7745b8a5fde8-accordion-3-collapse\" tabindex=\"0\" aria-label=\"Cliquer pour d\u00e9rouler\">\n                                            <svg xmlns=\"http:\/\/www.w3.org\/2000\/svg\" viewBox=\"0 0 8 8\">\n                                                <g fill=\"none\" stroke=\"currentColor\" stroke-miterlimit=\"10\" stroke-width=\"1.5px\" transform=\"translate(-30 -47.438)\">\n                                                    <line x2=\"8\" transform=\"translate(30 51.438)\" \/>\n                                                    <line x2=\"8\" transform=\"translate(34 47.438) rotate(90)\" \/>\n                                                <\/g>\n                                            <\/svg>\n                                        <\/button>\n\n                                    <\/div>\n\n                                    <div id=\"accordion-block_ff8e34f71633b9cc056f7745b8a5fde8-accordion-3-collapse\" class=\"collapse\" aria-labelledby=\"accordion-block_ff8e34f71633b9cc056f7745b8a5fde8-accordion-3-heading\" data-parent=\"#accordion-block_ff8e34f71633b9cc056f7745b8a5fde8-accordion\">\n\n                                        <div class=\"card-body\">\n                                            <ul>\n<li>Atelier de R\u00e9flexion Critique et R\u00e9flexivit\u00e9<\/li>\n<li>S\u00e9ance d&rsquo;Apprentissage sur le Collection de donn\u00e9es bas\u00e9es sur l&rsquo;identit\u00e9<\/li>\n<\/ul>\n                                        <\/div>\n\n                                    <\/div>\n                                <\/div>\n\n                            \n                                                                <div class=\"card\">\n\n                                    <div class=\"card-header collapsed\" id=\"accordion-block_ff8e34f71633b9cc056f7745b8a5fde8-accordion-4-heading\">\n\n                                        <div class=\"accordion-title\">\n                                            S\u00e9ances d&rsquo;Apprentissage \u00e0 venir                                        <\/div>\n\n                                        <button class=\"btn btn-icon btn-accordion-trigger collapsed\" data-toggle=\"collapse\" data-target=\"#accordion-block_ff8e34f71633b9cc056f7745b8a5fde8-accordion-4-collapse\" aria-expanded=\"false\" aria-controls=\"accordion-block_ff8e34f71633b9cc056f7745b8a5fde8-accordion-4-collapse\" tabindex=\"0\" aria-label=\"Cliquer pour d\u00e9rouler\">\n                                            <svg xmlns=\"http:\/\/www.w3.org\/2000\/svg\" viewBox=\"0 0 8 8\">\n                                                <g fill=\"none\" stroke=\"currentColor\" stroke-miterlimit=\"10\" stroke-width=\"1.5px\" transform=\"translate(-30 -47.438)\">\n                                                    <line x2=\"8\" transform=\"translate(30 51.438)\" \/>\n                                                    <line x2=\"8\" transform=\"translate(34 47.438) rotate(90)\" \/>\n                                                <\/g>\n                                            <\/svg>\n                                        <\/button>\n\n                                    <\/div>\n\n                                    <div id=\"accordion-block_ff8e34f71633b9cc056f7745b8a5fde8-accordion-4-collapse\" class=\"collapse\" aria-labelledby=\"accordion-block_ff8e34f71633b9cc056f7745b8a5fde8-accordion-4-heading\" data-parent=\"#accordion-block_ff8e34f71633b9cc056f7745b8a5fde8-accordion\">\n\n                                        <div class=\"card-body\">\n                                            <ul>\n<li>Cours sur l&rsquo;Inclusion Francophone<\/li>\n<li>Invalidit\u00e9, In\u00e9galit\u00e9s et Pratiques Inclusives<\/li>\n<li>Pratique AR-AO qui tient compte des traumatismes, engagement ax\u00e9 sur la gu\u00e9rison : Une approche intersectionnelle<\/li>\n<\/ul>\n                                        <\/div>\n\n                                    <\/div>\n                                <\/div>\n\n                            \n                        <\/div>\n                    <\/div>\n\n                <\/div>\n            <\/div>\n\n            \n        <\/div>\n    <\/section>\n","protected":false},"excerpt":{"rendered":"","protected":false},"author":32,"featured_media":2592,"parent":0,"menu_order":108,"comment_status":"closed","ping_status":"closed","template":"","meta":{"_acf_changed":false,"footnotes":"","_links_to":"","_links_to_target":""},"class_list":["post-6502","page","type-page","status-publish","has-post-thumbnail","hentry"],"acf":[],"yoast_head":"<!-- This site is optimized with the Yoast SEO plugin v27.5 - https:\/\/yoast.com\/product\/yoast-seo-wordpress\/ -->\n<title>Apprentissage &amp; D\u00e9veloppement - CFSM<\/title>\n<meta name=\"description\" content=\"Connexions Familiales de Simcoe Muskoka valorise la diversit\u00e9 et l\u2019inclusion et respecte la dignit\u00e9, les croyances et les id\u00e9es des individus. Nous nous engageons \u00e0 cr\u00e9er un environnement d&#039;\u00e9quit\u00e9 et d&#039;inclusion afin que chaque individu puisse travailler et recevoir des services avec dignit\u00e9 et respect.\" \/>\n<meta name=\"robots\" content=\"index, follow, max-snippet:-1, max-image-preview:large, max-video-preview:-1\" \/>\n<link rel=\"canonical\" href=\"https:\/\/familyconnexions.ca\/fr\/apprentissage-developpement\/\" \/>\n<meta property=\"og:locale\" content=\"fr_CA\" \/>\n<meta property=\"og:type\" content=\"article\" \/>\n<meta property=\"og:title\" content=\"Apprentissage &amp; D\u00e9veloppement - CFSM\" \/>\n<meta property=\"og:description\" content=\"Connexions Familiales de Simcoe Muskoka valorise la diversit\u00e9 et l\u2019inclusion et respecte la dignit\u00e9, les croyances et les id\u00e9es des individus. Nous nous engageons \u00e0 cr\u00e9er un environnement d&#039;\u00e9quit\u00e9 et d&#039;inclusion afin que chaque individu puisse travailler et recevoir des services avec dignit\u00e9 et respect.\" \/>\n<meta property=\"og:url\" content=\"https:\/\/familyconnexions.ca\/fr\/apprentissage-developpement\/\" \/>\n<meta property=\"og:site_name\" content=\"CFSM\" \/>\n<meta property=\"article:modified_time\" content=\"2025-01-29T18:51:03+00:00\" \/>\n<meta property=\"og:image\" content=\"https:\/\/familyconnexions.ca\/wp-content\/uploads\/2022\/01\/CommitmenttoDiversityEquityandInclusion_Banner_Web.jpg\" \/>\n\t<meta property=\"og:image:width\" content=\"1600\" \/>\n\t<meta property=\"og:image:height\" content=\"900\" \/>\n\t<meta property=\"og:image:type\" content=\"image\/jpeg\" \/>\n<meta name=\"twitter:card\" content=\"summary_large_image\" \/>\n<script type=\"application\/ld+json\" class=\"yoast-schema-graph\">{\"@context\":\"https:\\\/\\\/schema.org\",\"@graph\":[{\"@type\":\"WebPage\",\"@id\":\"https:\\\/\\\/familyconnexions.ca\\\/fr\\\/apprentissage-developpement\\\/\",\"url\":\"https:\\\/\\\/familyconnexions.ca\\\/fr\\\/apprentissage-developpement\\\/\",\"name\":\"Apprentissage & D\u00e9veloppement - CFSM\",\"isPartOf\":{\"@id\":\"https:\\\/\\\/familyconnexions.ca\\\/#website\"},\"primaryImageOfPage\":{\"@id\":\"https:\\\/\\\/familyconnexions.ca\\\/fr\\\/apprentissage-developpement\\\/#primaryimage\"},\"image\":{\"@id\":\"https:\\\/\\\/familyconnexions.ca\\\/fr\\\/apprentissage-developpement\\\/#primaryimage\"},\"thumbnailUrl\":\"https:\\\/\\\/familyconnexions.ca\\\/wp-content\\\/uploads\\\/2022\\\/01\\\/CommitmenttoDiversityEquityandInclusion_Banner_Web.jpg\",\"datePublished\":\"2022-11-03T04:10:43+00:00\",\"dateModified\":\"2025-01-29T18:51:03+00:00\",\"description\":\"Connexions Familiales de Simcoe Muskoka valorise la diversit\u00e9 et l\u2019inclusion et respecte la dignit\u00e9, les croyances et les id\u00e9es des individus. Nous nous engageons \u00e0 cr\u00e9er un environnement d'\u00e9quit\u00e9 et d'inclusion afin que chaque individu puisse travailler et recevoir des services avec dignit\u00e9 et respect.\",\"breadcrumb\":{\"@id\":\"https:\\\/\\\/familyconnexions.ca\\\/fr\\\/apprentissage-developpement\\\/#breadcrumb\"},\"inLanguage\":\"fr-CA\",\"potentialAction\":[{\"@type\":\"ReadAction\",\"target\":[\"https:\\\/\\\/familyconnexions.ca\\\/fr\\\/apprentissage-developpement\\\/\"]}]},{\"@type\":\"ImageObject\",\"inLanguage\":\"fr-CA\",\"@id\":\"https:\\\/\\\/familyconnexions.ca\\\/fr\\\/apprentissage-developpement\\\/#primaryimage\",\"url\":\"https:\\\/\\\/familyconnexions.ca\\\/wp-content\\\/uploads\\\/2022\\\/01\\\/CommitmenttoDiversityEquityandInclusion_Banner_Web.jpg\",\"contentUrl\":\"https:\\\/\\\/familyconnexions.ca\\\/wp-content\\\/uploads\\\/2022\\\/01\\\/CommitmenttoDiversityEquityandInclusion_Banner_Web.jpg\",\"width\":1600,\"height\":900},{\"@type\":\"BreadcrumbList\",\"@id\":\"https:\\\/\\\/familyconnexions.ca\\\/fr\\\/apprentissage-developpement\\\/#breadcrumb\",\"itemListElement\":[{\"@type\":\"ListItem\",\"position\":1,\"name\":\"Home\",\"item\":\"https:\\\/\\\/familyconnexions.ca\\\/fr\\\/\"},{\"@type\":\"ListItem\",\"position\":2,\"name\":\"Apprentissage &#038; D\u00e9veloppement\"}]},{\"@type\":\"WebSite\",\"@id\":\"https:\\\/\\\/familyconnexions.ca\\\/#website\",\"url\":\"https:\\\/\\\/familyconnexions.ca\\\/\",\"name\":\"CFSM\",\"description\":\"Connexions Familiales de Simcoe Muskoka\",\"potentialAction\":[{\"@type\":\"SearchAction\",\"target\":{\"@type\":\"EntryPoint\",\"urlTemplate\":\"https:\\\/\\\/familyconnexions.ca\\\/?s={search_term_string}\"},\"query-input\":{\"@type\":\"PropertyValueSpecification\",\"valueRequired\":true,\"valueName\":\"search_term_string\"}}],\"inLanguage\":\"fr-CA\"}]}<\/script>\n<!-- \/ Yoast SEO plugin. -->","yoast_head_json":{"title":"Apprentissage & D\u00e9veloppement - CFSM","description":"Connexions Familiales de Simcoe Muskoka valorise la diversit\u00e9 et l\u2019inclusion et respecte la dignit\u00e9, les croyances et les id\u00e9es des individus. Nous nous engageons \u00e0 cr\u00e9er un environnement d'\u00e9quit\u00e9 et d'inclusion afin que chaque individu puisse travailler et recevoir des services avec dignit\u00e9 et respect.","robots":{"index":"index","follow":"follow","max-snippet":"max-snippet:-1","max-image-preview":"max-image-preview:large","max-video-preview":"max-video-preview:-1"},"canonical":"https:\/\/familyconnexions.ca\/fr\/apprentissage-developpement\/","og_locale":"fr_CA","og_type":"article","og_title":"Apprentissage & D\u00e9veloppement - CFSM","og_description":"Connexions Familiales de Simcoe Muskoka valorise la diversit\u00e9 et l\u2019inclusion et respecte la dignit\u00e9, les croyances et les id\u00e9es des individus. Nous nous engageons \u00e0 cr\u00e9er un environnement d'\u00e9quit\u00e9 et d'inclusion afin que chaque individu puisse travailler et recevoir des services avec dignit\u00e9 et respect.","og_url":"https:\/\/familyconnexions.ca\/fr\/apprentissage-developpement\/","og_site_name":"CFSM","article_modified_time":"2025-01-29T18:51:03+00:00","og_image":[{"width":1600,"height":900,"url":"https:\/\/familyconnexions.ca\/wp-content\/uploads\/2022\/01\/CommitmenttoDiversityEquityandInclusion_Banner_Web.jpg","type":"image\/jpeg"}],"twitter_card":"summary_large_image","schema":{"@context":"https:\/\/schema.org","@graph":[{"@type":"WebPage","@id":"https:\/\/familyconnexions.ca\/fr\/apprentissage-developpement\/","url":"https:\/\/familyconnexions.ca\/fr\/apprentissage-developpement\/","name":"Apprentissage & D\u00e9veloppement - CFSM","isPartOf":{"@id":"https:\/\/familyconnexions.ca\/#website"},"primaryImageOfPage":{"@id":"https:\/\/familyconnexions.ca\/fr\/apprentissage-developpement\/#primaryimage"},"image":{"@id":"https:\/\/familyconnexions.ca\/fr\/apprentissage-developpement\/#primaryimage"},"thumbnailUrl":"https:\/\/familyconnexions.ca\/wp-content\/uploads\/2022\/01\/CommitmenttoDiversityEquityandInclusion_Banner_Web.jpg","datePublished":"2022-11-03T04:10:43+00:00","dateModified":"2025-01-29T18:51:03+00:00","description":"Connexions Familiales de Simcoe Muskoka valorise la diversit\u00e9 et l\u2019inclusion et respecte la dignit\u00e9, les croyances et les id\u00e9es des individus. Nous nous engageons \u00e0 cr\u00e9er un environnement d'\u00e9quit\u00e9 et d'inclusion afin que chaque individu puisse travailler et recevoir des services avec dignit\u00e9 et respect.","breadcrumb":{"@id":"https:\/\/familyconnexions.ca\/fr\/apprentissage-developpement\/#breadcrumb"},"inLanguage":"fr-CA","potentialAction":[{"@type":"ReadAction","target":["https:\/\/familyconnexions.ca\/fr\/apprentissage-developpement\/"]}]},{"@type":"ImageObject","inLanguage":"fr-CA","@id":"https:\/\/familyconnexions.ca\/fr\/apprentissage-developpement\/#primaryimage","url":"https:\/\/familyconnexions.ca\/wp-content\/uploads\/2022\/01\/CommitmenttoDiversityEquityandInclusion_Banner_Web.jpg","contentUrl":"https:\/\/familyconnexions.ca\/wp-content\/uploads\/2022\/01\/CommitmenttoDiversityEquityandInclusion_Banner_Web.jpg","width":1600,"height":900},{"@type":"BreadcrumbList","@id":"https:\/\/familyconnexions.ca\/fr\/apprentissage-developpement\/#breadcrumb","itemListElement":[{"@type":"ListItem","position":1,"name":"Home","item":"https:\/\/familyconnexions.ca\/fr\/"},{"@type":"ListItem","position":2,"name":"Apprentissage &#038; D\u00e9veloppement"}]},{"@type":"WebSite","@id":"https:\/\/familyconnexions.ca\/#website","url":"https:\/\/familyconnexions.ca\/","name":"CFSM","description":"Connexions Familiales de Simcoe Muskoka","potentialAction":[{"@type":"SearchAction","target":{"@type":"EntryPoint","urlTemplate":"https:\/\/familyconnexions.ca\/?s={search_term_string}"},"query-input":{"@type":"PropertyValueSpecification","valueRequired":true,"valueName":"search_term_string"}}],"inLanguage":"fr-CA"}]}},"_links":{"self":[{"href":"https:\/\/familyconnexions.ca\/fr\/wp-json\/wp\/v2\/pages\/6502","targetHints":{"allow":["GET"]}}],"collection":[{"href":"https:\/\/familyconnexions.ca\/fr\/wp-json\/wp\/v2\/pages"}],"about":[{"href":"https:\/\/familyconnexions.ca\/fr\/wp-json\/wp\/v2\/types\/page"}],"author":[{"embeddable":true,"href":"https:\/\/familyconnexions.ca\/fr\/wp-json\/wp\/v2\/users\/32"}],"replies":[{"embeddable":true,"href":"https:\/\/familyconnexions.ca\/fr\/wp-json\/wp\/v2\/comments?post=6502"}],"version-history":[{"count":0,"href":"https:\/\/familyconnexions.ca\/fr\/wp-json\/wp\/v2\/pages\/6502\/revisions"}],"wp:featuredmedia":[{"embeddable":true,"href":"https:\/\/familyconnexions.ca\/fr\/wp-json\/wp\/v2\/media\/2592"}],"wp:attachment":[{"href":"https:\/\/familyconnexions.ca\/fr\/wp-json\/wp\/v2\/media?parent=6502"}],"curies":[{"name":"wp","href":"https:\/\/api.w.org\/{rel}","templated":true}]}}