{"id":6147,"date":"2022-10-13T20:31:13","date_gmt":"2022-10-13T20:31:13","guid":{"rendered":"https:\/\/smfc.flywheelsites.com\/programmes-educatifs\/"},"modified":"2025-08-12T18:55:21","modified_gmt":"2025-08-12T18:55:21","slug":"programmes-educatifs","status":"publish","type":"page","link":"https:\/\/familyconnexions.ca\/fr\/programmes-educatifs\/","title":{"rendered":"Programmes \u00c9ducatifs"},"content":{"rendered":"\n<section id=\"centered-content-block_c4df744622357c2a2d0edcc7d7311d12\"\n         class=\"orange-block centered-content-block\"\n    >\n\n\n    \n    <div class=\"container\">\n        <div class=\"row\">\n            <div class=\"col-12 content-column\" tabindex=\"0\">\n                <div class=\"content-container\">\n                                            <h3>Un avenir brillant pour chaque enfant \u2013 Nos Programmes \u00c9ducatifs<\/h3>\n<p>\u00c0 Connexions Familiales de Simcoe Muskoka, nous croyons que l\u2019\u00e9ducation est la cl\u00e9 pour offrir un monde de possibilit\u00e9s pour chaque enfant. Nos Programmes \u00c9ducatifs permettent \u00e0 chaque enfant d\u2019\u00e9viter toute barri\u00e8re \u00e0 l\u2019apprentissage li\u00e9 \u00e0 une vuln\u00e9rabilit\u00e9 financi\u00e8re. Avec votre soutien, nous pouvons donner \u00e0 des jeunes en herbe les outils dont ils ont besoin pour leur parcours vers le savoir et le succ\u00e8s.<\/p>\n<p>Veuillez noter que ces programmes sont <span style=\"text-decoration: underline;\">seulement pour les enfants &amp; jeunes impliqu\u00e9s avec notre agence.<\/span> Pour faire une requ\u00eate, veuillez contacter votre travailleur(euse).<\/p>\n<h5>PROGRAMME DE SAC \u00c0 DOS<\/h5>\n<p>Notre programme de Sac \u00e0 dos apporte de l\u2019espoir pour les enfant et jeunes qui font face \u00e0 des difficult\u00e9s financi\u00e8res. En faisant un don, vous impactez directement leurs vies, en leur fournissant des sac \u00e0 dos remplis de fournitures scolaires essentielles et appropri\u00e9es pour leur \u00e2ge. Votre contribution aide \u00e0 r\u00e9duire le foss\u00e9 \u00e9ducatif et permets \u00e0 chaque enfant de d\u00e9marrer l\u2019ann\u00e9e scolaire avec la confiance et les ressources qu\u2019ils m\u00e9ritent. Un nouveau sac \u00e0 dos et des fournitures scolaires les pr\u00e9parent et donnent un sentiment de fiert\u00e9 et d\u2019appartenance \u00e0 tous ces jeunes en herbe.<\/p>\n<p><span style=\"text-decoration: underline;\">Il y a plusieurs fa\u00e7ons d\u2019aider notre programme :<\/span><\/p>\n<p><strong>1. Fa\u00eetes\u00a0<a href=\"https:\/\/familyconnexions.ca\/fr\/programmes-educatifs\/#\/fundraising\/forms\/G2EXWJD6\" target=\"_blank\" rel=\"noopener\">un don financier<\/a><\/strong>\u00a0pour que nous achetions ce dont ces jeunes en herbe on le plus besoin!<\/p>\n<p>Si vous pr\u00e9ferez faire un transfert \u00e9lectronique, vous pouvez l\u2019envoyer \u00e0\u00a0<a href=\"mailto:simcas.finance@familyconnexions.ca\" target=\"_blank\" rel=\"noopener\">simcas.finance@familyconnexions.ca<\/a>\u00a0avec la note \u201cDonation \u2013 Backpacks Program\u201d dans le message.<\/p>\n<p>Nous acceptons \u00e9galement les dons en argent et par ch\u00e8que.\u00a0<a href=\"https:\/\/familyconnexions.ca\/fr\/nous-joindre\/\" target=\"_blank\" rel=\"noopener\">Cliquez ici<\/a>\u00a0pour trouvez la succursale la plus proche de vous pour d\u00e9poser ou envoyer votre don.<\/p>\n<p><strong>2. Aidez-nous \u00e0 collecter des fournitures scolaires<\/strong><\/p>\n<p>Allez-voir notre\u00a0<a href=\"https:\/\/www.amazon.ca\/hz\/wishlist\/ls\/FYV0MGMZQ6PM?ref_=wl_share\" target=\"_blank\" rel=\"noopener\">Liste de souhaits Amazon<\/a>\u00a0pour vous guider dans votre magasinage dans la communaut\u00e9, ou acheter expr\u00e8s et directement avec la liste et envoyer les articles \u00e0 notre succursale principale!<\/p>\n<p>Si vous pr\u00e9voyez de magasiner dans la communaut\u00e9 et d\u00e9poser les articles \u00e0 l\u2019une de nos succursales,\u00a0<a href=\"https:\/\/familyconnexions.ca\/fr\/nous-joindre\/\" target=\"_blank\" rel=\"noopener\">cliquez ici<\/a>\u00a0pour trouver la succursale de la plus proche de vous.<\/p>\n<p><strong>3. Fa\u00eetes un don de cartes-cadeaux\u00a0<\/strong>pour que les clients magasinent eux-m\u00eames! Les cartes-cadeaux pour des magasins tels que Walmart, Staples, Indigo, Best Buy, et Dollarama sont tr\u00e8s appr\u00e9ci\u00e9es.<\/p>\n<p>Pour d\u00e9poser ou envoyer votre don de cartes-cadeaux,\u00a0<a href=\"https:\/\/familyconnexions.ca\/fr\/nous-joindre\/\" target=\"_blank\" rel=\"noopener\">cliquez ici<\/a>\u00a0pour trouver la succursale de la plus proche de vous.<\/p>\n<p>\u2014\u2014\u2014\u2014\u2014\u2014\u2014\u2014\u2014\u2014\u2014\u2014\u2014\u2014\u2013<\/p>\n<p>Votre don est plus que de simples fournitures scolaires; c\u2019est un cadeau d\u2019\u00e9mancipation, de dignit\u00e9 et d\u2019espoir pour un meilleur lendemain. En investissant dans l\u2019\u00e9ducation, vous investissez dans les futurs dirigeants de notre communaut\u00e9.<\/p>\n                <\/div>\n            <\/div>\n        <\/div>\n\n\t    \n\t    <!-- Block link -->\n\t    <div class=\"row\">\n\t        <div class=\"col-12\">\n\t            <div class=\"block-button-container\">\n\t                <a href=\"#\/fundraising\/forms\/G2EXWJD6%20\"\n\t                   class=\"btn btn-primary\"\t                   target=\"_blank\" aria-label=\"Fa\u00eetes un don pour nos Programmes \u00c9ducatifs maintenant!\">\n\t                    Fa\u00eetes un don pour nos Programmes \u00c9ducatifs maintenant!\t                <\/a>\n\t            <\/div>\n\t        <\/div>\n\t    <\/div>\n\n\n    <\/div>\n    \n<\/section>\n\n            <section id=\"cta-block_da3415aaa9e7405384bc7d06dfcd6a91\" class=\"orange-block cta-block has-bg-color-image bg-color-primary full-width-cta select-posts has-post-image text-dark align-left show-image container-container no-bg-image\">\n\n                \n                \n                <div class=\"section-contents\">\n                    <div class=\"container\">\n\n                        \n                        <!-- Block content -->\n                        \n                        <div class=\"row column-count-1\">\n                                                        <!-- Single CTA -->\n                                <div class=\"col cta-col\">\n\t                            \n                                        <div class=\"card align-left\">\n                                            <div class=\"card-body has-image\">\n\n                                                    <div class=\"card-content has-image\">\n            <!-- Title -->\n                            <h3 class=\"h3 card-title\">Programme de Bourses<\/h3>\n            \n            <div class=\"card-text-and-links\">\n                            <!-- Description -->\n                <div class=\"card-text\"><p>Pour les enfants sous protection et les jeunes ind\u00e9pendants, le chemin vers une \u00e9ducation sup\u00e9rieure peut \u00eatre rempli d&rsquo;obstacles. Votre don casse ces barri\u00e8res et transforme les difficult\u00e9s en tremplins vers de nouveaux sommets de r\u00e9ussite. En offrant des bourses pour des dipl\u00f4mes post-secondaires, nous ouvrant les portes \u00e0 des opportunit\u00e9s et offrant \u00e0 des jeunes esprits qui le m\u00e9ritent la chance de r\u00e9aliser leurs espoirs acad\u00e9miques.<\/p>\n<\/div>\n            \n                        <\/div>\n\n\n\n        <\/div>\n\n        \n        <div class=\"card-image-container has-image\">\n                    <div class=\"card-image\">\n                <img loading=\"lazy\" decoding=\"async\" width=\"1024\" height=\"576\" src=\"https:\/\/familyconnexions.ca\/wp-content\/uploads\/2022\/11\/website-photos-2022-34-1024x576.png\" class=\"attachment-large size-large\" alt=\"\" srcset=\"https:\/\/familyconnexions.ca\/wp-content\/uploads\/2022\/11\/website-photos-2022-34-1024x576.png 1024w, https:\/\/familyconnexions.ca\/wp-content\/uploads\/2022\/11\/website-photos-2022-34-300x169.png 300w, https:\/\/familyconnexions.ca\/wp-content\/uploads\/2022\/11\/website-photos-2022-34-768x432.png 768w, https:\/\/familyconnexions.ca\/wp-content\/uploads\/2022\/11\/website-photos-2022-34-1536x864.png 1536w, https:\/\/familyconnexions.ca\/wp-content\/uploads\/2022\/11\/website-photos-2022-34.png 1600w\" sizes=\"auto, (max-width: 1024px) 100vw, 1024px\" \/>            <\/div>\n                <\/div>\n\n    \n                                            <\/div>\n                                        <\/div>\n\n                                \n                                <\/div>\n\n                            \n                        <\/div>\n\n                                                \n                    <\/div>\n                <\/div>\n            <\/section>\n        \n<section id=\"centered-content-block_9caabbb2c5b2c7bf383b5ccde5a946d0\"\n         class=\"orange-block centered-content-block aligncenter\"\n    >\n\n\n    \n    <div class=\"container\">\n        <div class=\"row\">\n            <div class=\"col-12 content-column\" tabindex=\"0\">\n                <div class=\"content-container\">\n                                            <p style=\"text-align: center;\"><strong>Donnez de la force aux R\u00eaves, Cr\u00e9ez des Dirigeants \u2013\u00a0<a href=\"https:\/\/familyconnexions.ca\/wp-admin\/admin.php?page=tm%2Fmenu%2Ftranslations-queue.php&amp;return_url=%2Fwp-admin%2Fedit.php%3Fpost_type%3Dpage%26lang%3Den%26paged%3D2&amp;lang=en&amp;job_id=882&amp;update_needed=1&amp;trid=6628&amp;language_code=fr#\/fundraising\/forms\/G2EXWJD6\" target=\"_blank\" rel=\"noopener\">Fa\u00eetes un don<\/a>\u00a0au Programme de Bourses aujourd\u2019hui!<\/strong><\/p>\n<p style=\"text-align: center;\">Chaque bourse offerte repr\u00e9sente une vie chang\u00e9e \u00e0 Jamais. L\u2019impact va bien plus loin qu\u2019un soutien financier; cela permets \u00e0 ces jeunes individus de d\u00e9passer leurs limites du pass\u00e9 et profiter des possibilit\u00e9s pour leur futur.<\/p>\n<p style=\"text-align: center;\">\u2013 \u2013 \u2013 \u2013 \u2013 \u2013 \u2013 \u2013 \u2013 \u2013 \u2013 \u2013 \u2013 \u2013<\/p>\n<p style=\"text-align: center;\">Si vous pr\u00e9ferez faire un transfert \u00e9lectronique, vous pouvez l\u2019envoyer \u00e0\u00a0<a href=\"mailto:simcas.finance@familyconnexions.ca\" target=\"_blank\" rel=\"noopener\">simcas.finance@familyconnexions.ca<\/a>\u00a0avec la note \u201cDonation \u2013 Bursaries Program\u201d dans le message.<\/p>\n<p style=\"text-align: center;\">Nous acceptons \u00e9galement les dons en argent et par ch\u00e8que.\u00a0<a href=\"https:\/\/familyconnexions.ca\/fr\/nous-joindre\/\" target=\"_blank\" rel=\"noopener\">Cliquez ici<\/a>\u00a0pour trouvez la succursale la plus proche de vous pour d\u00e9poser ou envoyer votre don.<\/p>\n<p style=\"text-align: center;\">\u2013 \u2013 \u2013 \u2013 \u2013 \u2013 \u2013 \u2013 \u2013 \u2013 \u2013 \u2013 \u2013 \u2013<\/p>\n<p style=\"text-align: center;\">Si vous avez besoin d\u2019un re\u00e7u d\u2019imp\u00f4ts pour votre don,\u00a0<a href=\"https:\/\/hipaa.jotform.com\/smfconnexions\/SMFC-tax-receipt-request\" target=\"_blank\" rel=\"noopener\">veuillez compl\u00e9ter le formulaire<\/a>\u00a0et ajouter une copie de vos re\u00e7us.<\/p>\n<p style=\"text-align: center;\"><strong>Vous pouvez nous contacter par t\u00e9l\u00e9phone:<\/strong>\u00a0<a href=\"tel:705.726.6587\" target=\"_blank\" rel=\"noopener\">705.726.6587<\/a>\u00a0ou TF\u00a0<a href=\"tel:1-800-461-4236\" target=\"_blank\" rel=\"noopener\">1-800-461-4236<\/a>\u00a0et demander \u00e0 parler \u00e0 l\u2019\u00e9quipe de Communications.<\/p>\n<p style=\"text-align: center;\">&#8211; &#8211; &#8211; &#8211; &#8211; &#8211; &#8211; &#8211; &#8211; &#8211; &#8211; &#8211; &#8211; &#8211;<\/p>\n<p style=\"text-align: center;\">Veuillez noter que tous les dons vers des programmes sp\u00e9cifiques (ex : F\u00eates, Camp de jour, etc.) non utilis\u00e9s seront utilis\u00e9s sous notre lev\u00e9e de fonds en g\u00e9n\u00e9ral, qui nous aidera \u00e0 couvrir les autres co\u00fbts li\u00e9s \u00e0 la lev\u00e9e de fonds (ex : affiches, administratif, etc.).<\/p>\n                <\/div>\n            <\/div>\n        <\/div>\n\n\t    \n\t    <!-- Block link -->\n\t    <div class=\"row\">\n\t        <div class=\"col-12\">\n\t            <div class=\"block-button-container\">\n\t                <a href=\"mailto:communications@familyconnexions.ca\"\n\t                   class=\"btn btn-primary\"\t                   target=\"_blank\" aria-label=\"Envoyez-nous un courriel pour plus d&#039;informations\">\n\t                    Envoyez-nous un courriel pour plus d&#039;informations\t                <\/a>\n\t            <\/div>\n\t        <\/div>\n\t    <\/div>\n\n\n    <\/div>\n    \n<\/section>\n","protected":false},"excerpt":{"rendered":"","protected":false},"author":1,"featured_media":6134,"parent":0,"menu_order":51,"comment_status":"closed","ping_status":"closed","template":"","meta":{"_acf_changed":false,"footnotes":"","_links_to":"","_links_to_target":""},"class_list":["post-6147","page","type-page","status-publish","has-post-thumbnail","hentry"],"acf":[],"yoast_head":"<!-- This site is optimized with the Yoast SEO plugin v27.3 - https:\/\/yoast.com\/product\/yoast-seo-wordpress\/ -->\n<title>Programmes \u00c9ducatifs - CFSM<\/title>\n<meta name=\"robots\" content=\"index, follow, max-snippet:-1, max-image-preview:large, max-video-preview:-1\" \/>\n<link rel=\"canonical\" href=\"https:\/\/familyconnexions.ca\/fr\/programmes-educatifs\/\" \/>\n<meta property=\"og:locale\" content=\"fr_CA\" \/>\n<meta property=\"og:type\" content=\"article\" \/>\n<meta property=\"og:title\" content=\"Programmes \u00c9ducatifs - CFSM\" \/>\n<meta property=\"og:url\" content=\"https:\/\/familyconnexions.ca\/fr\/programmes-educatifs\/\" \/>\n<meta property=\"og:site_name\" content=\"CFSM\" \/>\n<meta property=\"article:modified_time\" content=\"2025-08-12T18:55:21+00:00\" \/>\n<meta property=\"og:image\" content=\"https:\/\/familyconnexions.ca\/wp-content\/uploads\/2022\/10\/blank-to-download-image-2-1024x576.png\" \/>\n\t<meta property=\"og:image:width\" content=\"1024\" \/>\n\t<meta property=\"og:image:height\" content=\"576\" \/>\n\t<meta property=\"og:image:type\" content=\"image\/png\" \/>\n<meta name=\"twitter:card\" content=\"summary_large_image\" \/>\n<script type=\"application\/ld+json\" class=\"yoast-schema-graph\">{\"@context\":\"https:\\\/\\\/schema.org\",\"@graph\":[{\"@type\":\"WebPage\",\"@id\":\"https:\\\/\\\/familyconnexions.ca\\\/fr\\\/programmes-educatifs\\\/\",\"url\":\"https:\\\/\\\/familyconnexions.ca\\\/fr\\\/programmes-educatifs\\\/\",\"name\":\"Programmes \u00c9ducatifs - CFSM\",\"isPartOf\":{\"@id\":\"https:\\\/\\\/familyconnexions.ca\\\/#website\"},\"primaryImageOfPage\":{\"@id\":\"https:\\\/\\\/familyconnexions.ca\\\/fr\\\/programmes-educatifs\\\/#primaryimage\"},\"image\":{\"@id\":\"https:\\\/\\\/familyconnexions.ca\\\/fr\\\/programmes-educatifs\\\/#primaryimage\"},\"thumbnailUrl\":\"https:\\\/\\\/familyconnexions.ca\\\/wp-content\\\/uploads\\\/2022\\\/10\\\/blank-to-download-image-2.png\",\"datePublished\":\"2022-10-13T20:31:13+00:00\",\"dateModified\":\"2025-08-12T18:55:21+00:00\",\"breadcrumb\":{\"@id\":\"https:\\\/\\\/familyconnexions.ca\\\/fr\\\/programmes-educatifs\\\/#breadcrumb\"},\"inLanguage\":\"fr-CA\",\"potentialAction\":[{\"@type\":\"ReadAction\",\"target\":[\"https:\\\/\\\/familyconnexions.ca\\\/fr\\\/programmes-educatifs\\\/\"]}]},{\"@type\":\"ImageObject\",\"inLanguage\":\"fr-CA\",\"@id\":\"https:\\\/\\\/familyconnexions.ca\\\/fr\\\/programmes-educatifs\\\/#primaryimage\",\"url\":\"https:\\\/\\\/familyconnexions.ca\\\/wp-content\\\/uploads\\\/2022\\\/10\\\/blank-to-download-image-2.png\",\"contentUrl\":\"https:\\\/\\\/familyconnexions.ca\\\/wp-content\\\/uploads\\\/2022\\\/10\\\/blank-to-download-image-2.png\",\"width\":1920,\"height\":1080},{\"@type\":\"BreadcrumbList\",\"@id\":\"https:\\\/\\\/familyconnexions.ca\\\/fr\\\/programmes-educatifs\\\/#breadcrumb\",\"itemListElement\":[{\"@type\":\"ListItem\",\"position\":1,\"name\":\"Home\",\"item\":\"https:\\\/\\\/familyconnexions.ca\\\/fr\\\/\"},{\"@type\":\"ListItem\",\"position\":2,\"name\":\"Programmes \u00c9ducatifs\"}]},{\"@type\":\"WebSite\",\"@id\":\"https:\\\/\\\/familyconnexions.ca\\\/#website\",\"url\":\"https:\\\/\\\/familyconnexions.ca\\\/\",\"name\":\"CFSM\",\"description\":\"Connexions Familiales de Simcoe Muskoka\",\"potentialAction\":[{\"@type\":\"SearchAction\",\"target\":{\"@type\":\"EntryPoint\",\"urlTemplate\":\"https:\\\/\\\/familyconnexions.ca\\\/?s={search_term_string}\"},\"query-input\":{\"@type\":\"PropertyValueSpecification\",\"valueRequired\":true,\"valueName\":\"search_term_string\"}}],\"inLanguage\":\"fr-CA\"}]}<\/script>\n<!-- \/ Yoast SEO plugin. -->","yoast_head_json":{"title":"Programmes \u00c9ducatifs - CFSM","robots":{"index":"index","follow":"follow","max-snippet":"max-snippet:-1","max-image-preview":"max-image-preview:large","max-video-preview":"max-video-preview:-1"},"canonical":"https:\/\/familyconnexions.ca\/fr\/programmes-educatifs\/","og_locale":"fr_CA","og_type":"article","og_title":"Programmes \u00c9ducatifs - CFSM","og_url":"https:\/\/familyconnexions.ca\/fr\/programmes-educatifs\/","og_site_name":"CFSM","article_modified_time":"2025-08-12T18:55:21+00:00","og_image":[{"width":1024,"height":576,"url":"https:\/\/familyconnexions.ca\/wp-content\/uploads\/2022\/10\/blank-to-download-image-2-1024x576.png","type":"image\/png"}],"twitter_card":"summary_large_image","schema":{"@context":"https:\/\/schema.org","@graph":[{"@type":"WebPage","@id":"https:\/\/familyconnexions.ca\/fr\/programmes-educatifs\/","url":"https:\/\/familyconnexions.ca\/fr\/programmes-educatifs\/","name":"Programmes \u00c9ducatifs - CFSM","isPartOf":{"@id":"https:\/\/familyconnexions.ca\/#website"},"primaryImageOfPage":{"@id":"https:\/\/familyconnexions.ca\/fr\/programmes-educatifs\/#primaryimage"},"image":{"@id":"https:\/\/familyconnexions.ca\/fr\/programmes-educatifs\/#primaryimage"},"thumbnailUrl":"https:\/\/familyconnexions.ca\/wp-content\/uploads\/2022\/10\/blank-to-download-image-2.png","datePublished":"2022-10-13T20:31:13+00:00","dateModified":"2025-08-12T18:55:21+00:00","breadcrumb":{"@id":"https:\/\/familyconnexions.ca\/fr\/programmes-educatifs\/#breadcrumb"},"inLanguage":"fr-CA","potentialAction":[{"@type":"ReadAction","target":["https:\/\/familyconnexions.ca\/fr\/programmes-educatifs\/"]}]},{"@type":"ImageObject","inLanguage":"fr-CA","@id":"https:\/\/familyconnexions.ca\/fr\/programmes-educatifs\/#primaryimage","url":"https:\/\/familyconnexions.ca\/wp-content\/uploads\/2022\/10\/blank-to-download-image-2.png","contentUrl":"https:\/\/familyconnexions.ca\/wp-content\/uploads\/2022\/10\/blank-to-download-image-2.png","width":1920,"height":1080},{"@type":"BreadcrumbList","@id":"https:\/\/familyconnexions.ca\/fr\/programmes-educatifs\/#breadcrumb","itemListElement":[{"@type":"ListItem","position":1,"name":"Home","item":"https:\/\/familyconnexions.ca\/fr\/"},{"@type":"ListItem","position":2,"name":"Programmes \u00c9ducatifs"}]},{"@type":"WebSite","@id":"https:\/\/familyconnexions.ca\/#website","url":"https:\/\/familyconnexions.ca\/","name":"CFSM","description":"Connexions Familiales de Simcoe Muskoka","potentialAction":[{"@type":"SearchAction","target":{"@type":"EntryPoint","urlTemplate":"https:\/\/familyconnexions.ca\/?s={search_term_string}"},"query-input":{"@type":"PropertyValueSpecification","valueRequired":true,"valueName":"search_term_string"}}],"inLanguage":"fr-CA"}]}},"_links":{"self":[{"href":"https:\/\/familyconnexions.ca\/fr\/wp-json\/wp\/v2\/pages\/6147","targetHints":{"allow":["GET"]}}],"collection":[{"href":"https:\/\/familyconnexions.ca\/fr\/wp-json\/wp\/v2\/pages"}],"about":[{"href":"https:\/\/familyconnexions.ca\/fr\/wp-json\/wp\/v2\/types\/page"}],"author":[{"embeddable":true,"href":"https:\/\/familyconnexions.ca\/fr\/wp-json\/wp\/v2\/users\/1"}],"replies":[{"embeddable":true,"href":"https:\/\/familyconnexions.ca\/fr\/wp-json\/wp\/v2\/comments?post=6147"}],"version-history":[{"count":0,"href":"https:\/\/familyconnexions.ca\/fr\/wp-json\/wp\/v2\/pages\/6147\/revisions"}],"wp:featuredmedia":[{"embeddable":true,"href":"https:\/\/familyconnexions.ca\/fr\/wp-json\/wp\/v2\/media\/6134"}],"wp:attachment":[{"href":"https:\/\/familyconnexions.ca\/fr\/wp-json\/wp\/v2\/media?parent=6147"}],"curies":[{"name":"wp","href":"https:\/\/api.w.org\/{rel}","templated":true}]}}