{"id":5961,"date":"2022-10-12T17:55:36","date_gmt":"2022-10-12T17:55:36","guid":{"rendered":"https:\/\/smfc.flywheelsites.com\/formations-developpement-professionnel\/"},"modified":"2023-05-05T15:01:26","modified_gmt":"2023-05-05T15:01:26","slug":"formation-et-developpement-de-carriere","status":"publish","type":"page","link":"https:\/\/familyconnexions.ca\/fr\/formation-et-developpement-de-carriere\/","title":{"rendered":"Formations &#038; D\u00e9veloppement Professionnel"},"content":{"rendered":"\n<section id=\"centered-content-block_011ff72c89921adfc27e98648ba18866\"\n         class=\"orange-block centered-content-block\"\n    >\n\n\n    \n    <div class=\"container\">\n        <div class=\"row\">\n            <div class=\"col-12 content-column\" tabindex=\"0\">\n                <div class=\"content-container\">\n                                            <h3>Connexions Familiales de Simcoe Muskoka tient \u00e0 son effectif et au perfectionnement de carri\u00e8re des personnes qui travaillent pour l\u2019organisme.<\/h3>\n<p>Une formation standardis\u00e9e approfondie est offerte par Connexions Familiales de Simcoe Muskoka et par l\u2019organisme de surveillance, soit l\u2019Association ontarienne des soci\u00e9t\u00e9s de l\u2019aide \u00e0 l\u2019enfance (AOSAE), au moyen de l\u2019apprentissage sur le Web et l\u2019apprentissage actif.<\/p>\n<p>Le mentorat et le d\u00e9veloppement du leadership sont des caract\u00e9ristiques importantes chez Connexions familiales de Simcoe Muskoka. Nous encourageons le personnel \u00e0 examiner et d\u00e9velopper son potentiel dans le domaine du bien-\u00eatre de l\u2019enfance. Un calendrier complet de la formation et des activit\u00e9s de perfectionnement est continuellement mis \u00e0 jour \u00e0 l\u2019aide de la recherche la plus r\u00e9cente et de la pratique dans le domaine. Un soutien financier est disponible pour les employ\u00e9s qui assistent \u00e0 des s\u00e9ances de formation ou qui terminent des cours pour obtenir leurs dipl\u00f4mes et un cong\u00e9 de formation peut \u00eatre pr\u00e9vu.<\/p>\n<h5>STAGES \u00c9TUDIANTS :<\/h5>\n<p>Connexions Familiales de Simcoe Muskoka s\u2019engage \u00e0 \u00e9tablir des partenariats avec des \u00e9tablissements d\u2019enseignement afin d\u2019offrir aux \u00e9tudiants des possibilit\u00e9s d\u2019apprentissage et de perfectionnement. Les \u00e9tudiants auront acc\u00e8s \u00e0 une formation et un perfectionnement afin d\u2019acqu\u00e9rir des connaissances de base et de pratiquer leurs connaissances en vue de les pr\u00e9parer \u00e0 relever les d\u00e9fis dans leur domaine et dans le contexte du bien-\u00eatre de l\u2019enfance. Il s\u2019agit de placements non r\u00e9mun\u00e9r\u00e9s.<\/p>\n<p>Visitez notre page de\u00a0<a href=\"https:\/\/familyconnexions.ca\/etudiants\/?lang=fr\" target=\"_blank\" rel=\"noopener\">Stages \u00c9tudiants<\/a>\u00a0pour plus de d\u00e9tails<\/p>\n                <\/div>\n            <\/div>\n        <\/div>\n\n\t    \n    <\/div>\n    \n<\/section>\n","protected":false},"excerpt":{"rendered":"","protected":false},"author":1,"featured_media":5958,"parent":0,"menu_order":55,"comment_status":"closed","ping_status":"closed","template":"","meta":{"_acf_changed":false,"footnotes":"","_links_to":"","_links_to_target":""},"class_list":["post-5961","page","type-page","status-publish","has-post-thumbnail","hentry"],"acf":[],"yoast_head":"<!-- This site is optimized with the Yoast SEO plugin v27.3 - https:\/\/yoast.com\/product\/yoast-seo-wordpress\/ -->\n<title>Formations &amp; D\u00e9veloppement Professionnel - CFSM<\/title>\n<meta name=\"robots\" content=\"index, follow, max-snippet:-1, max-image-preview:large, max-video-preview:-1\" \/>\n<link rel=\"canonical\" href=\"https:\/\/familyconnexions.ca\/fr\/formation-et-developpement-de-carriere\/\" \/>\n<meta property=\"og:locale\" content=\"fr_CA\" \/>\n<meta property=\"og:type\" content=\"article\" \/>\n<meta property=\"og:title\" content=\"Formations &amp; D\u00e9veloppement Professionnel - CFSM\" \/>\n<meta property=\"og:url\" content=\"https:\/\/familyconnexions.ca\/fr\/formation-et-developpement-de-carriere\/\" \/>\n<meta property=\"og:site_name\" content=\"CFSM\" \/>\n<meta property=\"article:modified_time\" content=\"2023-05-05T15:01:26+00:00\" \/>\n<meta property=\"og:image\" content=\"https:\/\/familyconnexions.ca\/wp-content\/uploads\/2022\/10\/iStock_000067308713_Large-scaled.jpg\" \/>\n\t<meta property=\"og:image:width\" content=\"2560\" \/>\n\t<meta property=\"og:image:height\" content=\"1706\" \/>\n\t<meta property=\"og:image:type\" content=\"image\/jpeg\" \/>\n<meta name=\"twitter:card\" content=\"summary_large_image\" \/>\n<script type=\"application\/ld+json\" class=\"yoast-schema-graph\">{\"@context\":\"https:\\\/\\\/schema.org\",\"@graph\":[{\"@type\":\"WebPage\",\"@id\":\"https:\\\/\\\/familyconnexions.ca\\\/fr\\\/formation-et-developpement-de-carriere\\\/\",\"url\":\"https:\\\/\\\/familyconnexions.ca\\\/fr\\\/formation-et-developpement-de-carriere\\\/\",\"name\":\"Formations & D\u00e9veloppement Professionnel - CFSM\",\"isPartOf\":{\"@id\":\"https:\\\/\\\/familyconnexions.ca\\\/#website\"},\"primaryImageOfPage\":{\"@id\":\"https:\\\/\\\/familyconnexions.ca\\\/fr\\\/formation-et-developpement-de-carriere\\\/#primaryimage\"},\"image\":{\"@id\":\"https:\\\/\\\/familyconnexions.ca\\\/fr\\\/formation-et-developpement-de-carriere\\\/#primaryimage\"},\"thumbnailUrl\":\"https:\\\/\\\/familyconnexions.ca\\\/wp-content\\\/uploads\\\/2022\\\/10\\\/iStock_000067308713_Large-scaled.jpg\",\"datePublished\":\"2022-10-12T17:55:36+00:00\",\"dateModified\":\"2023-05-05T15:01:26+00:00\",\"breadcrumb\":{\"@id\":\"https:\\\/\\\/familyconnexions.ca\\\/fr\\\/formation-et-developpement-de-carriere\\\/#breadcrumb\"},\"inLanguage\":\"fr-CA\",\"potentialAction\":[{\"@type\":\"ReadAction\",\"target\":[\"https:\\\/\\\/familyconnexions.ca\\\/fr\\\/formation-et-developpement-de-carriere\\\/\"]}]},{\"@type\":\"ImageObject\",\"inLanguage\":\"fr-CA\",\"@id\":\"https:\\\/\\\/familyconnexions.ca\\\/fr\\\/formation-et-developpement-de-carriere\\\/#primaryimage\",\"url\":\"https:\\\/\\\/familyconnexions.ca\\\/wp-content\\\/uploads\\\/2022\\\/10\\\/iStock_000067308713_Large-scaled.jpg\",\"contentUrl\":\"https:\\\/\\\/familyconnexions.ca\\\/wp-content\\\/uploads\\\/2022\\\/10\\\/iStock_000067308713_Large-scaled.jpg\",\"width\":2560,\"height\":1706},{\"@type\":\"BreadcrumbList\",\"@id\":\"https:\\\/\\\/familyconnexions.ca\\\/fr\\\/formation-et-developpement-de-carriere\\\/#breadcrumb\",\"itemListElement\":[{\"@type\":\"ListItem\",\"position\":1,\"name\":\"Home\",\"item\":\"https:\\\/\\\/familyconnexions.ca\\\/fr\\\/\"},{\"@type\":\"ListItem\",\"position\":2,\"name\":\"Formations &#038; D\u00e9veloppement Professionnel\"}]},{\"@type\":\"WebSite\",\"@id\":\"https:\\\/\\\/familyconnexions.ca\\\/#website\",\"url\":\"https:\\\/\\\/familyconnexions.ca\\\/\",\"name\":\"CFSM\",\"description\":\"Connexions Familiales de Simcoe Muskoka\",\"potentialAction\":[{\"@type\":\"SearchAction\",\"target\":{\"@type\":\"EntryPoint\",\"urlTemplate\":\"https:\\\/\\\/familyconnexions.ca\\\/?s={search_term_string}\"},\"query-input\":{\"@type\":\"PropertyValueSpecification\",\"valueRequired\":true,\"valueName\":\"search_term_string\"}}],\"inLanguage\":\"fr-CA\"}]}<\/script>\n<!-- \/ Yoast SEO plugin. -->","yoast_head_json":{"title":"Formations & D\u00e9veloppement Professionnel - CFSM","robots":{"index":"index","follow":"follow","max-snippet":"max-snippet:-1","max-image-preview":"max-image-preview:large","max-video-preview":"max-video-preview:-1"},"canonical":"https:\/\/familyconnexions.ca\/fr\/formation-et-developpement-de-carriere\/","og_locale":"fr_CA","og_type":"article","og_title":"Formations & D\u00e9veloppement Professionnel - CFSM","og_url":"https:\/\/familyconnexions.ca\/fr\/formation-et-developpement-de-carriere\/","og_site_name":"CFSM","article_modified_time":"2023-05-05T15:01:26+00:00","og_image":[{"width":2560,"height":1706,"url":"https:\/\/familyconnexions.ca\/wp-content\/uploads\/2022\/10\/iStock_000067308713_Large-scaled.jpg","type":"image\/jpeg"}],"twitter_card":"summary_large_image","schema":{"@context":"https:\/\/schema.org","@graph":[{"@type":"WebPage","@id":"https:\/\/familyconnexions.ca\/fr\/formation-et-developpement-de-carriere\/","url":"https:\/\/familyconnexions.ca\/fr\/formation-et-developpement-de-carriere\/","name":"Formations & D\u00e9veloppement Professionnel - CFSM","isPartOf":{"@id":"https:\/\/familyconnexions.ca\/#website"},"primaryImageOfPage":{"@id":"https:\/\/familyconnexions.ca\/fr\/formation-et-developpement-de-carriere\/#primaryimage"},"image":{"@id":"https:\/\/familyconnexions.ca\/fr\/formation-et-developpement-de-carriere\/#primaryimage"},"thumbnailUrl":"https:\/\/familyconnexions.ca\/wp-content\/uploads\/2022\/10\/iStock_000067308713_Large-scaled.jpg","datePublished":"2022-10-12T17:55:36+00:00","dateModified":"2023-05-05T15:01:26+00:00","breadcrumb":{"@id":"https:\/\/familyconnexions.ca\/fr\/formation-et-developpement-de-carriere\/#breadcrumb"},"inLanguage":"fr-CA","potentialAction":[{"@type":"ReadAction","target":["https:\/\/familyconnexions.ca\/fr\/formation-et-developpement-de-carriere\/"]}]},{"@type":"ImageObject","inLanguage":"fr-CA","@id":"https:\/\/familyconnexions.ca\/fr\/formation-et-developpement-de-carriere\/#primaryimage","url":"https:\/\/familyconnexions.ca\/wp-content\/uploads\/2022\/10\/iStock_000067308713_Large-scaled.jpg","contentUrl":"https:\/\/familyconnexions.ca\/wp-content\/uploads\/2022\/10\/iStock_000067308713_Large-scaled.jpg","width":2560,"height":1706},{"@type":"BreadcrumbList","@id":"https:\/\/familyconnexions.ca\/fr\/formation-et-developpement-de-carriere\/#breadcrumb","itemListElement":[{"@type":"ListItem","position":1,"name":"Home","item":"https:\/\/familyconnexions.ca\/fr\/"},{"@type":"ListItem","position":2,"name":"Formations &#038; D\u00e9veloppement Professionnel"}]},{"@type":"WebSite","@id":"https:\/\/familyconnexions.ca\/#website","url":"https:\/\/familyconnexions.ca\/","name":"CFSM","description":"Connexions Familiales de Simcoe Muskoka","potentialAction":[{"@type":"SearchAction","target":{"@type":"EntryPoint","urlTemplate":"https:\/\/familyconnexions.ca\/?s={search_term_string}"},"query-input":{"@type":"PropertyValueSpecification","valueRequired":true,"valueName":"search_term_string"}}],"inLanguage":"fr-CA"}]}},"_links":{"self":[{"href":"https:\/\/familyconnexions.ca\/fr\/wp-json\/wp\/v2\/pages\/5961","targetHints":{"allow":["GET"]}}],"collection":[{"href":"https:\/\/familyconnexions.ca\/fr\/wp-json\/wp\/v2\/pages"}],"about":[{"href":"https:\/\/familyconnexions.ca\/fr\/wp-json\/wp\/v2\/types\/page"}],"author":[{"embeddable":true,"href":"https:\/\/familyconnexions.ca\/fr\/wp-json\/wp\/v2\/users\/1"}],"replies":[{"embeddable":true,"href":"https:\/\/familyconnexions.ca\/fr\/wp-json\/wp\/v2\/comments?post=5961"}],"version-history":[{"count":0,"href":"https:\/\/familyconnexions.ca\/fr\/wp-json\/wp\/v2\/pages\/5961\/revisions"}],"wp:featuredmedia":[{"embeddable":true,"href":"https:\/\/familyconnexions.ca\/fr\/wp-json\/wp\/v2\/media\/5958"}],"wp:attachment":[{"href":"https:\/\/familyconnexions.ca\/fr\/wp-json\/wp\/v2\/media?parent=5961"}],"curies":[{"name":"wp","href":"https:\/\/api.w.org\/{rel}","templated":true}]}}