{"id":5822,"date":"2022-10-11T20:02:35","date_gmt":"2022-10-11T20:02:35","guid":{"rendered":"https:\/\/smfc.flywheelsites.com\/opportunites-de-stages-pour-etudiants\/"},"modified":"2023-02-09T16:10:35","modified_gmt":"2023-02-09T16:10:35","slug":"etudiants","status":"publish","type":"page","link":"https:\/\/familyconnexions.ca\/fr\/etudiants\/","title":{"rendered":"Opportunit\u00e9s de Stages pour \u00c9tudiants"},"content":{"rendered":"\n<section id=\"centered-content-block_e22bd161ca906fb0fd1cea9581a5b1ba\"\n         class=\"orange-block centered-content-block\"\n    >\n\n\n    \n    <div class=\"container\">\n        <div class=\"row\">\n            <div class=\"col-12 content-column\" tabindex=\"0\">\n                <div class=\"content-container\">\n                                            <h3><strong>L&rsquo;AGENCE\u00a0\u00a0<\/strong><\/h3>\n<p>Nous sommes une agence de protection de l\u2019enfance et de sant\u00e9 mentale des enfants et des adolescents engag\u00e9s envers l\u2019excellence du service, le travail d\u2019\u00e9quipe et la participation \u00e0 la prise de d\u00e9cision. Nos bureaux sont situ\u00e9s dans la zone r\u00e9cr\u00e9ative de premier ordre du comt\u00e9 de Simcoe et du district de Muskoka, ce qui nous permet d\u2019offrir la possibilit\u00e9 de combiner une carri\u00e8re avec un style de vie de votre choix.<\/p>\n<p>Connexions familiales de Simcoe Muskoka (CFSM) s\u2019efforce de refl\u00e9ter la diversit\u00e9 des communaut\u00e9s qu\u2019elle dessert. Par cons\u00e9quent, nous encourageons les candidatures de communaut\u00e9s traditionnellement sous-repr\u00e9sent\u00e9es telles que les personnes avec un handicap, racialis\u00e9es, personnes de diverses croyances, autochtones, ainsi que les candidatures des communaut\u00e9s 2SLGBTQ+ dans toutes leurs identit\u00e9s qui se recoupent.<\/p>\n<p>Si vous faites partie d\u2019un de ces groupes et que vous vous sentez \u00e0 l\u2019aise pour le faire conna\u00eetre, n\u2019h\u00e9sitez pas \u00e0 le faire en sachant qu\u2019il sera gard\u00e9 confidentiel et utilis\u00e9 de mani\u00e8re s\u00e9curitaire pour \u00e9clairer notre processus de recrutement vers l\u2019\u00e9galit\u00e9 des chances. Des mesures d\u2019adaptation seront prises conform\u00e9ment au Code des droits de la personne de l\u2019Ontario tout au long du processus de recrutement.<\/p>\n                <\/div>\n            <\/div>\n        <\/div>\n\n\t    \n\t    <!-- Block link -->\n\t    <div class=\"row\">\n\t        <div class=\"col-12\">\n\t            <div class=\"block-button-container\">\n\t                <a href=\"https:\/\/familyconnexions.ca\/a-propos-de-nous\/?lang=fr\"\n\t                   class=\"btn btn-primary\"\t                   target=\"_blank\" aria-label=\"Apprenez-en plus sur notre agence\">\n\t                    Apprenez-en plus sur notre agence\t                <\/a>\n\t            <\/div>\n\t        <\/div>\n\t    <\/div>\n\n\n    <\/div>\n    \n<\/section>\n\n    <section id=\"accordion-block_944f8f18bc21dde6e538687cfe8a0a5a\" class=\"orange-block accordion-block\" >\n\n        \n        \n        <div class=\"container\">\n            <div class=\"row\">\n                <div class=\"col-12\">\n\n                    <div class=\"accordion-wrap\">\n                        <div class=\"accordion faq-accordion\" id=\"accordion-block_944f8f18bc21dde6e538687cfe8a0a5a-accordion\">\n\n                            \n                                                                <div class=\"card\">\n\n                                    <div class=\"card-header collapsed\" id=\"accordion-block_944f8f18bc21dde6e538687cfe8a0a5a-accordion-1-heading\">\n\n                                        <div class=\"accordion-title\">\n                                            Nos programmes pour les stages \u00e9tudiants                                        <\/div>\n\n                                        <button class=\"btn btn-icon btn-accordion-trigger collapsed\" data-toggle=\"collapse\" data-target=\"#accordion-block_944f8f18bc21dde6e538687cfe8a0a5a-accordion-1-collapse\" aria-expanded=\"false\" aria-controls=\"accordion-block_944f8f18bc21dde6e538687cfe8a0a5a-accordion-1-collapse\" tabindex=\"0\" aria-label=\"Cliquer pour d\u00e9rouler\">\n                                            <svg xmlns=\"http:\/\/www.w3.org\/2000\/svg\" viewBox=\"0 0 8 8\">\n                                                <g fill=\"none\" stroke=\"currentColor\" stroke-miterlimit=\"10\" stroke-width=\"1.5px\" transform=\"translate(-30 -47.438)\">\n                                                    <line x2=\"8\" transform=\"translate(30 51.438)\" \/>\n                                                    <line x2=\"8\" transform=\"translate(34 47.438) rotate(90)\" \/>\n                                                <\/g>\n                                            <\/svg>\n                                        <\/button>\n\n                                    <\/div>\n\n                                    <div id=\"accordion-block_944f8f18bc21dde6e538687cfe8a0a5a-accordion-1-collapse\" class=\"collapse\" aria-labelledby=\"accordion-block_944f8f18bc21dde6e538687cfe8a0a5a-accordion-1-heading\" data-parent=\"#accordion-block_944f8f18bc21dde6e538687cfe8a0a5a-accordion\">\n\n                                        <div class=\"card-body\">\n                                            <p>Connexions Familiales de Simcoe Muskoka (CFSM) s\u2019engage \u00e0 \u00e9tablir des partenariats avec des \u00e9tablissements d\u2019enseignement afin d\u2019offrir aux \u00e9tudiants en travail social ou autre programme li\u00e9, des possibilit\u00e9s d\u2019apprentissage et de perfectionnement.<\/p>\n<p>En partenariat avec des \u00e9tablissements d&rsquo;enseignement accr\u00e9dit\u00e9s, les superviseurs de placements \u00e9tudiant de CFSM, mentors et \u00e9tudiants auront acc\u00e8s \u00e0 de l&rsquo;apprentissage et une orientation pour le d\u00e9veloppement.<\/p>\n<p>Les \u00e9tudiants auront des opportunit\u00e9s pour augmenter leurs connaissances et aptitudes en vue de les pr\u00e9parer \u00e0 relever les d\u00e9fis dans leur domaine et dans le contexte du bien-\u00eatre de l\u2019enfance ou de la sant\u00e9 mentale des jeunes. Cela inclura une pr\u00e9sentation compr\u00e9hensive ainsi que de vraies exp\u00e9riences pour mieux leur permettre de comprendre la nature complexe du travail.<\/p>\n<p>CFSM coordonnera des partenariats locaux et plus lointains pour permettre un plus grand nombre de candidat(e)s form\u00e9(e)s et comp\u00e9tent(e)s en protection et sant\u00e9 mentale, ce qui refl\u00e8te les communaut\u00e9s dans notre r\u00e9gion. Les \u00e9coles qui sont partenaires avec CFSM fournissent leur Manuel de Placement dans le secteur et\/ou attentes \u00e0 CFSM, sont disponibles pour l&rsquo;\u00e9tudiant et le superviseur, et s&rsquo;assurent que les visites sur le terrain sont compl\u00e9t\u00e9es pour la qualit\u00e9 du partenariat et l&rsquo;\u00e9valuation de l&rsquo;\u00e9tudiant.<\/p>\n<p>Tout le personnel impliqu\u00e9 devra respecter les valeurs et soutenir la culture d&rsquo;apprentissage de l&rsquo;agence, et contribuer \u00e0 la satisfaction d&#8217;emploi et am\u00e9lioration des comp\u00e9tences, soutenant l&rsquo;\u00e9ducation des \u00e9tudiants et la planification d&rsquo;une possible succession.<\/p>\n                                        <\/div>\n\n                                    <\/div>\n                                <\/div>\n\n                            \n                                                                <div class=\"card\">\n\n                                    <div class=\"card-header collapsed\" id=\"accordion-block_944f8f18bc21dde6e538687cfe8a0a5a-accordion-2-heading\">\n\n                                        <div class=\"accordion-title\">\n                                            \u00c9tapes \u00e0 suivre pour le placement d\u2019\u00e9tudiant avec Connexions Familiales de Simcoe Muskoka                                        <\/div>\n\n                                        <button class=\"btn btn-icon btn-accordion-trigger collapsed\" data-toggle=\"collapse\" data-target=\"#accordion-block_944f8f18bc21dde6e538687cfe8a0a5a-accordion-2-collapse\" aria-expanded=\"false\" aria-controls=\"accordion-block_944f8f18bc21dde6e538687cfe8a0a5a-accordion-2-collapse\" tabindex=\"0\" aria-label=\"Cliquer pour d\u00e9rouler\">\n                                            <svg xmlns=\"http:\/\/www.w3.org\/2000\/svg\" viewBox=\"0 0 8 8\">\n                                                <g fill=\"none\" stroke=\"currentColor\" stroke-miterlimit=\"10\" stroke-width=\"1.5px\" transform=\"translate(-30 -47.438)\">\n                                                    <line x2=\"8\" transform=\"translate(30 51.438)\" \/>\n                                                    <line x2=\"8\" transform=\"translate(34 47.438) rotate(90)\" \/>\n                                                <\/g>\n                                            <\/svg>\n                                        <\/button>\n\n                                    <\/div>\n\n                                    <div id=\"accordion-block_944f8f18bc21dde6e538687cfe8a0a5a-accordion-2-collapse\" class=\"collapse\" aria-labelledby=\"accordion-block_944f8f18bc21dde6e538687cfe8a0a5a-accordion-2-heading\" data-parent=\"#accordion-block_944f8f18bc21dde6e538687cfe8a0a5a-accordion\">\n\n                                        <div class=\"card-body\">\n                                            <p>Le coordinateur d&rsquo;apprentissage et d\u00e9veloppement sera en contact avec les coordinateurs\/instructeurs de placement dans le milieu au besoin.<\/p>\n<p>Les CVs seront soumis via le site internet de l&rsquo;agence et gard\u00e9 dans le syst\u00e8me HRIS pour les examiner. Les candidats dont les CVs r\u00e9pondent aux comp\u00e9tences exig\u00e9es pour un placement potentiel recevront une invitation pour un entretien. Le coordinateur d&rsquo;apprentissage et d\u00e9veloppement communiquera avec les mentors\/chefs d&rsquo;\u00e9quipe et leurs superviseurs pour un \u00e9tudient potentiel, et prendront en consid\u00e9ration le r\u00f4le et l&rsquo;endroit que les \u00e9tudiants demandent. La s\u00e9lection sera faite par les RH, le gestionnaire de service et les mentors\/chefs d&rsquo;\u00e9quipe. Les entretiens seront organis\u00e9s par les RH. Les r\u00e9f\u00e9rences seront compl\u00e9t\u00e9es par les RH.<\/p>\n<p>Nous donnerons la priorit\u00e9 aux placements d&rsquo;\u00e9tudiants pour les programmes de MSW et BSW. Dans certaines situations, nous pourrions avoir des opportunit\u00e9s de placement pour nos \u00e9quipes de sant\u00e9 mentale des enfants et jeunes (Muskoka) et pour les programmes de travail jeune et enfants. Nous n&rsquo;acceptons pas de placement \u00e9tudiants pour le secondaire.<\/p>\n                                        <\/div>\n\n                                    <\/div>\n                                <\/div>\n\n                            \n                        <\/div>\n                    <\/div>\n\n                <\/div>\n            <\/div>\n\n            \n        <\/div>\n    <\/section>\n\n            <section id=\"cta-block_a11790911c8df202fb124a0ed672c8b0\" class=\"orange-block cta-block has-bg-color-image bg-color-dark image-text-block-cta select-posts text-dark align-centre show-image container-container no-bg-image\">\n\n                \n                \n                <div class=\"section-contents\">\n                    <div class=\"container\">\n\n                        \n                        <!-- Block content -->\n                        \n                        <div class=\"row column-count-2\">\n                                                        <!-- Single CTA -->\n                                <div class=\"col cta-col\">\n\t                                                                <a href=\"https:\/\/workforcenow.adp.com\/mascsr\/default\/mdf\/recruitment\/recruitment.html?cid=6875ea1c-2588-4b42-9700-0a2da6e4f7b7&#038;ccId=19000101_000001&#038;jobId=440286&#038;source=CC2&#038;lang=en_CA\" class=\"card-link\" target=\"_blank\" aria-label=\"En savoir plus sur Postulez et soumettez votre CV et lettre de motivation.\">\n                                \n                                        <div class=\"card align-centre\">\n                                            <div class=\"card-body has-image\">\n\n                                                        <!-- Icon -->\n            <div class=\"card-icon\" style=\"background-image: url('https:\/\/familyconnexions.ca\/wp-content\/uploads\/2022\/10\/Upload-logo.png')\"><\/div>\n                <div class=\"card-content \">\n            <!-- Title -->\n                            <h3 class=\"h3 card-title\">Postulez et soumettez votre CV et lettre de motivation.<\/h3>\n            \n            <div class=\"card-text-and-links\">\n                            <!-- Description -->\n                <div class=\"card-text\"><p>Nous remercions tous les candidats, mais seules les personnes consid\u00e9r\u00e9es pour le stage \u00e9tudiant seront contact\u00e9es.<\/p>\n<\/div>\n            \n                            <div class=\"card-link-container\">\n                                                <span class=\"card-link learn-more-link \">\n\t                            \t                        <\/span>\n                            \n                    \n\n                <\/div>\n\t                    <\/div>\n\n\n\n        <\/div>\n\n        \n                                            <\/div>\n                                        <\/div>\n\n                                                                    <\/a>\n                                \n                                <\/div>\n\n                            \n                                                        <!-- Single CTA -->\n                                <div class=\"col cta-col\">\n\t                                                                <a href=\"https:\/\/familyconnexions.ca\/wp-content\/uploads\/2022\/10\/STUDENT-MANUAL-2022_FR.pdf\" class=\"card-link\" target=\"_blank\" aria-label=\"En savoir plus sur T\u00e9l\u00e9chargez notre manuel de stages d&rsquo;\u00e9tudiants.\">\n                                \n                                        <div class=\"card align-centre\">\n                                            <div class=\"card-body has-image\">\n\n                                                        <!-- Icon -->\n            <div class=\"card-icon\" style=\"background-image: url('https:\/\/familyconnexions.ca\/wp-content\/uploads\/2022\/10\/Download-logo.png')\"><\/div>\n                <div class=\"card-content \">\n            <!-- Title -->\n                            <h3 class=\"h3 card-title\">T\u00e9l\u00e9chargez notre manuel de stages d&rsquo;\u00e9tudiants.<\/h3>\n            \n            <div class=\"card-text-and-links\">\n            \n                            <div class=\"card-link-container\">\n                                                <span class=\"card-link learn-more-link \">\n\t                            Cliquez ici\t                        <\/span>\n                            \n                    \n\n                <\/div>\n\t                    <\/div>\n\n\n\n        <\/div>\n\n        \n                                            <\/div>\n                                        <\/div>\n\n                                                                    <\/a>\n                                \n                                <\/div>\n\n                            \n                        \n                        <\/div>\n\n                                                \n                    <\/div>\n                <\/div>\n            <\/section>\n        ","protected":false},"excerpt":{"rendered":"","protected":false},"author":1,"featured_media":5794,"parent":0,"menu_order":59,"comment_status":"closed","ping_status":"closed","template":"","meta":{"_acf_changed":false,"footnotes":"","_links_to":"","_links_to_target":""},"class_list":["post-5822","page","type-page","status-publish","has-post-thumbnail","hentry"],"acf":[],"yoast_head":"<!-- This site is optimized with the Yoast SEO plugin v27.3 - https:\/\/yoast.com\/product\/yoast-seo-wordpress\/ -->\n<title>Opportunit\u00e9s de Stages pour \u00c9tudiants - CFSM<\/title>\n<meta name=\"robots\" content=\"index, follow, max-snippet:-1, max-image-preview:large, max-video-preview:-1\" \/>\n<link rel=\"canonical\" href=\"https:\/\/familyconnexions.ca\/fr\/etudiants\/\" \/>\n<meta property=\"og:locale\" content=\"fr_CA\" \/>\n<meta property=\"og:type\" content=\"article\" \/>\n<meta property=\"og:title\" content=\"Opportunit\u00e9s de Stages pour \u00c9tudiants - CFSM\" \/>\n<meta property=\"og:url\" content=\"https:\/\/familyconnexions.ca\/fr\/etudiants\/\" \/>\n<meta property=\"og:site_name\" content=\"CFSM\" \/>\n<meta property=\"article:modified_time\" content=\"2023-02-09T16:10:35+00:00\" \/>\n<meta property=\"og:image\" content=\"https:\/\/familyconnexions.ca\/wp-content\/uploads\/2022\/10\/Blank-to-download-image-10.png\" \/>\n\t<meta property=\"og:image:width\" content=\"1282\" \/>\n\t<meta property=\"og:image:height\" content=\"600\" \/>\n\t<meta property=\"og:image:type\" content=\"image\/png\" \/>\n<meta name=\"twitter:card\" content=\"summary_large_image\" \/>\n<script type=\"application\/ld+json\" class=\"yoast-schema-graph\">{\"@context\":\"https:\\\/\\\/schema.org\",\"@graph\":[{\"@type\":\"WebPage\",\"@id\":\"https:\\\/\\\/familyconnexions.ca\\\/fr\\\/etudiants\\\/\",\"url\":\"https:\\\/\\\/familyconnexions.ca\\\/fr\\\/etudiants\\\/\",\"name\":\"Opportunit\u00e9s de Stages pour \u00c9tudiants - CFSM\",\"isPartOf\":{\"@id\":\"https:\\\/\\\/familyconnexions.ca\\\/#website\"},\"primaryImageOfPage\":{\"@id\":\"https:\\\/\\\/familyconnexions.ca\\\/fr\\\/etudiants\\\/#primaryimage\"},\"image\":{\"@id\":\"https:\\\/\\\/familyconnexions.ca\\\/fr\\\/etudiants\\\/#primaryimage\"},\"thumbnailUrl\":\"https:\\\/\\\/familyconnexions.ca\\\/wp-content\\\/uploads\\\/2022\\\/10\\\/Blank-to-download-image-10.png\",\"datePublished\":\"2022-10-11T20:02:35+00:00\",\"dateModified\":\"2023-02-09T16:10:35+00:00\",\"breadcrumb\":{\"@id\":\"https:\\\/\\\/familyconnexions.ca\\\/fr\\\/etudiants\\\/#breadcrumb\"},\"inLanguage\":\"fr-CA\",\"potentialAction\":[{\"@type\":\"ReadAction\",\"target\":[\"https:\\\/\\\/familyconnexions.ca\\\/fr\\\/etudiants\\\/\"]}]},{\"@type\":\"ImageObject\",\"inLanguage\":\"fr-CA\",\"@id\":\"https:\\\/\\\/familyconnexions.ca\\\/fr\\\/etudiants\\\/#primaryimage\",\"url\":\"https:\\\/\\\/familyconnexions.ca\\\/wp-content\\\/uploads\\\/2022\\\/10\\\/Blank-to-download-image-10.png\",\"contentUrl\":\"https:\\\/\\\/familyconnexions.ca\\\/wp-content\\\/uploads\\\/2022\\\/10\\\/Blank-to-download-image-10.png\",\"width\":1282,\"height\":600},{\"@type\":\"BreadcrumbList\",\"@id\":\"https:\\\/\\\/familyconnexions.ca\\\/fr\\\/etudiants\\\/#breadcrumb\",\"itemListElement\":[{\"@type\":\"ListItem\",\"position\":1,\"name\":\"Home\",\"item\":\"https:\\\/\\\/familyconnexions.ca\\\/fr\\\/\"},{\"@type\":\"ListItem\",\"position\":2,\"name\":\"Opportunit\u00e9s de Stages pour \u00c9tudiants\"}]},{\"@type\":\"WebSite\",\"@id\":\"https:\\\/\\\/familyconnexions.ca\\\/#website\",\"url\":\"https:\\\/\\\/familyconnexions.ca\\\/\",\"name\":\"CFSM\",\"description\":\"Connexions Familiales de Simcoe Muskoka\",\"potentialAction\":[{\"@type\":\"SearchAction\",\"target\":{\"@type\":\"EntryPoint\",\"urlTemplate\":\"https:\\\/\\\/familyconnexions.ca\\\/?s={search_term_string}\"},\"query-input\":{\"@type\":\"PropertyValueSpecification\",\"valueRequired\":true,\"valueName\":\"search_term_string\"}}],\"inLanguage\":\"fr-CA\"}]}<\/script>\n<!-- \/ Yoast SEO plugin. -->","yoast_head_json":{"title":"Opportunit\u00e9s de Stages pour \u00c9tudiants - CFSM","robots":{"index":"index","follow":"follow","max-snippet":"max-snippet:-1","max-image-preview":"max-image-preview:large","max-video-preview":"max-video-preview:-1"},"canonical":"https:\/\/familyconnexions.ca\/fr\/etudiants\/","og_locale":"fr_CA","og_type":"article","og_title":"Opportunit\u00e9s de Stages pour \u00c9tudiants - CFSM","og_url":"https:\/\/familyconnexions.ca\/fr\/etudiants\/","og_site_name":"CFSM","article_modified_time":"2023-02-09T16:10:35+00:00","og_image":[{"width":1282,"height":600,"url":"https:\/\/familyconnexions.ca\/wp-content\/uploads\/2022\/10\/Blank-to-download-image-10.png","type":"image\/png"}],"twitter_card":"summary_large_image","schema":{"@context":"https:\/\/schema.org","@graph":[{"@type":"WebPage","@id":"https:\/\/familyconnexions.ca\/fr\/etudiants\/","url":"https:\/\/familyconnexions.ca\/fr\/etudiants\/","name":"Opportunit\u00e9s de Stages pour \u00c9tudiants - CFSM","isPartOf":{"@id":"https:\/\/familyconnexions.ca\/#website"},"primaryImageOfPage":{"@id":"https:\/\/familyconnexions.ca\/fr\/etudiants\/#primaryimage"},"image":{"@id":"https:\/\/familyconnexions.ca\/fr\/etudiants\/#primaryimage"},"thumbnailUrl":"https:\/\/familyconnexions.ca\/wp-content\/uploads\/2022\/10\/Blank-to-download-image-10.png","datePublished":"2022-10-11T20:02:35+00:00","dateModified":"2023-02-09T16:10:35+00:00","breadcrumb":{"@id":"https:\/\/familyconnexions.ca\/fr\/etudiants\/#breadcrumb"},"inLanguage":"fr-CA","potentialAction":[{"@type":"ReadAction","target":["https:\/\/familyconnexions.ca\/fr\/etudiants\/"]}]},{"@type":"ImageObject","inLanguage":"fr-CA","@id":"https:\/\/familyconnexions.ca\/fr\/etudiants\/#primaryimage","url":"https:\/\/familyconnexions.ca\/wp-content\/uploads\/2022\/10\/Blank-to-download-image-10.png","contentUrl":"https:\/\/familyconnexions.ca\/wp-content\/uploads\/2022\/10\/Blank-to-download-image-10.png","width":1282,"height":600},{"@type":"BreadcrumbList","@id":"https:\/\/familyconnexions.ca\/fr\/etudiants\/#breadcrumb","itemListElement":[{"@type":"ListItem","position":1,"name":"Home","item":"https:\/\/familyconnexions.ca\/fr\/"},{"@type":"ListItem","position":2,"name":"Opportunit\u00e9s de Stages pour \u00c9tudiants"}]},{"@type":"WebSite","@id":"https:\/\/familyconnexions.ca\/#website","url":"https:\/\/familyconnexions.ca\/","name":"CFSM","description":"Connexions Familiales de Simcoe Muskoka","potentialAction":[{"@type":"SearchAction","target":{"@type":"EntryPoint","urlTemplate":"https:\/\/familyconnexions.ca\/?s={search_term_string}"},"query-input":{"@type":"PropertyValueSpecification","valueRequired":true,"valueName":"search_term_string"}}],"inLanguage":"fr-CA"}]}},"_links":{"self":[{"href":"https:\/\/familyconnexions.ca\/fr\/wp-json\/wp\/v2\/pages\/5822","targetHints":{"allow":["GET"]}}],"collection":[{"href":"https:\/\/familyconnexions.ca\/fr\/wp-json\/wp\/v2\/pages"}],"about":[{"href":"https:\/\/familyconnexions.ca\/fr\/wp-json\/wp\/v2\/types\/page"}],"author":[{"embeddable":true,"href":"https:\/\/familyconnexions.ca\/fr\/wp-json\/wp\/v2\/users\/1"}],"replies":[{"embeddable":true,"href":"https:\/\/familyconnexions.ca\/fr\/wp-json\/wp\/v2\/comments?post=5822"}],"version-history":[{"count":0,"href":"https:\/\/familyconnexions.ca\/fr\/wp-json\/wp\/v2\/pages\/5822\/revisions"}],"wp:featuredmedia":[{"embeddable":true,"href":"https:\/\/familyconnexions.ca\/fr\/wp-json\/wp\/v2\/media\/5794"}],"wp:attachment":[{"href":"https:\/\/familyconnexions.ca\/fr\/wp-json\/wp\/v2\/media?parent=5822"}],"curies":[{"name":"wp","href":"https:\/\/api.w.org\/{rel}","templated":true}]}}