{"id":3039,"date":"2021-09-14T19:43:07","date_gmt":"2021-09-14T19:43:07","guid":{"rendered":"http:\/\/yrcas.flywheelsites.com\/when-you-call\/"},"modified":"2025-08-05T17:17:13","modified_gmt":"2025-08-05T17:17:13","slug":"quarrivera-t-il-lorsque-jappelle","status":"publish","type":"page","link":"https:\/\/familyconnexions.ca\/fr\/protection-de-lenfance\/quarrivera-t-il-lorsque-jappelle\/","title":{"rendered":"Qu\u2019arrive-t-il lorsque vous appelez?"},"content":{"rendered":"\n<section id=\"centered-content-block_f87e4fafa556b12ff6cec20e0945c894\"\n         class=\"orange-block centered-content-block\"\n    >\n\n\n    \n    <div class=\"container\">\n        <div class=\"row\">\n            <div class=\"col-12 content-column\" tabindex=\"0\">\n                <div class=\"content-container\">\n                                            <h3>Votre appel est re\u00e7u par un de nos professionnels qui a \u00e9t\u00e9 form\u00e9 pour \u00e9couter vos inqui\u00e9tudes et poser des questions avant de d\u00e9cider \u00e0 quel point la situation est urgente et quel type d\u2019intervention est requis.<\/h3>\n<p>Si un enfant est en danger imminent, un professionnel interviendra imm\u00e9diatement. Veuillez noter que notre service apr\u00e8s les heures d&rsquo;ouverture est uniquement en cas d&rsquo;urgence. Tous les signalements non urgents peuvent \u00eatre effectu\u00e9s pendant les heures ouvrables ou en effectuant un signalement en ligne! <span class=\"Y2IQFc\" lang=\"fr\">Nous sommes disponibles 24h\/24 et 7j\/7, 365 jours par an.<\/span><\/p>\n<p>Notre \u00e9quipe de professionnels utilise des lignes directrices d\u00e9taill\u00e9es pour d\u00e9terminer le risque de chaque situation, et ensuite d\u00e9terminer le type de soutien et de service n\u00e9cessaires pour garder les enfants en s\u00e9curit\u00e9 dans des situations impliquant la maltraitance d\u2019enfance.<\/p>\n<p>Nous sommes dans l\u2019obligation de documenter l\u2019information concernant les inqui\u00e9tudes ou rapports re\u00e7us et nos d\u00e9cisions de service dans notre base de donn\u00e9es provinciale du R\u00e9seau d\u2019information pour la protection de l\u2019enfance (RIPE).<\/p>\n<p>De nombreux facteurs sont pris en compte afin de d\u00e9terminer notre r\u00e9ponse \u00e0 ces inqui\u00e9tudes, tels que l\u2019identit\u00e9 et les besoins culturels de l\u2019enfant et la famille, les besoins de d\u00e9veloppement de l\u2019enfant, la famille et les facteurs environnementaux, la capacit\u00e9 parentale et les forces et supports de la famille.<\/p>\n<p>En raison de la nature priv\u00e9e et confidentielle des enqu\u00eates, nous ne sommes pas en mesure d\u2019offrir d\u00e9tails aux personnes qui signalent leurs inqui\u00e9tudes.<\/p>\n<p>Sachez que tout signalement est examin\u00e9 par un professionnel et, en consultation avec un superviseur, on d\u00e9termine si une r\u00e9ponse est n\u00e9cessaire et on d\u00e9cide des mesures appropri\u00e9es et du temps de r\u00e9ponse dans chacune des situations.<\/p>\n<p>&nbsp;<\/p>\n<h4 style=\"text-align: center;\"><strong>Pour toute question ou inqui\u00e9tude, appelez le 1.800.461.4236<\/strong><\/h4>\n                <\/div>\n            <\/div>\n        <\/div>\n\n\t    \n    <\/div>\n    \n<\/section>\n\n<section id=\"centered-content-block_4ccdf5adcf2a5824ba8da60c68d6ad33\"\n         class=\"orange-block centered-content-block\"\n    >\n\n\n    \n    <div class=\"container\">\n        <div class=\"row\">\n            <div class=\"col-12 content-column\" tabindex=\"0\">\n                <div class=\"content-container\">\n                                            <h3>Toutes les soumissions sont re\u00e7ues par courriel et examin\u00e9es du lundi au vendredi, entre 8 h 30 et 16 h 30. Pour les inqui\u00e9tudes de protection urgentes de la r\u00e9gion Simcoe Muskoka, composez imm\u00e9diatement le 1-800-461-4236<\/h3>\n                <\/div>\n            <\/div>\n        <\/div>\n\n\t    \n    <\/div>\n    \n<\/section>\n<p><script type=\"text\/javascript\" src=\"https:\/\/form.jotform.com\/jsform\/212765105494255\"><\/script><\/p>\n\n<section id=\"centered-content-block_f8be8161d71604c572a442f33ebfeac5\"\n         class=\"orange-block centered-content-block has-bg-color-image bg-color-dark\"\n    >\n\n\n    \n    <div class=\"container\">\n        <div class=\"row\">\n            <div class=\"col-12 content-column\" tabindex=\"0\">\n                <div class=\"content-container\">\n                                            <h2 class=\"h2 block-title centred-title\">\n                            Avez-vous besoin d&rsquo;une pr\u00e9sentation sur l&rsquo;Obligation de Faire Rapport?                        <\/h2>\n                                            <h3 style=\"text-align: center;\"><a href=\"https:\/\/familyconnexions.ca\/fr\/demander-presentateur-presentation\/\" target=\"_blank\" rel=\"noopener\">Cliquez ici<\/a><\/h3>\n                <\/div>\n            <\/div>\n        <\/div>\n\n\t    \n    <\/div>\n    \n<\/section>\n","protected":false},"excerpt":{"rendered":"","protected":false},"author":1,"featured_media":5994,"parent":3040,"menu_order":135,"comment_status":"closed","ping_status":"closed","template":"","meta":{"_acf_changed":false,"footnotes":"","_links_to":"","_links_to_target":""},"class_list":["post-3039","page","type-page","status-publish","has-post-thumbnail","hentry"],"acf":[],"yoast_head":"<!-- This site is optimized with the Yoast SEO plugin v27.3 - https:\/\/yoast.com\/product\/yoast-seo-wordpress\/ -->\n<title>Qu\u2019arrive-t-il lorsque vous appelez? - CFSM<\/title>\n<meta name=\"description\" content=\"\/\" \/>\n<meta name=\"robots\" content=\"index, follow, max-snippet:-1, max-image-preview:large, max-video-preview:-1\" \/>\n<link rel=\"canonical\" href=\"https:\/\/familyconnexions.ca\/fr\/protection-de-lenfance\/quarrivera-t-il-lorsque-jappelle\/\" \/>\n<meta property=\"og:locale\" content=\"fr_CA\" \/>\n<meta property=\"og:type\" content=\"article\" \/>\n<meta property=\"og:title\" content=\"Qu\u2019arrive-t-il lorsque vous appelez? - CFSM\" \/>\n<meta property=\"og:description\" content=\"\/\" \/>\n<meta property=\"og:url\" content=\"https:\/\/familyconnexions.ca\/fr\/protection-de-lenfance\/quarrivera-t-il-lorsque-jappelle\/\" \/>\n<meta property=\"og:site_name\" content=\"CFSM\" \/>\n<meta property=\"article:modified_time\" content=\"2025-08-05T17:17:13+00:00\" \/>\n<meta property=\"og:image\" content=\"https:\/\/familyconnexions.ca\/wp-content\/uploads\/2022\/10\/dadchild.jpg\" \/>\n\t<meta property=\"og:image:width\" content=\"2000\" \/>\n\t<meta property=\"og:image:height\" content=\"1000\" \/>\n\t<meta property=\"og:image:type\" content=\"image\/jpeg\" \/>\n<meta name=\"twitter:card\" content=\"summary_large_image\" \/>\n<meta name=\"twitter:label1\" content=\"Estimation du temps de lecture\" \/>\n\t<meta name=\"twitter:data1\" content=\"1 minute\" \/>\n<script type=\"application\/ld+json\" class=\"yoast-schema-graph\">{\"@context\":\"https:\\\/\\\/schema.org\",\"@graph\":[{\"@type\":\"WebPage\",\"@id\":\"https:\\\/\\\/familyconnexions.ca\\\/fr\\\/protection-de-lenfance\\\/quarrivera-t-il-lorsque-jappelle\\\/\",\"url\":\"https:\\\/\\\/familyconnexions.ca\\\/fr\\\/protection-de-lenfance\\\/quarrivera-t-il-lorsque-jappelle\\\/\",\"name\":\"Qu\u2019arrive-t-il lorsque vous appelez? - CFSM\",\"isPartOf\":{\"@id\":\"https:\\\/\\\/familyconnexions.ca\\\/#website\"},\"primaryImageOfPage\":{\"@id\":\"https:\\\/\\\/familyconnexions.ca\\\/fr\\\/protection-de-lenfance\\\/quarrivera-t-il-lorsque-jappelle\\\/#primaryimage\"},\"image\":{\"@id\":\"https:\\\/\\\/familyconnexions.ca\\\/fr\\\/protection-de-lenfance\\\/quarrivera-t-il-lorsque-jappelle\\\/#primaryimage\"},\"thumbnailUrl\":\"https:\\\/\\\/familyconnexions.ca\\\/wp-content\\\/uploads\\\/2022\\\/10\\\/dadchild.jpg\",\"datePublished\":\"2021-09-14T19:43:07+00:00\",\"dateModified\":\"2025-08-05T17:17:13+00:00\",\"description\":\"\\\/\",\"breadcrumb\":{\"@id\":\"https:\\\/\\\/familyconnexions.ca\\\/fr\\\/protection-de-lenfance\\\/quarrivera-t-il-lorsque-jappelle\\\/#breadcrumb\"},\"inLanguage\":\"fr-CA\",\"potentialAction\":[{\"@type\":\"ReadAction\",\"target\":[\"https:\\\/\\\/familyconnexions.ca\\\/fr\\\/protection-de-lenfance\\\/quarrivera-t-il-lorsque-jappelle\\\/\"]}]},{\"@type\":\"ImageObject\",\"inLanguage\":\"fr-CA\",\"@id\":\"https:\\\/\\\/familyconnexions.ca\\\/fr\\\/protection-de-lenfance\\\/quarrivera-t-il-lorsque-jappelle\\\/#primaryimage\",\"url\":\"https:\\\/\\\/familyconnexions.ca\\\/wp-content\\\/uploads\\\/2022\\\/10\\\/dadchild.jpg\",\"contentUrl\":\"https:\\\/\\\/familyconnexions.ca\\\/wp-content\\\/uploads\\\/2022\\\/10\\\/dadchild.jpg\",\"width\":2000,\"height\":1000,\"caption\":\"Father and Daughter\"},{\"@type\":\"BreadcrumbList\",\"@id\":\"https:\\\/\\\/familyconnexions.ca\\\/fr\\\/protection-de-lenfance\\\/quarrivera-t-il-lorsque-jappelle\\\/#breadcrumb\",\"itemListElement\":[{\"@type\":\"ListItem\",\"position\":1,\"name\":\"Home\",\"item\":\"https:\\\/\\\/familyconnexions.ca\\\/fr\\\/\"},{\"@type\":\"ListItem\",\"position\":2,\"name\":\"\u00c0 propos de la Protection de l\u2019Enfance\",\"item\":\"https:\\\/\\\/familyconnexions.ca\\\/fr\\\/protection-de-lenfance\\\/\"},{\"@type\":\"ListItem\",\"position\":3,\"name\":\"Qu\u2019arrive-t-il lorsque vous appelez?\"}]},{\"@type\":\"WebSite\",\"@id\":\"https:\\\/\\\/familyconnexions.ca\\\/#website\",\"url\":\"https:\\\/\\\/familyconnexions.ca\\\/\",\"name\":\"CFSM\",\"description\":\"Connexions Familiales de Simcoe Muskoka\",\"potentialAction\":[{\"@type\":\"SearchAction\",\"target\":{\"@type\":\"EntryPoint\",\"urlTemplate\":\"https:\\\/\\\/familyconnexions.ca\\\/?s={search_term_string}\"},\"query-input\":{\"@type\":\"PropertyValueSpecification\",\"valueRequired\":true,\"valueName\":\"search_term_string\"}}],\"inLanguage\":\"fr-CA\"}]}<\/script>\n<!-- \/ Yoast SEO plugin. -->","yoast_head_json":{"title":"Qu\u2019arrive-t-il lorsque vous appelez? - CFSM","description":"\/","robots":{"index":"index","follow":"follow","max-snippet":"max-snippet:-1","max-image-preview":"max-image-preview:large","max-video-preview":"max-video-preview:-1"},"canonical":"https:\/\/familyconnexions.ca\/fr\/protection-de-lenfance\/quarrivera-t-il-lorsque-jappelle\/","og_locale":"fr_CA","og_type":"article","og_title":"Qu\u2019arrive-t-il lorsque vous appelez? - CFSM","og_description":"\/","og_url":"https:\/\/familyconnexions.ca\/fr\/protection-de-lenfance\/quarrivera-t-il-lorsque-jappelle\/","og_site_name":"CFSM","article_modified_time":"2025-08-05T17:17:13+00:00","og_image":[{"width":2000,"height":1000,"url":"https:\/\/familyconnexions.ca\/wp-content\/uploads\/2022\/10\/dadchild.jpg","type":"image\/jpeg"}],"twitter_card":"summary_large_image","twitter_misc":{"Estimation du temps de lecture":"1 minute"},"schema":{"@context":"https:\/\/schema.org","@graph":[{"@type":"WebPage","@id":"https:\/\/familyconnexions.ca\/fr\/protection-de-lenfance\/quarrivera-t-il-lorsque-jappelle\/","url":"https:\/\/familyconnexions.ca\/fr\/protection-de-lenfance\/quarrivera-t-il-lorsque-jappelle\/","name":"Qu\u2019arrive-t-il lorsque vous appelez? - CFSM","isPartOf":{"@id":"https:\/\/familyconnexions.ca\/#website"},"primaryImageOfPage":{"@id":"https:\/\/familyconnexions.ca\/fr\/protection-de-lenfance\/quarrivera-t-il-lorsque-jappelle\/#primaryimage"},"image":{"@id":"https:\/\/familyconnexions.ca\/fr\/protection-de-lenfance\/quarrivera-t-il-lorsque-jappelle\/#primaryimage"},"thumbnailUrl":"https:\/\/familyconnexions.ca\/wp-content\/uploads\/2022\/10\/dadchild.jpg","datePublished":"2021-09-14T19:43:07+00:00","dateModified":"2025-08-05T17:17:13+00:00","description":"\/","breadcrumb":{"@id":"https:\/\/familyconnexions.ca\/fr\/protection-de-lenfance\/quarrivera-t-il-lorsque-jappelle\/#breadcrumb"},"inLanguage":"fr-CA","potentialAction":[{"@type":"ReadAction","target":["https:\/\/familyconnexions.ca\/fr\/protection-de-lenfance\/quarrivera-t-il-lorsque-jappelle\/"]}]},{"@type":"ImageObject","inLanguage":"fr-CA","@id":"https:\/\/familyconnexions.ca\/fr\/protection-de-lenfance\/quarrivera-t-il-lorsque-jappelle\/#primaryimage","url":"https:\/\/familyconnexions.ca\/wp-content\/uploads\/2022\/10\/dadchild.jpg","contentUrl":"https:\/\/familyconnexions.ca\/wp-content\/uploads\/2022\/10\/dadchild.jpg","width":2000,"height":1000,"caption":"Father and Daughter"},{"@type":"BreadcrumbList","@id":"https:\/\/familyconnexions.ca\/fr\/protection-de-lenfance\/quarrivera-t-il-lorsque-jappelle\/#breadcrumb","itemListElement":[{"@type":"ListItem","position":1,"name":"Home","item":"https:\/\/familyconnexions.ca\/fr\/"},{"@type":"ListItem","position":2,"name":"\u00c0 propos de la Protection de l\u2019Enfance","item":"https:\/\/familyconnexions.ca\/fr\/protection-de-lenfance\/"},{"@type":"ListItem","position":3,"name":"Qu\u2019arrive-t-il lorsque vous appelez?"}]},{"@type":"WebSite","@id":"https:\/\/familyconnexions.ca\/#website","url":"https:\/\/familyconnexions.ca\/","name":"CFSM","description":"Connexions Familiales de Simcoe Muskoka","potentialAction":[{"@type":"SearchAction","target":{"@type":"EntryPoint","urlTemplate":"https:\/\/familyconnexions.ca\/?s={search_term_string}"},"query-input":{"@type":"PropertyValueSpecification","valueRequired":true,"valueName":"search_term_string"}}],"inLanguage":"fr-CA"}]}},"_links":{"self":[{"href":"https:\/\/familyconnexions.ca\/fr\/wp-json\/wp\/v2\/pages\/3039","targetHints":{"allow":["GET"]}}],"collection":[{"href":"https:\/\/familyconnexions.ca\/fr\/wp-json\/wp\/v2\/pages"}],"about":[{"href":"https:\/\/familyconnexions.ca\/fr\/wp-json\/wp\/v2\/types\/page"}],"author":[{"embeddable":true,"href":"https:\/\/familyconnexions.ca\/fr\/wp-json\/wp\/v2\/users\/1"}],"replies":[{"embeddable":true,"href":"https:\/\/familyconnexions.ca\/fr\/wp-json\/wp\/v2\/comments?post=3039"}],"version-history":[{"count":0,"href":"https:\/\/familyconnexions.ca\/fr\/wp-json\/wp\/v2\/pages\/3039\/revisions"}],"up":[{"embeddable":true,"href":"https:\/\/familyconnexions.ca\/fr\/wp-json\/wp\/v2\/pages\/3040"}],"wp:featuredmedia":[{"embeddable":true,"href":"https:\/\/familyconnexions.ca\/fr\/wp-json\/wp\/v2\/media\/5994"}],"wp:attachment":[{"href":"https:\/\/familyconnexions.ca\/fr\/wp-json\/wp\/v2\/media?parent=3039"}],"curies":[{"name":"wp","href":"https:\/\/api.w.org\/{rel}","templated":true}]}}