{"id":3035,"date":"2021-09-14T19:44:46","date_gmt":"2021-09-14T19:44:46","guid":{"rendered":"http:\/\/yrcas.flywheelsites.com\/human-trafficking\/"},"modified":"2026-03-11T13:39:21","modified_gmt":"2026-03-11T13:39:21","slug":"traite-des-personnes","status":"publish","type":"page","link":"https:\/\/familyconnexions.ca\/fr\/protection-de-lenfance\/traite-des-personnes\/","title":{"rendered":"La traite des personnes"},"content":{"rendered":"\n<section id=\"centered-content-block_dd35168ff9f7952d276a167c103e3ece\"\n         class=\"orange-block centered-content-block\"\n    >\n\n\n    \n    <div class=\"container\">\n        <div class=\"row\">\n            <div class=\"col-12 content-column\" tabindex=\"0\">\n                <div class=\"content-container\">\n                                                            <\/div>\n            <\/div>\n        <\/div>\n\n\t    \n\t    <!-- Block link -->\n\t    <div class=\"row\">\n\t        <div class=\"col-12\">\n\t            <div class=\"block-button-container\">\n\t                <a href=\"#stepsforsafety\"\n\t                   class=\"btn btn-primary\"\t                   target=\"_self\" aria-label=\"Cliquez ici pour en apprendre plus sur notre \u00e9v\u00e9nement en soutien \u00e0 nos initiatives contre la Traite de Personnes!\">\n\t                    Cliquez ici pour en apprendre plus sur notre \u00e9v\u00e9nement en soutien \u00e0 nos initiatives contre la Traite de Personnes!\t                <\/a>\n\t            <\/div>\n\t        <\/div>\n\t    <\/div>\n\n\n    <\/div>\n    \n<\/section>\n\n<section id=\"centered-content-block_1ed5a0a3d5ea08a4b7afa40eac1dcda9\"\n         class=\"orange-block centered-content-block has-bg-color-image bg-color-primary\"\n    >\n\n\n    \n    <div class=\"container\">\n        <div class=\"row\">\n            <div class=\"col-12 content-column\" tabindex=\"0\">\n                <div class=\"content-container\">\n                                            <h3>En Ontario, la plupart des cas signal\u00e9s de traite des personnes impliquent l\u2019exploitation sexuelle, appel\u00e9e trafic sexuel.<\/h3>\n<p>Le trafic sexuel des enfants constitue un mauvais traitement. C\u2019est un acte inhumain et ill\u00e9gal. Le trafic sexuel des enfants consiste \u00e0 attirer, \u00e0 convaincre, \u00e0 forcer ou \u00e0 manipuler un enfant de moins de 18 ans pour qu\u2019il se livre \u00e0 une activit\u00e9 sexuelle, par des contacts en ligne ou en personne, avec ou sans son consentement apparent, en \u00e9change de biens de premi\u00e8re n\u00e9cessit\u00e9, de drogues et\/ou d\u2019alcool, ou d\u2019un gain financier de la part dudit trafiquant. Les jeunes impliqu\u00e9s dans le trafic sexuel des enfants peuvent \u00eatre forc\u00e9s \u00e0 se livrer \u00e0 ce trafic, \u00e0 inciter \u00e0 leur tour d\u2019autres personnes \u00e0 le faire, ou encore les deux.<\/p>\n<p>En Ontario, selon la strat\u00e9gie de lutte contre la traite des personnes, l\u2019\u00e2ge moyen de recrutement pour la traite des personnes est de 13 ans, alors que plus de 70\u00a0% des victimes de la traite des personnes identifi\u00e9es par la police ont moins de 25 ans.<\/p>\n<h6>Personnes \u00e0 haut risque d\u2019\u00eatre victimes de la traite :<\/h6>\n<ul>\n<li aria-level=\"1\">Enfants et jeunes impliqu\u00e9s dans les Soci\u00e9t\u00e9s d\u2019aide \u00e0 l\u2019enfance<\/li>\n<li aria-level=\"1\">Femmes et filles autochtones<\/li>\n<li aria-level=\"1\">Personnes\u00a02SLGBTQIA+<\/li>\n<li aria-level=\"1\">Jeunes sans-abri et marginalis\u00e9s<\/li>\n<li aria-level=\"1\">Personnes vivant avec un handicap<\/li>\n<li aria-level=\"1\">Personnes confront\u00e9es \u00e0 des obstacles pour acc\u00e9der au logement, aux soutiens et aux besoins de base<\/li>\n<\/ul>\n<p>Si vous craignez qu\u2019un enfant soit victime de la traite, veuillez nous appeler au <a href=\"tel:705-726-6587\">705-726-6587<\/a> x 2336, <a href=\"tel:705-888-0232\">705-888-0232<\/a> ou <a href=\"tel:705-791-9164\">705-791-9164 <\/a>. Si vous-m\u00eame ou une personne que vous connaissez \u00eates en danger imm\u00e9diat, veuillez appeler sans tarder le 911 ou votre service de police local.<\/p>\n                <\/div>\n            <\/div>\n        <\/div>\n\n\t    \n    <\/div>\n    \n<\/section>\n\n<section id=\"centered-content-block_6a76d3e4ab621ca72db94386c65976d6\"\n         class=\"orange-block centered-content-block has-bg-color-image bg-color-light\"\n    >\n\n\n    \n    <div class=\"container\">\n        <div class=\"row\">\n            <div class=\"col-12 content-column\" tabindex=\"0\">\n                <div class=\"content-container\">\n                                            <h2 class=\"h2 block-title centred-title\">\n                            Les partenaires communautaires                        <\/h2>\n                                            <h4>Dans la r\u00e9gion de Simcoe Muskoka, nous collaborons activement avec nos <a href=\"https:\/\/familyconnexions.ca\/partenaires-communautaires\/?lang=fr\" target=\"_blank\" rel=\"noopener\">partenaires communautaires<\/a> pour sensibiliser, identifier les risques, intervenir t\u00f4t et fournir un soutien et des soins aux survivants. Les initiatives de collaboration avec nos partenaires communautaires comprennent :<\/h4>\n<ul>\n<li aria-level=\"1\">La mise \u00e0 jour du protocole sur le trafic sexuel \u00e9tablie en partenariat avec la police r\u00e9gionale de York, les services \u00e0 l\u2019enfance et \u00e0 la famille Dnaagdawenmag Binnoojiiyag et le Jewish Family and Child Service.<\/li>\n<li aria-level=\"1\">Le mod\u00e8le de prise en charge familiale pour les enfants et les jeunes \u00e0 risque, ou lorsque le trafic sexuel est suspect\u00e9 ou confirm\u00e9<\/li>\n<li aria-level=\"1\">Le d\u00e9veloppement d\u2019un outil de d\u00e9pistage des risques pour identifier les enfants et les jeunes \u00e0 risque de trafic sexuel<\/li>\n<\/ul>\n<h5>NOS PARTENAIRES COMMUNAUTAIRES<\/h5>\n<ul>\n<li><a href=\"https:\/\/www.binnoojiiyag.ca\/\" target=\"_blank\" rel=\"noopener\">Services aux familles et enfants de Dnaagdawenmag Binnoojiiyag<\/a><\/li>\n<li><a href=\"https:\/\/www.jfandcs.com\/\" target=\"_blank\" rel=\"noopener\">Service aux Familles et Enfants Juifs<\/a><\/li>\n<li><a href=\"https:\/\/www.yrp.ca\/en\/about\/Human-Trafficking.asp\" target=\"_blank\" rel=\"noopener\">Section du trafic aux personnes de l&rsquo;unit\u00e9 sp\u00e9ciale des victimes du service de police de la r\u00e9gion de York<\/a><\/li>\n<li>Universit\u00e9 de York, D\u00e9partement de Psychologie, Laboratoire des Relations adolescentes<\/li>\n<li><a href=\"https:\/\/www.canadahelps.org\/fr\/organismesdebienfaisance\/u-r-home-awareness-support-services\/?sm=1\" target=\"_blank\" rel=\"noopener\">U-R Home Awareness &amp; Support Services<\/a><\/li>\n<li><a href=\"https:\/\/womenssupportnetwork.ca\/\" target=\"_blank\" rel=\"noopener\">Women\u2019s Support Network<\/a><br \/>\n<a href=\"https:\/\/www.yorkcas.org\/?lang=fr\" target=\"_blank\" rel=\"noopener\">SAERY<\/a><\/li>\n<li><a href=\"https:\/\/www.barriepolice.ca\/safety-crime-prevention\/human-trafficking\/\" target=\"_blank\" rel=\"noopener\">Unit\u00e9 contre le trafic des personnes du service de police de Barrie<\/a><\/li>\n<li><a href=\"https:\/\/www.opp.ca\/index.php?lng=fr\" target=\"_blank\" rel=\"noopener\">OPP<\/a><\/li>\n<li><a href=\"https:\/\/barrieshelter.com\/?lang=fr\" target=\"_blank\" rel=\"noopener\">Barrie Women and Children Shelter<\/a><\/li>\n<li><a href=\"https:\/\/www.huroniatransitionhomes.ca\/program.php?id=10\" target=\"_blank\" rel=\"noopener\">La Maison Rosewood Shelter<\/a><\/li>\n<li><a href=\"https:\/\/myfriendshouse.ca\/\" target=\"_blank\" rel=\"noopener\">My friend&rsquo;s house<\/a><\/li>\n<li><a href=\"https:\/\/cyacsimcoemuskoka.ca\/\" target=\"_blank\" rel=\"noopener\">Child Advocacy Center<\/a><\/li>\n<li><a href=\"https:\/\/www.thewomenscentre.org\/ourplace\" target=\"_blank\" rel=\"noopener\">OUR place (Owen Sound Women&rsquo;s Center)<\/a><\/li>\n<li><a href=\"https:\/\/www.canadianhumantraffickinghotline.ca\/fr\/\" target=\"_blank\" rel=\"noopener\">La Ligne d\u2019urgence canadienne contre la traite des personnes<\/a><\/li>\n<li><a href=\"https:\/\/bridgenorth.org\/\" target=\"_blank\" rel=\"noopener\">BridgeNorth<\/a><\/li>\n<li><a href=\"https:\/\/gilbertcentre.ca\/\" target=\"_blank\" rel=\"noopener\">Gilbert Centre<\/a><\/li>\n<\/ul>\n<h6>Les services communautaires sont \u00e0 votre disposition si vous avez besoin de soutien ou d\u2019aide. Communiquez avec l\u2019une des agences partenaires \u00e9num\u00e9r\u00e9es. Nous vous proposons quelques liens permettant d\u2019obtenir des renseignements compl\u00e9mentaires :<\/h6>\n<ul>\n<li><a href=\"https:\/\/www.ontario.ca\/fr\/page\/traite-des-personnes\" target=\"_blank\" rel=\"noopener\">Informez-vous sur ce qu\u2019est la traite humaine et la mani\u00e8re dont elle peut se pratiquer.<\/a><\/li>\n<li><a href=\"https:\/\/www.ontario.ca\/fr\/page\/services-et-soutiens-pour-les-victimes-de-la-traite-de-personnes\" target=\"_blank\" rel=\"noopener\">D\u00e9couvrez o\u00f9 vous pouvez trouver de l\u2019aide<\/a><\/li>\n<li><a href=\"https:\/\/www.canadianhumantraffickinghotline.ca\/fr\/\" target=\"_blank\" rel=\"noopener\">Contacter la Ligne d\u2019urgence canadienne contre la traite des personnes<\/a><\/li>\n<\/ul>\n<h6>Contactez nous sur <a href=\"mailto:human.trafficking@familyconnexions.ca\" target=\"_blank\" rel=\"noopener\">human.trafficking@familyconnexions.ca<\/a> pour toute question<\/h6>\n                <\/div>\n            <\/div>\n        <\/div>\n\n\t    \n    <\/div>\n    \n<\/section>\n\n<section id=\"centered-content-block_2dc025b888076eb8b2f5d53c849391c9\"\n         class=\"orange-block centered-content-block has-bg-color-image bg-color-white\"\n    >\n\n\t<a class=\"page-anchor\" name=\"stepsforsafety\"><\/a>\n\n    \n    <div class=\"container\">\n        <div class=\"row\">\n            <div class=\"col-12 content-column\" tabindex=\"0\">\n                <div class=\"content-container\">\n                                            <h2 class=\"h2 block-title centred-title\">\n                            Vous souhaitez faire une diff\u00e9rence? Rejoignez ou fa\u00eetes un don pour notre \u00e9v\u00e9nement Steps for Safety!                        <\/h2>\n                                            <p><a href=\"https:\/\/www.canadahelps.org\/fr\/organismesdebienfaisance\/smfconnexions\/p2p\/steps-for-safety\/\" target=\"_blank\" rel=\"noopener\"><img loading=\"lazy\" decoding=\"async\" class=\" wp-image-13455 aligncenter\" src=\"https:\/\/familyconnexions.ca\/wp-content\/uploads\/2026\/01\/Steps-for-Safety-p2p-banner-2026-1-1.png\" alt=\"\" width=\"553\" height=\"203\" \/><\/a><\/p>\n<p><a href=\"https:\/\/www.canadahelps.org\/fr\/organismesdebienfaisance\/smfconnexions\/p2p\/steps-for-safety-2026\/\" target=\"_blank\" rel=\"noopener\"><strong>La Marche pour la s\u00e9curit\u00e9 : Marchez pour mettre fin au trafic sexuel<\/strong><\/a> est une marche familiale. La deuxi\u00e8me \u00e9dition de notre \u00e9v\u00e9nement aura lieu le samedi 19 septembre 2026 au\u00a0<a href=\"https:\/\/www.google.com\/maps\/place\/dorian+parker+centre\/data=!4m2!3m1!1s0x882aa2c5a2c2cec3:0xd94b158809c9fbe2?sa=X&amp;ved=1t:242&amp;ictx=111\" target=\"_blank\" rel=\"noopener\">Dorian Parker Centre (Sunnidale Park)<\/a>.<\/p>\n<p>Suite au succ\u00e8s de l&rsquo;\u00e9dition 2025, les fonds r\u00e9colt\u00e9s lors de cet \u00e9v\u00e9nement soutiendront directement les initiatives locales de lutte contre la traite des personnes de CFSM. Chaque jour, nous recevons des appels concernant des enfants, des jeunes et des familles de la r\u00e9gion victimes ou risquant de l\u2019\u00eatre. La traite des personnes cible principalement les jeunes adolescents, <a href=\"https:\/\/www.barriepolice.ca\/safety\/human-trafficking\/\" target=\"_blank\" rel=\"noopener\">d\u00e8s l\u2019\u00e2ge de 13\u00a0ans<\/a>. Ces infractions traumatisantes touchent la famille du quartier, le camarade de classe de votre enfant et l\u2019adolescent qui fr\u00e9quente l\u2019\u00e9cole secondaire du coin. Gr\u00e2ce \u00e0 nos initiatives de lutte contre la traite des personnes, notre objectif est d\u2019assurer la s\u00e9curit\u00e9, la stabilit\u00e9 et un avenir prometteur \u00e0 nos amis et voisins les plus vuln\u00e9rables de notre communaut\u00e9.<\/p>\n<p>Les participants pourront choisir de marcher 2,5 km ou 5 km. Des pauses-repos seront pr\u00e9vues en cours de route et un savoureux repas de c\u00e9l\u00e9bration sera servi \u00e0 l\u2019arriv\u00e9e.<\/p>\n<p>Rejoignez la marche aujourd\u2019hui et aidez-nous \u00e0 atteindre notre objectif de 40 000 $ pour faire une diff\u00e9rence significative dans notre communaut\u00e9!<\/p>\n<h5><strong><a href=\"https:\/\/www.canadahelps.org\/fr\/organismesdebienfaisance\/smfconnexions\/p2p\/steps-for-safety-2026\/\" target=\"_blank\" rel=\"noopener\">CLIQUEZ ICI POUR FAIRE UN DON OU CR\u00c9ER UNE \u00c9QUIPE<\/a><\/strong>\u00a0\u2013\u00a0<a href=\"https:\/\/form.jotform.com\/260645950054255\" target=\"_blank\" rel=\"noopener\">CLIQUEZ ICI POUR PARRAINER L\u2019\u00c9V\u00c9NEMENT<\/a>\u00a0\u2013\u00a0<a href=\"mailto:communications@familyconnexions.ca\" target=\"_blank\" rel=\"noopener\">CLIQUEZ ICI POUR NOUS CONTACTER<\/a><\/h5>\n                <\/div>\n            <\/div>\n        <\/div>\n\n\t    \n\t    <!-- Block link -->\n\t    <div class=\"row\">\n\t        <div class=\"col-12\">\n\t            <div class=\"block-button-container\">\n\t                <a href=\"https:\/\/www.canadahelps.org\/fr\/organismesdebienfaisance\/smfconnexions\/p2p\/steps-for-safety-2026\/\"\n\t                   class=\"btn btn-primary\"\t                   target=\"_blank\" aria-label=\"Fa\u00eetes un don aujourd&#039;hui!\">\n\t                    Fa\u00eetes un don aujourd&#039;hui!\t                <\/a>\n\t            <\/div>\n\t        <\/div>\n\t    <\/div>\n\n\n    <\/div>\n    \n<\/section>\n","protected":false},"excerpt":{"rendered":"","protected":false},"author":1,"featured_media":7974,"parent":3040,"menu_order":105,"comment_status":"closed","ping_status":"closed","template":"","meta":{"_acf_changed":false,"footnotes":"","_links_to":"","_links_to_target":""},"class_list":["post-3035","page","type-page","status-publish","has-post-thumbnail","hentry"],"acf":[],"yoast_head":"<!-- This site is optimized with the Yoast SEO plugin v27.3 - https:\/\/yoast.com\/product\/yoast-seo-wordpress\/ -->\n<title>La traite des personnes - CFSM<\/title>\n<meta name=\"description\" content=\"En Ontario, la plupart des cas signal\u00e9s de traite des personnes impliquent l\u2019exploitation sexuelle, appel\u00e9e trafic sexuel.\" \/>\n<meta name=\"robots\" content=\"index, follow, max-snippet:-1, max-image-preview:large, max-video-preview:-1\" \/>\n<link rel=\"canonical\" href=\"https:\/\/familyconnexions.ca\/fr\/protection-de-lenfance\/traite-des-personnes\/\" \/>\n<meta property=\"og:locale\" content=\"fr_CA\" \/>\n<meta property=\"og:type\" content=\"article\" \/>\n<meta property=\"og:title\" content=\"La traite des personnes - CFSM\" \/>\n<meta property=\"og:description\" content=\"En Ontario, la plupart des cas signal\u00e9s de traite des personnes impliquent l\u2019exploitation sexuelle, appel\u00e9e trafic sexuel.\" \/>\n<meta property=\"og:url\" content=\"https:\/\/familyconnexions.ca\/fr\/protection-de-lenfance\/traite-des-personnes\/\" \/>\n<meta property=\"og:site_name\" content=\"CFSM\" \/>\n<meta property=\"article:modified_time\" content=\"2026-03-11T13:39:21+00:00\" \/>\n<meta property=\"og:image\" content=\"https:\/\/familyconnexions.ca\/wp-content\/uploads\/2022\/11\/iStock_000064296211_Large-scaled.jpg\" \/>\n\t<meta property=\"og:image:width\" content=\"2560\" \/>\n\t<meta property=\"og:image:height\" content=\"1441\" \/>\n\t<meta property=\"og:image:type\" content=\"image\/jpeg\" \/>\n<meta name=\"twitter:card\" content=\"summary_large_image\" \/>\n<meta name=\"twitter:label1\" content=\"Estimation du temps de lecture\" \/>\n\t<meta name=\"twitter:data1\" content=\"1 minute\" \/>\n<script type=\"application\/ld+json\" class=\"yoast-schema-graph\">{\"@context\":\"https:\\\/\\\/schema.org\",\"@graph\":[{\"@type\":\"WebPage\",\"@id\":\"https:\\\/\\\/familyconnexions.ca\\\/fr\\\/protection-de-lenfance\\\/traite-des-personnes\\\/\",\"url\":\"https:\\\/\\\/familyconnexions.ca\\\/fr\\\/protection-de-lenfance\\\/traite-des-personnes\\\/\",\"name\":\"La traite des personnes - CFSM\",\"isPartOf\":{\"@id\":\"https:\\\/\\\/familyconnexions.ca\\\/#website\"},\"primaryImageOfPage\":{\"@id\":\"https:\\\/\\\/familyconnexions.ca\\\/fr\\\/protection-de-lenfance\\\/traite-des-personnes\\\/#primaryimage\"},\"image\":{\"@id\":\"https:\\\/\\\/familyconnexions.ca\\\/fr\\\/protection-de-lenfance\\\/traite-des-personnes\\\/#primaryimage\"},\"thumbnailUrl\":\"https:\\\/\\\/familyconnexions.ca\\\/wp-content\\\/uploads\\\/2022\\\/11\\\/iStock_000064296211_Large-scaled.jpg\",\"datePublished\":\"2021-09-14T19:44:46+00:00\",\"dateModified\":\"2026-03-11T13:39:21+00:00\",\"description\":\"En Ontario, la plupart des cas signal\u00e9s de traite des personnes impliquent l\u2019exploitation sexuelle, appel\u00e9e trafic sexuel.\",\"breadcrumb\":{\"@id\":\"https:\\\/\\\/familyconnexions.ca\\\/fr\\\/protection-de-lenfance\\\/traite-des-personnes\\\/#breadcrumb\"},\"inLanguage\":\"fr-CA\",\"potentialAction\":[{\"@type\":\"ReadAction\",\"target\":[\"https:\\\/\\\/familyconnexions.ca\\\/fr\\\/protection-de-lenfance\\\/traite-des-personnes\\\/\"]}]},{\"@type\":\"ImageObject\",\"inLanguage\":\"fr-CA\",\"@id\":\"https:\\\/\\\/familyconnexions.ca\\\/fr\\\/protection-de-lenfance\\\/traite-des-personnes\\\/#primaryimage\",\"url\":\"https:\\\/\\\/familyconnexions.ca\\\/wp-content\\\/uploads\\\/2022\\\/11\\\/iStock_000064296211_Large-scaled.jpg\",\"contentUrl\":\"https:\\\/\\\/familyconnexions.ca\\\/wp-content\\\/uploads\\\/2022\\\/11\\\/iStock_000064296211_Large-scaled.jpg\",\"width\":2560,\"height\":1441},{\"@type\":\"BreadcrumbList\",\"@id\":\"https:\\\/\\\/familyconnexions.ca\\\/fr\\\/protection-de-lenfance\\\/traite-des-personnes\\\/#breadcrumb\",\"itemListElement\":[{\"@type\":\"ListItem\",\"position\":1,\"name\":\"Home\",\"item\":\"https:\\\/\\\/familyconnexions.ca\\\/fr\\\/\"},{\"@type\":\"ListItem\",\"position\":2,\"name\":\"\u00c0 propos de la Protection de l\u2019Enfance\",\"item\":\"https:\\\/\\\/familyconnexions.ca\\\/fr\\\/protection-de-lenfance\\\/\"},{\"@type\":\"ListItem\",\"position\":3,\"name\":\"La traite des personnes\"}]},{\"@type\":\"WebSite\",\"@id\":\"https:\\\/\\\/familyconnexions.ca\\\/#website\",\"url\":\"https:\\\/\\\/familyconnexions.ca\\\/\",\"name\":\"CFSM\",\"description\":\"Connexions Familiales de Simcoe Muskoka\",\"potentialAction\":[{\"@type\":\"SearchAction\",\"target\":{\"@type\":\"EntryPoint\",\"urlTemplate\":\"https:\\\/\\\/familyconnexions.ca\\\/?s={search_term_string}\"},\"query-input\":{\"@type\":\"PropertyValueSpecification\",\"valueRequired\":true,\"valueName\":\"search_term_string\"}}],\"inLanguage\":\"fr-CA\"}]}<\/script>\n<!-- \/ Yoast SEO plugin. -->","yoast_head_json":{"title":"La traite des personnes - CFSM","description":"En Ontario, la plupart des cas signal\u00e9s de traite des personnes impliquent l\u2019exploitation sexuelle, appel\u00e9e trafic sexuel.","robots":{"index":"index","follow":"follow","max-snippet":"max-snippet:-1","max-image-preview":"max-image-preview:large","max-video-preview":"max-video-preview:-1"},"canonical":"https:\/\/familyconnexions.ca\/fr\/protection-de-lenfance\/traite-des-personnes\/","og_locale":"fr_CA","og_type":"article","og_title":"La traite des personnes - CFSM","og_description":"En Ontario, la plupart des cas signal\u00e9s de traite des personnes impliquent l\u2019exploitation sexuelle, appel\u00e9e trafic sexuel.","og_url":"https:\/\/familyconnexions.ca\/fr\/protection-de-lenfance\/traite-des-personnes\/","og_site_name":"CFSM","article_modified_time":"2026-03-11T13:39:21+00:00","og_image":[{"width":2560,"height":1441,"url":"https:\/\/familyconnexions.ca\/wp-content\/uploads\/2022\/11\/iStock_000064296211_Large-scaled.jpg","type":"image\/jpeg"}],"twitter_card":"summary_large_image","twitter_misc":{"Estimation du temps de lecture":"1 minute"},"schema":{"@context":"https:\/\/schema.org","@graph":[{"@type":"WebPage","@id":"https:\/\/familyconnexions.ca\/fr\/protection-de-lenfance\/traite-des-personnes\/","url":"https:\/\/familyconnexions.ca\/fr\/protection-de-lenfance\/traite-des-personnes\/","name":"La traite des personnes - CFSM","isPartOf":{"@id":"https:\/\/familyconnexions.ca\/#website"},"primaryImageOfPage":{"@id":"https:\/\/familyconnexions.ca\/fr\/protection-de-lenfance\/traite-des-personnes\/#primaryimage"},"image":{"@id":"https:\/\/familyconnexions.ca\/fr\/protection-de-lenfance\/traite-des-personnes\/#primaryimage"},"thumbnailUrl":"https:\/\/familyconnexions.ca\/wp-content\/uploads\/2022\/11\/iStock_000064296211_Large-scaled.jpg","datePublished":"2021-09-14T19:44:46+00:00","dateModified":"2026-03-11T13:39:21+00:00","description":"En Ontario, la plupart des cas signal\u00e9s de traite des personnes impliquent l\u2019exploitation sexuelle, appel\u00e9e trafic sexuel.","breadcrumb":{"@id":"https:\/\/familyconnexions.ca\/fr\/protection-de-lenfance\/traite-des-personnes\/#breadcrumb"},"inLanguage":"fr-CA","potentialAction":[{"@type":"ReadAction","target":["https:\/\/familyconnexions.ca\/fr\/protection-de-lenfance\/traite-des-personnes\/"]}]},{"@type":"ImageObject","inLanguage":"fr-CA","@id":"https:\/\/familyconnexions.ca\/fr\/protection-de-lenfance\/traite-des-personnes\/#primaryimage","url":"https:\/\/familyconnexions.ca\/wp-content\/uploads\/2022\/11\/iStock_000064296211_Large-scaled.jpg","contentUrl":"https:\/\/familyconnexions.ca\/wp-content\/uploads\/2022\/11\/iStock_000064296211_Large-scaled.jpg","width":2560,"height":1441},{"@type":"BreadcrumbList","@id":"https:\/\/familyconnexions.ca\/fr\/protection-de-lenfance\/traite-des-personnes\/#breadcrumb","itemListElement":[{"@type":"ListItem","position":1,"name":"Home","item":"https:\/\/familyconnexions.ca\/fr\/"},{"@type":"ListItem","position":2,"name":"\u00c0 propos de la Protection de l\u2019Enfance","item":"https:\/\/familyconnexions.ca\/fr\/protection-de-lenfance\/"},{"@type":"ListItem","position":3,"name":"La traite des personnes"}]},{"@type":"WebSite","@id":"https:\/\/familyconnexions.ca\/#website","url":"https:\/\/familyconnexions.ca\/","name":"CFSM","description":"Connexions Familiales de Simcoe Muskoka","potentialAction":[{"@type":"SearchAction","target":{"@type":"EntryPoint","urlTemplate":"https:\/\/familyconnexions.ca\/?s={search_term_string}"},"query-input":{"@type":"PropertyValueSpecification","valueRequired":true,"valueName":"search_term_string"}}],"inLanguage":"fr-CA"}]}},"_links":{"self":[{"href":"https:\/\/familyconnexions.ca\/fr\/wp-json\/wp\/v2\/pages\/3035","targetHints":{"allow":["GET"]}}],"collection":[{"href":"https:\/\/familyconnexions.ca\/fr\/wp-json\/wp\/v2\/pages"}],"about":[{"href":"https:\/\/familyconnexions.ca\/fr\/wp-json\/wp\/v2\/types\/page"}],"author":[{"embeddable":true,"href":"https:\/\/familyconnexions.ca\/fr\/wp-json\/wp\/v2\/users\/1"}],"replies":[{"embeddable":true,"href":"https:\/\/familyconnexions.ca\/fr\/wp-json\/wp\/v2\/comments?post=3035"}],"version-history":[{"count":0,"href":"https:\/\/familyconnexions.ca\/fr\/wp-json\/wp\/v2\/pages\/3035\/revisions"}],"up":[{"embeddable":true,"href":"https:\/\/familyconnexions.ca\/fr\/wp-json\/wp\/v2\/pages\/3040"}],"wp:featuredmedia":[{"embeddable":true,"href":"https:\/\/familyconnexions.ca\/fr\/wp-json\/wp\/v2\/media\/7974"}],"wp:attachment":[{"href":"https:\/\/familyconnexions.ca\/fr\/wp-json\/wp\/v2\/media?parent=3035"}],"curies":[{"name":"wp","href":"https:\/\/api.w.org\/{rel}","templated":true}]}}