{"id":3021,"date":"2021-09-14T20:12:57","date_gmt":"2021-09-14T20:12:57","guid":{"rendered":"http:\/\/yrcas.flywheelsites.com\/kinship-in-care\/"},"modified":"2026-01-22T15:12:27","modified_gmt":"2026-01-22T15:12:27","slug":"placement-chez-un-proche-avec-prise-en-charge","status":"publish","type":"page","link":"https:\/\/familyconnexions.ca\/fr\/protection-de-lenfance\/placement-chez-un-proche-avec-prise-en-charge\/","title":{"rendered":"Placement chez un proche"},"content":{"rendered":"\n<section id=\"centered-content-block_06b8b4f3b54234a5e32070d67669b6bc\"\n         class=\"orange-block centered-content-block\"\n    >\n\n\n    \n    <div class=\"container\">\n        <div class=\"row\">\n            <div class=\"col-12 content-column\" tabindex=\"0\">\n                <div class=\"content-container\">\n                                            <h2>Placement chez un proche avec prise en charge.<\/h2>\n<p>Connexions Familiales de Simcoe Muskoka croit aux bienfaits de confier les enfants ayant besoin de protection \u00e0 des membres de la famille et des proches, chaque fois que cela s\u2019av\u00e8re pertinent. Ces personnes peuvent offrir un plus grand sentiment d\u2019appartenance et de stabilit\u00e9, peuvent maintenir les liens culturels et communautaires, et peuvent att\u00e9nuer l\u2019impact sur les enfants retir\u00e9s de leurs parents.<\/p>\n<p>Le gouvernement ontarien a \u00e9labor\u00e9 des lois pour \u00e9valuer et officialiser les ententes de prise en charge par des proches pour les enfants ayant besoin de protection. Dans les situations o\u00f9 il est probable qu\u2019un enfant soit plac\u00e9 en famille d\u2019accueil, nous donnons la priorit\u00e9 \u00e0 trouver un foyer s\u00e9curitaire et propice pour l\u2019enfant aupr\u00e8s d\u2019un proche ou d\u2019une autre personne importante.<\/p>\n<p>Les proches qui assurent la garde sont des fournisseurs de soins uniques. En reconnaissance de ces circonstances, avantages et d\u00e9fis uniques, l\u2019\u00e9quipe de soins conformes aux traditions de Connexions Familiales de Simcoe Muskoka leur offre des services sp\u00e9cialis\u00e9s. Des services sp\u00e9cialis\u00e9s sont offerts aux familles de proches qui assurent la garde d\u2019enfants, ainsi qu\u2019aux enfants de familles des Premi\u00e8res Nations vis\u00e9s par une entente de\u00a0<a href=\"https:\/\/familyconnexions.ca\/protecting-children\/customary-care\/?lang=fr\">soins conformes aux traditions.<\/a><\/p>\n<h2>Placement chez un proche sans prise en charge.<\/h2>\n<p>Bien que l\u2019enfant ne soit pas officiellement pris en charge par CFSM, nous continuons de travailler avec la famille. L\u2019enfant est confi\u00e9 \u00e0 un membre de sa famille \u00e9largie ou \u00e0 un membre de la collectivit\u00e9 connu de l\u2019enfant. Le but des ententes de placement chez un proche sans prise en charge peut \u00eatre la r\u00e9unification de l\u2019enfant avec sa famille et\/ou un foyer permanent avec un membre de la famille \u00e9largie par la garde l\u00e9gale.<\/p>\n<p>Nous n\u2019offrons pas un soutien financier continu dans ce cas. Cependant, la famille \u00e9largie ou le membre de la collectivit\u00e9 peut \u00eatre admissible \u00e0 une aide pour soins temporaires du programme Ontario au travail, qui peut inclure les m\u00e9dicaments d\u2019ordonnance, les soins dentaires et de la vue, ainsi qu\u2019un soutien financier \u00e9pisodique de Connexions familiales de Simcoe Muskoka.<\/p>\n                <\/div>\n            <\/div>\n        <\/div>\n\n\t    \n    <\/div>\n    \n<\/section>\n\n            <section id=\"cta-block_e87e74031d77c55dcda7e94391e91cf8\" class=\"orange-block cta-block has-bg-color-image bg-color-dark full-width-cta select-posts has-post-image text-dark align-left show-image container-container no-bg-image\">\n\n                \n                \n                <div class=\"section-contents\">\n                    <div class=\"container\">\n\n                        \n                        <!-- Block content -->\n                        \n                        <div class=\"row column-count-1\">\n                                                        <!-- Single CTA -->\n                                <div class=\"col cta-col\">\n\t                            \n                                        <div class=\"card align-left\">\n                                            <div class=\"card-body has-image\">\n\n                                                    <div class=\"card-content has-image\">\n            <!-- Title -->\n                            <h3 class=\"h3 card-title\">Apprenez-en plus avec notre brochure de Placement chez un proche<\/h3>\n            \n            <div class=\"card-text-and-links\">\n            \n                            <div class=\"card-link-container\">\n                                                <a class=\"card-link learn-more-link btn btn-primary\"\n                               href=\"https:\/\/familyconnexions.ca\/wp-content\/uploads\/2025\/01\/Kinship-Brochure-FR-2025.pdf\"\n                               target=\"_blank\"\n                               aria-label=\"Visit this link: Cliquez ici pour t\u00e9l\u00e9charger\">\n                                Cliquez ici pour t\u00e9l\u00e9charger                            <\/a>\n                            \n                    \n\n                <\/div>\n\t                    <\/div>\n\n\n\n        <\/div>\n\n        \n        <div class=\"card-image-container has-image\">\n                    <div class=\"card-image\">\n                <img loading=\"lazy\" decoding=\"async\" width=\"557\" height=\"427\" src=\"https:\/\/familyconnexions.ca\/wp-content\/uploads\/2025\/01\/kinship-brochure-french-2025.png\" class=\"attachment-large size-large\" alt=\"\" srcset=\"https:\/\/familyconnexions.ca\/wp-content\/uploads\/2025\/01\/kinship-brochure-french-2025.png 557w, https:\/\/familyconnexions.ca\/wp-content\/uploads\/2025\/01\/kinship-brochure-french-2025-300x230.png 300w\" sizes=\"auto, (max-width: 557px) 100vw, 557px\" \/>            <\/div>\n                <\/div>\n\n    \n                                            <\/div>\n                                        <\/div>\n\n                                \n                                <\/div>\n\n                            \n                        <\/div>\n\n                                                \n                    <\/div>\n                <\/div>\n            <\/section>\n        \n    <section id=\"link-list-block_4de0f6405ac2ad1939b5746eeb5d61bb\"\n             class=\"orange-block link-list-block\" >\n\n        \n        \n            <!-- Block title -->\n            <div class=\"container\">\n                <div class=\"row\">\n                    <div class=\"col block-title-wrap\">\n                                            <h2 class=\"h2 block-title\">Autres ressources<\/h2>\n\t\t\t\t\t                                        <\/div>\n                <\/div>\n            <\/div>\n\n        \n        <!-- Block content -->\n        <div class=\"container list-group-vertical\">\n            <div class=\"row\">\n\n        \n                <!-- Single Link -->\n                <div class=\"single-link-container col-12 col-sm-6 col-md-4 col-lg-3\">\n                    <a class=\"list-group-item list-group-item-action link regular external\"\n                       href=\"https:\/\/youtu.be\/LNTL3Rp_Mg8\"\n                       target=\"_blank\">\n\n                    \n                    \n                        <div class=\"link-text\">\n\n                                                    <!-- Text -->\n                            FCSLLG Kinship (anglais uniquement)\t\t\t\t\t\t\n                        <\/div>\n\n                    \n                    <\/a>\n                <\/div>\n\n            \n                <!-- Single Link -->\n                <div class=\"single-link-container col-12 col-sm-6 col-md-4 col-lg-3\">\n                    <a class=\"list-group-item list-group-item-action link regular external\"\n                       href=\"https:\/\/www.youtube.com\/watch?v=qXXOUSlZeEQ\"\n                       target=\"_blank\">\n\n                    \n                    \n                        <div class=\"link-text\">\n\n                                                    <!-- Text -->\n                            Discussion sur le Placement chez un proche (anglais uniquement)\t\t\t\t\t\t\n                        <\/div>\n\n                    \n                    <\/a>\n                <\/div>\n\n            \n                <!-- Single Link -->\n                <div class=\"single-link-container col-12 col-sm-6 col-md-4 col-lg-3\">\n                    <a class=\"list-group-item list-group-item-action link regular external\"\n                       href=\"https:\/\/www.canva.com\/design\/DAFMCWmtFzc\/7wIWyT4YR8M1z-cCIHSmEQ\/view?utm_content=DAFMCWmtFzc&#038;utm_campaign=designshare&#038;utm_medium=link2&#038;utm_source=sharebutton\"\n                       target=\"_blank\">\n\n                    \n                    \n                        <div class=\"link-text\">\n\n                                                    <!-- Text -->\n                            Connexions Autochtones (anglais uniquement)\t\t\t\t\t\t\n                        <\/div>\n\n                    \n                    <\/a>\n                <\/div>\n\n            \n                <!-- Single Link -->\n                <div class=\"single-link-container col-12 col-sm-6 col-md-4 col-lg-3\">\n                    <a class=\"list-group-item list-group-item-action link regular external\"\n                       href=\"https:\/\/familyconnexions.ca\/wp-content\/uploads\/2023\/02\/Kinship-Caregivers-Resource-Information-September-2020-003.pdf\"\n                       target=\"_blank\">\n\n                    \n                    \n                        <div class=\"link-text\">\n\n                                                    <!-- Text -->\n                            Informations-Ressources pour les Placements chez des proches &#8211; Septembre 2020 (ressource en anglais uniquement)\t\t\t\t\t\t\n                        <\/div>\n\n                    \n                    <\/a>\n                <\/div>\n\n            \n                <!-- Single Link -->\n                <div class=\"single-link-container col-12 col-sm-6 col-md-4 col-lg-3\">\n                    <a class=\"list-group-item list-group-item-action link regular external\"\n                       href=\"https:\/\/www.family.cmho.org\/fr\/find-a-peer-support-chapter\/\"\n                       target=\"_blank\">\n\n                    \n                    \n                        <div class=\"link-text\">\n\n                                                    <!-- Text -->\n                            Soutien par les pairs &#8211; Family Care Centre\t\t\t\t\t\t\n                        <\/div>\n\n                    \n                    <\/a>\n                <\/div>\n\n            \n                <!-- Single Link -->\n                <div class=\"single-link-container col-12 col-sm-6 col-md-4 col-lg-3\">\n                    <a class=\"list-group-item list-group-item-action link regular external\"\n                       href=\"https:\/\/interwovenconnections.ca\/p2p-network\"\n                       target=\"_blank\">\n\n                    \n                    \n                        <div class=\"link-text\">\n\n                                                    <!-- Text -->\n                            R\u00e9seau d&#039;Adoption entre pairs \u2014 Interwoven Connections\t\t\t\t\t\t\n                        <\/div>\n\n                    \n                    <\/a>\n                <\/div>\n\n            \n                <!-- Single Link -->\n                <div class=\"single-link-container col-12 col-sm-6 col-md-4 col-lg-3\">\n                    <a class=\"list-group-item list-group-item-action link regular external\"\n                       href=\"https:\/\/familyconnexions.ca\/wp-content\/uploads\/2025\/06\/Poster-National-Kinship-Support.pdf\"\n                       target=\"_blank\">\n\n                    \n                    \n                        <div class=\"link-text\">\n\n                                                    <!-- Text -->\n                            CANGRANDS groupe de soutien (en anglais uniquement)\t\t\t\t\t\t\n                        <\/div>\n\n                    \n                    <\/a>\n                <\/div>\n\n            \n                <!-- Single Link -->\n                <div class=\"single-link-container col-12 col-sm-6 col-md-4 col-lg-3\">\n                    <a class=\"list-group-item list-group-item-action link regular external\"\n                       href=\"https:\/\/adoption.on.ca\/support-and-connections\/kinship-families\/\"\n                       target=\"_blank\">\n\n                    \n                    \n                        <div class=\"link-text\">\n\n                                                    <!-- Text -->\n                            Familles de Placement chez un proche &#8211; Conseil d\u2019adoption de l\u2019Ontario (lien en anglais uniquement)\t\t\t\t\t\t\n                        <\/div>\n\n                    \n                    <\/a>\n                <\/div>\n\n            \n            <\/div>\n        <\/div>\n    <\/section>\n\n\n<p><\/p>\n","protected":false},"excerpt":{"rendered":"","protected":false},"author":1,"featured_media":2598,"parent":3040,"menu_order":117,"comment_status":"closed","ping_status":"closed","template":"","meta":{"_acf_changed":false,"footnotes":"","_links_to":"","_links_to_target":""},"class_list":["post-3021","page","type-page","status-publish","has-post-thumbnail","hentry"],"acf":[],"yoast_head":"<!-- This site is optimized with the Yoast SEO plugin v27.3 - https:\/\/yoast.com\/product\/yoast-seo-wordpress\/ -->\n<title>Placement chez un proche - CFSM<\/title>\n<meta name=\"description\" content=\"\/\" \/>\n<meta name=\"robots\" content=\"index, follow, max-snippet:-1, max-image-preview:large, max-video-preview:-1\" \/>\n<link rel=\"canonical\" href=\"https:\/\/familyconnexions.ca\/fr\/protection-de-lenfance\/placement-chez-un-proche-avec-prise-en-charge\/\" \/>\n<meta property=\"og:locale\" content=\"fr_CA\" \/>\n<meta property=\"og:type\" content=\"article\" \/>\n<meta property=\"og:title\" content=\"Placement chez un proche - CFSM\" \/>\n<meta property=\"og:description\" content=\"\/\" \/>\n<meta property=\"og:url\" content=\"https:\/\/familyconnexions.ca\/fr\/protection-de-lenfance\/placement-chez-un-proche-avec-prise-en-charge\/\" \/>\n<meta property=\"og:site_name\" content=\"CFSM\" \/>\n<meta property=\"article:modified_time\" content=\"2026-01-22T15:12:27+00:00\" \/>\n<meta property=\"og:image\" content=\"https:\/\/familyconnexions.ca\/wp-content\/uploads\/2022\/01\/FosterCare_Banner_Web.jpg\" \/>\n\t<meta property=\"og:image:width\" content=\"1600\" \/>\n\t<meta property=\"og:image:height\" content=\"900\" \/>\n\t<meta property=\"og:image:type\" content=\"image\/jpeg\" \/>\n<meta name=\"twitter:card\" content=\"summary_large_image\" \/>\n<script type=\"application\/ld+json\" class=\"yoast-schema-graph\">{\"@context\":\"https:\\\/\\\/schema.org\",\"@graph\":[{\"@type\":\"WebPage\",\"@id\":\"https:\\\/\\\/familyconnexions.ca\\\/fr\\\/protection-de-lenfance\\\/placement-chez-un-proche-avec-prise-en-charge\\\/\",\"url\":\"https:\\\/\\\/familyconnexions.ca\\\/fr\\\/protection-de-lenfance\\\/placement-chez-un-proche-avec-prise-en-charge\\\/\",\"name\":\"Placement chez un proche - CFSM\",\"isPartOf\":{\"@id\":\"https:\\\/\\\/familyconnexions.ca\\\/#website\"},\"primaryImageOfPage\":{\"@id\":\"https:\\\/\\\/familyconnexions.ca\\\/fr\\\/protection-de-lenfance\\\/placement-chez-un-proche-avec-prise-en-charge\\\/#primaryimage\"},\"image\":{\"@id\":\"https:\\\/\\\/familyconnexions.ca\\\/fr\\\/protection-de-lenfance\\\/placement-chez-un-proche-avec-prise-en-charge\\\/#primaryimage\"},\"thumbnailUrl\":\"https:\\\/\\\/familyconnexions.ca\\\/wp-content\\\/uploads\\\/2022\\\/01\\\/FosterCare_Banner_Web.jpg\",\"datePublished\":\"2021-09-14T20:12:57+00:00\",\"dateModified\":\"2026-01-22T15:12:27+00:00\",\"description\":\"\\\/\",\"breadcrumb\":{\"@id\":\"https:\\\/\\\/familyconnexions.ca\\\/fr\\\/protection-de-lenfance\\\/placement-chez-un-proche-avec-prise-en-charge\\\/#breadcrumb\"},\"inLanguage\":\"fr-CA\",\"potentialAction\":[{\"@type\":\"ReadAction\",\"target\":[\"https:\\\/\\\/familyconnexions.ca\\\/fr\\\/protection-de-lenfance\\\/placement-chez-un-proche-avec-prise-en-charge\\\/\"]}]},{\"@type\":\"ImageObject\",\"inLanguage\":\"fr-CA\",\"@id\":\"https:\\\/\\\/familyconnexions.ca\\\/fr\\\/protection-de-lenfance\\\/placement-chez-un-proche-avec-prise-en-charge\\\/#primaryimage\",\"url\":\"https:\\\/\\\/familyconnexions.ca\\\/wp-content\\\/uploads\\\/2022\\\/01\\\/FosterCare_Banner_Web.jpg\",\"contentUrl\":\"https:\\\/\\\/familyconnexions.ca\\\/wp-content\\\/uploads\\\/2022\\\/01\\\/FosterCare_Banner_Web.jpg\",\"width\":1600,\"height\":900},{\"@type\":\"BreadcrumbList\",\"@id\":\"https:\\\/\\\/familyconnexions.ca\\\/fr\\\/protection-de-lenfance\\\/placement-chez-un-proche-avec-prise-en-charge\\\/#breadcrumb\",\"itemListElement\":[{\"@type\":\"ListItem\",\"position\":1,\"name\":\"Home\",\"item\":\"https:\\\/\\\/familyconnexions.ca\\\/fr\\\/\"},{\"@type\":\"ListItem\",\"position\":2,\"name\":\"\u00c0 propos de la Protection de l\u2019Enfance\",\"item\":\"https:\\\/\\\/familyconnexions.ca\\\/fr\\\/protection-de-lenfance\\\/\"},{\"@type\":\"ListItem\",\"position\":3,\"name\":\"Placement chez un proche\"}]},{\"@type\":\"WebSite\",\"@id\":\"https:\\\/\\\/familyconnexions.ca\\\/#website\",\"url\":\"https:\\\/\\\/familyconnexions.ca\\\/\",\"name\":\"CFSM\",\"description\":\"Connexions Familiales de Simcoe Muskoka\",\"potentialAction\":[{\"@type\":\"SearchAction\",\"target\":{\"@type\":\"EntryPoint\",\"urlTemplate\":\"https:\\\/\\\/familyconnexions.ca\\\/?s={search_term_string}\"},\"query-input\":{\"@type\":\"PropertyValueSpecification\",\"valueRequired\":true,\"valueName\":\"search_term_string\"}}],\"inLanguage\":\"fr-CA\"}]}<\/script>\n<!-- \/ Yoast SEO plugin. -->","yoast_head_json":{"title":"Placement chez un proche - CFSM","description":"\/","robots":{"index":"index","follow":"follow","max-snippet":"max-snippet:-1","max-image-preview":"max-image-preview:large","max-video-preview":"max-video-preview:-1"},"canonical":"https:\/\/familyconnexions.ca\/fr\/protection-de-lenfance\/placement-chez-un-proche-avec-prise-en-charge\/","og_locale":"fr_CA","og_type":"article","og_title":"Placement chez un proche - CFSM","og_description":"\/","og_url":"https:\/\/familyconnexions.ca\/fr\/protection-de-lenfance\/placement-chez-un-proche-avec-prise-en-charge\/","og_site_name":"CFSM","article_modified_time":"2026-01-22T15:12:27+00:00","og_image":[{"width":1600,"height":900,"url":"https:\/\/familyconnexions.ca\/wp-content\/uploads\/2022\/01\/FosterCare_Banner_Web.jpg","type":"image\/jpeg"}],"twitter_card":"summary_large_image","schema":{"@context":"https:\/\/schema.org","@graph":[{"@type":"WebPage","@id":"https:\/\/familyconnexions.ca\/fr\/protection-de-lenfance\/placement-chez-un-proche-avec-prise-en-charge\/","url":"https:\/\/familyconnexions.ca\/fr\/protection-de-lenfance\/placement-chez-un-proche-avec-prise-en-charge\/","name":"Placement chez un proche - CFSM","isPartOf":{"@id":"https:\/\/familyconnexions.ca\/#website"},"primaryImageOfPage":{"@id":"https:\/\/familyconnexions.ca\/fr\/protection-de-lenfance\/placement-chez-un-proche-avec-prise-en-charge\/#primaryimage"},"image":{"@id":"https:\/\/familyconnexions.ca\/fr\/protection-de-lenfance\/placement-chez-un-proche-avec-prise-en-charge\/#primaryimage"},"thumbnailUrl":"https:\/\/familyconnexions.ca\/wp-content\/uploads\/2022\/01\/FosterCare_Banner_Web.jpg","datePublished":"2021-09-14T20:12:57+00:00","dateModified":"2026-01-22T15:12:27+00:00","description":"\/","breadcrumb":{"@id":"https:\/\/familyconnexions.ca\/fr\/protection-de-lenfance\/placement-chez-un-proche-avec-prise-en-charge\/#breadcrumb"},"inLanguage":"fr-CA","potentialAction":[{"@type":"ReadAction","target":["https:\/\/familyconnexions.ca\/fr\/protection-de-lenfance\/placement-chez-un-proche-avec-prise-en-charge\/"]}]},{"@type":"ImageObject","inLanguage":"fr-CA","@id":"https:\/\/familyconnexions.ca\/fr\/protection-de-lenfance\/placement-chez-un-proche-avec-prise-en-charge\/#primaryimage","url":"https:\/\/familyconnexions.ca\/wp-content\/uploads\/2022\/01\/FosterCare_Banner_Web.jpg","contentUrl":"https:\/\/familyconnexions.ca\/wp-content\/uploads\/2022\/01\/FosterCare_Banner_Web.jpg","width":1600,"height":900},{"@type":"BreadcrumbList","@id":"https:\/\/familyconnexions.ca\/fr\/protection-de-lenfance\/placement-chez-un-proche-avec-prise-en-charge\/#breadcrumb","itemListElement":[{"@type":"ListItem","position":1,"name":"Home","item":"https:\/\/familyconnexions.ca\/fr\/"},{"@type":"ListItem","position":2,"name":"\u00c0 propos de la Protection de l\u2019Enfance","item":"https:\/\/familyconnexions.ca\/fr\/protection-de-lenfance\/"},{"@type":"ListItem","position":3,"name":"Placement chez un proche"}]},{"@type":"WebSite","@id":"https:\/\/familyconnexions.ca\/#website","url":"https:\/\/familyconnexions.ca\/","name":"CFSM","description":"Connexions Familiales de Simcoe Muskoka","potentialAction":[{"@type":"SearchAction","target":{"@type":"EntryPoint","urlTemplate":"https:\/\/familyconnexions.ca\/?s={search_term_string}"},"query-input":{"@type":"PropertyValueSpecification","valueRequired":true,"valueName":"search_term_string"}}],"inLanguage":"fr-CA"}]}},"_links":{"self":[{"href":"https:\/\/familyconnexions.ca\/fr\/wp-json\/wp\/v2\/pages\/3021","targetHints":{"allow":["GET"]}}],"collection":[{"href":"https:\/\/familyconnexions.ca\/fr\/wp-json\/wp\/v2\/pages"}],"about":[{"href":"https:\/\/familyconnexions.ca\/fr\/wp-json\/wp\/v2\/types\/page"}],"author":[{"embeddable":true,"href":"https:\/\/familyconnexions.ca\/fr\/wp-json\/wp\/v2\/users\/1"}],"replies":[{"embeddable":true,"href":"https:\/\/familyconnexions.ca\/fr\/wp-json\/wp\/v2\/comments?post=3021"}],"version-history":[{"count":0,"href":"https:\/\/familyconnexions.ca\/fr\/wp-json\/wp\/v2\/pages\/3021\/revisions"}],"up":[{"embeddable":true,"href":"https:\/\/familyconnexions.ca\/fr\/wp-json\/wp\/v2\/pages\/3040"}],"wp:featuredmedia":[{"embeddable":true,"href":"https:\/\/familyconnexions.ca\/fr\/wp-json\/wp\/v2\/media\/2598"}],"wp:attachment":[{"href":"https:\/\/familyconnexions.ca\/fr\/wp-json\/wp\/v2\/media?parent=3021"}],"curies":[{"name":"wp","href":"https:\/\/api.w.org\/{rel}","templated":true}]}}