{"id":3020,"date":"2021-09-14T20:13:15","date_gmt":"2021-09-14T20:13:15","guid":{"rendered":"http:\/\/yrcas.flywheelsites.com\/customary-care\/"},"modified":"2023-02-09T16:02:28","modified_gmt":"2023-02-09T16:02:28","slug":"soins-conformes-aux-traditions","status":"publish","type":"page","link":"https:\/\/familyconnexions.ca\/fr\/protection-de-lenfance\/soins-conformes-aux-traditions\/","title":{"rendered":"Soins conformes aux traditions"},"content":{"rendered":"\n<section id=\"centered-content-block_71e3569c4123df7d12546ea68f3b5e4d\"\n         class=\"orange-block centered-content-block\"\n    >\n\n\n    \n    <div class=\"container\">\n        <div class=\"row\">\n            <div class=\"col-12 content-column\" tabindex=\"0\">\n                <div class=\"content-container\">\n                                            <h3>Les soins conformes aux traditions repr\u00e9sentent des options de placement importantes pour les enfants des Premi\u00e8res Nations qui ne peuvent pas rester avec leur famille imm\u00e9diate. Il s\u2019agit d\u2019un mod\u00e8le de soins familial qui refl\u00e8te la culture, les valeurs et les traditions des parents et de la collectivit\u00e9 de l\u2019enfant. Il est reconnu que les membres de la famille imm\u00e9diate et \u00e9largie de l\u2019enfant, ainsi que la collectivit\u00e9 partagent la responsabilit\u00e9 de s\u2019occuper d\u2019un enfant qui a besoin de protection ou qui peut en avoir besoin.<\/h3>\n<p>&nbsp;<\/p>\n<h2 style=\"text-align: center;\">Il y a deux types de soins conformes aux traditions :<\/h2>\n                <\/div>\n            <\/div>\n        <\/div>\n\n\t    \n    <\/div>\n    \n<\/section>\n\n            <section id=\"cta-block_4c1be8f6b749b22175fbcb3b92ce528b\" class=\"orange-block cta-block has-bg-color-image bg-color-primary full-width-cta select-posts has-post-image text-dark align-left show-image container-container no-bg-image\">\n\n                \n                \n                <div class=\"section-contents\">\n                    <div class=\"container\">\n\n                        \n                        <!-- Block content -->\n                        \n                        <div class=\"row column-count-1\">\n                                                        <!-- Single CTA -->\n                                <div class=\"col cta-col\">\n\t                            \n                                        <div class=\"card align-left\">\n                                            <div class=\"card-body has-image\">\n\n                                                    <div class=\"card-content has-image\">\n            <!-- Title -->\n                            <h3 class=\"h3 card-title\">SOINS CONFORMES AUX TRADITIONS<\/h3>\n            \n            <div class=\"card-text-and-links\">\n                            <!-- Description -->\n                <div class=\"card-text\"><p>Pour les Premi\u00e8res Nations, les soins conformes aux traditions font allusion aux soins prodigu\u00e9s tout au long de la vie d\u2019une personne. C\u2019est un mode de vie selon lequel la collectivit\u00e9 s\u2019occupe de ses membres selon ses coutumes, ses traditions et ses normes. Les soins conformes aux traditions sont sanctionn\u00e9s par les lois tribales de chaque bande ou collectivit\u00e9 des Premi\u00e8res Nations. Les lois tribales donnent au Chef et au Conseil l\u2019autorit\u00e9 d\u2019agir au nom de la collectivit\u00e9 \u00e0 l\u2019\u00e9gard des services \u00e0 l\u2019enfance et \u00e0 la famille. Pour cette raison, le contenu d\u2019une Entente de soins conformes aux traditions peut varier d\u2019une bande ou collectivit\u00e9 des Premi\u00e8res Nations \u00e0 une autre. L\u2019organisme de protection de l\u2019enfance responsable peut ou non participer aux ententes de soins conformes aux traditions. Une entente de soins conformes aux traditions peut \u00eatre conclue par un enfant, les parents d\u2019un enfant, la bande de l\u2019enfant ou les autres fournisseurs de soins qui fourniront des soins hors du foyer, conform\u00e9ment \u00e0 la d\u00e9claration d\u2019une Premi\u00e8re Nation concernant des soins conformes aux traditions.<\/p>\n<\/div>\n            \n                        <\/div>\n\n\n\n        <\/div>\n\n        \n        <div class=\"card-image-container has-image\">\n                    <div class=\"card-image\">\n                <img loading=\"lazy\" decoding=\"async\" width=\"1024\" height=\"576\" src=\"https:\/\/familyconnexions.ca\/wp-content\/uploads\/2022\/11\/Copy-of-community-program-banner-website-2022-7-1024x576.png\" class=\"attachment-large size-large\" alt=\"\" srcset=\"https:\/\/familyconnexions.ca\/wp-content\/uploads\/2022\/11\/Copy-of-community-program-banner-website-2022-7-1024x576.png 1024w, https:\/\/familyconnexions.ca\/wp-content\/uploads\/2022\/11\/Copy-of-community-program-banner-website-2022-7-300x169.png 300w, https:\/\/familyconnexions.ca\/wp-content\/uploads\/2022\/11\/Copy-of-community-program-banner-website-2022-7-768x432.png 768w, https:\/\/familyconnexions.ca\/wp-content\/uploads\/2022\/11\/Copy-of-community-program-banner-website-2022-7-1536x864.png 1536w, https:\/\/familyconnexions.ca\/wp-content\/uploads\/2022\/11\/Copy-of-community-program-banner-website-2022-7.png 1600w\" sizes=\"auto, (max-width: 1024px) 100vw, 1024px\" \/>            <\/div>\n                <\/div>\n\n    \n                                            <\/div>\n                                        <\/div>\n\n                                \n                                <\/div>\n\n                            \n                        <\/div>\n\n                                                \n                    <\/div>\n                <\/div>\n            <\/section>\n        \n            <section id=\"cta-block_2d5849af2f76bcb701256b270bd7cb24\" class=\"orange-block cta-block has-bg-color-image bg-color-primary full-width-cta select-posts has-post-image text-dark align-right show-image container-container no-bg-image\">\n\n                \n                \n                <div class=\"section-contents\">\n                    <div class=\"container\">\n\n                        \n                        <!-- Block content -->\n                        \n                        <div class=\"row column-count-1\">\n                                                        <!-- Single CTA -->\n                                <div class=\"col cta-col\">\n\t                            \n                                        <div class=\"card align-right\">\n                                            <div class=\"card-body has-image\">\n\n                                            \n        <div class=\"card-image-container has-image\">\n                    <div class=\"card-image\">\n                <img loading=\"lazy\" decoding=\"async\" width=\"1024\" height=\"576\" src=\"https:\/\/familyconnexions.ca\/wp-content\/uploads\/2022\/11\/Copy-of-community-program-banner-website-2022-8-1024x576.png\" class=\"attachment-large size-large\" alt=\"\" srcset=\"https:\/\/familyconnexions.ca\/wp-content\/uploads\/2022\/11\/Copy-of-community-program-banner-website-2022-8-1024x576.png 1024w, https:\/\/familyconnexions.ca\/wp-content\/uploads\/2022\/11\/Copy-of-community-program-banner-website-2022-8-300x169.png 300w, https:\/\/familyconnexions.ca\/wp-content\/uploads\/2022\/11\/Copy-of-community-program-banner-website-2022-8-768x432.png 768w, https:\/\/familyconnexions.ca\/wp-content\/uploads\/2022\/11\/Copy-of-community-program-banner-website-2022-8-1536x864.png 1536w, https:\/\/familyconnexions.ca\/wp-content\/uploads\/2022\/11\/Copy-of-community-program-banner-website-2022-8.png 1600w\" sizes=\"auto, (max-width: 1024px) 100vw, 1024px\" \/>            <\/div>\n                <\/div>\n\n            <div class=\"card-content has-image\">\n            <!-- Title -->\n                            <h3 class=\"h3 card-title\">SOINS STRUCTUR\u00c9S CONFORMES AUX TRADITIONS<\/h3>\n            \n            <div class=\"card-text-and-links\">\n                            <!-- Description -->\n                <div class=\"card-text\"><p>Les soins structur\u00e9s conformes aux traditions sont reconnus comme un placement culturellement appropri\u00e9 pour les enfants des Premi\u00e8res Nations, mais le placement de l\u2019enfant doit \u00eatre supervis\u00e9 par un organisme de protection de l\u2019enfance conform\u00e9ment \u00e0 la d\u00e9claration de la bande et aux modalit\u00e9s d\u2019une entente de soins conformes aux traditions sign\u00e9e. Lorsqu\u2019un organisme de protection de l\u2019enfance d\u00e9termine qu\u2019un enfant d\u2019une Premi\u00e8re Nation a besoin de protection, que la prise en charge de l\u2019enfant est n\u00e9cessaire et qu\u2019il existe une d\u00e9claration d\u2019une Premi\u00e8re Nation concernant des soins conformes aux traditions, l\u2019organisme peut accorder une subvention \u00e0 la personne qui s\u2019occupe de l\u2019enfant.<\/p>\n<\/div>\n            \n                        <\/div>\n\n\n\n        <\/div>\n\n        \n                                            <\/div>\n                                        <\/div>\n\n                                \n                                <\/div>\n\n                            \n                        <\/div>\n\n                                                \n                    <\/div>\n                <\/div>\n            <\/section>\n        \n<section id=\"centered-content-block_aba8f962763fcda0c2391071372dcf48\"\n         class=\"orange-block centered-content-block\"\n    >\n\n\n    \n    <div class=\"container\">\n        <div class=\"row\">\n            <div class=\"col-12 content-column\" tabindex=\"0\">\n                <div class=\"content-container\">\n                                            <p>Si vous \u00eates int\u00e9ress\u00e9 \u00e0 devenir personne responsable de soins confirmes aux traditions, veuillez contacter les services \u00e0 la famille et aux enfants de Dnaagdawenmag Binnoojiyag. Vous trouverez davantage d&rsquo;informations sur le Programme de soins alternatifs sur ce site (en anglais uniquement) : <a href=\"https:\/\/www.binnoojiiyag.ca\/service\/alternative-care\/\" target=\"_blank\" rel=\"noopener\">Alternative Care &#8211; Dnaagdawenmag Binnoojiiyag Child &amp; Family Services<\/a><\/p>\n<p><a href=\"https:\/\/www.binnoojiiyag.ca\/\" target=\"_blank\" rel=\"noopener\"><img loading=\"lazy\" decoding=\"async\" class=\"alignnone wp-image-1861\" src=\"https:\/\/familyconnexions.ca\/wp-content\/uploads\/2021\/12\/DnaagdawenmagBinnoojiiyag-CFS-1.jpg\" alt=\"\" width=\"531\" height=\"176\" srcset=\"https:\/\/familyconnexions.ca\/wp-content\/uploads\/2021\/12\/DnaagdawenmagBinnoojiiyag-CFS-1.jpg 708w, https:\/\/familyconnexions.ca\/wp-content\/uploads\/2021\/12\/DnaagdawenmagBinnoojiiyag-CFS-1-300x99.jpg 300w\" sizes=\"auto, (max-width: 531px) 100vw, 531px\" \/><\/a><\/p>\n<p>Dnaagdawenmag Binnoojiiyag Child and Family Services est un organisme autochtone de bien-\u00eatre \u00e0 services multiples qui procure un soutien fiable aux enfants, aux jeunes et aux familles, gr\u00e2ce \u00e0 des services enveloppants fond\u00e9s sur la culture et ax\u00e9s sur les familles.<\/p>\n                <\/div>\n            <\/div>\n        <\/div>\n\n\t    \n\t    <!-- Block link -->\n\t    <div class=\"row\">\n\t        <div class=\"col-12\">\n\t            <div class=\"block-button-container\">\n\t                <a href=\"https:\/\/www.binnoojiiyag.ca\/service\/alternative-care\/\"\n\t                   class=\"btn btn-primary\"\t                   target=\"_blank\" aria-label=\"Apprenez-en plus sur les soins alternatifs\">\n\t                    Apprenez-en plus sur les soins alternatifs\t                <\/a>\n\t            <\/div>\n\t        <\/div>\n\t    <\/div>\n\n\n    <\/div>\n    \n<\/section>\n","protected":false},"excerpt":{"rendered":"","protected":false},"author":1,"featured_media":2695,"parent":3040,"menu_order":91,"comment_status":"closed","ping_status":"closed","template":"","meta":{"_acf_changed":false,"footnotes":"","_links_to":"","_links_to_target":""},"class_list":["post-3020","page","type-page","status-publish","has-post-thumbnail","hentry"],"acf":[],"yoast_head":"<!-- This site is optimized with the Yoast SEO plugin v27.3 - https:\/\/yoast.com\/product\/yoast-seo-wordpress\/ -->\n<title>Soins conformes aux traditions - CFSM<\/title>\n<meta name=\"description\" content=\"Si vous \u00eates int\u00e9ress\u00e9 \u00e0 devenir personne responsable de soins confirmes aux traditions, veuillez contacter les services \u00e0 la famille et aux enfants de Dnaagdawenmag Binnoojiyag. Vous trouverez davantage d&#039;informations sur le Programme de soins alternatifs sur ce site (en anglais uniquement): Alternative Care - Dnaagdawenmag Binnoojiiyag Child &amp; Family Services (https:\/\/www.binnoojiiyag.ca\/service\/alternative-care\/)\" \/>\n<meta name=\"robots\" content=\"index, follow, max-snippet:-1, max-image-preview:large, max-video-preview:-1\" \/>\n<link rel=\"canonical\" href=\"https:\/\/familyconnexions.ca\/fr\/protection-de-lenfance\/soins-conformes-aux-traditions\/\" \/>\n<meta property=\"og:locale\" content=\"fr_CA\" \/>\n<meta property=\"og:type\" content=\"article\" \/>\n<meta property=\"og:title\" content=\"Soins conformes aux traditions - CFSM\" \/>\n<meta property=\"og:description\" content=\"Si vous \u00eates int\u00e9ress\u00e9 \u00e0 devenir personne responsable de soins confirmes aux traditions, veuillez contacter les services \u00e0 la famille et aux enfants de Dnaagdawenmag Binnoojiyag. Vous trouverez davantage d&#039;informations sur le Programme de soins alternatifs sur ce site (en anglais uniquement): Alternative Care - Dnaagdawenmag Binnoojiiyag Child &amp; Family Services (https:\/\/www.binnoojiiyag.ca\/service\/alternative-care\/)\" \/>\n<meta property=\"og:url\" content=\"https:\/\/familyconnexions.ca\/fr\/protection-de-lenfance\/soins-conformes-aux-traditions\/\" \/>\n<meta property=\"og:site_name\" content=\"CFSM\" \/>\n<meta property=\"article:modified_time\" content=\"2023-02-09T16:02:28+00:00\" \/>\n<meta property=\"og:image\" content=\"https:\/\/familyconnexions.ca\/wp-content\/uploads\/2022\/02\/FosterCareResources_Banner_Web.jpg\" \/>\n\t<meta property=\"og:image:width\" content=\"1600\" \/>\n\t<meta property=\"og:image:height\" content=\"900\" \/>\n\t<meta property=\"og:image:type\" content=\"image\/jpeg\" \/>\n<meta name=\"twitter:card\" content=\"summary_large_image\" \/>\n<script type=\"application\/ld+json\" class=\"yoast-schema-graph\">{\"@context\":\"https:\\\/\\\/schema.org\",\"@graph\":[{\"@type\":\"WebPage\",\"@id\":\"https:\\\/\\\/familyconnexions.ca\\\/fr\\\/protection-de-lenfance\\\/soins-conformes-aux-traditions\\\/\",\"url\":\"https:\\\/\\\/familyconnexions.ca\\\/fr\\\/protection-de-lenfance\\\/soins-conformes-aux-traditions\\\/\",\"name\":\"Soins conformes aux traditions - CFSM\",\"isPartOf\":{\"@id\":\"https:\\\/\\\/familyconnexions.ca\\\/#website\"},\"primaryImageOfPage\":{\"@id\":\"https:\\\/\\\/familyconnexions.ca\\\/fr\\\/protection-de-lenfance\\\/soins-conformes-aux-traditions\\\/#primaryimage\"},\"image\":{\"@id\":\"https:\\\/\\\/familyconnexions.ca\\\/fr\\\/protection-de-lenfance\\\/soins-conformes-aux-traditions\\\/#primaryimage\"},\"thumbnailUrl\":\"https:\\\/\\\/familyconnexions.ca\\\/wp-content\\\/uploads\\\/2022\\\/02\\\/FosterCareResources_Banner_Web.jpg\",\"datePublished\":\"2021-09-14T20:13:15+00:00\",\"dateModified\":\"2023-02-09T16:02:28+00:00\",\"description\":\"Si vous \u00eates int\u00e9ress\u00e9 \u00e0 devenir personne responsable de soins confirmes aux traditions, veuillez contacter les services \u00e0 la famille et aux enfants de Dnaagdawenmag Binnoojiyag. Vous trouverez davantage d'informations sur le Programme de soins alternatifs sur ce site (en anglais uniquement): Alternative Care - Dnaagdawenmag Binnoojiiyag Child & Family Services (https:\\\/\\\/www.binnoojiiyag.ca\\\/service\\\/alternative-care\\\/)\",\"breadcrumb\":{\"@id\":\"https:\\\/\\\/familyconnexions.ca\\\/fr\\\/protection-de-lenfance\\\/soins-conformes-aux-traditions\\\/#breadcrumb\"},\"inLanguage\":\"fr-CA\",\"potentialAction\":[{\"@type\":\"ReadAction\",\"target\":[\"https:\\\/\\\/familyconnexions.ca\\\/fr\\\/protection-de-lenfance\\\/soins-conformes-aux-traditions\\\/\"]}]},{\"@type\":\"ImageObject\",\"inLanguage\":\"fr-CA\",\"@id\":\"https:\\\/\\\/familyconnexions.ca\\\/fr\\\/protection-de-lenfance\\\/soins-conformes-aux-traditions\\\/#primaryimage\",\"url\":\"https:\\\/\\\/familyconnexions.ca\\\/wp-content\\\/uploads\\\/2022\\\/02\\\/FosterCareResources_Banner_Web.jpg\",\"contentUrl\":\"https:\\\/\\\/familyconnexions.ca\\\/wp-content\\\/uploads\\\/2022\\\/02\\\/FosterCareResources_Banner_Web.jpg\",\"width\":1600,\"height\":900},{\"@type\":\"BreadcrumbList\",\"@id\":\"https:\\\/\\\/familyconnexions.ca\\\/fr\\\/protection-de-lenfance\\\/soins-conformes-aux-traditions\\\/#breadcrumb\",\"itemListElement\":[{\"@type\":\"ListItem\",\"position\":1,\"name\":\"Home\",\"item\":\"https:\\\/\\\/familyconnexions.ca\\\/fr\\\/\"},{\"@type\":\"ListItem\",\"position\":2,\"name\":\"\u00c0 propos de la Protection de l\u2019Enfance\",\"item\":\"https:\\\/\\\/familyconnexions.ca\\\/fr\\\/protection-de-lenfance\\\/\"},{\"@type\":\"ListItem\",\"position\":3,\"name\":\"Soins conformes aux traditions\"}]},{\"@type\":\"WebSite\",\"@id\":\"https:\\\/\\\/familyconnexions.ca\\\/#website\",\"url\":\"https:\\\/\\\/familyconnexions.ca\\\/\",\"name\":\"CFSM\",\"description\":\"Connexions Familiales de Simcoe Muskoka\",\"potentialAction\":[{\"@type\":\"SearchAction\",\"target\":{\"@type\":\"EntryPoint\",\"urlTemplate\":\"https:\\\/\\\/familyconnexions.ca\\\/?s={search_term_string}\"},\"query-input\":{\"@type\":\"PropertyValueSpecification\",\"valueRequired\":true,\"valueName\":\"search_term_string\"}}],\"inLanguage\":\"fr-CA\"}]}<\/script>\n<!-- \/ Yoast SEO plugin. -->","yoast_head_json":{"title":"Soins conformes aux traditions - CFSM","description":"Si vous \u00eates int\u00e9ress\u00e9 \u00e0 devenir personne responsable de soins confirmes aux traditions, veuillez contacter les services \u00e0 la famille et aux enfants de Dnaagdawenmag Binnoojiyag. Vous trouverez davantage d'informations sur le Programme de soins alternatifs sur ce site (en anglais uniquement): Alternative Care - Dnaagdawenmag Binnoojiiyag Child & Family Services (https:\/\/www.binnoojiiyag.ca\/service\/alternative-care\/)","robots":{"index":"index","follow":"follow","max-snippet":"max-snippet:-1","max-image-preview":"max-image-preview:large","max-video-preview":"max-video-preview:-1"},"canonical":"https:\/\/familyconnexions.ca\/fr\/protection-de-lenfance\/soins-conformes-aux-traditions\/","og_locale":"fr_CA","og_type":"article","og_title":"Soins conformes aux traditions - CFSM","og_description":"Si vous \u00eates int\u00e9ress\u00e9 \u00e0 devenir personne responsable de soins confirmes aux traditions, veuillez contacter les services \u00e0 la famille et aux enfants de Dnaagdawenmag Binnoojiyag. Vous trouverez davantage d'informations sur le Programme de soins alternatifs sur ce site (en anglais uniquement): Alternative Care - Dnaagdawenmag Binnoojiiyag Child & Family Services (https:\/\/www.binnoojiiyag.ca\/service\/alternative-care\/)","og_url":"https:\/\/familyconnexions.ca\/fr\/protection-de-lenfance\/soins-conformes-aux-traditions\/","og_site_name":"CFSM","article_modified_time":"2023-02-09T16:02:28+00:00","og_image":[{"width":1600,"height":900,"url":"https:\/\/familyconnexions.ca\/wp-content\/uploads\/2022\/02\/FosterCareResources_Banner_Web.jpg","type":"image\/jpeg"}],"twitter_card":"summary_large_image","schema":{"@context":"https:\/\/schema.org","@graph":[{"@type":"WebPage","@id":"https:\/\/familyconnexions.ca\/fr\/protection-de-lenfance\/soins-conformes-aux-traditions\/","url":"https:\/\/familyconnexions.ca\/fr\/protection-de-lenfance\/soins-conformes-aux-traditions\/","name":"Soins conformes aux traditions - CFSM","isPartOf":{"@id":"https:\/\/familyconnexions.ca\/#website"},"primaryImageOfPage":{"@id":"https:\/\/familyconnexions.ca\/fr\/protection-de-lenfance\/soins-conformes-aux-traditions\/#primaryimage"},"image":{"@id":"https:\/\/familyconnexions.ca\/fr\/protection-de-lenfance\/soins-conformes-aux-traditions\/#primaryimage"},"thumbnailUrl":"https:\/\/familyconnexions.ca\/wp-content\/uploads\/2022\/02\/FosterCareResources_Banner_Web.jpg","datePublished":"2021-09-14T20:13:15+00:00","dateModified":"2023-02-09T16:02:28+00:00","description":"Si vous \u00eates int\u00e9ress\u00e9 \u00e0 devenir personne responsable de soins confirmes aux traditions, veuillez contacter les services \u00e0 la famille et aux enfants de Dnaagdawenmag Binnoojiyag. Vous trouverez davantage d'informations sur le Programme de soins alternatifs sur ce site (en anglais uniquement): Alternative Care - Dnaagdawenmag Binnoojiiyag Child & Family Services (https:\/\/www.binnoojiiyag.ca\/service\/alternative-care\/)","breadcrumb":{"@id":"https:\/\/familyconnexions.ca\/fr\/protection-de-lenfance\/soins-conformes-aux-traditions\/#breadcrumb"},"inLanguage":"fr-CA","potentialAction":[{"@type":"ReadAction","target":["https:\/\/familyconnexions.ca\/fr\/protection-de-lenfance\/soins-conformes-aux-traditions\/"]}]},{"@type":"ImageObject","inLanguage":"fr-CA","@id":"https:\/\/familyconnexions.ca\/fr\/protection-de-lenfance\/soins-conformes-aux-traditions\/#primaryimage","url":"https:\/\/familyconnexions.ca\/wp-content\/uploads\/2022\/02\/FosterCareResources_Banner_Web.jpg","contentUrl":"https:\/\/familyconnexions.ca\/wp-content\/uploads\/2022\/02\/FosterCareResources_Banner_Web.jpg","width":1600,"height":900},{"@type":"BreadcrumbList","@id":"https:\/\/familyconnexions.ca\/fr\/protection-de-lenfance\/soins-conformes-aux-traditions\/#breadcrumb","itemListElement":[{"@type":"ListItem","position":1,"name":"Home","item":"https:\/\/familyconnexions.ca\/fr\/"},{"@type":"ListItem","position":2,"name":"\u00c0 propos de la Protection de l\u2019Enfance","item":"https:\/\/familyconnexions.ca\/fr\/protection-de-lenfance\/"},{"@type":"ListItem","position":3,"name":"Soins conformes aux traditions"}]},{"@type":"WebSite","@id":"https:\/\/familyconnexions.ca\/#website","url":"https:\/\/familyconnexions.ca\/","name":"CFSM","description":"Connexions Familiales de Simcoe Muskoka","potentialAction":[{"@type":"SearchAction","target":{"@type":"EntryPoint","urlTemplate":"https:\/\/familyconnexions.ca\/?s={search_term_string}"},"query-input":{"@type":"PropertyValueSpecification","valueRequired":true,"valueName":"search_term_string"}}],"inLanguage":"fr-CA"}]}},"_links":{"self":[{"href":"https:\/\/familyconnexions.ca\/fr\/wp-json\/wp\/v2\/pages\/3020","targetHints":{"allow":["GET"]}}],"collection":[{"href":"https:\/\/familyconnexions.ca\/fr\/wp-json\/wp\/v2\/pages"}],"about":[{"href":"https:\/\/familyconnexions.ca\/fr\/wp-json\/wp\/v2\/types\/page"}],"author":[{"embeddable":true,"href":"https:\/\/familyconnexions.ca\/fr\/wp-json\/wp\/v2\/users\/1"}],"replies":[{"embeddable":true,"href":"https:\/\/familyconnexions.ca\/fr\/wp-json\/wp\/v2\/comments?post=3020"}],"version-history":[{"count":0,"href":"https:\/\/familyconnexions.ca\/fr\/wp-json\/wp\/v2\/pages\/3020\/revisions"}],"up":[{"embeddable":true,"href":"https:\/\/familyconnexions.ca\/fr\/wp-json\/wp\/v2\/pages\/3040"}],"wp:featuredmedia":[{"embeddable":true,"href":"https:\/\/familyconnexions.ca\/fr\/wp-json\/wp\/v2\/media\/2695"}],"wp:attachment":[{"href":"https:\/\/familyconnexions.ca\/fr\/wp-json\/wp\/v2\/media?parent=3020"}],"curies":[{"name":"wp","href":"https:\/\/api.w.org\/{rel}","templated":true}]}}