{"id":2982,"date":"2021-09-15T18:46:05","date_gmt":"2021-09-15T18:46:05","guid":{"rendered":"http:\/\/yrcas.flywheelsites.com\/privacy-complaints\/"},"modified":"2026-01-06T17:18:39","modified_gmt":"2026-01-06T17:18:39","slug":"confidentialite-et-acces-aux-dossiers","status":"publish","type":"page","link":"https:\/\/familyconnexions.ca\/fr\/confidentialite-et-acces-aux-dossiers\/","title":{"rendered":"Acc\u00e8s aux Dossiers et Divulgation"},"content":{"rendered":"\n<section id=\"centered-content-block_d83ed2df62ca0d0028c361fc543a6e71\"\n         class=\"orange-block centered-content-block\"\n    >\n\n\n    \n    <div class=\"container\">\n        <div class=\"row\">\n            <div class=\"col-12 content-column\" tabindex=\"0\">\n                <div class=\"content-container\">\n                                            <h3>Connexions Familiales de Simcoe Muskoka s\u2019engage \u00e0 promouvoir la vie priv\u00e9e et prot\u00e9ger la confidentialit\u00e9 des informations personnelles sur les enfants, jeunes et familles avec lesquelles nous travaillons.<\/h3>\n<p>Pour soumettre une demande d\u2019<strong>Acc\u00e8s aux Dossiers<\/strong>, veuillez suivre ce lien et remplir toutes les informations requises:\u00a0<strong><a href=\"https:\/\/form.jotform.com\/SMCYFS\/access-to-records-request-form\" target=\"_blank\" rel=\"noopener\">Formulaire de demande d\u2019acc\u00e8s aux dossiers<\/a>\u00a0<\/strong>(actuellement en anglais uniquement).<\/p>\n<p>Veuillez noter que tous les consentements n\u00e9cessitent une vraie signature, nous ne pouvons pas accepter un nom \u00e9crit. Merci de votre compr\u00e9hension. Cliquez ici pour compl\u00e9ter le <a href=\"https:\/\/familyconnexions.ca\/wp-content\/uploads\/2024\/11\/FM-GEN-049F_Consentement-pour-lacces-aux-dossiers-et-a-la-divulgation.docx\" target=\"_blank\" rel=\"noopener\"><strong>Consentement pour l&rsquo;acc\u00e8s aux dossiers et \u00e0 la divulgation<\/strong><\/a>. Assurez-vous \u00e9galement de lire les <strong>Pratiques relatives aux renseignements (<a href=\"https:\/\/familyconnexions.ca\/wp-content\/uploads\/2022\/10\/GL-GEN-001_Notice-of-Information-Practices_FR.pdf\" target=\"_blank\" rel=\"noopener\">adultes<\/a> ou <a href=\"https:\/\/familyconnexions.ca\/wp-content\/uploads\/2022\/10\/GL-GEN-002F_Avis-de-pratiques-dinformation-pour-les-jeunes.pdf\" target=\"_blank\" rel=\"noopener\">jeunes<\/a>).<\/strong><\/p>\n<p><strong>Si vous souhaitez d\u00e9poser une plainte li\u00e9e \u00e0 la confidentialit\u00e9 :<\/strong>\u00a0vous pouvez appeler ou envoyer un courriel et demander \u00e0 \u00eatre mis en relation avec la personne en charge de la protection des renseignements personnels qui pourra vous assister. Si vous avez tent\u00e9 de r\u00e9soudre votre inqui\u00e9tude et n\u2019\u00eates pas satisfait de notre r\u00e9ponse, vous pouvez d\u00e9poser une plainte avec le Commissaire \u00e0 l\u2019information et \u00e0 la protection de la vie priv\u00e9e de l\u2019Ontario :\u00a0<strong><a href=\"https:\/\/www.cipvp.ca\/ressources\/formulaires\/form-file-a-privacy-complaint-under-the-cysfa-french\/\" target=\"_blank\" rel=\"noopener\">Formulaire pour d\u00e9poser une Plainte concernant la protection de la vie priv\u00e9e aux termes de la loi ontarienne sur les services \u00e0 l\u2019enfance et \u00e0 la famille<\/a><\/strong><\/p>\n<p><strong>Si vous avez re\u00e7u vos dossiers et demandez une correction de dossier :\u00a0<\/strong>Si vous avez besoin de demander une correction d\u2019enregistrement, veuillez\u00a0<a href=\"https:\/\/www.ipc.on.ca\/wp-content\/uploads\/2019\/12\/formule-dacces-et-de-rectification-partiex-de-la-lsejf.pdf\" target=\"_blank\" rel=\"noopener\">suivre ce lien<\/a> et envoyer le formulaire de demande rempli par courriel \u00e0 <a href=\"mailto:privacy.officer@familyconnexions.ca\" target=\"_blank\" rel=\"noopener\">privacy.officer@familyconnexions.ca<\/a>. <em>Veuillez noter que ce courriel est r\u00e9serv\u00e9 aux questions relatives \u00e0 la protection de la vie priv\u00e9e, notamment celles concernant nos pratiques en mati\u00e8re d&rsquo;information et les soup\u00e7ons d&rsquo;atteinte \u00e0 la vie priv\u00e9e. Pour toute demande d&rsquo;acc\u00e8s \u00e0 des documents ou de divulgation, veuillez utiliser le lien ci-dessus.<\/em><\/p>\n<p>Pour toute question sur les informations ci-dessus, veuillez appeler le\u00a0<a href=\"tel:1.800.461.4236\" target=\"_blank\" rel=\"noopener\">1.800.461.4236<\/a>.<\/p>\n                <\/div>\n            <\/div>\n        <\/div>\n\n\t    \n    <\/div>\n    \n<\/section>\n\n    <section id=\"accordion-block_f768a790e307e5c8b5477d88e6982d81\" class=\"orange-block accordion-block has-bg-color-image bg-color-light\" >\n\n        \n        \n        <div class=\"container\">\n            <div class=\"row\">\n                <div class=\"col-12\">\n\n                    <div class=\"accordion-wrap\">\n                        <div class=\"accordion faq-accordion\" id=\"accordion-block_f768a790e307e5c8b5477d88e6982d81-accordion\">\n\n                            \n                                                                <div class=\"card\">\n\n                                    <div class=\"card-header collapsed\" id=\"accordion-block_f768a790e307e5c8b5477d88e6982d81-accordion-1-heading\">\n\n                                        <div class=\"accordion-title\">\n                                            Bureau de l&rsquo;Ombudsman de l&rsquo;Ontario                                        <\/div>\n\n                                        <button class=\"btn btn-icon btn-accordion-trigger collapsed\" data-toggle=\"collapse\" data-target=\"#accordion-block_f768a790e307e5c8b5477d88e6982d81-accordion-1-collapse\" aria-expanded=\"false\" aria-controls=\"accordion-block_f768a790e307e5c8b5477d88e6982d81-accordion-1-collapse\" tabindex=\"0\" aria-label=\"Cliquer pour d\u00e9rouler\">\n                                            <svg xmlns=\"http:\/\/www.w3.org\/2000\/svg\" viewBox=\"0 0 8 8\">\n                                                <g fill=\"none\" stroke=\"currentColor\" stroke-miterlimit=\"10\" stroke-width=\"1.5px\" transform=\"translate(-30 -47.438)\">\n                                                    <line x2=\"8\" transform=\"translate(30 51.438)\" \/>\n                                                    <line x2=\"8\" transform=\"translate(34 47.438) rotate(90)\" \/>\n                                                <\/g>\n                                            <\/svg>\n                                        <\/button>\n\n                                    <\/div>\n\n                                    <div id=\"accordion-block_f768a790e307e5c8b5477d88e6982d81-accordion-1-collapse\" class=\"collapse\" aria-labelledby=\"accordion-block_f768a790e307e5c8b5477d88e6982d81-accordion-1-heading\" data-parent=\"#accordion-block_f768a790e307e5c8b5477d88e6982d81-accordion\">\n\n                                        <div class=\"card-body\">\n                                            <p>Le Bureau de l\u2019Ombudsman de l\u2019Ontario peut \u00e9galement recevoir des plaintes concernant les services dispens\u00e9s par une soci\u00e9t\u00e9 d\u2019aide \u00e0 l\u2019enfance. L\u2019Ombudsman a cr\u00e9\u00e9 plusieurs \u00e9quipes sp\u00e9cialis\u00e9es charg\u00e9es de r\u00e9pondre aux questions, aux pr\u00e9occupations, de mener des enqu\u00eates et d\u2019examiner les plaintes :<\/p>\n<p>Bureau de l\u2019Ombudsman de l\u2019Ontario<br \/>\n483 rue Bay<br \/>\n10e \u00e9tage, Tour Sud<br \/>\nToronto, ON M5G 2C9<\/p>\n<p>Num\u00e9ro gratuit (exclusivement en Ontario) : <a href=\"tel:1-800 263-1830\" target=\"_blank\" rel=\"noopener\">1-800 263-1830<\/a><br \/>\n\u00c0 l\u2019ext\u00e9rieur de l\u2019Ontario <a href=\"tel:416-586-3300\" target=\"_blank\" rel=\"noopener\">416-586-3300<\/a><br \/>\nTTY (t\u00e9l\u00e9scripteur) : 1 866 411-4211<br \/>\nT\u00e9l\u00e9c. : 416 586-3485<br \/>\nCourriel : <a href=\"mailto:info@ombudsman.on.ca\" target=\"_blank\" rel=\"noopener\">info@ombudsman.on.ca<\/a><br \/>\nSite Web : <a href=\"https:\/\/www.ombudsman.on.ca\/accueil\" target=\"_blank\" rel=\"noopener\">https:\/\/www.ombudsman.on.ca\/accueil<\/a><\/p>\n<p><a href=\"https:\/\/www.ombudsman.on.ca\/ressources\/brochures-et-affiches\" target=\"_blank\" rel=\"noopener\">Visitez le site internet pour acc\u00e9der \u00e0 des ressources, incluant une liste de brochures et affiches informatives.<\/a><\/p>\n                                        <\/div>\n\n                                    <\/div>\n                                <\/div>\n\n                            \n                                                                <div class=\"card\">\n\n                                    <div class=\"card-header collapsed\" id=\"accordion-block_f768a790e307e5c8b5477d88e6982d81-accordion-2-heading\">\n\n                                        <div class=\"accordion-title\">\n                                            Votre droit de porter plainte aupr\u00e8s d\u2019une soci\u00e9t\u00e9 d\u2019aide \u00e0 l\u2019enfance                                        <\/div>\n\n                                        <button class=\"btn btn-icon btn-accordion-trigger collapsed\" data-toggle=\"collapse\" data-target=\"#accordion-block_f768a790e307e5c8b5477d88e6982d81-accordion-2-collapse\" aria-expanded=\"false\" aria-controls=\"accordion-block_f768a790e307e5c8b5477d88e6982d81-accordion-2-collapse\" tabindex=\"0\" aria-label=\"Cliquer pour d\u00e9rouler\">\n                                            <svg xmlns=\"http:\/\/www.w3.org\/2000\/svg\" viewBox=\"0 0 8 8\">\n                                                <g fill=\"none\" stroke=\"currentColor\" stroke-miterlimit=\"10\" stroke-width=\"1.5px\" transform=\"translate(-30 -47.438)\">\n                                                    <line x2=\"8\" transform=\"translate(30 51.438)\" \/>\n                                                    <line x2=\"8\" transform=\"translate(34 47.438) rotate(90)\" \/>\n                                                <\/g>\n                                            <\/svg>\n                                        <\/button>\n\n                                    <\/div>\n\n                                    <div id=\"accordion-block_f768a790e307e5c8b5477d88e6982d81-accordion-2-collapse\" class=\"collapse\" aria-labelledby=\"accordion-block_f768a790e307e5c8b5477d88e6982d81-accordion-2-heading\" data-parent=\"#accordion-block_f768a790e307e5c8b5477d88e6982d81-accordion\">\n\n                                        <div class=\"card-body\">\n                                            <p>Pour en savoir plus sur votre droit de porter plainte aupr\u00e8s d\u2019une soci\u00e9t\u00e9 d\u2019aide \u00e0 l\u2019enfance, consultez le site Ontario.ca \u00e0 la page <a href=\"https:\/\/www.ontario.ca\/fr\/page\/deposer-plainte-concernant-services-bien-etre-enfance\" target=\"_blank\" rel=\"noopener\">D\u00e9poser une plainte concernant les services de bien-\u00eatre de l\u2019enfance.<\/a><\/p>\n                                        <\/div>\n\n                                    <\/div>\n                                <\/div>\n\n                            \n                                                                <div class=\"card\">\n\n                                    <div class=\"card-header collapsed\" id=\"accordion-block_f768a790e307e5c8b5477d88e6982d81-accordion-3-heading\">\n\n                                        <div class=\"accordion-title\">\n                                            H\u00e9ritage des pensionnats autochtones et des &lsquo;Sixties Scoop&rsquo;                                        <\/div>\n\n                                        <button class=\"btn btn-icon btn-accordion-trigger collapsed\" data-toggle=\"collapse\" data-target=\"#accordion-block_f768a790e307e5c8b5477d88e6982d81-accordion-3-collapse\" aria-expanded=\"false\" aria-controls=\"accordion-block_f768a790e307e5c8b5477d88e6982d81-accordion-3-collapse\" tabindex=\"0\" aria-label=\"Cliquer pour d\u00e9rouler\">\n                                            <svg xmlns=\"http:\/\/www.w3.org\/2000\/svg\" viewBox=\"0 0 8 8\">\n                                                <g fill=\"none\" stroke=\"currentColor\" stroke-miterlimit=\"10\" stroke-width=\"1.5px\" transform=\"translate(-30 -47.438)\">\n                                                    <line x2=\"8\" transform=\"translate(30 51.438)\" \/>\n                                                    <line x2=\"8\" transform=\"translate(34 47.438) rotate(90)\" \/>\n                                                <\/g>\n                                            <\/svg>\n                                        <\/button>\n\n                                    <\/div>\n\n                                    <div id=\"accordion-block_f768a790e307e5c8b5477d88e6982d81-accordion-3-collapse\" class=\"collapse\" aria-labelledby=\"accordion-block_f768a790e307e5c8b5477d88e6982d81-accordion-3-heading\" data-parent=\"#accordion-block_f768a790e307e5c8b5477d88e6982d81-accordion\">\n\n                                        <div class=\"card-body\">\n                                            <p>Connexions Familiales de Simcoe Muskoka (CFSM) a construit activement des relations avec les communaut\u00e9s de Premi\u00e8res Nations \u00e0 travers la r\u00e9gion et a restaur\u00e9 la responsabilit\u00e9 de rendre les services de protection de l\u2019enfance aux communaut\u00e9s autochtones.<\/p>\n<p>Entre les ann\u00e9es 50 et le d\u00e9but des ann\u00e9es 90, des milliers d\u2019enfants autochtones au Canada ont \u00e9t\u00e9 retir\u00e9s de leurs familles et plac\u00e9s dans des familles d\u2019accueil ou adoptives non autochtones. Ceux\/celles affect\u00e9(e)s ont perdu contact avec leurs familles et des connexions essentielles \u00e0 leur langage, culture et identit\u00e9. Un recours collectif a \u00e9t\u00e9 lanc\u00e9 dans le but de compenser ceux\/celles affect\u00e9(e)s. Pour en apprendre plus, visitez\u00a0<a href=\"https:\/\/sixtiesscoopsettlement.info\/\" target=\"_blank\" rel=\"noopener\">https:\/\/sixtiesscoopsettlement.info\/<\/a>\u00a0(lien en anglais uniquement).<\/p>\n<p>Afin de soutenir les personnes autochtones qui \u00e9taient impliqu\u00e9es avec l\u2019ancienne Soci\u00e9t\u00e9 de Protection de l\u2019enfance du comt\u00e9 de Simcoe ou du District de Muskoka, veuillez nous contacter au\u00a0<a href=\"tel:1-800-461-4236\" target=\"_blank\" rel=\"noopener\">1-800-461-4236<\/a>\u00a0ou remplissez le\u00a0<a href=\"https:\/\/hipaa.jotform.com\/SMCYFS\/access-to-records-request\" target=\"_blank\" rel=\"noopener\">Formulaire de demande d\u2019acc\u00e8s aux dossiers<\/a>\u00a0(actuellement en anglais uniquement)<\/p>\n<p>Pour plus d\u2019information de l\u2019Association des Soci\u00e9t\u00e9s d\u2019Aide \u00e0 l\u2019Enfance de l\u2019Ontario, visitez \u2018<a href=\"https:\/\/familyconnexions.ca\/wp-content\/uploads\/2018\/11\/Template-Records-Reconciliation-and-Your-Rights.pdf\" target=\"_blank\" rel=\"noopener\">Records Reconciliation and Your Rights<\/a>\u2018 (lien en anglais uniquement)<\/p>\n                                        <\/div>\n\n                                    <\/div>\n                                <\/div>\n\n                            \n                        <\/div>\n                    <\/div>\n\n                <\/div>\n            <\/div>\n\n            \n        <\/div>\n    <\/section>\n\n    <section id=\"link-list-block_9c5bf73ef277dc3220341b858ce8afc9\"\n             class=\"orange-block link-list-block aligncenter\" >\n\n        \n        \n            <!-- Block title -->\n            <div class=\"container\">\n                <div class=\"row\">\n                    <div class=\"col block-title-wrap\">\n                                            <h2 class=\"h2 block-title\">Pratiques relatives aux renseignements<\/h2>\n\t\t\t\t\t                                        <\/div>\n                <\/div>\n            <\/div>\n\n        \n        <!-- Block content -->\n        <div class=\"container list-group-horizontal-lg\">\n            <div class=\"row\">\n\n        \n                <!-- Single Link -->\n                <div class=\"single-link-container col-12 col-sm-6 col-md-4 col-lg-3\">\n                    <a class=\"list-group-item list-group-item-action link regular external\"\n                       href=\"https:\/\/familyconnexions.ca\/wp-content\/uploads\/2025\/11\/GL-GEN-001_Pratiques-relatives-aux-renseignements_FR-version-adulte.pdf\"\n                       target=\"_blank\">\n\n                    \n                    \n                        <div class=\"link-text\">\n\n                                                    <!-- Text -->\n                            Pratiques relatives aux renseignements (Version Adulte)\t\t\t\t\t\t\n                        <\/div>\n\n                    \n                    <\/a>\n                <\/div>\n\n            \n                <!-- Single Link -->\n                <div class=\"single-link-container col-12 col-sm-6 col-md-4 col-lg-3\">\n                    <a class=\"list-group-item list-group-item-action link regular external\"\n                       href=\"https:\/\/familyconnexions.ca\/wp-content\/uploads\/2025\/11\/GL-GEN-002F_Avis-de-pratiques-dinformation-pour-les-jeunes.pdf\"\n                       target=\"_blank\">\n\n                    \n                    \n                        <div class=\"link-text\">\n\n                                                    <!-- Text -->\n                            Pratiques relatives aux renseignements (Version pour Jeunes)\t\t\t\t\t\t\n                        <\/div>\n\n                    \n                    <\/a>\n                <\/div>\n\n            \n            <\/div>\n        <\/div>\n    <\/section>\n\n","protected":false},"excerpt":{"rendered":"","protected":false},"author":1,"featured_media":6273,"parent":0,"menu_order":127,"comment_status":"closed","ping_status":"closed","template":"","meta":{"_acf_changed":false,"footnotes":"","_links_to":"","_links_to_target":""},"class_list":["post-2982","page","type-page","status-publish","has-post-thumbnail","hentry"],"acf":[],"yoast_head":"<!-- This site is optimized with the Yoast SEO plugin v27.3 - https:\/\/yoast.com\/product\/yoast-seo-wordpress\/ -->\n<title>Acc\u00e8s aux Dossiers et Divulgation - CFSM<\/title>\n<meta name=\"description\" content=\"Connexions Familiales de Simcoe Muskoka s&#039;engage \u00e0 promouvoir la vie priv\u00e9e et \u00e0 prot\u00e9ger la confidentialit\u00e9 des informations personnelles que nous d\u00e9tenons sur les enfants, les jeunes et les familles avec lesquels nous travaillons.\" \/>\n<meta name=\"robots\" content=\"index, follow, max-snippet:-1, max-image-preview:large, max-video-preview:-1\" \/>\n<link rel=\"canonical\" href=\"https:\/\/familyconnexions.ca\/fr\/confidentialite-et-acces-aux-dossiers\/\" \/>\n<meta property=\"og:locale\" content=\"fr_CA\" \/>\n<meta property=\"og:type\" content=\"article\" \/>\n<meta property=\"og:title\" content=\"Acc\u00e8s aux Dossiers et Divulgation - CFSM\" \/>\n<meta property=\"og:description\" content=\"Connexions Familiales de Simcoe Muskoka s&#039;engage \u00e0 promouvoir la vie priv\u00e9e et \u00e0 prot\u00e9ger la confidentialit\u00e9 des informations personnelles que nous d\u00e9tenons sur les enfants, les jeunes et les familles avec lesquels nous travaillons.\" \/>\n<meta property=\"og:url\" content=\"https:\/\/familyconnexions.ca\/fr\/confidentialite-et-acces-aux-dossiers\/\" \/>\n<meta property=\"og:site_name\" content=\"CFSM\" \/>\n<meta property=\"article:modified_time\" content=\"2026-01-06T17:18:39+00:00\" \/>\n<meta property=\"og:image\" content=\"https:\/\/familyconnexions.ca\/wp-content\/uploads\/2022\/10\/iStock_000070943841_Large-scaled.jpg\" \/>\n\t<meta property=\"og:image:width\" content=\"2560\" \/>\n\t<meta property=\"og:image:height\" content=\"1708\" \/>\n\t<meta property=\"og:image:type\" content=\"image\/jpeg\" \/>\n<meta name=\"twitter:card\" content=\"summary_large_image\" \/>\n<script type=\"application\/ld+json\" class=\"yoast-schema-graph\">{\"@context\":\"https:\\\/\\\/schema.org\",\"@graph\":[{\"@type\":\"WebPage\",\"@id\":\"https:\\\/\\\/familyconnexions.ca\\\/fr\\\/confidentialite-et-acces-aux-dossiers\\\/\",\"url\":\"https:\\\/\\\/familyconnexions.ca\\\/fr\\\/confidentialite-et-acces-aux-dossiers\\\/\",\"name\":\"Acc\u00e8s aux Dossiers et Divulgation - CFSM\",\"isPartOf\":{\"@id\":\"https:\\\/\\\/familyconnexions.ca\\\/#website\"},\"primaryImageOfPage\":{\"@id\":\"https:\\\/\\\/familyconnexions.ca\\\/fr\\\/confidentialite-et-acces-aux-dossiers\\\/#primaryimage\"},\"image\":{\"@id\":\"https:\\\/\\\/familyconnexions.ca\\\/fr\\\/confidentialite-et-acces-aux-dossiers\\\/#primaryimage\"},\"thumbnailUrl\":\"https:\\\/\\\/familyconnexions.ca\\\/wp-content\\\/uploads\\\/2022\\\/10\\\/iStock_000070943841_Large-scaled.jpg\",\"datePublished\":\"2021-09-15T18:46:05+00:00\",\"dateModified\":\"2026-01-06T17:18:39+00:00\",\"description\":\"Connexions Familiales de Simcoe Muskoka s'engage \u00e0 promouvoir la vie priv\u00e9e et \u00e0 prot\u00e9ger la confidentialit\u00e9 des informations personnelles que nous d\u00e9tenons sur les enfants, les jeunes et les familles avec lesquels nous travaillons.\",\"breadcrumb\":{\"@id\":\"https:\\\/\\\/familyconnexions.ca\\\/fr\\\/confidentialite-et-acces-aux-dossiers\\\/#breadcrumb\"},\"inLanguage\":\"fr-CA\",\"potentialAction\":[{\"@type\":\"ReadAction\",\"target\":[\"https:\\\/\\\/familyconnexions.ca\\\/fr\\\/confidentialite-et-acces-aux-dossiers\\\/\"]}]},{\"@type\":\"ImageObject\",\"inLanguage\":\"fr-CA\",\"@id\":\"https:\\\/\\\/familyconnexions.ca\\\/fr\\\/confidentialite-et-acces-aux-dossiers\\\/#primaryimage\",\"url\":\"https:\\\/\\\/familyconnexions.ca\\\/wp-content\\\/uploads\\\/2022\\\/10\\\/iStock_000070943841_Large-scaled.jpg\",\"contentUrl\":\"https:\\\/\\\/familyconnexions.ca\\\/wp-content\\\/uploads\\\/2022\\\/10\\\/iStock_000070943841_Large-scaled.jpg\",\"width\":2560,\"height\":1708},{\"@type\":\"BreadcrumbList\",\"@id\":\"https:\\\/\\\/familyconnexions.ca\\\/fr\\\/confidentialite-et-acces-aux-dossiers\\\/#breadcrumb\",\"itemListElement\":[{\"@type\":\"ListItem\",\"position\":1,\"name\":\"Home\",\"item\":\"https:\\\/\\\/familyconnexions.ca\\\/fr\\\/\"},{\"@type\":\"ListItem\",\"position\":2,\"name\":\"Acc\u00e8s aux Dossiers et Divulgation\"}]},{\"@type\":\"WebSite\",\"@id\":\"https:\\\/\\\/familyconnexions.ca\\\/#website\",\"url\":\"https:\\\/\\\/familyconnexions.ca\\\/\",\"name\":\"CFSM\",\"description\":\"Connexions Familiales de Simcoe Muskoka\",\"potentialAction\":[{\"@type\":\"SearchAction\",\"target\":{\"@type\":\"EntryPoint\",\"urlTemplate\":\"https:\\\/\\\/familyconnexions.ca\\\/?s={search_term_string}\"},\"query-input\":{\"@type\":\"PropertyValueSpecification\",\"valueRequired\":true,\"valueName\":\"search_term_string\"}}],\"inLanguage\":\"fr-CA\"}]}<\/script>\n<!-- \/ Yoast SEO plugin. -->","yoast_head_json":{"title":"Acc\u00e8s aux Dossiers et Divulgation - CFSM","description":"Connexions Familiales de Simcoe Muskoka s'engage \u00e0 promouvoir la vie priv\u00e9e et \u00e0 prot\u00e9ger la confidentialit\u00e9 des informations personnelles que nous d\u00e9tenons sur les enfants, les jeunes et les familles avec lesquels nous travaillons.","robots":{"index":"index","follow":"follow","max-snippet":"max-snippet:-1","max-image-preview":"max-image-preview:large","max-video-preview":"max-video-preview:-1"},"canonical":"https:\/\/familyconnexions.ca\/fr\/confidentialite-et-acces-aux-dossiers\/","og_locale":"fr_CA","og_type":"article","og_title":"Acc\u00e8s aux Dossiers et Divulgation - CFSM","og_description":"Connexions Familiales de Simcoe Muskoka s'engage \u00e0 promouvoir la vie priv\u00e9e et \u00e0 prot\u00e9ger la confidentialit\u00e9 des informations personnelles que nous d\u00e9tenons sur les enfants, les jeunes et les familles avec lesquels nous travaillons.","og_url":"https:\/\/familyconnexions.ca\/fr\/confidentialite-et-acces-aux-dossiers\/","og_site_name":"CFSM","article_modified_time":"2026-01-06T17:18:39+00:00","og_image":[{"width":2560,"height":1708,"url":"https:\/\/familyconnexions.ca\/wp-content\/uploads\/2022\/10\/iStock_000070943841_Large-scaled.jpg","type":"image\/jpeg"}],"twitter_card":"summary_large_image","schema":{"@context":"https:\/\/schema.org","@graph":[{"@type":"WebPage","@id":"https:\/\/familyconnexions.ca\/fr\/confidentialite-et-acces-aux-dossiers\/","url":"https:\/\/familyconnexions.ca\/fr\/confidentialite-et-acces-aux-dossiers\/","name":"Acc\u00e8s aux Dossiers et Divulgation - CFSM","isPartOf":{"@id":"https:\/\/familyconnexions.ca\/#website"},"primaryImageOfPage":{"@id":"https:\/\/familyconnexions.ca\/fr\/confidentialite-et-acces-aux-dossiers\/#primaryimage"},"image":{"@id":"https:\/\/familyconnexions.ca\/fr\/confidentialite-et-acces-aux-dossiers\/#primaryimage"},"thumbnailUrl":"https:\/\/familyconnexions.ca\/wp-content\/uploads\/2022\/10\/iStock_000070943841_Large-scaled.jpg","datePublished":"2021-09-15T18:46:05+00:00","dateModified":"2026-01-06T17:18:39+00:00","description":"Connexions Familiales de Simcoe Muskoka s'engage \u00e0 promouvoir la vie priv\u00e9e et \u00e0 prot\u00e9ger la confidentialit\u00e9 des informations personnelles que nous d\u00e9tenons sur les enfants, les jeunes et les familles avec lesquels nous travaillons.","breadcrumb":{"@id":"https:\/\/familyconnexions.ca\/fr\/confidentialite-et-acces-aux-dossiers\/#breadcrumb"},"inLanguage":"fr-CA","potentialAction":[{"@type":"ReadAction","target":["https:\/\/familyconnexions.ca\/fr\/confidentialite-et-acces-aux-dossiers\/"]}]},{"@type":"ImageObject","inLanguage":"fr-CA","@id":"https:\/\/familyconnexions.ca\/fr\/confidentialite-et-acces-aux-dossiers\/#primaryimage","url":"https:\/\/familyconnexions.ca\/wp-content\/uploads\/2022\/10\/iStock_000070943841_Large-scaled.jpg","contentUrl":"https:\/\/familyconnexions.ca\/wp-content\/uploads\/2022\/10\/iStock_000070943841_Large-scaled.jpg","width":2560,"height":1708},{"@type":"BreadcrumbList","@id":"https:\/\/familyconnexions.ca\/fr\/confidentialite-et-acces-aux-dossiers\/#breadcrumb","itemListElement":[{"@type":"ListItem","position":1,"name":"Home","item":"https:\/\/familyconnexions.ca\/fr\/"},{"@type":"ListItem","position":2,"name":"Acc\u00e8s aux Dossiers et Divulgation"}]},{"@type":"WebSite","@id":"https:\/\/familyconnexions.ca\/#website","url":"https:\/\/familyconnexions.ca\/","name":"CFSM","description":"Connexions Familiales de Simcoe Muskoka","potentialAction":[{"@type":"SearchAction","target":{"@type":"EntryPoint","urlTemplate":"https:\/\/familyconnexions.ca\/?s={search_term_string}"},"query-input":{"@type":"PropertyValueSpecification","valueRequired":true,"valueName":"search_term_string"}}],"inLanguage":"fr-CA"}]}},"_links":{"self":[{"href":"https:\/\/familyconnexions.ca\/fr\/wp-json\/wp\/v2\/pages\/2982","targetHints":{"allow":["GET"]}}],"collection":[{"href":"https:\/\/familyconnexions.ca\/fr\/wp-json\/wp\/v2\/pages"}],"about":[{"href":"https:\/\/familyconnexions.ca\/fr\/wp-json\/wp\/v2\/types\/page"}],"author":[{"embeddable":true,"href":"https:\/\/familyconnexions.ca\/fr\/wp-json\/wp\/v2\/users\/1"}],"replies":[{"embeddable":true,"href":"https:\/\/familyconnexions.ca\/fr\/wp-json\/wp\/v2\/comments?post=2982"}],"version-history":[{"count":0,"href":"https:\/\/familyconnexions.ca\/fr\/wp-json\/wp\/v2\/pages\/2982\/revisions"}],"wp:featuredmedia":[{"embeddable":true,"href":"https:\/\/familyconnexions.ca\/fr\/wp-json\/wp\/v2\/media\/6273"}],"wp:attachment":[{"href":"https:\/\/familyconnexions.ca\/fr\/wp-json\/wp\/v2\/media?parent=2982"}],"curies":[{"name":"wp","href":"https:\/\/api.w.org\/{rel}","templated":true}]}}