{"id":2980,"date":"2021-09-15T18:47:12","date_gmt":"2021-09-15T18:47:12","guid":{"rendered":"http:\/\/yrcas.flywheelsites.com\/accountability-ministry-child-welfare-redesign\/"},"modified":"2023-02-09T16:07:50","modified_gmt":"2023-02-09T16:07:50","slug":"responsabilite-reconception-des-services-de-bien-etre-de-lenfance","status":"publish","type":"page","link":"https:\/\/familyconnexions.ca\/fr\/responsabilite-reconception-des-services-de-bien-etre-de-lenfance\/","title":{"rendered":"Reconception des services de bien-\u00eatre de l\u2019enfance"},"content":{"rendered":"\n<section id=\"centered-content-block_4db144d0aec7d15038976094444aed55\"\n         class=\"orange-block centered-content-block\"\n    >\n\n\n    \n    <div class=\"container\">\n        <div class=\"row\">\n            <div class=\"col-12 content-column\" tabindex=\"0\">\n                <div class=\"content-container\">\n                                            <h3>Le gouvernement de l\u2019Ontario a annonc\u00e9 en juillet 2020 ses plans de reconception des services de bien-\u00eatre de l\u2019enfance et pour renforcer les familles et les collectivit\u00e9s par la pr\u00e9vention, l\u2019intervention pr\u00e9coce et la recherche d\u2019un plus grand nombre de foyers permanents pour les enfants et les jeunes pris en charge lorsqu\u2019ils ne peuvent pas rester dans leur propre maison ou collectivit\u00e9.<\/h3>\n<p>Nous poursuivrons notre mission en respectant les cinq piliers strat\u00e9giques du minist\u00e8re en mati\u00e8re de reconception des services de bien-\u00eatre de l\u2019enfance :<\/p>\n<ol>\n<li>Renforcer le bien-\u00eatre des familles par des services de pr\u00e9vention communautaires assurant la s\u00e9curit\u00e9 des enfants en milieu familial;<\/li>\n<li>Am\u00e9liorer la qualit\u00e9 des soins en \u00e9tablissement fournis aux enfants et aux jeunes;<\/li>\n<li>Promouvoir le d\u00e9veloppement de liens des liens stables et durables pour les enfants et les jeunes, notamment sur le plan de l\u2019\u00e9ducation et des possibilit\u00e9s d\u2019emploi;<\/li>\n<li>Am\u00e9liorer l\u2019exp\u00e9rience de l\u2019adoption et privil\u00e9gier les options de type familial plut\u00f4t que les soins de groupe; et<\/li>\n<li>\u00c9tablir un syst\u00e8me du bien-\u00eatre de l\u2019enfance plus efficient et efficace soutenable sur le plan financier.<\/li>\n<\/ol>\n<p>Apprenez-en plus sur la strat\u00e9gie introduite en juillet 2020 pour\u00a0<a href=\"https:\/\/www.ontario.ca\/fr\/page\/reconception-des-services-de-bien-etre-de-lenfance\" target=\"_blank\" rel=\"noopener\">la reconception des services de bien-\u00eatre de l\u2019enfance<\/a>.<\/p>\n                <\/div>\n            <\/div>\n        <\/div>\n\n\t    \n    <\/div>\n    \n<\/section>\n\n<section id=\"centered-content-block_9cde78f714d26cf9ca90f62560407b95\"\n         class=\"orange-block centered-content-block has-bg-color-image bg-color-dark aligncenter\"\n    >\n\n\n    \n        <!-- Block title -->\n        <div class=\"container\">\n            <div class=\"row\">\n                <div class=\"col-12 block-title-wrap\">\n                    <h2 class=\"h2 block-title\">5 Pilliers Strat\u00e9giques de la Modernisation du syst\u00e8me de bien-\u00eatre de l&#039;enfance<\/h2>\n\n                                    <\/div>\n            <\/div>\n        <\/div>\n\n    \n    <div class=\"container\">\n        <div class=\"row\">\n            <div class=\"col-12 content-column\" tabindex=\"0\">\n                <div class=\"content-container\">\n                                            <p style=\"text-align: center;\"><a href=\"https:\/\/familyconnexions.ca\/wp-content\/uploads\/2022\/10\/MCCSS-ChildWelfare-Redesign-Overview-FR.pdf\" target=\"_blank\" rel=\"noopener\"><img loading=\"lazy\" decoding=\"async\" class=\"alignnone wp-image-6812 \" src=\"https:\/\/familyconnexions.ca\/wp-content\/uploads\/2022\/10\/CW-Redesign-FR-300x194.jpg\" alt=\"\" width=\"596\" height=\"385\" srcset=\"https:\/\/familyconnexions.ca\/wp-content\/uploads\/2022\/10\/CW-Redesign-FR-300x194.jpg 300w, https:\/\/familyconnexions.ca\/wp-content\/uploads\/2022\/10\/CW-Redesign-FR-1024x662.jpg 1024w, https:\/\/familyconnexions.ca\/wp-content\/uploads\/2022\/10\/CW-Redesign-FR-768x496.jpg 768w, https:\/\/familyconnexions.ca\/wp-content\/uploads\/2022\/10\/CW-Redesign-FR.jpg 1284w\" sizes=\"auto, (max-width: 596px) 100vw, 596px\" \/><\/a><\/p>\n                <\/div>\n            <\/div>\n        <\/div>\n\n\t    \n\t    <!-- Block link -->\n\t    <div class=\"row\">\n\t        <div class=\"col-12\">\n\t            <div class=\"block-button-container\">\n\t                <a href=\"https:\/\/familyconnexions.ca\/wp-content\/uploads\/2022\/10\/MCCSS-ChildWelfare-Redesign-Overview-FR.pdf\"\n\t                   class=\"btn btn-primary\"\t                   target=\"_blank\" aria-label=\"Cliquez ici pour t\u00e9l\u00e9charger\">\n\t                    Cliquez ici pour t\u00e9l\u00e9charger\t                <\/a>\n\t            <\/div>\n\t        <\/div>\n\t    <\/div>\n\n\n    <\/div>\n    \n<\/section>\n","protected":false},"excerpt":{"rendered":"","protected":false},"author":1,"featured_media":1387,"parent":0,"menu_order":121,"comment_status":"closed","ping_status":"closed","template":"","meta":{"_acf_changed":false,"footnotes":"","_links_to":"","_links_to_target":""},"class_list":["post-2980","page","type-page","status-publish","has-post-thumbnail","hentry"],"acf":[],"yoast_head":"<!-- This site is optimized with the Yoast SEO plugin v27.3 - https:\/\/yoast.com\/product\/yoast-seo-wordpress\/ -->\n<title>Reconception des services de bien-\u00eatre de l\u2019enfance - CFSM<\/title>\n<meta name=\"description\" content=\"\/\" \/>\n<meta name=\"robots\" content=\"index, follow, max-snippet:-1, max-image-preview:large, max-video-preview:-1\" \/>\n<link rel=\"canonical\" href=\"https:\/\/familyconnexions.ca\/fr\/responsabilite-reconception-des-services-de-bien-etre-de-lenfance\/\" \/>\n<meta property=\"og:locale\" content=\"fr_CA\" \/>\n<meta property=\"og:type\" content=\"article\" \/>\n<meta property=\"og:title\" content=\"Reconception des services de bien-\u00eatre de l\u2019enfance - CFSM\" \/>\n<meta property=\"og:description\" content=\"\/\" \/>\n<meta property=\"og:url\" content=\"https:\/\/familyconnexions.ca\/fr\/responsabilite-reconception-des-services-de-bien-etre-de-lenfance\/\" \/>\n<meta property=\"og:site_name\" content=\"CFSM\" \/>\n<meta property=\"article:modified_time\" content=\"2023-02-09T16:07:50+00:00\" \/>\n<meta property=\"og:image\" content=\"https:\/\/familyconnexions.ca\/wp-content\/uploads\/2021\/12\/HomePage_Banner.jpg\" \/>\n\t<meta property=\"og:image:width\" content=\"1800\" \/>\n\t<meta property=\"og:image:height\" content=\"1199\" \/>\n\t<meta property=\"og:image:type\" content=\"image\/jpeg\" \/>\n<meta name=\"twitter:card\" content=\"summary_large_image\" \/>\n<script type=\"application\/ld+json\" class=\"yoast-schema-graph\">{\"@context\":\"https:\\\/\\\/schema.org\",\"@graph\":[{\"@type\":\"WebPage\",\"@id\":\"https:\\\/\\\/familyconnexions.ca\\\/fr\\\/responsabilite-reconception-des-services-de-bien-etre-de-lenfance\\\/\",\"url\":\"https:\\\/\\\/familyconnexions.ca\\\/fr\\\/responsabilite-reconception-des-services-de-bien-etre-de-lenfance\\\/\",\"name\":\"Reconception des services de bien-\u00eatre de l\u2019enfance - CFSM\",\"isPartOf\":{\"@id\":\"https:\\\/\\\/familyconnexions.ca\\\/#website\"},\"primaryImageOfPage\":{\"@id\":\"https:\\\/\\\/familyconnexions.ca\\\/fr\\\/responsabilite-reconception-des-services-de-bien-etre-de-lenfance\\\/#primaryimage\"},\"image\":{\"@id\":\"https:\\\/\\\/familyconnexions.ca\\\/fr\\\/responsabilite-reconception-des-services-de-bien-etre-de-lenfance\\\/#primaryimage\"},\"thumbnailUrl\":\"https:\\\/\\\/familyconnexions.ca\\\/wp-content\\\/uploads\\\/2021\\\/12\\\/HomePage_Banner.jpg\",\"datePublished\":\"2021-09-15T18:47:12+00:00\",\"dateModified\":\"2023-02-09T16:07:50+00:00\",\"description\":\"\\\/\",\"breadcrumb\":{\"@id\":\"https:\\\/\\\/familyconnexions.ca\\\/fr\\\/responsabilite-reconception-des-services-de-bien-etre-de-lenfance\\\/#breadcrumb\"},\"inLanguage\":\"fr-CA\",\"potentialAction\":[{\"@type\":\"ReadAction\",\"target\":[\"https:\\\/\\\/familyconnexions.ca\\\/fr\\\/responsabilite-reconception-des-services-de-bien-etre-de-lenfance\\\/\"]}]},{\"@type\":\"ImageObject\",\"inLanguage\":\"fr-CA\",\"@id\":\"https:\\\/\\\/familyconnexions.ca\\\/fr\\\/responsabilite-reconception-des-services-de-bien-etre-de-lenfance\\\/#primaryimage\",\"url\":\"https:\\\/\\\/familyconnexions.ca\\\/wp-content\\\/uploads\\\/2021\\\/12\\\/HomePage_Banner.jpg\",\"contentUrl\":\"https:\\\/\\\/familyconnexions.ca\\\/wp-content\\\/uploads\\\/2021\\\/12\\\/HomePage_Banner.jpg\",\"width\":1800,\"height\":1199},{\"@type\":\"BreadcrumbList\",\"@id\":\"https:\\\/\\\/familyconnexions.ca\\\/fr\\\/responsabilite-reconception-des-services-de-bien-etre-de-lenfance\\\/#breadcrumb\",\"itemListElement\":[{\"@type\":\"ListItem\",\"position\":1,\"name\":\"Home\",\"item\":\"https:\\\/\\\/familyconnexions.ca\\\/fr\\\/\"},{\"@type\":\"ListItem\",\"position\":2,\"name\":\"Reconception des services de bien-\u00eatre de l\u2019enfance\"}]},{\"@type\":\"WebSite\",\"@id\":\"https:\\\/\\\/familyconnexions.ca\\\/#website\",\"url\":\"https:\\\/\\\/familyconnexions.ca\\\/\",\"name\":\"CFSM\",\"description\":\"Connexions Familiales de Simcoe Muskoka\",\"potentialAction\":[{\"@type\":\"SearchAction\",\"target\":{\"@type\":\"EntryPoint\",\"urlTemplate\":\"https:\\\/\\\/familyconnexions.ca\\\/?s={search_term_string}\"},\"query-input\":{\"@type\":\"PropertyValueSpecification\",\"valueRequired\":true,\"valueName\":\"search_term_string\"}}],\"inLanguage\":\"fr-CA\"}]}<\/script>\n<!-- \/ Yoast SEO plugin. -->","yoast_head_json":{"title":"Reconception des services de bien-\u00eatre de l\u2019enfance - CFSM","description":"\/","robots":{"index":"index","follow":"follow","max-snippet":"max-snippet:-1","max-image-preview":"max-image-preview:large","max-video-preview":"max-video-preview:-1"},"canonical":"https:\/\/familyconnexions.ca\/fr\/responsabilite-reconception-des-services-de-bien-etre-de-lenfance\/","og_locale":"fr_CA","og_type":"article","og_title":"Reconception des services de bien-\u00eatre de l\u2019enfance - CFSM","og_description":"\/","og_url":"https:\/\/familyconnexions.ca\/fr\/responsabilite-reconception-des-services-de-bien-etre-de-lenfance\/","og_site_name":"CFSM","article_modified_time":"2023-02-09T16:07:50+00:00","og_image":[{"width":1800,"height":1199,"url":"https:\/\/familyconnexions.ca\/wp-content\/uploads\/2021\/12\/HomePage_Banner.jpg","type":"image\/jpeg"}],"twitter_card":"summary_large_image","schema":{"@context":"https:\/\/schema.org","@graph":[{"@type":"WebPage","@id":"https:\/\/familyconnexions.ca\/fr\/responsabilite-reconception-des-services-de-bien-etre-de-lenfance\/","url":"https:\/\/familyconnexions.ca\/fr\/responsabilite-reconception-des-services-de-bien-etre-de-lenfance\/","name":"Reconception des services de bien-\u00eatre de l\u2019enfance - CFSM","isPartOf":{"@id":"https:\/\/familyconnexions.ca\/#website"},"primaryImageOfPage":{"@id":"https:\/\/familyconnexions.ca\/fr\/responsabilite-reconception-des-services-de-bien-etre-de-lenfance\/#primaryimage"},"image":{"@id":"https:\/\/familyconnexions.ca\/fr\/responsabilite-reconception-des-services-de-bien-etre-de-lenfance\/#primaryimage"},"thumbnailUrl":"https:\/\/familyconnexions.ca\/wp-content\/uploads\/2021\/12\/HomePage_Banner.jpg","datePublished":"2021-09-15T18:47:12+00:00","dateModified":"2023-02-09T16:07:50+00:00","description":"\/","breadcrumb":{"@id":"https:\/\/familyconnexions.ca\/fr\/responsabilite-reconception-des-services-de-bien-etre-de-lenfance\/#breadcrumb"},"inLanguage":"fr-CA","potentialAction":[{"@type":"ReadAction","target":["https:\/\/familyconnexions.ca\/fr\/responsabilite-reconception-des-services-de-bien-etre-de-lenfance\/"]}]},{"@type":"ImageObject","inLanguage":"fr-CA","@id":"https:\/\/familyconnexions.ca\/fr\/responsabilite-reconception-des-services-de-bien-etre-de-lenfance\/#primaryimage","url":"https:\/\/familyconnexions.ca\/wp-content\/uploads\/2021\/12\/HomePage_Banner.jpg","contentUrl":"https:\/\/familyconnexions.ca\/wp-content\/uploads\/2021\/12\/HomePage_Banner.jpg","width":1800,"height":1199},{"@type":"BreadcrumbList","@id":"https:\/\/familyconnexions.ca\/fr\/responsabilite-reconception-des-services-de-bien-etre-de-lenfance\/#breadcrumb","itemListElement":[{"@type":"ListItem","position":1,"name":"Home","item":"https:\/\/familyconnexions.ca\/fr\/"},{"@type":"ListItem","position":2,"name":"Reconception des services de bien-\u00eatre de l\u2019enfance"}]},{"@type":"WebSite","@id":"https:\/\/familyconnexions.ca\/#website","url":"https:\/\/familyconnexions.ca\/","name":"CFSM","description":"Connexions Familiales de Simcoe Muskoka","potentialAction":[{"@type":"SearchAction","target":{"@type":"EntryPoint","urlTemplate":"https:\/\/familyconnexions.ca\/?s={search_term_string}"},"query-input":{"@type":"PropertyValueSpecification","valueRequired":true,"valueName":"search_term_string"}}],"inLanguage":"fr-CA"}]}},"_links":{"self":[{"href":"https:\/\/familyconnexions.ca\/fr\/wp-json\/wp\/v2\/pages\/2980","targetHints":{"allow":["GET"]}}],"collection":[{"href":"https:\/\/familyconnexions.ca\/fr\/wp-json\/wp\/v2\/pages"}],"about":[{"href":"https:\/\/familyconnexions.ca\/fr\/wp-json\/wp\/v2\/types\/page"}],"author":[{"embeddable":true,"href":"https:\/\/familyconnexions.ca\/fr\/wp-json\/wp\/v2\/users\/1"}],"replies":[{"embeddable":true,"href":"https:\/\/familyconnexions.ca\/fr\/wp-json\/wp\/v2\/comments?post=2980"}],"version-history":[{"count":0,"href":"https:\/\/familyconnexions.ca\/fr\/wp-json\/wp\/v2\/pages\/2980\/revisions"}],"wp:featuredmedia":[{"embeddable":true,"href":"https:\/\/familyconnexions.ca\/fr\/wp-json\/wp\/v2\/media\/1387"}],"wp:attachment":[{"href":"https:\/\/familyconnexions.ca\/fr\/wp-json\/wp\/v2\/media?parent=2980"}],"curies":[{"name":"wp","href":"https:\/\/api.w.org\/{rel}","templated":true}]}}