{"id":2977,"date":"2021-09-15T18:48:32","date_gmt":"2021-09-15T18:48:32","guid":{"rendered":"http:\/\/yrcas.flywheelsites.com\/accountability-cpin\/"},"modified":"2025-11-21T18:34:48","modified_gmt":"2025-11-21T18:34:48","slug":"ripe","status":"publish","type":"page","link":"https:\/\/familyconnexions.ca\/fr\/ripe\/","title":{"rendered":"R\u00e9seau d\u2019information pour la protection de l\u2019enfance"},"content":{"rendered":"\n<section id=\"centered-content-block_a98ab68e2d76e29b3d7883aa903f278e\"\n         class=\"orange-block centered-content-block\"\n    >\n\n\n    \n    <div class=\"container\">\n        <div class=\"row\">\n            <div class=\"col-12 col-md-10 offset-md-1 col-lg-8 offset-lg-2 content-column\" tabindex=\"0\">\n                <div class=\"content-container\">\n                                            <h3>Le R\u00e9seau d\u2019information pour la protection de l\u2019enfance, ou RIPE tel que nous l\u2019appelons, est un syst\u00e8me provincial de gestion de l\u2019information permettant aux soci\u00e9t\u00e9s d\u2019aide \u00e0 l\u2019enfance de stocker de mani\u00e8re s\u00e9curis\u00e9e des informations personnelles num\u00e9ris\u00e9es et de g\u00e9rer des dossiers en une seule base de donn\u00e9es.<\/h3>\n<p>Lanc\u00e9 dans le cadre du plan du gouvernement provincial visant \u00e0 assurer la s\u00e9curit\u00e9 des enfants et \u00e0 moderniser le syst\u00e8me de protection de l\u2019enfance, le RIPE veille \u00e0 ce que les informations n\u00e9cessaires pour la prise des meilleures d\u00e9cisions pour chaque enfant et chaque jeune soient facilement accessibles \u00e0 toutes les soci\u00e9t\u00e9s d\u2019aide \u00e0 l\u2019enfance.<\/p>\n<p>Les soci\u00e9t\u00e9s d\u2019aide \u00e0 l\u2019enfance peuvent, gr\u00e2ce au RIPE, v\u00e9rifier ce que les enfants ont pr\u00e9c\u00e9demment re\u00e7u comme services de protection de l\u2019enfance, et ce, ind\u00e9pendamment de l\u2019endroit o\u00f9 les services ont \u00e9t\u00e9 fournis en Ontario. Les informations personnelles stock\u00e9es dans le RIPE ne sont partag\u00e9es qu\u2019avec les soci\u00e9t\u00e9s d\u2019aide \u00e0 l\u2019enfance ou d\u2019autres professionnels aux fins de la prestation de services de protection de l\u2019enfance.<\/p>\n<p>Pour en savoir plus, veuillez consulter notre <a href=\"https:\/\/familyconnexions.ca\/wp-content\/uploads\/2025\/11\/GL-GEN-001_Pratiques-relatives-aux-renseignements_FR-version-adulte.pdf\" target=\"_blank\" rel=\"noopener\">Avis sur les pratiques de collecte d\u2019informations personnelles<\/a>, lequel d\u00e9crit la mani\u00e8re dont elles seront utilis\u00e9es et partag\u00e9es.<\/p>\n                <\/div>\n            <\/div>\n        <\/div>\n\n\t    \n    <\/div>\n    \n<\/section>\n","protected":false},"excerpt":{"rendered":"","protected":false},"author":1,"featured_media":2596,"parent":0,"menu_order":73,"comment_status":"closed","ping_status":"closed","template":"","meta":{"_acf_changed":false,"footnotes":"","_links_to":"","_links_to_target":""},"class_list":["post-2977","page","type-page","status-publish","has-post-thumbnail","hentry"],"acf":[],"yoast_head":"<!-- This site is optimized with the Yoast SEO plugin v27.3 - https:\/\/yoast.com\/product\/yoast-seo-wordpress\/ -->\n<title>R\u00e9seau d\u2019information pour la protection de l\u2019enfance - CFSM<\/title>\n<meta name=\"description\" content=\"Le R\u00e9seau d\u2019information pour la protection de l\u2019enfance, ou RIPE tel que nous l\u2019appelons, est un syst\u00e8me provincial de gestion de l\u2019information permettant aux soci\u00e9t\u00e9s d\u2019aide \u00e0 l\u2019enfance de stocker de mani\u00e8re s\u00e9curis\u00e9e des informations personnelles num\u00e9ris\u00e9es et de g\u00e9rer des dossiers en une seule base de donn\u00e9es.\" \/>\n<meta name=\"robots\" content=\"index, follow, max-snippet:-1, max-image-preview:large, max-video-preview:-1\" \/>\n<link rel=\"canonical\" href=\"https:\/\/familyconnexions.ca\/fr\/ripe\/\" \/>\n<meta property=\"og:locale\" content=\"fr_CA\" \/>\n<meta property=\"og:type\" content=\"article\" \/>\n<meta property=\"og:title\" content=\"R\u00e9seau d\u2019information pour la protection de l\u2019enfance - CFSM\" \/>\n<meta property=\"og:description\" content=\"Le R\u00e9seau d\u2019information pour la protection de l\u2019enfance, ou RIPE tel que nous l\u2019appelons, est un syst\u00e8me provincial de gestion de l\u2019information permettant aux soci\u00e9t\u00e9s d\u2019aide \u00e0 l\u2019enfance de stocker de mani\u00e8re s\u00e9curis\u00e9e des informations personnelles num\u00e9ris\u00e9es et de g\u00e9rer des dossiers en une seule base de donn\u00e9es.\" \/>\n<meta property=\"og:url\" content=\"https:\/\/familyconnexions.ca\/fr\/ripe\/\" \/>\n<meta property=\"og:site_name\" content=\"CFSM\" \/>\n<meta property=\"article:modified_time\" content=\"2025-11-21T18:34:48+00:00\" \/>\n<meta property=\"og:image\" content=\"https:\/\/familyconnexions.ca\/wp-content\/uploads\/2022\/01\/Events_Banner_Web.jpg\" \/>\n\t<meta property=\"og:image:width\" content=\"1600\" \/>\n\t<meta property=\"og:image:height\" content=\"900\" \/>\n\t<meta property=\"og:image:type\" content=\"image\/jpeg\" \/>\n<meta name=\"twitter:card\" content=\"summary_large_image\" \/>\n<script type=\"application\/ld+json\" class=\"yoast-schema-graph\">{\"@context\":\"https:\\\/\\\/schema.org\",\"@graph\":[{\"@type\":\"WebPage\",\"@id\":\"https:\\\/\\\/familyconnexions.ca\\\/fr\\\/ripe\\\/\",\"url\":\"https:\\\/\\\/familyconnexions.ca\\\/fr\\\/ripe\\\/\",\"name\":\"R\u00e9seau d\u2019information pour la protection de l\u2019enfance - CFSM\",\"isPartOf\":{\"@id\":\"https:\\\/\\\/familyconnexions.ca\\\/#website\"},\"primaryImageOfPage\":{\"@id\":\"https:\\\/\\\/familyconnexions.ca\\\/fr\\\/ripe\\\/#primaryimage\"},\"image\":{\"@id\":\"https:\\\/\\\/familyconnexions.ca\\\/fr\\\/ripe\\\/#primaryimage\"},\"thumbnailUrl\":\"https:\\\/\\\/familyconnexions.ca\\\/wp-content\\\/uploads\\\/2022\\\/01\\\/Events_Banner_Web.jpg\",\"datePublished\":\"2021-09-15T18:48:32+00:00\",\"dateModified\":\"2025-11-21T18:34:48+00:00\",\"description\":\"Le R\u00e9seau d\u2019information pour la protection de l\u2019enfance, ou RIPE tel que nous l\u2019appelons, est un syst\u00e8me provincial de gestion de l\u2019information permettant aux soci\u00e9t\u00e9s d\u2019aide \u00e0 l\u2019enfance de stocker de mani\u00e8re s\u00e9curis\u00e9e des informations personnelles num\u00e9ris\u00e9es et de g\u00e9rer des dossiers en une seule base de donn\u00e9es.\",\"breadcrumb\":{\"@id\":\"https:\\\/\\\/familyconnexions.ca\\\/fr\\\/ripe\\\/#breadcrumb\"},\"inLanguage\":\"fr-CA\",\"potentialAction\":[{\"@type\":\"ReadAction\",\"target\":[\"https:\\\/\\\/familyconnexions.ca\\\/fr\\\/ripe\\\/\"]}]},{\"@type\":\"ImageObject\",\"inLanguage\":\"fr-CA\",\"@id\":\"https:\\\/\\\/familyconnexions.ca\\\/fr\\\/ripe\\\/#primaryimage\",\"url\":\"https:\\\/\\\/familyconnexions.ca\\\/wp-content\\\/uploads\\\/2022\\\/01\\\/Events_Banner_Web.jpg\",\"contentUrl\":\"https:\\\/\\\/familyconnexions.ca\\\/wp-content\\\/uploads\\\/2022\\\/01\\\/Events_Banner_Web.jpg\",\"width\":1600,\"height\":900},{\"@type\":\"BreadcrumbList\",\"@id\":\"https:\\\/\\\/familyconnexions.ca\\\/fr\\\/ripe\\\/#breadcrumb\",\"itemListElement\":[{\"@type\":\"ListItem\",\"position\":1,\"name\":\"Home\",\"item\":\"https:\\\/\\\/familyconnexions.ca\\\/fr\\\/\"},{\"@type\":\"ListItem\",\"position\":2,\"name\":\"R\u00e9seau d\u2019information pour la protection de l\u2019enfance\"}]},{\"@type\":\"WebSite\",\"@id\":\"https:\\\/\\\/familyconnexions.ca\\\/#website\",\"url\":\"https:\\\/\\\/familyconnexions.ca\\\/\",\"name\":\"CFSM\",\"description\":\"Connexions Familiales de Simcoe Muskoka\",\"potentialAction\":[{\"@type\":\"SearchAction\",\"target\":{\"@type\":\"EntryPoint\",\"urlTemplate\":\"https:\\\/\\\/familyconnexions.ca\\\/?s={search_term_string}\"},\"query-input\":{\"@type\":\"PropertyValueSpecification\",\"valueRequired\":true,\"valueName\":\"search_term_string\"}}],\"inLanguage\":\"fr-CA\"}]}<\/script>\n<!-- \/ Yoast SEO plugin. -->","yoast_head_json":{"title":"R\u00e9seau d\u2019information pour la protection de l\u2019enfance - CFSM","description":"Le R\u00e9seau d\u2019information pour la protection de l\u2019enfance, ou RIPE tel que nous l\u2019appelons, est un syst\u00e8me provincial de gestion de l\u2019information permettant aux soci\u00e9t\u00e9s d\u2019aide \u00e0 l\u2019enfance de stocker de mani\u00e8re s\u00e9curis\u00e9e des informations personnelles num\u00e9ris\u00e9es et de g\u00e9rer des dossiers en une seule base de donn\u00e9es.","robots":{"index":"index","follow":"follow","max-snippet":"max-snippet:-1","max-image-preview":"max-image-preview:large","max-video-preview":"max-video-preview:-1"},"canonical":"https:\/\/familyconnexions.ca\/fr\/ripe\/","og_locale":"fr_CA","og_type":"article","og_title":"R\u00e9seau d\u2019information pour la protection de l\u2019enfance - CFSM","og_description":"Le R\u00e9seau d\u2019information pour la protection de l\u2019enfance, ou RIPE tel que nous l\u2019appelons, est un syst\u00e8me provincial de gestion de l\u2019information permettant aux soci\u00e9t\u00e9s d\u2019aide \u00e0 l\u2019enfance de stocker de mani\u00e8re s\u00e9curis\u00e9e des informations personnelles num\u00e9ris\u00e9es et de g\u00e9rer des dossiers en une seule base de donn\u00e9es.","og_url":"https:\/\/familyconnexions.ca\/fr\/ripe\/","og_site_name":"CFSM","article_modified_time":"2025-11-21T18:34:48+00:00","og_image":[{"width":1600,"height":900,"url":"https:\/\/familyconnexions.ca\/wp-content\/uploads\/2022\/01\/Events_Banner_Web.jpg","type":"image\/jpeg"}],"twitter_card":"summary_large_image","schema":{"@context":"https:\/\/schema.org","@graph":[{"@type":"WebPage","@id":"https:\/\/familyconnexions.ca\/fr\/ripe\/","url":"https:\/\/familyconnexions.ca\/fr\/ripe\/","name":"R\u00e9seau d\u2019information pour la protection de l\u2019enfance - CFSM","isPartOf":{"@id":"https:\/\/familyconnexions.ca\/#website"},"primaryImageOfPage":{"@id":"https:\/\/familyconnexions.ca\/fr\/ripe\/#primaryimage"},"image":{"@id":"https:\/\/familyconnexions.ca\/fr\/ripe\/#primaryimage"},"thumbnailUrl":"https:\/\/familyconnexions.ca\/wp-content\/uploads\/2022\/01\/Events_Banner_Web.jpg","datePublished":"2021-09-15T18:48:32+00:00","dateModified":"2025-11-21T18:34:48+00:00","description":"Le R\u00e9seau d\u2019information pour la protection de l\u2019enfance, ou RIPE tel que nous l\u2019appelons, est un syst\u00e8me provincial de gestion de l\u2019information permettant aux soci\u00e9t\u00e9s d\u2019aide \u00e0 l\u2019enfance de stocker de mani\u00e8re s\u00e9curis\u00e9e des informations personnelles num\u00e9ris\u00e9es et de g\u00e9rer des dossiers en une seule base de donn\u00e9es.","breadcrumb":{"@id":"https:\/\/familyconnexions.ca\/fr\/ripe\/#breadcrumb"},"inLanguage":"fr-CA","potentialAction":[{"@type":"ReadAction","target":["https:\/\/familyconnexions.ca\/fr\/ripe\/"]}]},{"@type":"ImageObject","inLanguage":"fr-CA","@id":"https:\/\/familyconnexions.ca\/fr\/ripe\/#primaryimage","url":"https:\/\/familyconnexions.ca\/wp-content\/uploads\/2022\/01\/Events_Banner_Web.jpg","contentUrl":"https:\/\/familyconnexions.ca\/wp-content\/uploads\/2022\/01\/Events_Banner_Web.jpg","width":1600,"height":900},{"@type":"BreadcrumbList","@id":"https:\/\/familyconnexions.ca\/fr\/ripe\/#breadcrumb","itemListElement":[{"@type":"ListItem","position":1,"name":"Home","item":"https:\/\/familyconnexions.ca\/fr\/"},{"@type":"ListItem","position":2,"name":"R\u00e9seau d\u2019information pour la protection de l\u2019enfance"}]},{"@type":"WebSite","@id":"https:\/\/familyconnexions.ca\/#website","url":"https:\/\/familyconnexions.ca\/","name":"CFSM","description":"Connexions Familiales de Simcoe Muskoka","potentialAction":[{"@type":"SearchAction","target":{"@type":"EntryPoint","urlTemplate":"https:\/\/familyconnexions.ca\/?s={search_term_string}"},"query-input":{"@type":"PropertyValueSpecification","valueRequired":true,"valueName":"search_term_string"}}],"inLanguage":"fr-CA"}]}},"_links":{"self":[{"href":"https:\/\/familyconnexions.ca\/fr\/wp-json\/wp\/v2\/pages\/2977","targetHints":{"allow":["GET"]}}],"collection":[{"href":"https:\/\/familyconnexions.ca\/fr\/wp-json\/wp\/v2\/pages"}],"about":[{"href":"https:\/\/familyconnexions.ca\/fr\/wp-json\/wp\/v2\/types\/page"}],"author":[{"embeddable":true,"href":"https:\/\/familyconnexions.ca\/fr\/wp-json\/wp\/v2\/users\/1"}],"replies":[{"embeddable":true,"href":"https:\/\/familyconnexions.ca\/fr\/wp-json\/wp\/v2\/comments?post=2977"}],"version-history":[{"count":0,"href":"https:\/\/familyconnexions.ca\/fr\/wp-json\/wp\/v2\/pages\/2977\/revisions"}],"wp:featuredmedia":[{"embeddable":true,"href":"https:\/\/familyconnexions.ca\/fr\/wp-json\/wp\/v2\/media\/2596"}],"wp:attachment":[{"href":"https:\/\/familyconnexions.ca\/fr\/wp-json\/wp\/v2\/media?parent=2977"}],"curies":[{"name":"wp","href":"https:\/\/api.w.org\/{rel}","templated":true}]}}