{"id":13390,"date":"2025-06-12T14:51:49","date_gmt":"2025-06-12T14:51:49","guid":{"rendered":"https:\/\/familyconnexions.ca\/ressources-en-cas-de-crise-de-sante-mentale-pour-les-enfants-jeunes\/"},"modified":"2025-06-12T14:51:49","modified_gmt":"2025-06-12T14:51:49","slug":"ressources-en-cas-de-crise-de-sante-mentale-pour-les-enfants-jeunes","status":"publish","type":"page","link":"https:\/\/familyconnexions.ca\/fr\/ressources-en-cas-de-crise-de-sante-mentale-pour-les-enfants-jeunes\/","title":{"rendered":"Ressources en cas de Crise de Sant\u00e9 Mentale pour les Enfants &#038; Jeunes"},"content":{"rendered":"\n<section id=\"centered-content-block_1bdb4b46ebaa6bfd334bf7a77fd6894f\"\n         class=\"orange-block centered-content-block\"\n    >\n\n\n    \n        <!-- Block title -->\n        <div class=\"container\">\n            <div class=\"row\">\n                <div class=\"col-12 block-title-wrap\">\n                    <h2 class=\"h2 block-title\">Du soutien quand vous en avez besoin!<\/h2>\n\n                                    <\/div>\n            <\/div>\n        <\/div>\n\n    \n    <div class=\"container\">\n        <div class=\"row\">\n            <div class=\"col-12 content-column\" tabindex=\"0\">\n                <div class=\"content-container\">\n                                            <p>Le Programme d&rsquo;intervention en cas de crise en sant\u00e9 mentale pour enfants et adolescents offre un soutien imm\u00e9diat aux enfants et aux jeunes en situation de crise et permet \u00e0 notre communaut\u00e9 d&rsquo;acc\u00e9der \u00e0 une \u00e9valuation et \u00e0 une planification de crise, au besoin.<\/p>\n<p>Une crise en sant\u00e9 mentale peut inclure des pens\u00e9es suicidaires ou autodestructrices, un sentiment d&rsquo;accablement ou de d\u00e9sespoir, une anxi\u00e9t\u00e9 intense, une d\u00e9pression profonde, un sentiment d&rsquo;incapacit\u00e9 \u00e0 faire face ou une sensation de perte de contr\u00f4le.<\/p>\n<p>Connexions Familiales de Simcoe Muskoka (CFSM) s&rsquo;est associ\u00e9 \u00e0 Jeunesse, J&rsquo;\u00e9coute pour assurer une r\u00e9ponse t\u00e9l\u00e9phonique et virtuelle 24 heures sur 24, 7 jours sur 7, par un professionnel qualifi\u00e9. Les enfants et les jeunes seront \u00e9cout\u00e9s, soutenus et, avec l&rsquo;aide du professionnel qualifi\u00e9, une aide sera fournie pour \u00e9laborer un plan de s\u00e9curit\u00e9.<\/p>\n<p>Les enfants, les jeunes et les familles de Muskoka qui, en temps de crise, sont soutenus par un h\u00f4pital, la Police Provinciale de l&rsquo;Ontario, une \u00e9cole ou d&rsquo;autres professionnels de la communaut\u00e9 b\u00e9n\u00e9ficieront d&rsquo;un service et d&rsquo;un soutien en cas de crise assur\u00e9s par un clinicien en intervention en cas de crise de CFSM. Les partenaires communautaires sont pri\u00e9s de suivre les instructions t\u00e9l\u00e9phoniques (appuyez sur le 2) pour joindre nos cliniciens entre 9 h et 21 h, du lundi au vendredi.<\/p>\n<p><strong>Ligne de crise SMEJ de Muskoka<\/strong>\u00a0: 1\u00a0844\u00a0287-9072<br \/>\n<strong>Jeunesse, J&rsquo;\u00e9coute<\/strong> : composez le 1 800 668-6868 ou envoyez le message CONNECT au 686868.<\/p>\n                <\/div>\n            <\/div>\n        <\/div>\n\n\t    \n    <\/div>\n    \n<\/section>\n\n            <section id=\"cta-block_02f96a10f86b8761db7af31eb8d4079a\" class=\"orange-block cta-block has-bg-color-image bg-color-dark full-width-cta select-posts has-post-image text-dark align-left show-image container-container no-bg-image\">\n\n                \n                \n                <div class=\"section-contents\">\n                    <div class=\"container\">\n\n                        \n                        <!-- Block content -->\n                        \n                        <div class=\"row column-count-1\">\n                                                        <!-- Single CTA -->\n                                <div class=\"col cta-col\">\n\t                            \n                                        <div class=\"card align-left\">\n                                            <div class=\"card-body has-image\">\n\n                                                    <div class=\"card-content has-image\">\n            <!-- Title -->\n                            <h3 class=\"h3 card-title\">Jeunesse, J&rsquo;\u00e9coute<\/h3>\n            \n            <div class=\"card-text-and-links\">\n                            <!-- Description -->\n                <div class=\"card-text\"><p>Vous pouvez avoir un acc\u00e8s direct au soutien 24 heures sur 24, 7 jours sur 7 gr\u00e2ce \u00e0 la messagerie en ligne de Jeunesse, J&rsquo;\u00e9coute.<\/p>\n<\/div>\n            \n                            <div class=\"card-link-container\">\n                                                <a class=\"card-link learn-more-link btn btn-primary\"\n                               href=\"https:\/\/connect.crisistextlineca.org\/chat?k=SimcoeMuskokaFamilyConnections\"\n                               target=\"_blank\"\n                               aria-label=\"Visit this link: Cliquez ici pour acc\u00e9der \u00e0 la messagerie en ligne\">\n                                Cliquez ici pour acc\u00e9der \u00e0 la messagerie en ligne                            <\/a>\n                            \n                    \n\n                <\/div>\n\t                    <\/div>\n\n\n\n        <\/div>\n\n        \n        <div class=\"card-image-container has-image\">\n                    <div class=\"card-image\">\n                <img loading=\"lazy\" decoding=\"async\" width=\"1024\" height=\"576\" src=\"https:\/\/familyconnexions.ca\/wp-content\/uploads\/2025\/06\/photo-library-for-website-hub-63-1024x576.png\" class=\"attachment-large size-large\" alt=\"\" srcset=\"https:\/\/familyconnexions.ca\/wp-content\/uploads\/2025\/06\/photo-library-for-website-hub-63-1024x576.png 1024w, https:\/\/familyconnexions.ca\/wp-content\/uploads\/2025\/06\/photo-library-for-website-hub-63-300x169.png 300w, https:\/\/familyconnexions.ca\/wp-content\/uploads\/2025\/06\/photo-library-for-website-hub-63-768x432.png 768w, https:\/\/familyconnexions.ca\/wp-content\/uploads\/2025\/06\/photo-library-for-website-hub-63-1536x864.png 1536w, https:\/\/familyconnexions.ca\/wp-content\/uploads\/2025\/06\/photo-library-for-website-hub-63.png 1600w\" sizes=\"auto, (max-width: 1024px) 100vw, 1024px\" \/>            <\/div>\n                <\/div>\n\n    \n                                            <\/div>\n                                        <\/div>\n\n                                \n                                <\/div>\n\n                            \n                        <\/div>\n\n                                                \n                    <\/div>\n                <\/div>\n            <\/section>\n        ","protected":false},"excerpt":{"rendered":"","protected":false},"author":32,"featured_media":13322,"parent":0,"menu_order":6,"comment_status":"closed","ping_status":"closed","template":"","meta":{"_acf_changed":false,"footnotes":"","_links_to":"","_links_to_target":""},"class_list":["post-13390","page","type-page","status-publish","has-post-thumbnail","hentry"],"acf":[],"yoast_head":"<!-- This site is optimized with the Yoast SEO plugin v27.3 - https:\/\/yoast.com\/product\/yoast-seo-wordpress\/ -->\n<title>Ressources en cas de Crise de Sant\u00e9 Mentale pour les Enfants &amp; Jeunes - CFSM<\/title>\n<meta name=\"robots\" content=\"index, follow, max-snippet:-1, max-image-preview:large, max-video-preview:-1\" \/>\n<link rel=\"canonical\" href=\"https:\/\/familyconnexions.ca\/fr\/ressources-en-cas-de-crise-de-sante-mentale-pour-les-enfants-jeunes\/\" \/>\n<meta property=\"og:locale\" content=\"fr_CA\" \/>\n<meta property=\"og:type\" content=\"article\" \/>\n<meta property=\"og:title\" content=\"Ressources en cas de Crise de Sant\u00e9 Mentale pour les Enfants &amp; Jeunes - CFSM\" \/>\n<meta property=\"og:url\" content=\"https:\/\/familyconnexions.ca\/fr\/ressources-en-cas-de-crise-de-sante-mentale-pour-les-enfants-jeunes\/\" \/>\n<meta property=\"og:site_name\" content=\"CFSM\" \/>\n<meta property=\"og:image\" content=\"https:\/\/familyconnexions.ca\/wp-content\/uploads\/2025\/05\/photo-library-for-website-hub-55.png\" \/>\n\t<meta property=\"og:image:width\" content=\"1600\" \/>\n\t<meta property=\"og:image:height\" content=\"900\" \/>\n\t<meta property=\"og:image:type\" content=\"image\/png\" \/>\n<meta name=\"twitter:card\" content=\"summary_large_image\" \/>\n<script type=\"application\/ld+json\" class=\"yoast-schema-graph\">{\"@context\":\"https:\\\/\\\/schema.org\",\"@graph\":[{\"@type\":\"WebPage\",\"@id\":\"https:\\\/\\\/familyconnexions.ca\\\/fr\\\/ressources-en-cas-de-crise-de-sante-mentale-pour-les-enfants-jeunes\\\/\",\"url\":\"https:\\\/\\\/familyconnexions.ca\\\/fr\\\/ressources-en-cas-de-crise-de-sante-mentale-pour-les-enfants-jeunes\\\/\",\"name\":\"Ressources en cas de Crise de Sant\u00e9 Mentale pour les Enfants & Jeunes - CFSM\",\"isPartOf\":{\"@id\":\"https:\\\/\\\/familyconnexions.ca\\\/#website\"},\"primaryImageOfPage\":{\"@id\":\"https:\\\/\\\/familyconnexions.ca\\\/fr\\\/ressources-en-cas-de-crise-de-sante-mentale-pour-les-enfants-jeunes\\\/#primaryimage\"},\"image\":{\"@id\":\"https:\\\/\\\/familyconnexions.ca\\\/fr\\\/ressources-en-cas-de-crise-de-sante-mentale-pour-les-enfants-jeunes\\\/#primaryimage\"},\"thumbnailUrl\":\"https:\\\/\\\/familyconnexions.ca\\\/wp-content\\\/uploads\\\/2025\\\/05\\\/photo-library-for-website-hub-55.png\",\"datePublished\":\"2025-06-12T14:51:49+00:00\",\"breadcrumb\":{\"@id\":\"https:\\\/\\\/familyconnexions.ca\\\/fr\\\/ressources-en-cas-de-crise-de-sante-mentale-pour-les-enfants-jeunes\\\/#breadcrumb\"},\"inLanguage\":\"fr-CA\",\"potentialAction\":[{\"@type\":\"ReadAction\",\"target\":[\"https:\\\/\\\/familyconnexions.ca\\\/fr\\\/ressources-en-cas-de-crise-de-sante-mentale-pour-les-enfants-jeunes\\\/\"]}]},{\"@type\":\"ImageObject\",\"inLanguage\":\"fr-CA\",\"@id\":\"https:\\\/\\\/familyconnexions.ca\\\/fr\\\/ressources-en-cas-de-crise-de-sante-mentale-pour-les-enfants-jeunes\\\/#primaryimage\",\"url\":\"https:\\\/\\\/familyconnexions.ca\\\/wp-content\\\/uploads\\\/2025\\\/05\\\/photo-library-for-website-hub-55.png\",\"contentUrl\":\"https:\\\/\\\/familyconnexions.ca\\\/wp-content\\\/uploads\\\/2025\\\/05\\\/photo-library-for-website-hub-55.png\",\"width\":1600,\"height\":900},{\"@type\":\"BreadcrumbList\",\"@id\":\"https:\\\/\\\/familyconnexions.ca\\\/fr\\\/ressources-en-cas-de-crise-de-sante-mentale-pour-les-enfants-jeunes\\\/#breadcrumb\",\"itemListElement\":[{\"@type\":\"ListItem\",\"position\":1,\"name\":\"Home\",\"item\":\"https:\\\/\\\/familyconnexions.ca\\\/fr\\\/\"},{\"@type\":\"ListItem\",\"position\":2,\"name\":\"Ressources en cas de Crise de Sant\u00e9 Mentale pour les Enfants &#038; Jeunes\"}]},{\"@type\":\"WebSite\",\"@id\":\"https:\\\/\\\/familyconnexions.ca\\\/#website\",\"url\":\"https:\\\/\\\/familyconnexions.ca\\\/\",\"name\":\"CFSM\",\"description\":\"Connexions Familiales de Simcoe Muskoka\",\"potentialAction\":[{\"@type\":\"SearchAction\",\"target\":{\"@type\":\"EntryPoint\",\"urlTemplate\":\"https:\\\/\\\/familyconnexions.ca\\\/?s={search_term_string}\"},\"query-input\":{\"@type\":\"PropertyValueSpecification\",\"valueRequired\":true,\"valueName\":\"search_term_string\"}}],\"inLanguage\":\"fr-CA\"}]}<\/script>\n<!-- \/ Yoast SEO plugin. -->","yoast_head_json":{"title":"Ressources en cas de Crise de Sant\u00e9 Mentale pour les Enfants & Jeunes - CFSM","robots":{"index":"index","follow":"follow","max-snippet":"max-snippet:-1","max-image-preview":"max-image-preview:large","max-video-preview":"max-video-preview:-1"},"canonical":"https:\/\/familyconnexions.ca\/fr\/ressources-en-cas-de-crise-de-sante-mentale-pour-les-enfants-jeunes\/","og_locale":"fr_CA","og_type":"article","og_title":"Ressources en cas de Crise de Sant\u00e9 Mentale pour les Enfants & Jeunes - CFSM","og_url":"https:\/\/familyconnexions.ca\/fr\/ressources-en-cas-de-crise-de-sante-mentale-pour-les-enfants-jeunes\/","og_site_name":"CFSM","og_image":[{"width":1600,"height":900,"url":"https:\/\/familyconnexions.ca\/wp-content\/uploads\/2025\/05\/photo-library-for-website-hub-55.png","type":"image\/png"}],"twitter_card":"summary_large_image","schema":{"@context":"https:\/\/schema.org","@graph":[{"@type":"WebPage","@id":"https:\/\/familyconnexions.ca\/fr\/ressources-en-cas-de-crise-de-sante-mentale-pour-les-enfants-jeunes\/","url":"https:\/\/familyconnexions.ca\/fr\/ressources-en-cas-de-crise-de-sante-mentale-pour-les-enfants-jeunes\/","name":"Ressources en cas de Crise de Sant\u00e9 Mentale pour les Enfants & Jeunes - CFSM","isPartOf":{"@id":"https:\/\/familyconnexions.ca\/#website"},"primaryImageOfPage":{"@id":"https:\/\/familyconnexions.ca\/fr\/ressources-en-cas-de-crise-de-sante-mentale-pour-les-enfants-jeunes\/#primaryimage"},"image":{"@id":"https:\/\/familyconnexions.ca\/fr\/ressources-en-cas-de-crise-de-sante-mentale-pour-les-enfants-jeunes\/#primaryimage"},"thumbnailUrl":"https:\/\/familyconnexions.ca\/wp-content\/uploads\/2025\/05\/photo-library-for-website-hub-55.png","datePublished":"2025-06-12T14:51:49+00:00","breadcrumb":{"@id":"https:\/\/familyconnexions.ca\/fr\/ressources-en-cas-de-crise-de-sante-mentale-pour-les-enfants-jeunes\/#breadcrumb"},"inLanguage":"fr-CA","potentialAction":[{"@type":"ReadAction","target":["https:\/\/familyconnexions.ca\/fr\/ressources-en-cas-de-crise-de-sante-mentale-pour-les-enfants-jeunes\/"]}]},{"@type":"ImageObject","inLanguage":"fr-CA","@id":"https:\/\/familyconnexions.ca\/fr\/ressources-en-cas-de-crise-de-sante-mentale-pour-les-enfants-jeunes\/#primaryimage","url":"https:\/\/familyconnexions.ca\/wp-content\/uploads\/2025\/05\/photo-library-for-website-hub-55.png","contentUrl":"https:\/\/familyconnexions.ca\/wp-content\/uploads\/2025\/05\/photo-library-for-website-hub-55.png","width":1600,"height":900},{"@type":"BreadcrumbList","@id":"https:\/\/familyconnexions.ca\/fr\/ressources-en-cas-de-crise-de-sante-mentale-pour-les-enfants-jeunes\/#breadcrumb","itemListElement":[{"@type":"ListItem","position":1,"name":"Home","item":"https:\/\/familyconnexions.ca\/fr\/"},{"@type":"ListItem","position":2,"name":"Ressources en cas de Crise de Sant\u00e9 Mentale pour les Enfants &#038; Jeunes"}]},{"@type":"WebSite","@id":"https:\/\/familyconnexions.ca\/#website","url":"https:\/\/familyconnexions.ca\/","name":"CFSM","description":"Connexions Familiales de Simcoe Muskoka","potentialAction":[{"@type":"SearchAction","target":{"@type":"EntryPoint","urlTemplate":"https:\/\/familyconnexions.ca\/?s={search_term_string}"},"query-input":{"@type":"PropertyValueSpecification","valueRequired":true,"valueName":"search_term_string"}}],"inLanguage":"fr-CA"}]}},"_links":{"self":[{"href":"https:\/\/familyconnexions.ca\/fr\/wp-json\/wp\/v2\/pages\/13390","targetHints":{"allow":["GET"]}}],"collection":[{"href":"https:\/\/familyconnexions.ca\/fr\/wp-json\/wp\/v2\/pages"}],"about":[{"href":"https:\/\/familyconnexions.ca\/fr\/wp-json\/wp\/v2\/types\/page"}],"author":[{"embeddable":true,"href":"https:\/\/familyconnexions.ca\/fr\/wp-json\/wp\/v2\/users\/32"}],"replies":[{"embeddable":true,"href":"https:\/\/familyconnexions.ca\/fr\/wp-json\/wp\/v2\/comments?post=13390"}],"version-history":[{"count":0,"href":"https:\/\/familyconnexions.ca\/fr\/wp-json\/wp\/v2\/pages\/13390\/revisions"}],"wp:featuredmedia":[{"embeddable":true,"href":"https:\/\/familyconnexions.ca\/fr\/wp-json\/wp\/v2\/media\/13322"}],"wp:attachment":[{"href":"https:\/\/familyconnexions.ca\/fr\/wp-json\/wp\/v2\/media?parent=13390"}],"curies":[{"name":"wp","href":"https:\/\/api.w.org\/{rel}","templated":true}]}}