{"id":13091,"date":"2024-10-15T20:01:46","date_gmt":"2024-10-15T20:01:46","guid":{"rendered":"https:\/\/familyconnexions.ca\/programme-a-vos-marques-prets-partez\/"},"modified":"2024-10-15T20:04:13","modified_gmt":"2024-10-15T20:04:13","slug":"programme-a-vos-marques-prets-partez","status":"publish","type":"page","link":"https:\/\/familyconnexions.ca\/fr\/programme-a-vos-marques-prets-partez\/","title":{"rendered":"Programme \u00c0 vos marques, Pr\u00eats, Partez"},"content":{"rendered":"\n<section id=\"centered-content-block_9ee21416b5eed4abb70b85814a5497a1\"\n         class=\"orange-block centered-content-block\"\n    >\n\n\n    \n    <div class=\"container\">\n        <div class=\"row\">\n            <div class=\"col-12 content-column\" tabindex=\"0\">\n                <div class=\"content-container\">\n                                            <p>Le programme \u00c0 vos marques, pr\u00eats, partez (AVMPP) lanc\u00e9 en 2023, remplace le programme de soins et de soutien continus pour les jeunes (SSCJ). AVMPP vise \u00e0 fournir aux jeunes quittant la prise en charge les soutiens n\u00e9cessaires pour r\u00e9ussir leur passage vers l\u2019\u00e2ge adulte.<\/p>\n<h3>Admissibilit\u00e9 au programme AVMPP<\/h3>\n<p>Vous \u00eates admissible si :<\/p>\n<ul>\n<li>Vous \u00e9tiez pris en charge de fa\u00e7on prolong\u00e9e par une soci\u00e9t\u00e9 \u00e0 votre 18 anniversaire;<\/li>\n<li>Vous \u00e9tiez pris en charge dans le cadre d\u2019une entente de soins conformes aux traditions ou vous aviez conclu une ESVJ juste avant d\u2019avoir 18 ans;<\/li>\n<li>Vous \u00e9tiez pris en charge de fa\u00e7on prolong\u00e9e par une soci\u00e9t\u00e9 puis plac\u00e9 sous garde l\u00e9gale par ordonnance du tribunal jusqu\u2019\u00e0 vos 18 ans;<\/li>\n<li>Vous vous \u00eates mari\u00e9 avant l\u2019\u00e2ge de 18 ans et vous \u00e9tiez pris en charge de fa\u00e7on prolong\u00e9e par une soci\u00e9t\u00e9 ou sous la garde l\u00e9gale d\u2019un soignant imm\u00e9diatement avant le mariage;<\/li>\n<\/ul>\n<p>ET vous acceptez de signer une entente ESVJ et un plan jeunesse.<\/p>\n<p>Consultez la brochure \u00c0 vos marques, pr\u00eats, partez, dans\u00a0<a href=\"https:\/\/familyconnexions.ca\/fr\/brochures\/\" target=\"_blank\" rel=\"noopener\">la section Brochures<\/a> de notre site internet, pour en savoir davantage sur l\u2019admissibilit\u00e9, les soutiens et les services offerts et les exigences d\u2019une telle entente.<\/p>\n<p><a href=\"https:\/\/www.ontario.ca\/fr\/page\/soutien-aux-jeunes-du-systeme-de-bien-etre-de-lenfance\" target=\"_blank\" rel=\"noopener\">Pour en savoir davantage sur le programme \u00c0 vos marques, pr\u00eats, partez, cliquez ici.<\/a><\/p>\n<p><strong>Si vous avez des questions sur ce programme, veuillez contacter votre travailleur(euse).<\/strong><\/p>\n                <\/div>\n            <\/div>\n        <\/div>\n\n\t    \n    <\/div>\n    \n<\/section>\n","protected":false},"excerpt":{"rendered":"","protected":false},"author":32,"featured_media":13027,"parent":0,"menu_order":9,"comment_status":"closed","ping_status":"closed","template":"","meta":{"_acf_changed":false,"footnotes":"","_links_to":"","_links_to_target":""},"class_list":["post-13091","page","type-page","status-publish","has-post-thumbnail","hentry"],"acf":[],"yoast_head":"<!-- This site is optimized with the Yoast SEO plugin v27.3 - https:\/\/yoast.com\/product\/yoast-seo-wordpress\/ -->\n<title>Programme \u00c0 vos marques, Pr\u00eats, Partez - CFSM<\/title>\n<meta name=\"robots\" content=\"index, follow, max-snippet:-1, max-image-preview:large, max-video-preview:-1\" \/>\n<link rel=\"canonical\" href=\"https:\/\/familyconnexions.ca\/fr\/programme-a-vos-marques-prets-partez\/\" \/>\n<meta property=\"og:locale\" content=\"fr_CA\" \/>\n<meta property=\"og:type\" content=\"article\" \/>\n<meta property=\"og:title\" content=\"Programme \u00c0 vos marques, Pr\u00eats, Partez - CFSM\" \/>\n<meta property=\"og:url\" content=\"https:\/\/familyconnexions.ca\/fr\/programme-a-vos-marques-prets-partez\/\" \/>\n<meta property=\"og:site_name\" content=\"CFSM\" \/>\n<meta property=\"article:modified_time\" content=\"2024-10-15T20:04:13+00:00\" \/>\n<meta property=\"og:image\" content=\"https:\/\/familyconnexions.ca\/wp-content\/uploads\/2024\/09\/photo-library-for-website-hub-31-1024x576.png\" \/>\n\t<meta property=\"og:image:width\" content=\"1024\" \/>\n\t<meta property=\"og:image:height\" content=\"576\" \/>\n\t<meta property=\"og:image:type\" content=\"image\/png\" \/>\n<meta name=\"twitter:card\" content=\"summary_large_image\" \/>\n<script type=\"application\/ld+json\" class=\"yoast-schema-graph\">{\"@context\":\"https:\\\/\\\/schema.org\",\"@graph\":[{\"@type\":\"WebPage\",\"@id\":\"https:\\\/\\\/familyconnexions.ca\\\/fr\\\/programme-a-vos-marques-prets-partez\\\/\",\"url\":\"https:\\\/\\\/familyconnexions.ca\\\/fr\\\/programme-a-vos-marques-prets-partez\\\/\",\"name\":\"Programme \u00c0 vos marques, Pr\u00eats, Partez - CFSM\",\"isPartOf\":{\"@id\":\"https:\\\/\\\/familyconnexions.ca\\\/#website\"},\"primaryImageOfPage\":{\"@id\":\"https:\\\/\\\/familyconnexions.ca\\\/fr\\\/programme-a-vos-marques-prets-partez\\\/#primaryimage\"},\"image\":{\"@id\":\"https:\\\/\\\/familyconnexions.ca\\\/fr\\\/programme-a-vos-marques-prets-partez\\\/#primaryimage\"},\"thumbnailUrl\":\"https:\\\/\\\/familyconnexions.ca\\\/wp-content\\\/uploads\\\/2024\\\/09\\\/photo-library-for-website-hub-31.png\",\"datePublished\":\"2024-10-15T20:01:46+00:00\",\"dateModified\":\"2024-10-15T20:04:13+00:00\",\"breadcrumb\":{\"@id\":\"https:\\\/\\\/familyconnexions.ca\\\/fr\\\/programme-a-vos-marques-prets-partez\\\/#breadcrumb\"},\"inLanguage\":\"fr-CA\",\"potentialAction\":[{\"@type\":\"ReadAction\",\"target\":[\"https:\\\/\\\/familyconnexions.ca\\\/fr\\\/programme-a-vos-marques-prets-partez\\\/\"]}]},{\"@type\":\"ImageObject\",\"inLanguage\":\"fr-CA\",\"@id\":\"https:\\\/\\\/familyconnexions.ca\\\/fr\\\/programme-a-vos-marques-prets-partez\\\/#primaryimage\",\"url\":\"https:\\\/\\\/familyconnexions.ca\\\/wp-content\\\/uploads\\\/2024\\\/09\\\/photo-library-for-website-hub-31.png\",\"contentUrl\":\"https:\\\/\\\/familyconnexions.ca\\\/wp-content\\\/uploads\\\/2024\\\/09\\\/photo-library-for-website-hub-31.png\",\"width\":1600,\"height\":900},{\"@type\":\"BreadcrumbList\",\"@id\":\"https:\\\/\\\/familyconnexions.ca\\\/fr\\\/programme-a-vos-marques-prets-partez\\\/#breadcrumb\",\"itemListElement\":[{\"@type\":\"ListItem\",\"position\":1,\"name\":\"Home\",\"item\":\"https:\\\/\\\/familyconnexions.ca\\\/fr\\\/\"},{\"@type\":\"ListItem\",\"position\":2,\"name\":\"Programme \u00c0 vos marques, Pr\u00eats, Partez\"}]},{\"@type\":\"WebSite\",\"@id\":\"https:\\\/\\\/familyconnexions.ca\\\/#website\",\"url\":\"https:\\\/\\\/familyconnexions.ca\\\/\",\"name\":\"CFSM\",\"description\":\"Connexions Familiales de Simcoe Muskoka\",\"potentialAction\":[{\"@type\":\"SearchAction\",\"target\":{\"@type\":\"EntryPoint\",\"urlTemplate\":\"https:\\\/\\\/familyconnexions.ca\\\/?s={search_term_string}\"},\"query-input\":{\"@type\":\"PropertyValueSpecification\",\"valueRequired\":true,\"valueName\":\"search_term_string\"}}],\"inLanguage\":\"fr-CA\"}]}<\/script>\n<!-- \/ Yoast SEO plugin. -->","yoast_head_json":{"title":"Programme \u00c0 vos marques, Pr\u00eats, Partez - CFSM","robots":{"index":"index","follow":"follow","max-snippet":"max-snippet:-1","max-image-preview":"max-image-preview:large","max-video-preview":"max-video-preview:-1"},"canonical":"https:\/\/familyconnexions.ca\/fr\/programme-a-vos-marques-prets-partez\/","og_locale":"fr_CA","og_type":"article","og_title":"Programme \u00c0 vos marques, Pr\u00eats, Partez - CFSM","og_url":"https:\/\/familyconnexions.ca\/fr\/programme-a-vos-marques-prets-partez\/","og_site_name":"CFSM","article_modified_time":"2024-10-15T20:04:13+00:00","og_image":[{"width":1024,"height":576,"url":"https:\/\/familyconnexions.ca\/wp-content\/uploads\/2024\/09\/photo-library-for-website-hub-31-1024x576.png","type":"image\/png"}],"twitter_card":"summary_large_image","schema":{"@context":"https:\/\/schema.org","@graph":[{"@type":"WebPage","@id":"https:\/\/familyconnexions.ca\/fr\/programme-a-vos-marques-prets-partez\/","url":"https:\/\/familyconnexions.ca\/fr\/programme-a-vos-marques-prets-partez\/","name":"Programme \u00c0 vos marques, Pr\u00eats, Partez - CFSM","isPartOf":{"@id":"https:\/\/familyconnexions.ca\/#website"},"primaryImageOfPage":{"@id":"https:\/\/familyconnexions.ca\/fr\/programme-a-vos-marques-prets-partez\/#primaryimage"},"image":{"@id":"https:\/\/familyconnexions.ca\/fr\/programme-a-vos-marques-prets-partez\/#primaryimage"},"thumbnailUrl":"https:\/\/familyconnexions.ca\/wp-content\/uploads\/2024\/09\/photo-library-for-website-hub-31.png","datePublished":"2024-10-15T20:01:46+00:00","dateModified":"2024-10-15T20:04:13+00:00","breadcrumb":{"@id":"https:\/\/familyconnexions.ca\/fr\/programme-a-vos-marques-prets-partez\/#breadcrumb"},"inLanguage":"fr-CA","potentialAction":[{"@type":"ReadAction","target":["https:\/\/familyconnexions.ca\/fr\/programme-a-vos-marques-prets-partez\/"]}]},{"@type":"ImageObject","inLanguage":"fr-CA","@id":"https:\/\/familyconnexions.ca\/fr\/programme-a-vos-marques-prets-partez\/#primaryimage","url":"https:\/\/familyconnexions.ca\/wp-content\/uploads\/2024\/09\/photo-library-for-website-hub-31.png","contentUrl":"https:\/\/familyconnexions.ca\/wp-content\/uploads\/2024\/09\/photo-library-for-website-hub-31.png","width":1600,"height":900},{"@type":"BreadcrumbList","@id":"https:\/\/familyconnexions.ca\/fr\/programme-a-vos-marques-prets-partez\/#breadcrumb","itemListElement":[{"@type":"ListItem","position":1,"name":"Home","item":"https:\/\/familyconnexions.ca\/fr\/"},{"@type":"ListItem","position":2,"name":"Programme \u00c0 vos marques, Pr\u00eats, Partez"}]},{"@type":"WebSite","@id":"https:\/\/familyconnexions.ca\/#website","url":"https:\/\/familyconnexions.ca\/","name":"CFSM","description":"Connexions Familiales de Simcoe Muskoka","potentialAction":[{"@type":"SearchAction","target":{"@type":"EntryPoint","urlTemplate":"https:\/\/familyconnexions.ca\/?s={search_term_string}"},"query-input":{"@type":"PropertyValueSpecification","valueRequired":true,"valueName":"search_term_string"}}],"inLanguage":"fr-CA"}]}},"_links":{"self":[{"href":"https:\/\/familyconnexions.ca\/fr\/wp-json\/wp\/v2\/pages\/13091","targetHints":{"allow":["GET"]}}],"collection":[{"href":"https:\/\/familyconnexions.ca\/fr\/wp-json\/wp\/v2\/pages"}],"about":[{"href":"https:\/\/familyconnexions.ca\/fr\/wp-json\/wp\/v2\/types\/page"}],"author":[{"embeddable":true,"href":"https:\/\/familyconnexions.ca\/fr\/wp-json\/wp\/v2\/users\/32"}],"replies":[{"embeddable":true,"href":"https:\/\/familyconnexions.ca\/fr\/wp-json\/wp\/v2\/comments?post=13091"}],"version-history":[{"count":0,"href":"https:\/\/familyconnexions.ca\/fr\/wp-json\/wp\/v2\/pages\/13091\/revisions"}],"wp:featuredmedia":[{"embeddable":true,"href":"https:\/\/familyconnexions.ca\/fr\/wp-json\/wp\/v2\/media\/13027"}],"wp:attachment":[{"href":"https:\/\/familyconnexions.ca\/fr\/wp-json\/wp\/v2\/media?parent=13091"}],"curies":[{"name":"wp","href":"https:\/\/api.w.org\/{rel}","templated":true}]}}