{"id":11967,"date":"2024-02-28T14:42:13","date_gmt":"2024-02-28T14:42:13","guid":{"rendered":"https:\/\/familyconnexions.ca\/entente-sur-les-services-volontaires-pour-les-jeunes-esvj\/"},"modified":"2024-02-28T19:43:45","modified_gmt":"2024-02-28T19:43:45","slug":"entente-sur-les-services-volontaires-pour-les-jeunes-esvj","status":"publish","type":"page","link":"https:\/\/familyconnexions.ca\/fr\/entente-sur-les-services-volontaires-pour-les-jeunes-esvj\/","title":{"rendered":"Ententes sur les services volontaires pour les jeunes (ESVJ)"},"content":{"rendered":"\n<section id=\"centered-content-block_859d360d4b19832756b8ec48f26e11e1\"\n         class=\"orange-block centered-content-block\"\n    >\n\n\n    \n    <div class=\"container\">\n        <div class=\"row\">\n            <div class=\"col-12 content-column\" tabindex=\"0\">\n                <div class=\"content-container\">\n                                            <h3>Les ententes sur les services volontaires pour les jeunes a pour but d&rsquo;aider les jeunes de 16 ou 17 ans. Les jeunes recevront des soutiens pour apprendre \u00e0 vivre ind\u00e9pendamment, <span class=\"Y2IQFc\" lang=\"fr\">acc\u00e9der \u00e0 des soutiens et \u00e0 des programmes pour r\u00e9pondre \u00e0 leurs besoins identifi\u00e9s, d\u00e9velopper des objectifs en mati\u00e8re de r\u00e9ussite scolaire et d\u2019emploi, et soutenir leurs liens avec des personnes importantes dans leur vie.<\/span><\/h3>\n                <\/div>\n            <\/div>\n        <\/div>\n\n\t    \n    <\/div>\n    \n<\/section>\n\n    <section id=\"accordion-block_ea395346a240222fabe4575c45aa24f0\" class=\"orange-block accordion-block\" >\n\n        \n        \n        <div class=\"container\">\n            <div class=\"row\">\n                <div class=\"col-12\">\n\n                    <div class=\"accordion-wrap\">\n                        <div class=\"accordion faq-accordion\" id=\"accordion-block_ea395346a240222fabe4575c45aa24f0-accordion\">\n\n                            \n                                                                <div class=\"card\">\n\n                                    <div class=\"card-header collapsed\" id=\"accordion-block_ea395346a240222fabe4575c45aa24f0-accordion-1-heading\">\n\n                                        <div class=\"accordion-title\">\n                                            Admissibilit\u00e9 \u00e0 la conclusion d\u2019une entente sur les services volontaires pour les jeunes (ESVJ)                                        <\/div>\n\n                                        <button class=\"btn btn-icon btn-accordion-trigger collapsed\" data-toggle=\"collapse\" data-target=\"#accordion-block_ea395346a240222fabe4575c45aa24f0-accordion-1-collapse\" aria-expanded=\"false\" aria-controls=\"accordion-block_ea395346a240222fabe4575c45aa24f0-accordion-1-collapse\" tabindex=\"0\" aria-label=\"Cliquer pour d\u00e9rouler\">\n                                            <svg xmlns=\"http:\/\/www.w3.org\/2000\/svg\" viewBox=\"0 0 8 8\">\n                                                <g fill=\"none\" stroke=\"currentColor\" stroke-miterlimit=\"10\" stroke-width=\"1.5px\" transform=\"translate(-30 -47.438)\">\n                                                    <line x2=\"8\" transform=\"translate(30 51.438)\" \/>\n                                                    <line x2=\"8\" transform=\"translate(34 47.438) rotate(90)\" \/>\n                                                <\/g>\n                                            <\/svg>\n                                        <\/button>\n\n                                    <\/div>\n\n                                    <div id=\"accordion-block_ea395346a240222fabe4575c45aa24f0-accordion-1-collapse\" class=\"collapse\" aria-labelledby=\"accordion-block_ea395346a240222fabe4575c45aa24f0-accordion-1-heading\" data-parent=\"#accordion-block_ea395346a240222fabe4575c45aa24f0-accordion\">\n\n                                        <div class=\"card-body\">\n                                            <p>Sont admissibles \u00e0 conclure des ententes sur les services volontaires pour les jeunes (ESVJ) les personnes qui :<\/p>\n<ul>\n<li>Ont l\u2019\u00e2ge de 16 \u00e0 17 ans;<\/li>\n<li>Ne peuvent pas \u00eatre prot\u00e9g\u00e9es de mani\u00e8re ad\u00e9quate \u00e0 leur domicile ou dans leur cadre de vie actuel;<\/li>\n<li>Ne disposent d\u2019aucune option s\u00e9curitaire aupr\u00e8s de leur famille ou de leurs amis;<\/li>\n<li>Ont besoin d\u2019une prise en charge \u00e0 I\u2019ext\u00e9rieur du foyer.<\/li>\n<li>Sont d&rsquo;accord pour travailler selon les termes de l&rsquo;accord ESVJ, y compris, mais sans s&rsquo;y limiter :\n<ul>\n<li>Rencontrer r\u00e9guli\u00e8rement le\/la travailleur(euse) de la Soci\u00e9t\u00e9 ;<\/li>\n<li>Consentir et accepter de continuer \u00e0 explorer les liens familiaux et les options de permanence ;<\/li>\n<li>Sont d\u2019accord avec les objectifs mutuellement \u00e9tablis.<\/li>\n<\/ul>\n<\/li>\n<\/ul>\n                                        <\/div>\n\n                                    <\/div>\n                                <\/div>\n\n                            \n                                                                <div class=\"card\">\n\n                                    <div class=\"card-header collapsed\" id=\"accordion-block_ea395346a240222fabe4575c45aa24f0-accordion-2-heading\">\n\n                                        <div class=\"accordion-title\">\n                                            Conclure une entente                                        <\/div>\n\n                                        <button class=\"btn btn-icon btn-accordion-trigger collapsed\" data-toggle=\"collapse\" data-target=\"#accordion-block_ea395346a240222fabe4575c45aa24f0-accordion-2-collapse\" aria-expanded=\"false\" aria-controls=\"accordion-block_ea395346a240222fabe4575c45aa24f0-accordion-2-collapse\" tabindex=\"0\" aria-label=\"Cliquer pour d\u00e9rouler\">\n                                            <svg xmlns=\"http:\/\/www.w3.org\/2000\/svg\" viewBox=\"0 0 8 8\">\n                                                <g fill=\"none\" stroke=\"currentColor\" stroke-miterlimit=\"10\" stroke-width=\"1.5px\" transform=\"translate(-30 -47.438)\">\n                                                    <line x2=\"8\" transform=\"translate(30 51.438)\" \/>\n                                                    <line x2=\"8\" transform=\"translate(34 47.438) rotate(90)\" \/>\n                                                <\/g>\n                                            <\/svg>\n                                        <\/button>\n\n                                    <\/div>\n\n                                    <div id=\"accordion-block_ea395346a240222fabe4575c45aa24f0-accordion-2-collapse\" class=\"collapse\" aria-labelledby=\"accordion-block_ea395346a240222fabe4575c45aa24f0-accordion-2-heading\" data-parent=\"#accordion-block_ea395346a240222fabe4575c45aa24f0-accordion\">\n\n                                        <div class=\"card-body\">\n                                            <p>Si vous craignez qu\u2019un jeune de 16 ou 17 ans risque d\u2019avoir besoin de protection, ou encore si vous \u00eates un jeune de 16 ou 17 ans et que vous estimez avoir besoin de protection,\u00a0<a href=\"https:\/\/familyconnexions.ca\/fr\/nous-joindre\/\" target=\"_blank\" rel=\"noopener\">contactez-nous<\/a>\u00a0ou\u00a0<a href=\"http:\/\/www.oacas.org\/fr\/sae-et-protection-de-lenfance\/trouver-une-societe-daide-a-lenfance\/\" target=\"_blank\" rel=\"noopener\">la soci\u00e9t\u00e9 d\u2019aide \u00e0 l\u2019enfance la plus proche<\/a>.<\/p>\n<p><a href=\"https:\/\/www.ontario.ca\/fr\/page\/services-de-protection-destines-aux-jeunes-de-16-et-17-ans\" target=\"_blank\" rel=\"noopener\">Pour en savoir plus<\/a>\u00a0sur les services de protection pour les jeunes de 16 et 17 ans ainsi que sur les organismes de services \u00e0 la jeunesse.<\/p>\n                                        <\/div>\n\n                                    <\/div>\n                                <\/div>\n\n                            \n                                                                <div class=\"card\">\n\n                                    <div class=\"card-header collapsed\" id=\"accordion-block_ea395346a240222fabe4575c45aa24f0-accordion-3-heading\">\n\n                                        <div class=\"accordion-title\">\n                                            Historique du programme                                        <\/div>\n\n                                        <button class=\"btn btn-icon btn-accordion-trigger collapsed\" data-toggle=\"collapse\" data-target=\"#accordion-block_ea395346a240222fabe4575c45aa24f0-accordion-3-collapse\" aria-expanded=\"false\" aria-controls=\"accordion-block_ea395346a240222fabe4575c45aa24f0-accordion-3-collapse\" tabindex=\"0\" aria-label=\"Cliquer pour d\u00e9rouler\">\n                                            <svg xmlns=\"http:\/\/www.w3.org\/2000\/svg\" viewBox=\"0 0 8 8\">\n                                                <g fill=\"none\" stroke=\"currentColor\" stroke-miterlimit=\"10\" stroke-width=\"1.5px\" transform=\"translate(-30 -47.438)\">\n                                                    <line x2=\"8\" transform=\"translate(30 51.438)\" \/>\n                                                    <line x2=\"8\" transform=\"translate(34 47.438) rotate(90)\" \/>\n                                                <\/g>\n                                            <\/svg>\n                                        <\/button>\n\n                                    <\/div>\n\n                                    <div id=\"accordion-block_ea395346a240222fabe4575c45aa24f0-accordion-3-collapse\" class=\"collapse\" aria-labelledby=\"accordion-block_ea395346a240222fabe4575c45aa24f0-accordion-3-heading\" data-parent=\"#accordion-block_ea395346a240222fabe4575c45aa24f0-accordion\">\n\n                                        <div class=\"card-body\">\n                                            <p>En 2018, l\u2019\u00e2ge de protection en Ontario est pass\u00e9 de 16 \u00e0 18 ans. De ce fait, les jeunes de 16 et 17 ans peuvent d\u00e9sormais b\u00e9n\u00e9ficier de tous les\u00a0<a href=\"https:\/\/www.ontario.ca\/fr\/page\/services-de-protection-destines-aux-jeunes-de-16-et-17-ans\" target=\"_blank\" rel=\"noopener\">services de protection<\/a>\u00a0de l\u2019enfance, notamment l\u2019option de conclure une entente de services volontaires si ceux-ci risquent d\u2019avoir besoin de protection et que la prise en charge \u00e0 I\u2019ext\u00e9rieur du foyer est n\u00e9cessaire.<\/p>\n<p>Pour en savoir plus, veuillez\u00a0<a href=\"https:\/\/www.ontario.ca\/fr\/page\/soutien-aux-jeunes-du-systeme-de-bien-etre-de-lenfance\" target=\"_blank\" rel=\"noopener\">cliquer ici.<\/a><\/p>\n                                        <\/div>\n\n                                    <\/div>\n                                <\/div>\n\n                            \n                        <\/div>\n                    <\/div>\n\n                <\/div>\n            <\/div>\n\n            \n        <\/div>\n    <\/section>\n","protected":false},"excerpt":{"rendered":"","protected":false},"author":32,"featured_media":2721,"parent":0,"menu_order":14,"comment_status":"closed","ping_status":"closed","template":"","meta":{"_acf_changed":false,"footnotes":"","_links_to":"","_links_to_target":""},"class_list":["post-11967","page","type-page","status-publish","has-post-thumbnail","hentry"],"acf":[],"yoast_head":"<!-- This site is optimized with the Yoast SEO plugin v27.3 - https:\/\/yoast.com\/product\/yoast-seo-wordpress\/ -->\n<title>Ententes sur les services volontaires pour les jeunes (ESVJ) - CFSM<\/title>\n<meta name=\"robots\" content=\"index, follow, max-snippet:-1, max-image-preview:large, max-video-preview:-1\" \/>\n<link rel=\"canonical\" href=\"https:\/\/familyconnexions.ca\/fr\/entente-sur-les-services-volontaires-pour-les-jeunes-esvj\/\" \/>\n<meta property=\"og:locale\" content=\"fr_CA\" \/>\n<meta property=\"og:type\" content=\"article\" \/>\n<meta property=\"og:title\" content=\"Ententes sur les services volontaires pour les jeunes (ESVJ) - CFSM\" \/>\n<meta property=\"og:url\" content=\"https:\/\/familyconnexions.ca\/fr\/entente-sur-les-services-volontaires-pour-les-jeunes-esvj\/\" \/>\n<meta property=\"og:site_name\" content=\"CFSM\" \/>\n<meta property=\"article:modified_time\" content=\"2024-02-28T19:43:45+00:00\" \/>\n<meta property=\"og:image\" content=\"https:\/\/familyconnexions.ca\/wp-content\/uploads\/2022\/02\/SupportsforChildrenYouth_Banner_Web.jpg\" \/>\n\t<meta property=\"og:image:width\" content=\"1600\" \/>\n\t<meta property=\"og:image:height\" content=\"900\" \/>\n\t<meta property=\"og:image:type\" content=\"image\/jpeg\" \/>\n<meta name=\"twitter:card\" content=\"summary_large_image\" \/>\n<script type=\"application\/ld+json\" class=\"yoast-schema-graph\">{\"@context\":\"https:\\\/\\\/schema.org\",\"@graph\":[{\"@type\":\"WebPage\",\"@id\":\"https:\\\/\\\/familyconnexions.ca\\\/fr\\\/entente-sur-les-services-volontaires-pour-les-jeunes-esvj\\\/\",\"url\":\"https:\\\/\\\/familyconnexions.ca\\\/fr\\\/entente-sur-les-services-volontaires-pour-les-jeunes-esvj\\\/\",\"name\":\"Ententes sur les services volontaires pour les jeunes (ESVJ) - CFSM\",\"isPartOf\":{\"@id\":\"https:\\\/\\\/familyconnexions.ca\\\/#website\"},\"primaryImageOfPage\":{\"@id\":\"https:\\\/\\\/familyconnexions.ca\\\/fr\\\/entente-sur-les-services-volontaires-pour-les-jeunes-esvj\\\/#primaryimage\"},\"image\":{\"@id\":\"https:\\\/\\\/familyconnexions.ca\\\/fr\\\/entente-sur-les-services-volontaires-pour-les-jeunes-esvj\\\/#primaryimage\"},\"thumbnailUrl\":\"https:\\\/\\\/familyconnexions.ca\\\/wp-content\\\/uploads\\\/2022\\\/02\\\/SupportsforChildrenYouth_Banner_Web.jpg\",\"datePublished\":\"2024-02-28T14:42:13+00:00\",\"dateModified\":\"2024-02-28T19:43:45+00:00\",\"breadcrumb\":{\"@id\":\"https:\\\/\\\/familyconnexions.ca\\\/fr\\\/entente-sur-les-services-volontaires-pour-les-jeunes-esvj\\\/#breadcrumb\"},\"inLanguage\":\"fr-CA\",\"potentialAction\":[{\"@type\":\"ReadAction\",\"target\":[\"https:\\\/\\\/familyconnexions.ca\\\/fr\\\/entente-sur-les-services-volontaires-pour-les-jeunes-esvj\\\/\"]}]},{\"@type\":\"ImageObject\",\"inLanguage\":\"fr-CA\",\"@id\":\"https:\\\/\\\/familyconnexions.ca\\\/fr\\\/entente-sur-les-services-volontaires-pour-les-jeunes-esvj\\\/#primaryimage\",\"url\":\"https:\\\/\\\/familyconnexions.ca\\\/wp-content\\\/uploads\\\/2022\\\/02\\\/SupportsforChildrenYouth_Banner_Web.jpg\",\"contentUrl\":\"https:\\\/\\\/familyconnexions.ca\\\/wp-content\\\/uploads\\\/2022\\\/02\\\/SupportsforChildrenYouth_Banner_Web.jpg\",\"width\":1600,\"height\":900},{\"@type\":\"BreadcrumbList\",\"@id\":\"https:\\\/\\\/familyconnexions.ca\\\/fr\\\/entente-sur-les-services-volontaires-pour-les-jeunes-esvj\\\/#breadcrumb\",\"itemListElement\":[{\"@type\":\"ListItem\",\"position\":1,\"name\":\"Home\",\"item\":\"https:\\\/\\\/familyconnexions.ca\\\/fr\\\/\"},{\"@type\":\"ListItem\",\"position\":2,\"name\":\"Ententes sur les services volontaires pour les jeunes (ESVJ)\"}]},{\"@type\":\"WebSite\",\"@id\":\"https:\\\/\\\/familyconnexions.ca\\\/#website\",\"url\":\"https:\\\/\\\/familyconnexions.ca\\\/\",\"name\":\"CFSM\",\"description\":\"Connexions Familiales de Simcoe Muskoka\",\"potentialAction\":[{\"@type\":\"SearchAction\",\"target\":{\"@type\":\"EntryPoint\",\"urlTemplate\":\"https:\\\/\\\/familyconnexions.ca\\\/?s={search_term_string}\"},\"query-input\":{\"@type\":\"PropertyValueSpecification\",\"valueRequired\":true,\"valueName\":\"search_term_string\"}}],\"inLanguage\":\"fr-CA\"}]}<\/script>\n<!-- \/ Yoast SEO plugin. -->","yoast_head_json":{"title":"Ententes sur les services volontaires pour les jeunes (ESVJ) - CFSM","robots":{"index":"index","follow":"follow","max-snippet":"max-snippet:-1","max-image-preview":"max-image-preview:large","max-video-preview":"max-video-preview:-1"},"canonical":"https:\/\/familyconnexions.ca\/fr\/entente-sur-les-services-volontaires-pour-les-jeunes-esvj\/","og_locale":"fr_CA","og_type":"article","og_title":"Ententes sur les services volontaires pour les jeunes (ESVJ) - CFSM","og_url":"https:\/\/familyconnexions.ca\/fr\/entente-sur-les-services-volontaires-pour-les-jeunes-esvj\/","og_site_name":"CFSM","article_modified_time":"2024-02-28T19:43:45+00:00","og_image":[{"width":1600,"height":900,"url":"https:\/\/familyconnexions.ca\/wp-content\/uploads\/2022\/02\/SupportsforChildrenYouth_Banner_Web.jpg","type":"image\/jpeg"}],"twitter_card":"summary_large_image","schema":{"@context":"https:\/\/schema.org","@graph":[{"@type":"WebPage","@id":"https:\/\/familyconnexions.ca\/fr\/entente-sur-les-services-volontaires-pour-les-jeunes-esvj\/","url":"https:\/\/familyconnexions.ca\/fr\/entente-sur-les-services-volontaires-pour-les-jeunes-esvj\/","name":"Ententes sur les services volontaires pour les jeunes (ESVJ) - CFSM","isPartOf":{"@id":"https:\/\/familyconnexions.ca\/#website"},"primaryImageOfPage":{"@id":"https:\/\/familyconnexions.ca\/fr\/entente-sur-les-services-volontaires-pour-les-jeunes-esvj\/#primaryimage"},"image":{"@id":"https:\/\/familyconnexions.ca\/fr\/entente-sur-les-services-volontaires-pour-les-jeunes-esvj\/#primaryimage"},"thumbnailUrl":"https:\/\/familyconnexions.ca\/wp-content\/uploads\/2022\/02\/SupportsforChildrenYouth_Banner_Web.jpg","datePublished":"2024-02-28T14:42:13+00:00","dateModified":"2024-02-28T19:43:45+00:00","breadcrumb":{"@id":"https:\/\/familyconnexions.ca\/fr\/entente-sur-les-services-volontaires-pour-les-jeunes-esvj\/#breadcrumb"},"inLanguage":"fr-CA","potentialAction":[{"@type":"ReadAction","target":["https:\/\/familyconnexions.ca\/fr\/entente-sur-les-services-volontaires-pour-les-jeunes-esvj\/"]}]},{"@type":"ImageObject","inLanguage":"fr-CA","@id":"https:\/\/familyconnexions.ca\/fr\/entente-sur-les-services-volontaires-pour-les-jeunes-esvj\/#primaryimage","url":"https:\/\/familyconnexions.ca\/wp-content\/uploads\/2022\/02\/SupportsforChildrenYouth_Banner_Web.jpg","contentUrl":"https:\/\/familyconnexions.ca\/wp-content\/uploads\/2022\/02\/SupportsforChildrenYouth_Banner_Web.jpg","width":1600,"height":900},{"@type":"BreadcrumbList","@id":"https:\/\/familyconnexions.ca\/fr\/entente-sur-les-services-volontaires-pour-les-jeunes-esvj\/#breadcrumb","itemListElement":[{"@type":"ListItem","position":1,"name":"Home","item":"https:\/\/familyconnexions.ca\/fr\/"},{"@type":"ListItem","position":2,"name":"Ententes sur les services volontaires pour les jeunes (ESVJ)"}]},{"@type":"WebSite","@id":"https:\/\/familyconnexions.ca\/#website","url":"https:\/\/familyconnexions.ca\/","name":"CFSM","description":"Connexions Familiales de Simcoe Muskoka","potentialAction":[{"@type":"SearchAction","target":{"@type":"EntryPoint","urlTemplate":"https:\/\/familyconnexions.ca\/?s={search_term_string}"},"query-input":{"@type":"PropertyValueSpecification","valueRequired":true,"valueName":"search_term_string"}}],"inLanguage":"fr-CA"}]}},"_links":{"self":[{"href":"https:\/\/familyconnexions.ca\/fr\/wp-json\/wp\/v2\/pages\/11967","targetHints":{"allow":["GET"]}}],"collection":[{"href":"https:\/\/familyconnexions.ca\/fr\/wp-json\/wp\/v2\/pages"}],"about":[{"href":"https:\/\/familyconnexions.ca\/fr\/wp-json\/wp\/v2\/types\/page"}],"author":[{"embeddable":true,"href":"https:\/\/familyconnexions.ca\/fr\/wp-json\/wp\/v2\/users\/32"}],"replies":[{"embeddable":true,"href":"https:\/\/familyconnexions.ca\/fr\/wp-json\/wp\/v2\/comments?post=11967"}],"version-history":[{"count":0,"href":"https:\/\/familyconnexions.ca\/fr\/wp-json\/wp\/v2\/pages\/11967\/revisions"}],"wp:featuredmedia":[{"embeddable":true,"href":"https:\/\/familyconnexions.ca\/fr\/wp-json\/wp\/v2\/media\/2721"}],"wp:attachment":[{"href":"https:\/\/familyconnexions.ca\/fr\/wp-json\/wp\/v2\/media?parent=11967"}],"curies":[{"name":"wp","href":"https:\/\/api.w.org\/{rel}","templated":true}]}}