{"id":10333,"date":"2023-05-05T17:22:09","date_gmt":"2023-05-05T17:22:09","guid":{"rendered":"https:\/\/familyconnexions.ca\/processus-de-demande\/"},"modified":"2023-05-05T17:33:25","modified_gmt":"2023-05-05T17:33:25","slug":"processus-de-demande","status":"publish","type":"page","link":"https:\/\/familyconnexions.ca\/fr\/processus-de-demande\/","title":{"rendered":"Processus de demande"},"content":{"rendered":"\n<section id=\"centered-content-block_c3de439dd36276d4efed8fc4c2e95ee9\"\n         class=\"orange-block centered-content-block\"\n    >\n\n\n    \n    <div class=\"container\">\n        <div class=\"row\">\n            <div class=\"col-12 content-column\" tabindex=\"0\">\n                <div class=\"content-container\">\n                                            <h4 style=\"text-align: center;\"><strong>Le processus de demande ci-dessous pr\u00e9cise toutes les \u00e9tapes \u00e0 suivre pour devenir un parent d&rsquo;accueil certifi\u00e9. Assurez-vous de suivre ces \u00e9tapes une par une.<\/strong><\/h4>\n<p><img loading=\"lazy\" decoding=\"async\" class=\" wp-image-10167 aligncenter\" src=\"https:\/\/familyconnexions.ca\/wp-content\/uploads\/2023\/04\/French_Fostering-Timeline-title-300x130.png\" alt=\"\" width=\"901\" height=\"390\" srcset=\"https:\/\/familyconnexions.ca\/wp-content\/uploads\/2023\/04\/French_Fostering-Timeline-title-300x130.png 300w, https:\/\/familyconnexions.ca\/wp-content\/uploads\/2023\/04\/French_Fostering-Timeline-title-768x332.png 768w, https:\/\/familyconnexions.ca\/wp-content\/uploads\/2023\/04\/French_Fostering-Timeline-title.png 799w\" sizes=\"auto, (max-width: 901px) 100vw, 901px\" \/><\/p>\n<p style=\"text-align: center;\"><a href=\"https:\/\/fosterconnexions.ca\/fr\/contact\/\" target=\"_blank\" rel=\"noopener\"><img loading=\"lazy\" decoding=\"async\" class=\"alignnone  wp-image-10165\" style=\"font-size: 1.1875rem; text-align: left;\" src=\"https:\/\/familyconnexions.ca\/wp-content\/uploads\/2023\/04\/Etape-1-300x64.png\" alt=\"\" width=\"900\" height=\"192\" srcset=\"https:\/\/familyconnexions.ca\/wp-content\/uploads\/2023\/04\/Etape-1-300x64.png 300w, https:\/\/familyconnexions.ca\/wp-content\/uploads\/2023\/04\/Etape-1-768x163.png 768w, https:\/\/familyconnexions.ca\/wp-content\/uploads\/2023\/04\/Etape-1.png 795w\" sizes=\"auto, (max-width: 900px) 100vw, 900px\" \/><\/a><\/p>\n<p style=\"text-align: center;\"><a href=\"https:\/\/fosterconnexions.ca\/fr\/contact\/\" target=\"_blank\" rel=\"noopener\"><strong>Cliquez ici pour acc\u00e9der au formulaire<\/strong><\/a><\/p>\n<p><img loading=\"lazy\" decoding=\"async\" class=\"alignnone wp-image-10316 aligncenter\" src=\"https:\/\/familyconnexions.ca\/wp-content\/uploads\/2023\/05\/Line-1024x32-1-300x9.png\" alt=\"\" width=\"667\" height=\"20\" srcset=\"https:\/\/familyconnexions.ca\/wp-content\/uploads\/2023\/05\/Line-1024x32-1-300x9.png 300w, https:\/\/familyconnexions.ca\/wp-content\/uploads\/2023\/05\/Line-1024x32-1-768x24.png 768w, https:\/\/familyconnexions.ca\/wp-content\/uploads\/2023\/05\/Line-1024x32-1.png 1024w\" sizes=\"auto, (max-width: 667px) 100vw, 667px\" \/><\/p>\n<h4><img loading=\"lazy\" decoding=\"async\" class=\" wp-image-10163 aligncenter\" src=\"https:\/\/familyconnexions.ca\/wp-content\/uploads\/2023\/04\/Etape-2-300x74.png\" alt=\"\" width=\"900\" height=\"222\" srcset=\"https:\/\/familyconnexions.ca\/wp-content\/uploads\/2023\/04\/Etape-2-300x74.png 300w, https:\/\/familyconnexions.ca\/wp-content\/uploads\/2023\/04\/Etape-2-768x188.png 768w, https:\/\/familyconnexions.ca\/wp-content\/uploads\/2023\/04\/Etape-2.png 800w\" sizes=\"auto, (max-width: 900px) 100vw, 900px\" \/><\/h4>\n<p><img loading=\"lazy\" decoding=\"async\" class=\"alignnone  wp-image-10317 aligncenter\" src=\"https:\/\/familyconnexions.ca\/wp-content\/uploads\/2023\/05\/Line-1024x32-1-300x9.png\" alt=\"\" width=\"667\" height=\"20\" srcset=\"https:\/\/familyconnexions.ca\/wp-content\/uploads\/2023\/05\/Line-1024x32-1-300x9.png 300w, https:\/\/familyconnexions.ca\/wp-content\/uploads\/2023\/05\/Line-1024x32-1-768x24.png 768w, https:\/\/familyconnexions.ca\/wp-content\/uploads\/2023\/05\/Line-1024x32-1.png 1024w\" sizes=\"auto, (max-width: 667px) 100vw, 667px\" \/><\/p>\n<p><a href=\"https:\/\/fosterconnexions.ca\/fr\/apply\/\" target=\"_blank\" rel=\"noopener\"><img loading=\"lazy\" decoding=\"async\" class=\" wp-image-10161 aligncenter\" src=\"https:\/\/familyconnexions.ca\/wp-content\/uploads\/2023\/04\/Etape-3-300x67.png\" alt=\"\" width=\"900\" height=\"201\" srcset=\"https:\/\/familyconnexions.ca\/wp-content\/uploads\/2023\/04\/Etape-3-300x67.png 300w, https:\/\/familyconnexions.ca\/wp-content\/uploads\/2023\/04\/Etape-3-768x172.png 768w, https:\/\/familyconnexions.ca\/wp-content\/uploads\/2023\/04\/Etape-3.png 800w\" sizes=\"auto, (max-width: 900px) 100vw, 900px\" \/><\/a><\/p>\n<h4><\/h4>\n<h4 style=\"text-align: center;\"><a href=\"https:\/\/fosterconnexions.ca\/fr\/apply\/\" target=\"_blank\" rel=\"noopener\"><strong>Cliquez ici pour acc\u00e9der au formulaire<\/strong><\/a><\/h4>\n<p><img loading=\"lazy\" decoding=\"async\" class=\"wp-image-10316 aligncenter\" src=\"https:\/\/familyconnexions.ca\/wp-content\/uploads\/2023\/05\/Line-1024x32-1-300x9.png\" alt=\"\" width=\"700\" height=\"21\" srcset=\"https:\/\/familyconnexions.ca\/wp-content\/uploads\/2023\/05\/Line-1024x32-1-300x9.png 300w, https:\/\/familyconnexions.ca\/wp-content\/uploads\/2023\/05\/Line-1024x32-1-768x24.png 768w, https:\/\/familyconnexions.ca\/wp-content\/uploads\/2023\/05\/Line-1024x32-1.png 1024w\" sizes=\"auto, (max-width: 700px) 100vw, 700px\" \/><\/p>\n<p style=\"text-align: center;\"><img loading=\"lazy\" decoding=\"async\" class=\"alignnone  wp-image-10159\" src=\"https:\/\/familyconnexions.ca\/wp-content\/uploads\/2023\/04\/Etape-4-300x62.png\" alt=\"\" width=\"900\" height=\"186\" srcset=\"https:\/\/familyconnexions.ca\/wp-content\/uploads\/2023\/04\/Etape-4-300x62.png 300w, https:\/\/familyconnexions.ca\/wp-content\/uploads\/2023\/04\/Etape-4-768x158.png 768w, https:\/\/familyconnexions.ca\/wp-content\/uploads\/2023\/04\/Etape-4.png 800w\" sizes=\"auto, (max-width: 900px) 100vw, 900px\" \/><\/p>\n<p><img loading=\"lazy\" decoding=\"async\" class=\"alignnone  wp-image-10317 aligncenter\" src=\"https:\/\/familyconnexions.ca\/wp-content\/uploads\/2023\/05\/Line-1024x32-1-300x9.png\" alt=\"\" width=\"667\" height=\"20\" srcset=\"https:\/\/familyconnexions.ca\/wp-content\/uploads\/2023\/05\/Line-1024x32-1-300x9.png 300w, https:\/\/familyconnexions.ca\/wp-content\/uploads\/2023\/05\/Line-1024x32-1-768x24.png 768w, https:\/\/familyconnexions.ca\/wp-content\/uploads\/2023\/05\/Line-1024x32-1.png 1024w\" sizes=\"auto, (max-width: 667px) 100vw, 667px\" \/><\/p>\n<p style=\"text-align: center;\"><img loading=\"lazy\" decoding=\"async\" class=\"alignnone  wp-image-10157\" src=\"https:\/\/familyconnexions.ca\/wp-content\/uploads\/2023\/04\/Etape-5-300x75.png\" alt=\"\" width=\"900\" height=\"225\" srcset=\"https:\/\/familyconnexions.ca\/wp-content\/uploads\/2023\/04\/Etape-5-300x75.png 300w, https:\/\/familyconnexions.ca\/wp-content\/uploads\/2023\/04\/Etape-5-768x191.png 768w, https:\/\/familyconnexions.ca\/wp-content\/uploads\/2023\/04\/Etape-5.png 795w\" sizes=\"auto, (max-width: 900px) 100vw, 900px\" \/><\/p>\n<p><img loading=\"lazy\" decoding=\"async\" class=\"alignnone  wp-image-10317 aligncenter\" src=\"https:\/\/familyconnexions.ca\/wp-content\/uploads\/2023\/05\/Line-1024x32-1-300x9.png\" alt=\"\" width=\"667\" height=\"20\" srcset=\"https:\/\/familyconnexions.ca\/wp-content\/uploads\/2023\/05\/Line-1024x32-1-300x9.png 300w, https:\/\/familyconnexions.ca\/wp-content\/uploads\/2023\/05\/Line-1024x32-1-768x24.png 768w, https:\/\/familyconnexions.ca\/wp-content\/uploads\/2023\/05\/Line-1024x32-1.png 1024w\" sizes=\"auto, (max-width: 667px) 100vw, 667px\" \/><\/p>\n<p style=\"text-align: center;\"><img loading=\"lazy\" decoding=\"async\" class=\"alignnone  wp-image-10155\" src=\"https:\/\/familyconnexions.ca\/wp-content\/uploads\/2023\/04\/Etape-6-300x58.png\" alt=\"\" width=\"900\" height=\"174\" srcset=\"https:\/\/familyconnexions.ca\/wp-content\/uploads\/2023\/04\/Etape-6-300x58.png 300w, https:\/\/familyconnexions.ca\/wp-content\/uploads\/2023\/04\/Etape-6-768x149.png 768w, https:\/\/familyconnexions.ca\/wp-content\/uploads\/2023\/04\/Etape-6.png 795w\" sizes=\"auto, (max-width: 900px) 100vw, 900px\" \/><\/p>\n<p><img loading=\"lazy\" decoding=\"async\" class=\"alignnone  wp-image-10317 aligncenter\" src=\"https:\/\/familyconnexions.ca\/wp-content\/uploads\/2023\/05\/Line-1024x32-1-300x9.png\" alt=\"\" width=\"667\" height=\"20\" srcset=\"https:\/\/familyconnexions.ca\/wp-content\/uploads\/2023\/05\/Line-1024x32-1-300x9.png 300w, https:\/\/familyconnexions.ca\/wp-content\/uploads\/2023\/05\/Line-1024x32-1-768x24.png 768w, https:\/\/familyconnexions.ca\/wp-content\/uploads\/2023\/05\/Line-1024x32-1.png 1024w\" sizes=\"auto, (max-width: 667px) 100vw, 667px\" \/><\/p>\n<p style=\"text-align: center;\"><img loading=\"lazy\" decoding=\"async\" class=\"alignnone  wp-image-10153\" src=\"https:\/\/familyconnexions.ca\/wp-content\/uploads\/2023\/04\/Etape-7-300x74.png\" alt=\"\" width=\"900\" height=\"222\" srcset=\"https:\/\/familyconnexions.ca\/wp-content\/uploads\/2023\/04\/Etape-7-300x74.png 300w, https:\/\/familyconnexions.ca\/wp-content\/uploads\/2023\/04\/Etape-7-768x190.png 768w, https:\/\/familyconnexions.ca\/wp-content\/uploads\/2023\/04\/Etape-7.png 800w\" sizes=\"auto, (max-width: 900px) 100vw, 900px\" \/><\/p>\n<p><img loading=\"lazy\" decoding=\"async\" class=\"alignnone  wp-image-10317 aligncenter\" src=\"https:\/\/familyconnexions.ca\/wp-content\/uploads\/2023\/05\/Line-1024x32-1-300x9.png\" alt=\"\" width=\"667\" height=\"20\" srcset=\"https:\/\/familyconnexions.ca\/wp-content\/uploads\/2023\/05\/Line-1024x32-1-300x9.png 300w, https:\/\/familyconnexions.ca\/wp-content\/uploads\/2023\/05\/Line-1024x32-1-768x24.png 768w, https:\/\/familyconnexions.ca\/wp-content\/uploads\/2023\/05\/Line-1024x32-1.png 1024w\" sizes=\"auto, (max-width: 667px) 100vw, 667px\" \/><\/p>\n<p style=\"text-align: center;\"><img loading=\"lazy\" decoding=\"async\" class=\"alignnone  wp-image-10151\" src=\"https:\/\/familyconnexions.ca\/wp-content\/uploads\/2023\/04\/Etape-8-300x63.png\" alt=\"\" width=\"900\" height=\"189\" srcset=\"https:\/\/familyconnexions.ca\/wp-content\/uploads\/2023\/04\/Etape-8-300x63.png 300w, https:\/\/familyconnexions.ca\/wp-content\/uploads\/2023\/04\/Etape-8-768x160.png 768w, https:\/\/familyconnexions.ca\/wp-content\/uploads\/2023\/04\/Etape-8.png 800w\" sizes=\"auto, (max-width: 900px) 100vw, 900px\" \/><\/p>\n<p style=\"text-align: center;\"><img loading=\"lazy\" decoding=\"async\" class=\"alignnone  wp-image-10149\" src=\"https:\/\/familyconnexions.ca\/wp-content\/uploads\/2023\/04\/Etape-9-300x51.png\" alt=\"\" width=\"900\" height=\"153\" srcset=\"https:\/\/familyconnexions.ca\/wp-content\/uploads\/2023\/04\/Etape-9-300x51.png 300w, https:\/\/familyconnexions.ca\/wp-content\/uploads\/2023\/04\/Etape-9-768x132.png 768w, https:\/\/familyconnexions.ca\/wp-content\/uploads\/2023\/04\/Etape-9.png 800w\" sizes=\"auto, (max-width: 900px) 100vw, 900px\" \/><\/p>\n<p style=\"text-align: center;\">\n<p style=\"text-align: center;\">\n<p style=\"text-align: center;\">\n<p style=\"text-align: center;\">\n<p>&nbsp;<\/p>\n                <\/div>\n            <\/div>\n        <\/div>\n\n\t    \n    <\/div>\n    \n<\/section>\n","protected":false},"excerpt":{"rendered":"","protected":false},"author":32,"featured_media":10191,"parent":0,"menu_order":22,"comment_status":"closed","ping_status":"closed","template":"","meta":{"_acf_changed":false,"footnotes":"","_links_to":"","_links_to_target":""},"class_list":["post-10333","page","type-page","status-publish","has-post-thumbnail","hentry"],"acf":[],"yoast_head":"<!-- This site is optimized with the Yoast SEO plugin v27.3 - https:\/\/yoast.com\/product\/yoast-seo-wordpress\/ -->\n<title>Processus de demande - CFSM<\/title>\n<meta name=\"robots\" content=\"index, follow, max-snippet:-1, max-image-preview:large, max-video-preview:-1\" \/>\n<link rel=\"canonical\" href=\"https:\/\/familyconnexions.ca\/fr\/processus-de-demande\/\" \/>\n<meta property=\"og:locale\" content=\"fr_CA\" \/>\n<meta property=\"og:type\" content=\"article\" \/>\n<meta property=\"og:title\" content=\"Processus de demande - CFSM\" \/>\n<meta property=\"og:url\" content=\"https:\/\/familyconnexions.ca\/fr\/processus-de-demande\/\" \/>\n<meta property=\"og:site_name\" content=\"CFSM\" \/>\n<meta property=\"article:modified_time\" content=\"2023-05-05T17:33:25+00:00\" \/>\n<meta property=\"og:image\" content=\"https:\/\/familyconnexions.ca\/wp-content\/uploads\/2023\/04\/qtq80-kKTiAE-1024x683-1.jpeg\" \/>\n\t<meta property=\"og:image:width\" content=\"1024\" \/>\n\t<meta property=\"og:image:height\" content=\"683\" \/>\n\t<meta property=\"og:image:type\" content=\"image\/jpeg\" \/>\n<meta name=\"twitter:card\" content=\"summary_large_image\" \/>\n<script type=\"application\/ld+json\" class=\"yoast-schema-graph\">{\"@context\":\"https:\\\/\\\/schema.org\",\"@graph\":[{\"@type\":\"WebPage\",\"@id\":\"https:\\\/\\\/familyconnexions.ca\\\/fr\\\/processus-de-demande\\\/\",\"url\":\"https:\\\/\\\/familyconnexions.ca\\\/fr\\\/processus-de-demande\\\/\",\"name\":\"Processus de demande - CFSM\",\"isPartOf\":{\"@id\":\"https:\\\/\\\/familyconnexions.ca\\\/#website\"},\"primaryImageOfPage\":{\"@id\":\"https:\\\/\\\/familyconnexions.ca\\\/fr\\\/processus-de-demande\\\/#primaryimage\"},\"image\":{\"@id\":\"https:\\\/\\\/familyconnexions.ca\\\/fr\\\/processus-de-demande\\\/#primaryimage\"},\"thumbnailUrl\":\"https:\\\/\\\/familyconnexions.ca\\\/wp-content\\\/uploads\\\/2023\\\/04\\\/qtq80-kKTiAE-1024x683-1.jpeg\",\"datePublished\":\"2023-05-05T17:22:09+00:00\",\"dateModified\":\"2023-05-05T17:33:25+00:00\",\"breadcrumb\":{\"@id\":\"https:\\\/\\\/familyconnexions.ca\\\/fr\\\/processus-de-demande\\\/#breadcrumb\"},\"inLanguage\":\"fr-CA\",\"potentialAction\":[{\"@type\":\"ReadAction\",\"target\":[\"https:\\\/\\\/familyconnexions.ca\\\/fr\\\/processus-de-demande\\\/\"]}]},{\"@type\":\"ImageObject\",\"inLanguage\":\"fr-CA\",\"@id\":\"https:\\\/\\\/familyconnexions.ca\\\/fr\\\/processus-de-demande\\\/#primaryimage\",\"url\":\"https:\\\/\\\/familyconnexions.ca\\\/wp-content\\\/uploads\\\/2023\\\/04\\\/qtq80-kKTiAE-1024x683-1.jpeg\",\"contentUrl\":\"https:\\\/\\\/familyconnexions.ca\\\/wp-content\\\/uploads\\\/2023\\\/04\\\/qtq80-kKTiAE-1024x683-1.jpeg\",\"width\":1024,\"height\":683},{\"@type\":\"BreadcrumbList\",\"@id\":\"https:\\\/\\\/familyconnexions.ca\\\/fr\\\/processus-de-demande\\\/#breadcrumb\",\"itemListElement\":[{\"@type\":\"ListItem\",\"position\":1,\"name\":\"Home\",\"item\":\"https:\\\/\\\/familyconnexions.ca\\\/fr\\\/\"},{\"@type\":\"ListItem\",\"position\":2,\"name\":\"Processus de demande\"}]},{\"@type\":\"WebSite\",\"@id\":\"https:\\\/\\\/familyconnexions.ca\\\/#website\",\"url\":\"https:\\\/\\\/familyconnexions.ca\\\/\",\"name\":\"CFSM\",\"description\":\"Connexions Familiales de Simcoe Muskoka\",\"potentialAction\":[{\"@type\":\"SearchAction\",\"target\":{\"@type\":\"EntryPoint\",\"urlTemplate\":\"https:\\\/\\\/familyconnexions.ca\\\/?s={search_term_string}\"},\"query-input\":{\"@type\":\"PropertyValueSpecification\",\"valueRequired\":true,\"valueName\":\"search_term_string\"}}],\"inLanguage\":\"fr-CA\"}]}<\/script>\n<!-- \/ Yoast SEO plugin. -->","yoast_head_json":{"title":"Processus de demande - CFSM","robots":{"index":"index","follow":"follow","max-snippet":"max-snippet:-1","max-image-preview":"max-image-preview:large","max-video-preview":"max-video-preview:-1"},"canonical":"https:\/\/familyconnexions.ca\/fr\/processus-de-demande\/","og_locale":"fr_CA","og_type":"article","og_title":"Processus de demande - CFSM","og_url":"https:\/\/familyconnexions.ca\/fr\/processus-de-demande\/","og_site_name":"CFSM","article_modified_time":"2023-05-05T17:33:25+00:00","og_image":[{"width":1024,"height":683,"url":"https:\/\/familyconnexions.ca\/wp-content\/uploads\/2023\/04\/qtq80-kKTiAE-1024x683-1.jpeg","type":"image\/jpeg"}],"twitter_card":"summary_large_image","schema":{"@context":"https:\/\/schema.org","@graph":[{"@type":"WebPage","@id":"https:\/\/familyconnexions.ca\/fr\/processus-de-demande\/","url":"https:\/\/familyconnexions.ca\/fr\/processus-de-demande\/","name":"Processus de demande - CFSM","isPartOf":{"@id":"https:\/\/familyconnexions.ca\/#website"},"primaryImageOfPage":{"@id":"https:\/\/familyconnexions.ca\/fr\/processus-de-demande\/#primaryimage"},"image":{"@id":"https:\/\/familyconnexions.ca\/fr\/processus-de-demande\/#primaryimage"},"thumbnailUrl":"https:\/\/familyconnexions.ca\/wp-content\/uploads\/2023\/04\/qtq80-kKTiAE-1024x683-1.jpeg","datePublished":"2023-05-05T17:22:09+00:00","dateModified":"2023-05-05T17:33:25+00:00","breadcrumb":{"@id":"https:\/\/familyconnexions.ca\/fr\/processus-de-demande\/#breadcrumb"},"inLanguage":"fr-CA","potentialAction":[{"@type":"ReadAction","target":["https:\/\/familyconnexions.ca\/fr\/processus-de-demande\/"]}]},{"@type":"ImageObject","inLanguage":"fr-CA","@id":"https:\/\/familyconnexions.ca\/fr\/processus-de-demande\/#primaryimage","url":"https:\/\/familyconnexions.ca\/wp-content\/uploads\/2023\/04\/qtq80-kKTiAE-1024x683-1.jpeg","contentUrl":"https:\/\/familyconnexions.ca\/wp-content\/uploads\/2023\/04\/qtq80-kKTiAE-1024x683-1.jpeg","width":1024,"height":683},{"@type":"BreadcrumbList","@id":"https:\/\/familyconnexions.ca\/fr\/processus-de-demande\/#breadcrumb","itemListElement":[{"@type":"ListItem","position":1,"name":"Home","item":"https:\/\/familyconnexions.ca\/fr\/"},{"@type":"ListItem","position":2,"name":"Processus de demande"}]},{"@type":"WebSite","@id":"https:\/\/familyconnexions.ca\/#website","url":"https:\/\/familyconnexions.ca\/","name":"CFSM","description":"Connexions Familiales de Simcoe Muskoka","potentialAction":[{"@type":"SearchAction","target":{"@type":"EntryPoint","urlTemplate":"https:\/\/familyconnexions.ca\/?s={search_term_string}"},"query-input":{"@type":"PropertyValueSpecification","valueRequired":true,"valueName":"search_term_string"}}],"inLanguage":"fr-CA"}]}},"_links":{"self":[{"href":"https:\/\/familyconnexions.ca\/fr\/wp-json\/wp\/v2\/pages\/10333","targetHints":{"allow":["GET"]}}],"collection":[{"href":"https:\/\/familyconnexions.ca\/fr\/wp-json\/wp\/v2\/pages"}],"about":[{"href":"https:\/\/familyconnexions.ca\/fr\/wp-json\/wp\/v2\/types\/page"}],"author":[{"embeddable":true,"href":"https:\/\/familyconnexions.ca\/fr\/wp-json\/wp\/v2\/users\/32"}],"replies":[{"embeddable":true,"href":"https:\/\/familyconnexions.ca\/fr\/wp-json\/wp\/v2\/comments?post=10333"}],"version-history":[{"count":0,"href":"https:\/\/familyconnexions.ca\/fr\/wp-json\/wp\/v2\/pages\/10333\/revisions"}],"wp:featuredmedia":[{"embeddable":true,"href":"https:\/\/familyconnexions.ca\/fr\/wp-json\/wp\/v2\/media\/10191"}],"wp:attachment":[{"href":"https:\/\/familyconnexions.ca\/fr\/wp-json\/wp\/v2\/media?parent=10333"}],"curies":[{"name":"wp","href":"https:\/\/api.w.org\/{rel}","templated":true}]}}